{"id":8625,"date":"2017-11-09T14:18:10","date_gmt":"2017-11-09T14:18:10","guid":{"rendered":"https:\/\/www.khpartner.com\/?page_id=8625\/"},"modified":"2017-11-09T14:19:08","modified_gmt":"2017-11-09T14:19:08","slug":"mapa-strony","status":"publish","type":"page","link":"https:\/\/katech-solutions.com\/pl\/mapa-strony\/","title":{"rendered":"Mapa strony"},"content":{"rendered":"<h1>Mapa strony<\/h1>\n<div class=\"kwayy-html-sitemap-wrapper\"><h2 class=\"kwayy-html-sitemap-post-title kwayy-page-title\">Pages<\/h2><ul class=\"kwayy-html-sitemap-post-list kwayy-page-list\"><ul><li><a href=\"https:\/\/katech-solutions.com\/pl\/majonez\/\">Majonez<\/a><ul><li><a href=\"https:\/\/katech-solutions.com\/pl\/majonez\/majonez-z-czysta-etykieta\/\">Majonez z czyst\u0105 etykiet\u0105<\/a><\/li><li><a href=\"https:\/\/katech-solutions.com\/pl\/majonez\/majonez-salatki-coleslaw\/\">Majonez do sa\u0142atki Coleslaw<\/a><\/li><li><a href=\"https:\/\/katech-solutions.com\/pl\/majonez\/majonez-bezjajeczny\/\">Majonez bezjajeczny<\/a><\/li><li><a href=\"https:\/\/katech-solutions.com\/pl\/majonez\/majonez-stolowy\/\">Majonez sto\u0142owy<\/a><\/li><li><a href=\"https:\/\/katech-solutions.com\/pl\/majonez\/majonez-niskotluszczowy\/\">Majonez niskot\u0142uszczowy<\/a><\/li><li><a href=\"https:\/\/katech-solutions.com\/pl\/majonez\/majonez-salatkowy\/\">Majonez sa\u0142atkowy<\/a><\/li><li><a href=\"https:\/\/katech-solutions.com\/pl\/majonez\/majonez-kanapkowy\/\">Majonez kanapkowy<\/a><\/li><\/ul><\/li><li><a href=\"https:\/\/katech-solutions.com\/pl\/informacje-prawne\/\">Informacje prawne<\/a><\/li><li><a href=\"https:\/\/katech-solutions.com\/pl\/gotowe-rozwiazania\/\">Gotowe rozwi\u0105zania<\/a><ul><li><a href=\"https:\/\/katech-solutions.com\/pl\/gotowe-rozwiazania\/katech-lista-surowcow\/\">Katech - Lista surowc\u00f3w<\/a><\/li><\/ul><\/li><li><a href=\"https:\/\/katech-solutions.com\/pl\/napoje-mleczne\/\">Napoje mleczne<\/a><ul><li><a href=\"https:\/\/katech-solutions.com\/pl\/napoje-mleczne\/napoje-ukwaszone\/\">Napoje ukwaszone<\/a><\/li><li><a href=\"https:\/\/katech-solutions.com\/pl\/napoje-mleczne\/napoje-bezmleczne\/\">Napoje bezmleczne<\/a><\/li><li><a href=\"https:\/\/katech-solutions.com\/pl\/napoje-mleczne\/napoje-aromatyzowane\/\">Napoje aromatyzowane<\/a><\/li><li><a href=\"https:\/\/katech-solutions.com\/pl\/napoje-mleczne\/napoje-typu-shake\/\">Napoje typu shake<\/a><\/li><\/ul><\/li><li><a href=\"https:\/\/katech-solutions.com\/pl\/nowe-produkty\/\">Nowe produkty<\/a><\/li><li><a href=\"https:\/\/katech-solutions.com\/pl\/wiadomosci\/\">Wiadomo\u015bci<\/a><\/li><li><a href=\"https:\/\/katech-solutions.com\/pl\/nasz-zespol\/\">Nasz zesp\u00f3\u0142<\/a><ul><li><a href=\"https:\/\/katech-solutions.com\/pl\/nasz-zespol\/technologia\/\">Technologia<\/a><\/li><li><a href=\"https:\/\/katech-solutions.com\/pl\/nasz-zespol\/sprzedaz\/\">Sprzeda\u017c<\/a><\/li><\/ul><\/li><li><a href=\"https:\/\/katech-solutions.com\/pl\/zaklad-produkcyjny-niemcy\/\">Zak\u0142ad produkcyjny, Niemcy<\/a><\/li><li><a href=\"https:\/\/katech-solutions.com\/pl\/sosy-i-zupy\/\">Sosy i zupy<\/a><ul><li><a href=\"https:\/\/katech-solutions.com\/pl\/sosy-i-zupy\/sosy-sterylizowane\/\">Sosy sterylizowane<\/a><\/li><li><a href=\"https:\/\/katech-solutions.com\/pl\/sosy-i-zupy\/systemy-stabilizujace-wspomagajace-napelnianie\/\">Systemy stabilizuj\u0105ce wspomagaj\u0105ce nape\u0142nianie<\/a><\/li><li><a href=\"https:\/\/katech-solutions.com\/pl\/sosy-i-zupy\/sosy-swieze-pasteryzowane-lub-sterylizowane\/\">Sosy \u015bwie\u017ce i pasteryzowane<\/a><\/li><li><a href=\"https:\/\/katech-solutions.com\/pl\/sosy-i-zupy\/sosy-wysokotluszczowe\/\">Sosy wysokot\u0142uszczowe<\/a><\/li><li><a href=\"https:\/\/katech-solutions.com\/pl\/sosy-i-zupy\/ketchup\/\">Ketchup<\/a><\/li><li><a href=\"https:\/\/katech-solutions.com\/pl\/sosy-i-zupy\/sosy-z-pomidorow\/\">Sosy z pomidor\u00f3w<\/a><\/li><\/ul><\/li><li><a href=\"https:\/\/katech-solutions.com\/pl\/rozwiazywanie-problemow\/\">Rozwi\u0105zywanie problem\u00f3w<\/a><\/li><li><a href=\"https:\/\/katech-solutions.com\/pl\/jogurty\/\">Jogurty<\/a><ul><li><a href=\"https:\/\/katech-solutions.com\/pl\/jogurty\/jogurt-owocowy\/\">Jogurt owocowy<\/a><\/li><li><a href=\"https:\/\/katech-solutions.com\/pl\/jogurty\/jogurt-termizowany\/\">Jogurt termizowany<\/a><\/li><li><a href=\"https:\/\/katech-solutions.com\/pl\/jogurty\/jogurt-pitny\/\">Jogurt pitny<\/a><\/li><li><a href=\"https:\/\/katech-solutions.com\/pl\/jogurty\/jogurt-typu-greckiego\/\">Jogurt typu greckiego<\/a><\/li><li><a href=\"https:\/\/katech-solutions.com\/pl\/jogurty\/jogurt-naturalny-mieszany-metoda-zbiornikowa\/\">Jogurt naturalny mieszany - metoda zbiornikowa<\/a><\/li><li><a href=\"https:\/\/katech-solutions.com\/pl\/jogurty\/jogurt-naturalny-zestalony-metoda-termostatowa\/\">Jogurt naturalny zestalony - metoda termostatowa<\/a><\/li><li><a href=\"https:\/\/katech-solutions.com\/pl\/jogurty\/mus-jogurtowy\/\">Mus jogurtowy<\/a><\/li><\/ul><\/li><li><a href=\"https:\/\/katech-solutions.com\/pl\/\">KaTech - Strona g\u0142\u00f3wna<\/a><\/li><li><a href=\"https:\/\/katech-solutions.com\/pl\/produkty-dla-wegan\/\">Produkty dla wegan<\/a><ul><li><a href=\"https:\/\/katech-solutions.com\/pl\/produkty-dla-wegan\/weganskie-smietanki\/\">Wega\u0144skie \u015bmietanki<\/a><\/li><li><a href=\"https:\/\/katech-solutions.com\/pl\/produkty-dla-wegan\/weganskie-desery\/\">Wega\u0144skie desery<\/a><\/li><li><a href=\"https:\/\/katech-solutions.com\/pl\/produkty-dla-wegan\/weganskie-jogurty\/\">Wega\u0144skie jogurty<\/a><\/li><li><a href=\"https:\/\/katech-solutions.com\/pl\/produkty-dla-wegan\/weganskie-sosy\/\">Wega\u0144skie sosy<\/a><\/li><li><a href=\"https:\/\/katech-solutions.com\/pl\/produkty-dla-wegan\/weganskie-smarowidla\/\">Wega\u0144skie smarowid\u0142a<\/a><\/li><li><a href=\"https:\/\/katech-solutions.com\/pl\/produkty-dla-wegan\/weganskie-zamienniki-sera\/\">Wega\u0144skie zamienniki sera<\/a><\/li><li><a href=\"https:\/\/katech-solutions.com\/pl\/produkty-dla-wegan\/weganskie-majonezy-i-dressingi\/\">Wega\u0144skie majonezy i dressingi<\/a><\/li><li><a href=\"https:\/\/katech-solutions.com\/pl\/produkty-dla-wegan\/weganskie-zamienniki-wyrobow-miesnych\/\">Wega\u0144skie zamienniki wyrob\u00f3w mi\u0119snych<\/a><\/li><li><a href=\"https:\/\/katech-solutions.com\/pl\/produkty-dla-wegan\/weganskie-napoje\/\">Wega\u0144skie napoje<\/a><\/li><\/ul><\/li><li><a href=\"https:\/\/katech-solutions.com\/pl\/kontakt\/\">Kontakt<\/a><\/li><li><a href=\"https:\/\/katech-solutions.com\/pl\/centrum-technologiczne-niemcy\/\">Centrum technologiczne, Niemcy<\/a><\/li><li><a href=\"https:\/\/katech-solutions.com\/pl\/centrum-technologiczne-wielka-brytania\/\">Centrum technologiczne, Wielka Brytania<\/a><\/li><li><a href=\"https:\/\/katech-solutions.com\/pl\/polityka-prywatnosci\/\">Polityka prywatno\u015bci<\/a><\/li><li><a href=\"https:\/\/katech-solutions.com\/pl\/nasz-cel\/\">Nasz cel<\/a><\/li><li><a href=\"https:\/\/katech-solutions.com\/pl\/nasze-oddzialy-2\/\">Nasze oddzia\u0142y<\/a><\/li><li><a href=\"https:\/\/katech-solutions.com\/pl\/certyfikaty-polityka-jakosci\/\">Certyfikaty i polityka jako\u015bci<\/a><ul><li><a href=\"https:\/\/katech-solutions.com\/pl\/certyfikaty-polityka-jakosci\/rspo\/\">RSPO<\/a><\/li><\/ul><\/li><li><a href=\"https:\/\/katech-solutions.com\/pl\/sery-i-serki\/\">Sery i serki<\/a><ul><li><a href=\"https:\/\/katech-solutions.com\/pl\/sery-i-serki\/serek-smietankowy\/\">Serek \u015bmietankowy<\/a><\/li><li><a href=\"https:\/\/katech-solutions.com\/pl\/sery-i-serki\/ser-topiony\/\">Ser topiony<\/a><\/li><li><a href=\"https:\/\/katech-solutions.com\/pl\/sery-i-serki\/deser-twarogowy\/\">Deser twarogowy<\/a><\/li><\/ul><\/li><li><a href=\"https:\/\/katech-solutions.com\/pl\/jak-dzialamy\/\">Jak dzia\u0142amy<\/a><\/li><li><a href=\"https:\/\/katech-solutions.com\/pl\/kontakt-z-nami\/\">Kontakt z nami<\/a><\/li><li><a href=\"https:\/\/katech-solutions.com\/pl\/redukcja-kosztow\/\">Redukcja koszt\u00f3w<\/a><\/li><li><a href=\"https:\/\/katech-solutions.com\/pl\/smietanki-i-smietany\/\">\u015amietanki i\u00a0\u015bmietany<\/a><ul><li><a href=\"https:\/\/katech-solutions.com\/pl\/smietanki-i-smietany\/vegetable-non-dairy\/\">PL Vegetable and Non Dairy<\/a><\/li><li><a href=\"https:\/\/katech-solutions.com\/pl\/smietanki-i-smietany\/pl-coffee-cream-whitener\/\">PL Coffee Cream and Whitener<\/a><\/li><li><a href=\"https:\/\/katech-solutions.com\/pl\/smietanki-i-smietany\/smietanka-do-gotowania\/\">\u015amietanka do gotowania<\/a><\/li><li><a href=\"https:\/\/katech-solutions.com\/pl\/smietanki-i-smietany\/bita-smietanka-deserow\/\">Bita \u015bmietanka do deser\u00f3w<\/a><\/li><li><a href=\"https:\/\/katech-solutions.com\/pl\/smietanki-i-smietany\/creme-fraiche\/\">Cr\u00e8me fra\u00eeche<\/a><\/li><li><a href=\"https:\/\/katech-solutions.com\/pl\/smietanki-i-smietany\/fermentowane-produkty-smietanowe\/\">Fermentowane produkty \u015bmietanowe<\/a><\/li><li><a href=\"https:\/\/katech-solutions.com\/pl\/smietanki-i-smietany\/smietanka-do-ubijania\/\">\u015amietanka do ubijania<\/a><\/li><\/ul><\/li><li><a href=\"https:\/\/katech-solutions.com\/pl\/produkty-z-owocow\/\">Produkty z owoc\u00f3w<\/a><ul><li><a href=\"https:\/\/katech-solutions.com\/pl\/produkty-z-owocow\/glazury-owocowe\/\">Glazury owocowe<\/a><\/li><li><a href=\"https:\/\/katech-solutions.com\/pl\/produkty-z-owocow\/preparaty-owocowe\/\">Preparaty owocowe<\/a><\/li><li><a href=\"https:\/\/katech-solutions.com\/pl\/produkty-z-owocow\/galaretki-owocowe\/\">Galaretki owocowe<\/a><\/li><\/ul><\/li><li><a href=\"https:\/\/katech-solutions.com\/pl\/jak-nas-znalezc\/\">Jak nas znale\u017a\u0107<\/a><ul><li><a href=\"https:\/\/katech-solutions.com\/pl\/jak-nas-znalezc\/katech-wielka-brytania\/\">KaTech Wielka Brytania<\/a><\/li><li><a href=\"https:\/\/katech-solutions.com\/pl\/jak-nas-znalezc\/katech-niemcy-zaklad-produkcyjny\/\">KaTech Niemcy - Zak\u0142ad produkcyjny<\/a><\/li><li><a href=\"https:\/\/katech-solutions.com\/pl\/jak-nas-znalezc\/katech-niemcy-siedziba-firmy\/\">KaTech Niemcy - Siedziba firmy<\/a><\/li><li><a href=\"https:\/\/katech-solutions.com\/pl\/jak-nas-znalezc\/katech-polska\/\">KaTech Polska<\/a><\/li><\/ul><\/li><li><a href=\"https:\/\/katech-solutions.com\/pl\/dressingi\/\">Dressingi<\/a><ul><li><a href=\"https:\/\/katech-solutions.com\/pl\/dressingi\/vinaigrette\/\">Vinaigrette<\/a><\/li><li><a href=\"https:\/\/katech-solutions.com\/pl\/dressingi\/dressingi-emulgowane\/\">Dressingi emulgowane<\/a><\/li><li><a href=\"https:\/\/katech-solutions.com\/pl\/dressingi\/dressingi-klarowne\/\">Dressingi klarowne z zio\u0142ami<\/a><\/li><\/ul><\/li><li><a href=\"https:\/\/katech-solutions.com\/pl\/desery\/\">Desery<\/a><ul><li><a href=\"https:\/\/katech-solutions.com\/pl\/desery\/deser-napowietrzany\/\">Deser napowietrzany<\/a><\/li><li><a href=\"https:\/\/katech-solutions.com\/pl\/desery\/beza\/\">Beza<\/a><\/li><li><a href=\"https:\/\/katech-solutions.com\/pl\/desery\/galaretka-do-deserow\/\">Galaretka do deser\u00f3w<\/a><\/li><li><a href=\"https:\/\/katech-solutions.com\/pl\/desery\/sernik\/\">Sernik<\/a><\/li><li><a href=\"https:\/\/katech-solutions.com\/pl\/desery\/mus-owocowy\/\">Mus owocowy<\/a><\/li><li><a href=\"https:\/\/katech-solutions.com\/pl\/desery\/deser-zzelowany\/\">Deser z\u017celowany<\/a><\/li><li><a href=\"https:\/\/katech-solutions.com\/pl\/desery\/pudding\/\">Pudding<\/a><\/li><li><a href=\"https:\/\/katech-solutions.com\/pl\/desery\/sos-do-deserow\/\">Sos do deser\u00f3w<\/a><\/li><\/ul><\/li><li><a href=\"https:\/\/katech-solutions.com\/pl\/dipy\/\">Dipy<\/a><ul><li><a href=\"https:\/\/katech-solutions.com\/pl\/dipy\/dipy-na-bazie-majonezu\/\">Dipy na bazie majonezu<\/a><\/li><li><a href=\"https:\/\/katech-solutions.com\/pl\/dipy\/dipy-na-bazie-produktow-mlecznych\/\">Dipy na bazie produkt\u00f3w mlecznych<\/a><\/li><\/ul><\/li><li><a href=\"https:\/\/katech-solutions.com\/pl\/biura-sprzedazy-polska\/\">Biura sprzeda\u017cy, Polska<\/a><\/li><\/ul><\/ul><\/div> <!-- .kwayy-html-sitemap-wrapper -->\n","protected":false},"excerpt":{"rendered":"<p>Mapa strony<\/p>\n","protected":false},"author":3,"featured_media":0,"parent":0,"menu_order":2,"comment_status":"closed","ping_status":"closed","template":"onecolumn-page.php","meta":{"_acf_changed":false,"footnotes":""},"class_list":["post-8625","page","type-page","status-publish","hentry"],"acf":[],"yoast_head":"<!-- This site is optimized with the Yoast SEO plugin v27.2 - https:\/\/yoast.com\/product\/yoast-seo-wordpress\/ -->\n<title>Mapa strony |<\/title>\n<meta name=\"robots\" content=\"index, follow, max-snippet:-1, max-image-preview:large, max-video-preview:-1\" \/>\n<link rel=\"canonical\" href=\"https:\/\/katech-solutions.com\/pl\/mapa-strony\/\" \/>\n<meta property=\"og:locale\" content=\"pl_PL\" \/>\n<meta property=\"og:type\" content=\"article\" \/>\n<meta property=\"og:title\" content=\"Mapa strony |\" \/>\n<meta property=\"og:description\" content=\"Mapa strony\" \/>\n<meta property=\"og:url\" content=\"https:\/\/katech-solutions.com\/pl\/mapa-strony\/\" \/>\n<meta property=\"og:site_name\" content=\"KaTech\" \/>\n<meta property=\"article:modified_time\" content=\"2017-11-09T14:19:08+00:00\" \/>\n<script type=\"application\/ld+json\" class=\"yoast-schema-graph\">{\"@context\":\"https:\/\/schema.org\",\"@graph\":[{\"@type\":\"WebPage\",\"@id\":\"https:\/\/katech-solutions.com\/pl\/mapa-strony\/\",\"url\":\"https:\/\/katech-solutions.com\/pl\/mapa-strony\/\",\"name\":\"Mapa strony |\",\"isPartOf\":{\"@id\":\"https:\/\/katech-solutions.com\/#website\"},\"datePublished\":\"2017-11-09T14:18:10+00:00\",\"dateModified\":\"2017-11-09T14:19:08+00:00\",\"inLanguage\":\"pl-PL\",\"potentialAction\":[{\"@type\":\"ReadAction\",\"target\":[\"https:\/\/katech-solutions.com\/pl\/mapa-strony\/\"]}]},{\"@type\":\"WebSite\",\"@id\":\"https:\/\/katech-solutions.com\/#website\",\"url\":\"https:\/\/katech-solutions.com\/\",\"name\":\"KaTech\",\"description\":\"\",\"potentialAction\":[{\"@type\":\"SearchAction\",\"target\":{\"@type\":\"EntryPoint\",\"urlTemplate\":\"https:\/\/katech-solutions.com\/?s={search_term_string}\"},\"query-input\":{\"@type\":\"PropertyValueSpecification\",\"valueRequired\":true,\"valueName\":\"search_term_string\"}}],\"inLanguage\":\"pl-PL\"}]}<\/script>\n<!-- \/ Yoast SEO plugin. -->","yoast_head_json":{"title":"Mapa strony |","robots":{"index":"index","follow":"follow","max-snippet":"max-snippet:-1","max-image-preview":"max-image-preview:large","max-video-preview":"max-video-preview:-1"},"canonical":"https:\/\/katech-solutions.com\/pl\/mapa-strony\/","og_locale":"pl_PL","og_type":"article","og_title":"Mapa strony |","og_description":"Mapa strony","og_url":"https:\/\/katech-solutions.com\/pl\/mapa-strony\/","og_site_name":"KaTech","article_modified_time":"2017-11-09T14:19:08+00:00","schema":{"@context":"https:\/\/schema.org","@graph":[{"@type":"WebPage","@id":"https:\/\/katech-solutions.com\/pl\/mapa-strony\/","url":"https:\/\/katech-solutions.com\/pl\/mapa-strony\/","name":"Mapa strony |","isPartOf":{"@id":"https:\/\/katech-solutions.com\/#website"},"datePublished":"2017-11-09T14:18:10+00:00","dateModified":"2017-11-09T14:19:08+00:00","inLanguage":"pl-PL","potentialAction":[{"@type":"ReadAction","target":["https:\/\/katech-solutions.com\/pl\/mapa-strony\/"]}]},{"@type":"WebSite","@id":"https:\/\/katech-solutions.com\/#website","url":"https:\/\/katech-solutions.com\/","name":"KaTech","description":"","potentialAction":[{"@type":"SearchAction","target":{"@type":"EntryPoint","urlTemplate":"https:\/\/katech-solutions.com\/?s={search_term_string}"},"query-input":{"@type":"PropertyValueSpecification","valueRequired":true,"valueName":"search_term_string"}}],"inLanguage":"pl-PL"}]}},"_links":{"self":[{"href":"https:\/\/katech-solutions.com\/pl\/wp-json\/wp\/v2\/pages\/8625","targetHints":{"allow":["GET"]}}],"collection":[{"href":"https:\/\/katech-solutions.com\/pl\/wp-json\/wp\/v2\/pages"}],"about":[{"href":"https:\/\/katech-solutions.com\/pl\/wp-json\/wp\/v2\/types\/page"}],"author":[{"embeddable":true,"href":"https:\/\/katech-solutions.com\/pl\/wp-json\/wp\/v2\/users\/3"}],"replies":[{"embeddable":true,"href":"https:\/\/katech-solutions.com\/pl\/wp-json\/wp\/v2\/comments?post=8625"}],"version-history":[{"count":3,"href":"https:\/\/katech-solutions.com\/pl\/wp-json\/wp\/v2\/pages\/8625\/revisions"}],"predecessor-version":[{"id":8628,"href":"https:\/\/katech-solutions.com\/pl\/wp-json\/wp\/v2\/pages\/8625\/revisions\/8628"}],"wp:attachment":[{"href":"https:\/\/katech-solutions.com\/pl\/wp-json\/wp\/v2\/media?parent=8625"}],"curies":[{"name":"wp","href":"https:\/\/api.w.org\/{rel}","templated":true}]}}