{"id":8261,"date":"2017-08-01T12:20:27","date_gmt":"2017-08-01T12:20:27","guid":{"rendered":"https:\/\/www.khpartner.com\/?page_id=8261\/"},"modified":"2017-11-30T07:45:11","modified_gmt":"2017-11-30T07:45:11","slug":"weganskie-napoje","status":"publish","type":"page","link":"https:\/\/katech-solutions.com\/pl\/produkty-dla-wegan\/weganskie-napoje\/","title":{"rendered":"Wega\u0144skie napoje"},"content":{"rendered":"<p>Koktajle mleczne cz\u0119sto spo\u017cywa si\u0119 na \u015bniadanie lub jako przek\u0105sk\u0119 mi\u0119dzy posi\u0142kami.<\/p>\n<p>Wraz z rosn\u0105c\u0105 popularno\u015bci\u0105 \u017cywno\u015bci wega\u0144skiej, wzrasta popyt na wega\u0144skie odpowiedniki mleka i produkt\u00f3w mlecznych. Ju\u017c dodatek karagenu jest w stanie zapewni\u0107 stabilno\u015b\u0107 tradycyjnym koktajlom mlecznym. Wega\u0144skie odpowiedniki bez bia\u0142ek mleka i\u00a0o\u00a0du\u017co ni\u017cszej zawarto\u015bci suchej masy to trudniejsze wyzwanie technologiczne. Co wi\u0119cej, w przypadku napoj\u00f3w wega\u0144skich nale\u017cy zadba\u0107 o uzyskanie odczucia w ustach jak najbardziej zbli\u017conego do\u00a0mlecznego orygina\u0142u.<\/p>\n<p>Od d\u0142u\u017cszego czasu pracowali\u015bmy nad popraw\u0105 odczucia w ustach oraz stabilno\u015bci napoj\u00f3w wega\u0144skich i uda\u0142o nam uzsyka\u0107 produkt bardzo podobny do\u00a0niewega\u0144skiego pierwowzoru.<\/p>\n<p>Opracowywali\u015bmy receptury wega\u0144skich napoj\u00f3w opartych na\u00a0r\u00f3\u017cnych zamiennikach mleka, w tym: mleku sojowym, mleku orzechowym, czy te\u017c mleku ze zb\u00f3\u017c (np. mleku owsianym).<\/p>\n<p>Z przyjemno\u015bci\u0105 udzielimy Pa\u0144stwu dodatkowych informacji. Zapraszamy do kontaktu telefonicznego lub mailowego.<\/p>\n","protected":false},"excerpt":{"rendered":"<p>Koktajle mleczne cz\u0119sto spo\u017cywa si\u0119 na \u015bniadanie lub jako przek\u0105sk\u0119 mi\u0119dzy posi\u0142kami. Wraz z rosn\u0105c\u0105 popularno\u015bci\u0105 \u017cywno\u015bci wega\u0144skiej, wzrasta popyt na wega\u0144skie odpowiedniki mleka i produkt\u00f3w mlecznych. Ju\u017c dodatek karagenu jest w stanie zapewni\u0107 stabilno\u015b\u0107 tradycyjnym koktajlom mlecznym. Wega\u0144skie odpowiedniki &hellip; <a class=\"continue-reading\" href=\"https:\/\/katech-solutions.com\/pl\/produkty-dla-wegan\/weganskie-napoje\/\">Czytaj dalej <span class=\"meta-nav\">&rarr;<\/span><\/a><\/p>\n","protected":false},"author":3,"featured_media":0,"parent":8130,"menu_order":0,"comment_status":"closed","ping_status":"closed","template":"","meta":{"_acf_changed":false,"footnotes":""},"class_list":["post-8261","page","type-page","status-publish","hentry"],"acf":[],"yoast_head":"<!-- This site is optimized with the Yoast SEO plugin v27.2 - https:\/\/yoast.com\/product\/yoast-seo-wordpress\/ -->\n<title>Wega\u0144skie napoje |<\/title>\n<meta name=\"robots\" content=\"index, follow, max-snippet:-1, max-image-preview:large, max-video-preview:-1\" \/>\n<link rel=\"canonical\" href=\"https:\/\/katech-solutions.com\/pl\/produkty-dla-wegan\/weganskie-napoje\/\" \/>\n<meta property=\"og:locale\" content=\"pl_PL\" \/>\n<meta property=\"og:type\" content=\"article\" \/>\n<meta property=\"og:title\" content=\"Wega\u0144skie napoje |\" \/>\n<meta property=\"og:description\" content=\"Koktajle mleczne cz\u0119sto spo\u017cywa si\u0119 na \u015bniadanie lub jako przek\u0105sk\u0119 mi\u0119dzy posi\u0142kami. Wraz z rosn\u0105c\u0105 popularno\u015bci\u0105 \u017cywno\u015bci wega\u0144skiej, wzrasta popyt na wega\u0144skie odpowiedniki mleka i produkt\u00f3w mlecznych. Ju\u017c dodatek karagenu jest w stanie zapewni\u0107 stabilno\u015b\u0107 tradycyjnym koktajlom mlecznym. Wega\u0144skie odpowiedniki &hellip; Czytaj dalej &rarr;\" \/>\n<meta property=\"og:url\" content=\"https:\/\/katech-solutions.com\/pl\/produkty-dla-wegan\/weganskie-napoje\/\" \/>\n<meta property=\"og:site_name\" content=\"KaTech\" \/>\n<meta property=\"article:modified_time\" content=\"2017-11-30T07:45:11+00:00\" \/>\n<meta name=\"twitter:label1\" content=\"Szacowany czas czytania\" \/>\n\t<meta name=\"twitter:data1\" content=\"1 minuta\" \/>\n<script type=\"application\/ld+json\" class=\"yoast-schema-graph\">{\"@context\":\"https:\/\/schema.org\",\"@graph\":[{\"@type\":\"WebPage\",\"@id\":\"https:\/\/katech-solutions.com\/pl\/produkty-dla-wegan\/weganskie-napoje\/\",\"url\":\"https:\/\/katech-solutions.com\/pl\/produkty-dla-wegan\/weganskie-napoje\/\",\"name\":\"Wega\u0144skie napoje |\",\"isPartOf\":{\"@id\":\"https:\/\/katech-solutions.com\/#website\"},\"datePublished\":\"2017-08-01T12:20:27+00:00\",\"dateModified\":\"2017-11-30T07:45:11+00:00\",\"breadcrumb\":{\"@id\":\"https:\/\/katech-solutions.com\/pl\/produkty-dla-wegan\/weganskie-napoje\/#breadcrumb\"},\"inLanguage\":\"pl-PL\",\"potentialAction\":[{\"@type\":\"ReadAction\",\"target\":[\"https:\/\/katech-solutions.com\/pl\/produkty-dla-wegan\/weganskie-napoje\/\"]}]},{\"@type\":\"BreadcrumbList\",\"@id\":\"https:\/\/katech-solutions.com\/pl\/produkty-dla-wegan\/weganskie-napoje\/#breadcrumb\",\"itemListElement\":[{\"@type\":\"ListItem\",\"position\":1,\"name\":\"Produkty dla wegan\",\"item\":\"https:\/\/katech-solutions.com\/pl\/produkty-dla-wegan\/\"},{\"@type\":\"ListItem\",\"position\":2,\"name\":\"Wega\u0144skie napoje\"}]},{\"@type\":\"WebSite\",\"@id\":\"https:\/\/katech-solutions.com\/#website\",\"url\":\"https:\/\/katech-solutions.com\/\",\"name\":\"KaTech\",\"description\":\"\",\"potentialAction\":[{\"@type\":\"SearchAction\",\"target\":{\"@type\":\"EntryPoint\",\"urlTemplate\":\"https:\/\/katech-solutions.com\/?s={search_term_string}\"},\"query-input\":{\"@type\":\"PropertyValueSpecification\",\"valueRequired\":true,\"valueName\":\"search_term_string\"}}],\"inLanguage\":\"pl-PL\"}]}<\/script>\n<!-- \/ Yoast SEO plugin. -->","yoast_head_json":{"title":"Wega\u0144skie napoje |","robots":{"index":"index","follow":"follow","max-snippet":"max-snippet:-1","max-image-preview":"max-image-preview:large","max-video-preview":"max-video-preview:-1"},"canonical":"https:\/\/katech-solutions.com\/pl\/produkty-dla-wegan\/weganskie-napoje\/","og_locale":"pl_PL","og_type":"article","og_title":"Wega\u0144skie napoje |","og_description":"Koktajle mleczne cz\u0119sto spo\u017cywa si\u0119 na \u015bniadanie lub jako przek\u0105sk\u0119 mi\u0119dzy posi\u0142kami. Wraz z rosn\u0105c\u0105 popularno\u015bci\u0105 \u017cywno\u015bci wega\u0144skiej, wzrasta popyt na wega\u0144skie odpowiedniki mleka i produkt\u00f3w mlecznych. Ju\u017c dodatek karagenu jest w stanie zapewni\u0107 stabilno\u015b\u0107 tradycyjnym koktajlom mlecznym. Wega\u0144skie odpowiedniki &hellip; Czytaj dalej &rarr;","og_url":"https:\/\/katech-solutions.com\/pl\/produkty-dla-wegan\/weganskie-napoje\/","og_site_name":"KaTech","article_modified_time":"2017-11-30T07:45:11+00:00","twitter_misc":{"Szacowany czas czytania":"1 minuta"},"schema":{"@context":"https:\/\/schema.org","@graph":[{"@type":"WebPage","@id":"https:\/\/katech-solutions.com\/pl\/produkty-dla-wegan\/weganskie-napoje\/","url":"https:\/\/katech-solutions.com\/pl\/produkty-dla-wegan\/weganskie-napoje\/","name":"Wega\u0144skie napoje |","isPartOf":{"@id":"https:\/\/katech-solutions.com\/#website"},"datePublished":"2017-08-01T12:20:27+00:00","dateModified":"2017-11-30T07:45:11+00:00","breadcrumb":{"@id":"https:\/\/katech-solutions.com\/pl\/produkty-dla-wegan\/weganskie-napoje\/#breadcrumb"},"inLanguage":"pl-PL","potentialAction":[{"@type":"ReadAction","target":["https:\/\/katech-solutions.com\/pl\/produkty-dla-wegan\/weganskie-napoje\/"]}]},{"@type":"BreadcrumbList","@id":"https:\/\/katech-solutions.com\/pl\/produkty-dla-wegan\/weganskie-napoje\/#breadcrumb","itemListElement":[{"@type":"ListItem","position":1,"name":"Produkty dla wegan","item":"https:\/\/katech-solutions.com\/pl\/produkty-dla-wegan\/"},{"@type":"ListItem","position":2,"name":"Wega\u0144skie napoje"}]},{"@type":"WebSite","@id":"https:\/\/katech-solutions.com\/#website","url":"https:\/\/katech-solutions.com\/","name":"KaTech","description":"","potentialAction":[{"@type":"SearchAction","target":{"@type":"EntryPoint","urlTemplate":"https:\/\/katech-solutions.com\/?s={search_term_string}"},"query-input":{"@type":"PropertyValueSpecification","valueRequired":true,"valueName":"search_term_string"}}],"inLanguage":"pl-PL"}]}},"_links":{"self":[{"href":"https:\/\/katech-solutions.com\/pl\/wp-json\/wp\/v2\/pages\/8261","targetHints":{"allow":["GET"]}}],"collection":[{"href":"https:\/\/katech-solutions.com\/pl\/wp-json\/wp\/v2\/pages"}],"about":[{"href":"https:\/\/katech-solutions.com\/pl\/wp-json\/wp\/v2\/types\/page"}],"author":[{"embeddable":true,"href":"https:\/\/katech-solutions.com\/pl\/wp-json\/wp\/v2\/users\/3"}],"replies":[{"embeddable":true,"href":"https:\/\/katech-solutions.com\/pl\/wp-json\/wp\/v2\/comments?post=8261"}],"version-history":[{"count":12,"href":"https:\/\/katech-solutions.com\/pl\/wp-json\/wp\/v2\/pages\/8261\/revisions"}],"predecessor-version":[{"id":8821,"href":"https:\/\/katech-solutions.com\/pl\/wp-json\/wp\/v2\/pages\/8261\/revisions\/8821"}],"up":[{"embeddable":true,"href":"https:\/\/katech-solutions.com\/pl\/wp-json\/wp\/v2\/pages\/8130"}],"wp:attachment":[{"href":"https:\/\/katech-solutions.com\/pl\/wp-json\/wp\/v2\/media?parent=8261"}],"curies":[{"name":"wp","href":"https:\/\/api.w.org\/{rel}","templated":true}]}}