{"id":8218,"date":"2017-08-01T12:20:05","date_gmt":"2017-08-01T12:20:05","guid":{"rendered":"https:\/\/www.khpartner.com\/?page_id=8218\/"},"modified":"2017-11-30T07:51:18","modified_gmt":"2017-11-30T07:51:18","slug":"weganskie-zamienniki-wyrobow-miesnych","status":"publish","type":"page","link":"https:\/\/katech-solutions.com\/pl\/produkty-dla-wegan\/weganskie-zamienniki-wyrobow-miesnych\/","title":{"rendered":"Wega\u0144skie zamienniki wyrob\u00f3w mi\u0119snych"},"content":{"rendered":"<p style=\"text-align: justify;\">Rynek produkt\u00f3w wega\u0144skich i wegetaria\u0144skich oferuje wiele doskona\u0142ych zamiennik\u00f3w dla wyrob\u00f3w mi\u0119snych. Wci\u0105\u017c jednak poszukuje si\u0119 produkt\u00f3w, kt\u00f3re z jednej strony umo\u017cliwi\u0105 utrzymanie diety sk\u0142adaj\u0105cej si\u0119 wy\u0142\u0105cznie z produkt\u00f3w pochodzenia ro\u015blinnego, a z drugiej dadz\u0105 doznania smakowe bardzo zbli\u017cone do\u00a0tradycyjnych produkt\u00f3w mi\u0119snych.<\/p>\n<p style=\"text-align: justify;\">Konsumenci w dzisiejszych czasach s\u0105 du\u017co bardziej wymagaj\u0105cy i\u00a0krytyczni ni\u017c kiedy\u015b. W zwi\u0105zku z tym, producenci \u015brodk\u00f3w spo\u017cywczych staj\u0105 przed trudnym wyzwaniem. Produkt, kt\u00f3ry nie spe\u0142nia oczekiwa\u0144 zostaje \u0142atwo odrzucony. Dlatego te\u017c, konsystencja oraz doznania smakowe wega\u0144skich alternatyw dla tradycyjnych produkt\u00f3w powinny by\u0107 jak najbardziej zbli\u017cone do&nbsp;orygina\u0142u.<\/p>\n<p style=\"text-align: justify;\">Czerpi\u0105c z bogatego do\u015bwiadczenia w produkcji \u015brodk\u00f3w spo\u017cywczych, firma KaTech, w\u00a0oparciu wy\u0142\u0105cznie o sk\u0142adniki ro\u015blinne, stworzy\u0142a szeroki asortyment produkt\u00f3w zapewniaj\u0105cych te same wra\u017cenia smakowe, co\u00a0tradycyjne produkty mi\u0119sne. W\u015br\u00f3d oferowanych receptur znajd\u0105 Pa\u0144stwo wega\u0144skie odpowiedniki takich produkt\u00f3w jak: burgery, w\u0119dliny, galaretki na bazie \u017celatyny, pasztety i wiele innych produkt\u00f3w popularnych nie tylko w Europie, ale i na ca\u0142ym \u015bwiecie.<\/p>\n","protected":false},"excerpt":{"rendered":"<p>Rynek produkt\u00f3w wega\u0144skich i wegetaria\u0144skich oferuje wiele doskona\u0142ych zamiennik\u00f3w dla wyrob\u00f3w mi\u0119snych. Wci\u0105\u017c jednak poszukuje si\u0119 produkt\u00f3w, kt\u00f3re z jednej strony umo\u017cliwi\u0105 utrzymanie diety sk\u0142adaj\u0105cej si\u0119 wy\u0142\u0105cznie z produkt\u00f3w pochodzenia ro\u015blinnego, a z drugiej dadz\u0105 doznania smakowe bardzo zbli\u017cone do\u00a0tradycyjnych &hellip; <a class=\"continue-reading\" href=\"https:\/\/katech-solutions.com\/pl\/produkty-dla-wegan\/weganskie-zamienniki-wyrobow-miesnych\/\">Czytaj dalej <span class=\"meta-nav\">&rarr;<\/span><\/a><\/p>\n","protected":false},"author":3,"featured_media":0,"parent":8130,"menu_order":0,"comment_status":"closed","ping_status":"closed","template":"","meta":{"_acf_changed":false,"footnotes":""},"class_list":["post-8218","page","type-page","status-publish","hentry"],"acf":[],"yoast_head":"<!-- This site is optimized with the Yoast SEO plugin v27.2 - https:\/\/yoast.com\/product\/yoast-seo-wordpress\/ -->\n<title>Wega\u0144skie zamienniki wyrob\u00f3w mi\u0119snych |<\/title>\n<meta name=\"robots\" content=\"index, follow, max-snippet:-1, max-image-preview:large, max-video-preview:-1\" \/>\n<link rel=\"canonical\" href=\"https:\/\/katech-solutions.com\/pl\/produkty-dla-wegan\/weganskie-zamienniki-wyrobow-miesnych\/\" \/>\n<meta property=\"og:locale\" content=\"pl_PL\" \/>\n<meta property=\"og:type\" content=\"article\" \/>\n<meta property=\"og:title\" content=\"Wega\u0144skie zamienniki wyrob\u00f3w mi\u0119snych |\" \/>\n<meta property=\"og:description\" content=\"Rynek produkt\u00f3w wega\u0144skich i wegetaria\u0144skich oferuje wiele doskona\u0142ych zamiennik\u00f3w dla wyrob\u00f3w mi\u0119snych. Wci\u0105\u017c jednak poszukuje si\u0119 produkt\u00f3w, kt\u00f3re z jednej strony umo\u017cliwi\u0105 utrzymanie diety sk\u0142adaj\u0105cej si\u0119 wy\u0142\u0105cznie z produkt\u00f3w pochodzenia ro\u015blinnego, a z drugiej dadz\u0105 doznania smakowe bardzo zbli\u017cone do\u00a0tradycyjnych &hellip; Czytaj dalej &rarr;\" \/>\n<meta property=\"og:url\" content=\"https:\/\/katech-solutions.com\/pl\/produkty-dla-wegan\/weganskie-zamienniki-wyrobow-miesnych\/\" \/>\n<meta property=\"og:site_name\" content=\"KaTech\" \/>\n<meta property=\"article:modified_time\" content=\"2017-11-30T07:51:18+00:00\" \/>\n<meta name=\"twitter:label1\" content=\"Szacowany czas czytania\" \/>\n\t<meta name=\"twitter:data1\" content=\"1 minuta\" \/>\n<script type=\"application\/ld+json\" class=\"yoast-schema-graph\">{\"@context\":\"https:\/\/schema.org\",\"@graph\":[{\"@type\":\"WebPage\",\"@id\":\"https:\/\/katech-solutions.com\/pl\/produkty-dla-wegan\/weganskie-zamienniki-wyrobow-miesnych\/\",\"url\":\"https:\/\/katech-solutions.com\/pl\/produkty-dla-wegan\/weganskie-zamienniki-wyrobow-miesnych\/\",\"name\":\"Wega\u0144skie zamienniki wyrob\u00f3w mi\u0119snych |\",\"isPartOf\":{\"@id\":\"https:\/\/katech-solutions.com\/#website\"},\"datePublished\":\"2017-08-01T12:20:05+00:00\",\"dateModified\":\"2017-11-30T07:51:18+00:00\",\"breadcrumb\":{\"@id\":\"https:\/\/katech-solutions.com\/pl\/produkty-dla-wegan\/weganskie-zamienniki-wyrobow-miesnych\/#breadcrumb\"},\"inLanguage\":\"pl-PL\",\"potentialAction\":[{\"@type\":\"ReadAction\",\"target\":[\"https:\/\/katech-solutions.com\/pl\/produkty-dla-wegan\/weganskie-zamienniki-wyrobow-miesnych\/\"]}]},{\"@type\":\"BreadcrumbList\",\"@id\":\"https:\/\/katech-solutions.com\/pl\/produkty-dla-wegan\/weganskie-zamienniki-wyrobow-miesnych\/#breadcrumb\",\"itemListElement\":[{\"@type\":\"ListItem\",\"position\":1,\"name\":\"Produkty dla wegan\",\"item\":\"https:\/\/katech-solutions.com\/pl\/produkty-dla-wegan\/\"},{\"@type\":\"ListItem\",\"position\":2,\"name\":\"Wega\u0144skie zamienniki wyrob\u00f3w mi\u0119snych\"}]},{\"@type\":\"WebSite\",\"@id\":\"https:\/\/katech-solutions.com\/#website\",\"url\":\"https:\/\/katech-solutions.com\/\",\"name\":\"KaTech\",\"description\":\"\",\"potentialAction\":[{\"@type\":\"SearchAction\",\"target\":{\"@type\":\"EntryPoint\",\"urlTemplate\":\"https:\/\/katech-solutions.com\/?s={search_term_string}\"},\"query-input\":{\"@type\":\"PropertyValueSpecification\",\"valueRequired\":true,\"valueName\":\"search_term_string\"}}],\"inLanguage\":\"pl-PL\"}]}<\/script>\n<!-- \/ Yoast SEO plugin. -->","yoast_head_json":{"title":"Wega\u0144skie zamienniki wyrob\u00f3w mi\u0119snych |","robots":{"index":"index","follow":"follow","max-snippet":"max-snippet:-1","max-image-preview":"max-image-preview:large","max-video-preview":"max-video-preview:-1"},"canonical":"https:\/\/katech-solutions.com\/pl\/produkty-dla-wegan\/weganskie-zamienniki-wyrobow-miesnych\/","og_locale":"pl_PL","og_type":"article","og_title":"Wega\u0144skie zamienniki wyrob\u00f3w mi\u0119snych |","og_description":"Rynek produkt\u00f3w wega\u0144skich i wegetaria\u0144skich oferuje wiele doskona\u0142ych zamiennik\u00f3w dla wyrob\u00f3w mi\u0119snych. Wci\u0105\u017c jednak poszukuje si\u0119 produkt\u00f3w, kt\u00f3re z jednej strony umo\u017cliwi\u0105 utrzymanie diety sk\u0142adaj\u0105cej si\u0119 wy\u0142\u0105cznie z produkt\u00f3w pochodzenia ro\u015blinnego, a z drugiej dadz\u0105 doznania smakowe bardzo zbli\u017cone do\u00a0tradycyjnych &hellip; Czytaj dalej &rarr;","og_url":"https:\/\/katech-solutions.com\/pl\/produkty-dla-wegan\/weganskie-zamienniki-wyrobow-miesnych\/","og_site_name":"KaTech","article_modified_time":"2017-11-30T07:51:18+00:00","twitter_misc":{"Szacowany czas czytania":"1 minuta"},"schema":{"@context":"https:\/\/schema.org","@graph":[{"@type":"WebPage","@id":"https:\/\/katech-solutions.com\/pl\/produkty-dla-wegan\/weganskie-zamienniki-wyrobow-miesnych\/","url":"https:\/\/katech-solutions.com\/pl\/produkty-dla-wegan\/weganskie-zamienniki-wyrobow-miesnych\/","name":"Wega\u0144skie zamienniki wyrob\u00f3w mi\u0119snych |","isPartOf":{"@id":"https:\/\/katech-solutions.com\/#website"},"datePublished":"2017-08-01T12:20:05+00:00","dateModified":"2017-11-30T07:51:18+00:00","breadcrumb":{"@id":"https:\/\/katech-solutions.com\/pl\/produkty-dla-wegan\/weganskie-zamienniki-wyrobow-miesnych\/#breadcrumb"},"inLanguage":"pl-PL","potentialAction":[{"@type":"ReadAction","target":["https:\/\/katech-solutions.com\/pl\/produkty-dla-wegan\/weganskie-zamienniki-wyrobow-miesnych\/"]}]},{"@type":"BreadcrumbList","@id":"https:\/\/katech-solutions.com\/pl\/produkty-dla-wegan\/weganskie-zamienniki-wyrobow-miesnych\/#breadcrumb","itemListElement":[{"@type":"ListItem","position":1,"name":"Produkty dla wegan","item":"https:\/\/katech-solutions.com\/pl\/produkty-dla-wegan\/"},{"@type":"ListItem","position":2,"name":"Wega\u0144skie zamienniki wyrob\u00f3w mi\u0119snych"}]},{"@type":"WebSite","@id":"https:\/\/katech-solutions.com\/#website","url":"https:\/\/katech-solutions.com\/","name":"KaTech","description":"","potentialAction":[{"@type":"SearchAction","target":{"@type":"EntryPoint","urlTemplate":"https:\/\/katech-solutions.com\/?s={search_term_string}"},"query-input":{"@type":"PropertyValueSpecification","valueRequired":true,"valueName":"search_term_string"}}],"inLanguage":"pl-PL"}]}},"_links":{"self":[{"href":"https:\/\/katech-solutions.com\/pl\/wp-json\/wp\/v2\/pages\/8218","targetHints":{"allow":["GET"]}}],"collection":[{"href":"https:\/\/katech-solutions.com\/pl\/wp-json\/wp\/v2\/pages"}],"about":[{"href":"https:\/\/katech-solutions.com\/pl\/wp-json\/wp\/v2\/types\/page"}],"author":[{"embeddable":true,"href":"https:\/\/katech-solutions.com\/pl\/wp-json\/wp\/v2\/users\/3"}],"replies":[{"embeddable":true,"href":"https:\/\/katech-solutions.com\/pl\/wp-json\/wp\/v2\/comments?post=8218"}],"version-history":[{"count":12,"href":"https:\/\/katech-solutions.com\/pl\/wp-json\/wp\/v2\/pages\/8218\/revisions"}],"predecessor-version":[{"id":8825,"href":"https:\/\/katech-solutions.com\/pl\/wp-json\/wp\/v2\/pages\/8218\/revisions\/8825"}],"up":[{"embeddable":true,"href":"https:\/\/katech-solutions.com\/pl\/wp-json\/wp\/v2\/pages\/8130"}],"wp:attachment":[{"href":"https:\/\/katech-solutions.com\/pl\/wp-json\/wp\/v2\/media?parent=8218"}],"curies":[{"name":"wp","href":"https:\/\/api.w.org\/{rel}","templated":true}]}}