{"id":8207,"date":"2017-07-31T11:55:12","date_gmt":"2017-07-31T11:55:12","guid":{"rendered":"https:\/\/www.khpartner.com\/?page_id=8207\/"},"modified":"2017-11-07T13:10:39","modified_gmt":"2017-11-07T13:10:39","slug":"weganskie-smarowidla","status":"publish","type":"page","link":"https:\/\/katech-solutions.com\/pl\/produkty-dla-wegan\/weganskie-smarowidla\/","title":{"rendered":"Wega\u0144skie smarowid\u0142a"},"content":{"rendered":"<p>Kanapki s\u0105 znane i spo\u017cywane na ca\u0142ym \u015bwiecie. To doskona\u0142y pomys\u0142 na wygodny i szybki posi\u0142ek (\u015bniadanie, szybk\u0105 kolacj\u0119, czy te\u017c przek\u0105sk\u0119 w podr\u00f3\u017cy) w dzisiejszych \u201ezabieganych\u201d czasach.<br \/>\nNa rynku produkt\u00f3w dla wegan przewa\u017caj\u0105 odpowiedniki produkt\u00f3w mi\u0119snych lub ser\u00f3w. W zwi\u0105zku z tym, wega\u0144skie smarowid\u0142a do\u00a0chleba mog\u0105 by\u0107 doskona\u0142\u0105 propozycj\u0105 dla konsument\u00f3w. Dost\u0119pne s\u0105 wega\u0144skie smarowid\u0142a sk\u0142adaj\u0105ce si\u0119 wy\u0142\u0105cznie z\u00a0warzyw lub\u00a0b\u0119d\u0105ce wega\u0144skimi odpowiednikami takich niewega\u0144skich produkt\u00f3w, jak serek \u015bmietankowy, pasztet, czy smalec. Wyzwaniem dla producent\u00f3w jest uzyskanie produktu na bazie ro\u015blinnej, kt\u00f3ry b\u0119dzie cechowa\u0142 si\u0119 po\u017c\u0105dan\u0105 konsystencj\u0105 i\u00a0\u0142atwo\u00a0si\u0119 rozsmarowywa\u0142.<\/p>\n","protected":false},"excerpt":{"rendered":"<p>Kanapki s\u0105 znane i spo\u017cywane na ca\u0142ym \u015bwiecie. To doskona\u0142y pomys\u0142 na wygodny i szybki posi\u0142ek (\u015bniadanie, szybk\u0105 kolacj\u0119, czy te\u017c przek\u0105sk\u0119 w podr\u00f3\u017cy) w dzisiejszych \u201ezabieganych\u201d czasach. Na rynku produkt\u00f3w dla wegan przewa\u017caj\u0105 odpowiedniki produkt\u00f3w mi\u0119snych lub ser\u00f3w. W &hellip; <a class=\"continue-reading\" href=\"https:\/\/katech-solutions.com\/pl\/produkty-dla-wegan\/weganskie-smarowidla\/\">Czytaj dalej <span class=\"meta-nav\">&rarr;<\/span><\/a><\/p>\n","protected":false},"author":3,"featured_media":0,"parent":8130,"menu_order":0,"comment_status":"closed","ping_status":"closed","template":"","meta":{"_acf_changed":false,"footnotes":""},"class_list":["post-8207","page","type-page","status-publish","hentry"],"acf":[],"yoast_head":"<!-- This site is optimized with the Yoast SEO plugin v27.2 - https:\/\/yoast.com\/product\/yoast-seo-wordpress\/ -->\n<title>Wega\u0144skie smarowid\u0142a |<\/title>\n<meta name=\"robots\" content=\"index, follow, max-snippet:-1, max-image-preview:large, max-video-preview:-1\" \/>\n<link rel=\"canonical\" href=\"https:\/\/katech-solutions.com\/pl\/produkty-dla-wegan\/weganskie-smarowidla\/\" \/>\n<meta property=\"og:locale\" content=\"pl_PL\" \/>\n<meta property=\"og:type\" content=\"article\" \/>\n<meta property=\"og:title\" content=\"Wega\u0144skie smarowid\u0142a |\" \/>\n<meta property=\"og:description\" content=\"Kanapki s\u0105 znane i spo\u017cywane na ca\u0142ym \u015bwiecie. To doskona\u0142y pomys\u0142 na wygodny i szybki posi\u0142ek (\u015bniadanie, szybk\u0105 kolacj\u0119, czy te\u017c przek\u0105sk\u0119 w podr\u00f3\u017cy) w dzisiejszych \u201ezabieganych\u201d czasach. Na rynku produkt\u00f3w dla wegan przewa\u017caj\u0105 odpowiedniki produkt\u00f3w mi\u0119snych lub ser\u00f3w. W &hellip; Czytaj dalej &rarr;\" \/>\n<meta property=\"og:url\" content=\"https:\/\/katech-solutions.com\/pl\/produkty-dla-wegan\/weganskie-smarowidla\/\" \/>\n<meta property=\"og:site_name\" content=\"KaTech\" \/>\n<meta property=\"article:modified_time\" content=\"2017-11-07T13:10:39+00:00\" \/>\n<meta name=\"twitter:label1\" content=\"Szacowany czas czytania\" \/>\n\t<meta name=\"twitter:data1\" content=\"1 minuta\" \/>\n<script type=\"application\/ld+json\" class=\"yoast-schema-graph\">{\"@context\":\"https:\/\/schema.org\",\"@graph\":[{\"@type\":\"WebPage\",\"@id\":\"https:\/\/katech-solutions.com\/pl\/produkty-dla-wegan\/weganskie-smarowidla\/\",\"url\":\"https:\/\/katech-solutions.com\/pl\/produkty-dla-wegan\/weganskie-smarowidla\/\",\"name\":\"Wega\u0144skie smarowid\u0142a |\",\"isPartOf\":{\"@id\":\"https:\/\/katech-solutions.com\/#website\"},\"datePublished\":\"2017-07-31T11:55:12+00:00\",\"dateModified\":\"2017-11-07T13:10:39+00:00\",\"breadcrumb\":{\"@id\":\"https:\/\/katech-solutions.com\/pl\/produkty-dla-wegan\/weganskie-smarowidla\/#breadcrumb\"},\"inLanguage\":\"pl-PL\",\"potentialAction\":[{\"@type\":\"ReadAction\",\"target\":[\"https:\/\/katech-solutions.com\/pl\/produkty-dla-wegan\/weganskie-smarowidla\/\"]}]},{\"@type\":\"BreadcrumbList\",\"@id\":\"https:\/\/katech-solutions.com\/pl\/produkty-dla-wegan\/weganskie-smarowidla\/#breadcrumb\",\"itemListElement\":[{\"@type\":\"ListItem\",\"position\":1,\"name\":\"Produkty dla wegan\",\"item\":\"https:\/\/katech-solutions.com\/pl\/produkty-dla-wegan\/\"},{\"@type\":\"ListItem\",\"position\":2,\"name\":\"Wega\u0144skie smarowid\u0142a\"}]},{\"@type\":\"WebSite\",\"@id\":\"https:\/\/katech-solutions.com\/#website\",\"url\":\"https:\/\/katech-solutions.com\/\",\"name\":\"KaTech\",\"description\":\"\",\"potentialAction\":[{\"@type\":\"SearchAction\",\"target\":{\"@type\":\"EntryPoint\",\"urlTemplate\":\"https:\/\/katech-solutions.com\/?s={search_term_string}\"},\"query-input\":{\"@type\":\"PropertyValueSpecification\",\"valueRequired\":true,\"valueName\":\"search_term_string\"}}],\"inLanguage\":\"pl-PL\"}]}<\/script>\n<!-- \/ Yoast SEO plugin. -->","yoast_head_json":{"title":"Wega\u0144skie smarowid\u0142a |","robots":{"index":"index","follow":"follow","max-snippet":"max-snippet:-1","max-image-preview":"max-image-preview:large","max-video-preview":"max-video-preview:-1"},"canonical":"https:\/\/katech-solutions.com\/pl\/produkty-dla-wegan\/weganskie-smarowidla\/","og_locale":"pl_PL","og_type":"article","og_title":"Wega\u0144skie smarowid\u0142a |","og_description":"Kanapki s\u0105 znane i spo\u017cywane na ca\u0142ym \u015bwiecie. To doskona\u0142y pomys\u0142 na wygodny i szybki posi\u0142ek (\u015bniadanie, szybk\u0105 kolacj\u0119, czy te\u017c przek\u0105sk\u0119 w podr\u00f3\u017cy) w dzisiejszych \u201ezabieganych\u201d czasach. Na rynku produkt\u00f3w dla wegan przewa\u017caj\u0105 odpowiedniki produkt\u00f3w mi\u0119snych lub ser\u00f3w. W &hellip; Czytaj dalej &rarr;","og_url":"https:\/\/katech-solutions.com\/pl\/produkty-dla-wegan\/weganskie-smarowidla\/","og_site_name":"KaTech","article_modified_time":"2017-11-07T13:10:39+00:00","twitter_misc":{"Szacowany czas czytania":"1 minuta"},"schema":{"@context":"https:\/\/schema.org","@graph":[{"@type":"WebPage","@id":"https:\/\/katech-solutions.com\/pl\/produkty-dla-wegan\/weganskie-smarowidla\/","url":"https:\/\/katech-solutions.com\/pl\/produkty-dla-wegan\/weganskie-smarowidla\/","name":"Wega\u0144skie smarowid\u0142a |","isPartOf":{"@id":"https:\/\/katech-solutions.com\/#website"},"datePublished":"2017-07-31T11:55:12+00:00","dateModified":"2017-11-07T13:10:39+00:00","breadcrumb":{"@id":"https:\/\/katech-solutions.com\/pl\/produkty-dla-wegan\/weganskie-smarowidla\/#breadcrumb"},"inLanguage":"pl-PL","potentialAction":[{"@type":"ReadAction","target":["https:\/\/katech-solutions.com\/pl\/produkty-dla-wegan\/weganskie-smarowidla\/"]}]},{"@type":"BreadcrumbList","@id":"https:\/\/katech-solutions.com\/pl\/produkty-dla-wegan\/weganskie-smarowidla\/#breadcrumb","itemListElement":[{"@type":"ListItem","position":1,"name":"Produkty dla wegan","item":"https:\/\/katech-solutions.com\/pl\/produkty-dla-wegan\/"},{"@type":"ListItem","position":2,"name":"Wega\u0144skie smarowid\u0142a"}]},{"@type":"WebSite","@id":"https:\/\/katech-solutions.com\/#website","url":"https:\/\/katech-solutions.com\/","name":"KaTech","description":"","potentialAction":[{"@type":"SearchAction","target":{"@type":"EntryPoint","urlTemplate":"https:\/\/katech-solutions.com\/?s={search_term_string}"},"query-input":{"@type":"PropertyValueSpecification","valueRequired":true,"valueName":"search_term_string"}}],"inLanguage":"pl-PL"}]}},"_links":{"self":[{"href":"https:\/\/katech-solutions.com\/pl\/wp-json\/wp\/v2\/pages\/8207","targetHints":{"allow":["GET"]}}],"collection":[{"href":"https:\/\/katech-solutions.com\/pl\/wp-json\/wp\/v2\/pages"}],"about":[{"href":"https:\/\/katech-solutions.com\/pl\/wp-json\/wp\/v2\/types\/page"}],"author":[{"embeddable":true,"href":"https:\/\/katech-solutions.com\/pl\/wp-json\/wp\/v2\/users\/3"}],"replies":[{"embeddable":true,"href":"https:\/\/katech-solutions.com\/pl\/wp-json\/wp\/v2\/comments?post=8207"}],"version-history":[{"count":8,"href":"https:\/\/katech-solutions.com\/pl\/wp-json\/wp\/v2\/pages\/8207\/revisions"}],"predecessor-version":[{"id":8597,"href":"https:\/\/katech-solutions.com\/pl\/wp-json\/wp\/v2\/pages\/8207\/revisions\/8597"}],"up":[{"embeddable":true,"href":"https:\/\/katech-solutions.com\/pl\/wp-json\/wp\/v2\/pages\/8130"}],"wp:attachment":[{"href":"https:\/\/katech-solutions.com\/pl\/wp-json\/wp\/v2\/media?parent=8207"}],"curies":[{"name":"wp","href":"https:\/\/api.w.org\/{rel}","templated":true}]}}