{"id":8200,"date":"2017-08-01T12:18:47","date_gmt":"2017-08-01T12:18:47","guid":{"rendered":"https:\/\/www.khpartner.com\/?page_id=8200\/"},"modified":"2017-11-07T12:58:02","modified_gmt":"2017-11-07T12:58:02","slug":"weganskie-majonezy-i-dressingi","status":"publish","type":"page","link":"https:\/\/katech-solutions.com\/pl\/produkty-dla-wegan\/weganskie-majonezy-i-dressingi\/","title":{"rendered":"Wega\u0144skie majonezy i dressingi"},"content":{"rendered":"<p>Majonezy i dressingi s\u0105 tradycyjnie wytwarzane z u\u017cyciem jajka kurzego, kt\u00f3re spe\u0142nia funkcj\u0119 emulgatora. W przypadku tego typu produkt\u00f3w wega\u0144skich wyzwaniem jest znalezienie w\u0142a\u015bciwego zamiennika dla jajka, kt\u00f3ry zagwarantuje uzyskanie tej samej kremowej konsystencji, jak w przypadku oryginalnego majonezu, czy dressingu. Nasi technologowie maj\u0105 do\u015bwiadczenie z wieloma r\u00f3\u017cnymi emulgatorami na bazie ro\u015blinnej i znaj\u0105 zar\u00f3wno zalety, jak i wady ka\u017cdego z nich.<\/p>\n<p>Nie ma znaczenia, czy poszukuj\u0105 Pa\u0144stwo produkt\u00f3w w r\u00f3\u017cnych wariantach zawarto\u015bci t\u0142uszczu, czy te\u017c chcieliby Pa\u0144stwo \u201ewyczy\u015bci\u0107 etykiet\u0119\u201d, firma KaTech ma do zaoferowania wiele rozwi\u0105za\u0144.<\/p>\n<p>W KaTech ch\u0119tnie eksperymentujemy z r\u00f3\u017cnymi smakami. Do ulubionych receptur produkt\u00f3w dla wegan nale\u017c\u0105 owocowy dressing do sa\u0142atek o smaku mango, czy te\u017c humus, kt\u00f3ry znakomicie komponuje si\u0119 z zielon\u0105 sa\u0142at\u0105.<\/p>\n","protected":false},"excerpt":{"rendered":"<p>Majonezy i dressingi s\u0105 tradycyjnie wytwarzane z u\u017cyciem jajka kurzego, kt\u00f3re spe\u0142nia funkcj\u0119 emulgatora. W przypadku tego typu produkt\u00f3w wega\u0144skich wyzwaniem jest znalezienie w\u0142a\u015bciwego zamiennika dla jajka, kt\u00f3ry zagwarantuje uzyskanie tej samej kremowej konsystencji, jak w przypadku oryginalnego majonezu, czy &hellip; <a class=\"continue-reading\" href=\"https:\/\/katech-solutions.com\/pl\/produkty-dla-wegan\/weganskie-majonezy-i-dressingi\/\">Czytaj dalej <span class=\"meta-nav\">&rarr;<\/span><\/a><\/p>\n","protected":false},"author":3,"featured_media":0,"parent":8130,"menu_order":0,"comment_status":"closed","ping_status":"closed","template":"","meta":{"_acf_changed":false,"footnotes":""},"class_list":["post-8200","page","type-page","status-publish","hentry"],"acf":[],"yoast_head":"<!-- This site is optimized with the Yoast SEO plugin v27.2 - https:\/\/yoast.com\/product\/yoast-seo-wordpress\/ -->\n<title>Wega\u0144skie majonezy i dressingi |<\/title>\n<meta name=\"robots\" content=\"index, follow, max-snippet:-1, max-image-preview:large, max-video-preview:-1\" \/>\n<link rel=\"canonical\" href=\"https:\/\/katech-solutions.com\/pl\/produkty-dla-wegan\/weganskie-majonezy-i-dressingi\/\" \/>\n<meta property=\"og:locale\" content=\"pl_PL\" \/>\n<meta property=\"og:type\" content=\"article\" \/>\n<meta property=\"og:title\" content=\"Wega\u0144skie majonezy i dressingi |\" \/>\n<meta property=\"og:description\" content=\"Majonezy i dressingi s\u0105 tradycyjnie wytwarzane z u\u017cyciem jajka kurzego, kt\u00f3re spe\u0142nia funkcj\u0119 emulgatora. W przypadku tego typu produkt\u00f3w wega\u0144skich wyzwaniem jest znalezienie w\u0142a\u015bciwego zamiennika dla jajka, kt\u00f3ry zagwarantuje uzyskanie tej samej kremowej konsystencji, jak w przypadku oryginalnego majonezu, czy &hellip; Czytaj dalej &rarr;\" \/>\n<meta property=\"og:url\" content=\"https:\/\/katech-solutions.com\/pl\/produkty-dla-wegan\/weganskie-majonezy-i-dressingi\/\" \/>\n<meta property=\"og:site_name\" content=\"KaTech\" \/>\n<meta property=\"article:modified_time\" content=\"2017-11-07T12:58:02+00:00\" \/>\n<meta name=\"twitter:label1\" content=\"Szacowany czas czytania\" \/>\n\t<meta name=\"twitter:data1\" content=\"1 minuta\" \/>\n<script type=\"application\/ld+json\" class=\"yoast-schema-graph\">{\"@context\":\"https:\/\/schema.org\",\"@graph\":[{\"@type\":\"WebPage\",\"@id\":\"https:\/\/katech-solutions.com\/pl\/produkty-dla-wegan\/weganskie-majonezy-i-dressingi\/\",\"url\":\"https:\/\/katech-solutions.com\/pl\/produkty-dla-wegan\/weganskie-majonezy-i-dressingi\/\",\"name\":\"Wega\u0144skie majonezy i dressingi |\",\"isPartOf\":{\"@id\":\"https:\/\/katech-solutions.com\/#website\"},\"datePublished\":\"2017-08-01T12:18:47+00:00\",\"dateModified\":\"2017-11-07T12:58:02+00:00\",\"breadcrumb\":{\"@id\":\"https:\/\/katech-solutions.com\/pl\/produkty-dla-wegan\/weganskie-majonezy-i-dressingi\/#breadcrumb\"},\"inLanguage\":\"pl-PL\",\"potentialAction\":[{\"@type\":\"ReadAction\",\"target\":[\"https:\/\/katech-solutions.com\/pl\/produkty-dla-wegan\/weganskie-majonezy-i-dressingi\/\"]}]},{\"@type\":\"BreadcrumbList\",\"@id\":\"https:\/\/katech-solutions.com\/pl\/produkty-dla-wegan\/weganskie-majonezy-i-dressingi\/#breadcrumb\",\"itemListElement\":[{\"@type\":\"ListItem\",\"position\":1,\"name\":\"Produkty dla wegan\",\"item\":\"https:\/\/katech-solutions.com\/pl\/produkty-dla-wegan\/\"},{\"@type\":\"ListItem\",\"position\":2,\"name\":\"Wega\u0144skie majonezy i dressingi\"}]},{\"@type\":\"WebSite\",\"@id\":\"https:\/\/katech-solutions.com\/#website\",\"url\":\"https:\/\/katech-solutions.com\/\",\"name\":\"KaTech\",\"description\":\"\",\"potentialAction\":[{\"@type\":\"SearchAction\",\"target\":{\"@type\":\"EntryPoint\",\"urlTemplate\":\"https:\/\/katech-solutions.com\/?s={search_term_string}\"},\"query-input\":{\"@type\":\"PropertyValueSpecification\",\"valueRequired\":true,\"valueName\":\"search_term_string\"}}],\"inLanguage\":\"pl-PL\"}]}<\/script>\n<!-- \/ Yoast SEO plugin. -->","yoast_head_json":{"title":"Wega\u0144skie majonezy i dressingi |","robots":{"index":"index","follow":"follow","max-snippet":"max-snippet:-1","max-image-preview":"max-image-preview:large","max-video-preview":"max-video-preview:-1"},"canonical":"https:\/\/katech-solutions.com\/pl\/produkty-dla-wegan\/weganskie-majonezy-i-dressingi\/","og_locale":"pl_PL","og_type":"article","og_title":"Wega\u0144skie majonezy i dressingi |","og_description":"Majonezy i dressingi s\u0105 tradycyjnie wytwarzane z u\u017cyciem jajka kurzego, kt\u00f3re spe\u0142nia funkcj\u0119 emulgatora. W przypadku tego typu produkt\u00f3w wega\u0144skich wyzwaniem jest znalezienie w\u0142a\u015bciwego zamiennika dla jajka, kt\u00f3ry zagwarantuje uzyskanie tej samej kremowej konsystencji, jak w przypadku oryginalnego majonezu, czy &hellip; Czytaj dalej &rarr;","og_url":"https:\/\/katech-solutions.com\/pl\/produkty-dla-wegan\/weganskie-majonezy-i-dressingi\/","og_site_name":"KaTech","article_modified_time":"2017-11-07T12:58:02+00:00","twitter_misc":{"Szacowany czas czytania":"1 minuta"},"schema":{"@context":"https:\/\/schema.org","@graph":[{"@type":"WebPage","@id":"https:\/\/katech-solutions.com\/pl\/produkty-dla-wegan\/weganskie-majonezy-i-dressingi\/","url":"https:\/\/katech-solutions.com\/pl\/produkty-dla-wegan\/weganskie-majonezy-i-dressingi\/","name":"Wega\u0144skie majonezy i dressingi |","isPartOf":{"@id":"https:\/\/katech-solutions.com\/#website"},"datePublished":"2017-08-01T12:18:47+00:00","dateModified":"2017-11-07T12:58:02+00:00","breadcrumb":{"@id":"https:\/\/katech-solutions.com\/pl\/produkty-dla-wegan\/weganskie-majonezy-i-dressingi\/#breadcrumb"},"inLanguage":"pl-PL","potentialAction":[{"@type":"ReadAction","target":["https:\/\/katech-solutions.com\/pl\/produkty-dla-wegan\/weganskie-majonezy-i-dressingi\/"]}]},{"@type":"BreadcrumbList","@id":"https:\/\/katech-solutions.com\/pl\/produkty-dla-wegan\/weganskie-majonezy-i-dressingi\/#breadcrumb","itemListElement":[{"@type":"ListItem","position":1,"name":"Produkty dla wegan","item":"https:\/\/katech-solutions.com\/pl\/produkty-dla-wegan\/"},{"@type":"ListItem","position":2,"name":"Wega\u0144skie majonezy i dressingi"}]},{"@type":"WebSite","@id":"https:\/\/katech-solutions.com\/#website","url":"https:\/\/katech-solutions.com\/","name":"KaTech","description":"","potentialAction":[{"@type":"SearchAction","target":{"@type":"EntryPoint","urlTemplate":"https:\/\/katech-solutions.com\/?s={search_term_string}"},"query-input":{"@type":"PropertyValueSpecification","valueRequired":true,"valueName":"search_term_string"}}],"inLanguage":"pl-PL"}]}},"_links":{"self":[{"href":"https:\/\/katech-solutions.com\/pl\/wp-json\/wp\/v2\/pages\/8200","targetHints":{"allow":["GET"]}}],"collection":[{"href":"https:\/\/katech-solutions.com\/pl\/wp-json\/wp\/v2\/pages"}],"about":[{"href":"https:\/\/katech-solutions.com\/pl\/wp-json\/wp\/v2\/types\/page"}],"author":[{"embeddable":true,"href":"https:\/\/katech-solutions.com\/pl\/wp-json\/wp\/v2\/users\/3"}],"replies":[{"embeddable":true,"href":"https:\/\/katech-solutions.com\/pl\/wp-json\/wp\/v2\/comments?post=8200"}],"version-history":[{"count":5,"href":"https:\/\/katech-solutions.com\/pl\/wp-json\/wp\/v2\/pages\/8200\/revisions"}],"predecessor-version":[{"id":8589,"href":"https:\/\/katech-solutions.com\/pl\/wp-json\/wp\/v2\/pages\/8200\/revisions\/8589"}],"up":[{"embeddable":true,"href":"https:\/\/katech-solutions.com\/pl\/wp-json\/wp\/v2\/pages\/8130"}],"wp:attachment":[{"href":"https:\/\/katech-solutions.com\/pl\/wp-json\/wp\/v2\/media?parent=8200"}],"curies":[{"name":"wp","href":"https:\/\/api.w.org\/{rel}","templated":true}]}}