{"id":8184,"date":"2017-07-26T10:26:44","date_gmt":"2017-07-26T10:26:44","guid":{"rendered":"https:\/\/www.khpartner.com\/?page_id=8184\/"},"modified":"2017-11-07T13:27:44","modified_gmt":"2017-11-07T13:27:44","slug":"weganskie-desery","status":"publish","type":"page","link":"https:\/\/katech-solutions.com\/pl\/produkty-dla-wegan\/weganskie-desery\/","title":{"rendered":"Wega\u0144skie desery"},"content":{"rendered":"<p>Chyba nic nie sprawia nam wi\u0119kszej przyjemno\u015bci ni\u017c zjedzenie pysznego deseru na koniec posi\u0142ku, w przerwie mi\u0119dzy posi\u0142kami lub gdy jeste\u015bmy w podr\u00f3\u017cy. Obecnie na rynku pojawia si\u0119 co raz wi\u0119cej deser\u00f3w dla wegan. Konsumenci oczekuj\u0105 od nich tej samej kremowej konsystencji i tych samych dozna\u0144 smakowych, kt\u00f3re znaj\u0105 z tradycyjnych deser\u00f3w. Niemniej jednak uzyskanie tych w\u0142a\u015bciwo\u015bci bez u\u017cycia mleka, jajek, czy \u017celatyny, cz\u0119sto obecnych w deserach niewega\u0144skich, jest niema\u0142ym wyzwaniem. Firmie KaTech uda\u0142o si\u0119 temu wyzwaniu sprosta\u0107.<\/p>\n<p>Jedn\u0105 z kluczowych kwestii w produkcji deser\u00f3w jest odpowiednie po\u0142\u0105czenie ro\u015blinnych zamiennik\u00f3w mleka, by uzyska\u0107 \u017c\u0105dany poziom t\u0142uszczu i\/lub inne cechy produktu. Czerpi\u0105c z naszego do\u015bwiadczenia, tworzymy systemy stabilizuj\u0105ce \u201euszyte na miar\u0119\u201d dla produkt\u00f3w, kt\u00f3re s\u0105 odpowiedzi\u0105 na Pa\u0144stwa oczekiwania i\u00a0wymagania.<\/p>\n<p>Stworzyli\u015bmy wiele receptur wysokiej jako\u015bci deser\u00f3w dla wegan, kt\u00f3re w celu wyd\u0142u\u017cenia terminu przydatno\u015bci do spo\u017cycia poddane mog\u0105 zosta\u0107 procesowi pasteryzacji lub obr\u00f3bki UHT.<\/p>\n<p>Do przyk\u0142adowych wega\u0144skich deser\u00f3w opracowanych przez nasz\u0105 firm\u0119 nale\u017c\u0105:<\/p>\n<ul>\n<li>wega\u0144ski krem angielski z orzech\u00f3w laskowych,<\/li>\n<li>wega\u0144ski deser ry\u017cowy z mlekiem,<\/li>\n<li>sernik dla wegan,<\/li>\n<li>panna cotta dla wegan.<\/li>\n<\/ul>\n<p>Wi\u0119cej informacji uzyskaj\u0105 Pa\u0144stwo kontaktuj\u0105c si\u0119 z nami.<\/p>\n","protected":false},"excerpt":{"rendered":"<p>Chyba nic nie sprawia nam wi\u0119kszej przyjemno\u015bci ni\u017c zjedzenie pysznego deseru na koniec posi\u0142ku, w przerwie mi\u0119dzy posi\u0142kami lub gdy jeste\u015bmy w podr\u00f3\u017cy. Obecnie na rynku pojawia si\u0119 co raz wi\u0119cej deser\u00f3w dla wegan. Konsumenci oczekuj\u0105 od nich tej samej &hellip; <a class=\"continue-reading\" href=\"https:\/\/katech-solutions.com\/pl\/produkty-dla-wegan\/weganskie-desery\/\">Czytaj dalej <span class=\"meta-nav\">&rarr;<\/span><\/a><\/p>\n","protected":false},"author":3,"featured_media":0,"parent":8130,"menu_order":0,"comment_status":"closed","ping_status":"closed","template":"","meta":{"_acf_changed":false,"footnotes":""},"class_list":["post-8184","page","type-page","status-publish","hentry"],"acf":[],"yoast_head":"<!-- This site is optimized with the Yoast SEO plugin v27.2 - https:\/\/yoast.com\/product\/yoast-seo-wordpress\/ -->\n<title>Wega\u0144skie desery |<\/title>\n<meta name=\"robots\" content=\"index, follow, max-snippet:-1, max-image-preview:large, max-video-preview:-1\" \/>\n<link rel=\"canonical\" href=\"https:\/\/katech-solutions.com\/pl\/produkty-dla-wegan\/weganskie-desery\/\" \/>\n<meta property=\"og:locale\" content=\"pl_PL\" \/>\n<meta property=\"og:type\" content=\"article\" \/>\n<meta property=\"og:title\" content=\"Wega\u0144skie desery |\" \/>\n<meta property=\"og:description\" content=\"Chyba nic nie sprawia nam wi\u0119kszej przyjemno\u015bci ni\u017c zjedzenie pysznego deseru na koniec posi\u0142ku, w przerwie mi\u0119dzy posi\u0142kami lub gdy jeste\u015bmy w podr\u00f3\u017cy. Obecnie na rynku pojawia si\u0119 co raz wi\u0119cej deser\u00f3w dla wegan. Konsumenci oczekuj\u0105 od nich tej samej &hellip; Czytaj dalej &rarr;\" \/>\n<meta property=\"og:url\" content=\"https:\/\/katech-solutions.com\/pl\/produkty-dla-wegan\/weganskie-desery\/\" \/>\n<meta property=\"og:site_name\" content=\"KaTech\" \/>\n<meta property=\"article:modified_time\" content=\"2017-11-07T13:27:44+00:00\" \/>\n<meta name=\"twitter:label1\" content=\"Szacowany czas czytania\" \/>\n\t<meta name=\"twitter:data1\" content=\"1 minuta\" \/>\n<script type=\"application\/ld+json\" class=\"yoast-schema-graph\">{\"@context\":\"https:\/\/schema.org\",\"@graph\":[{\"@type\":\"WebPage\",\"@id\":\"https:\/\/katech-solutions.com\/pl\/produkty-dla-wegan\/weganskie-desery\/\",\"url\":\"https:\/\/katech-solutions.com\/pl\/produkty-dla-wegan\/weganskie-desery\/\",\"name\":\"Wega\u0144skie desery |\",\"isPartOf\":{\"@id\":\"https:\/\/katech-solutions.com\/#website\"},\"datePublished\":\"2017-07-26T10:26:44+00:00\",\"dateModified\":\"2017-11-07T13:27:44+00:00\",\"breadcrumb\":{\"@id\":\"https:\/\/katech-solutions.com\/pl\/produkty-dla-wegan\/weganskie-desery\/#breadcrumb\"},\"inLanguage\":\"pl-PL\",\"potentialAction\":[{\"@type\":\"ReadAction\",\"target\":[\"https:\/\/katech-solutions.com\/pl\/produkty-dla-wegan\/weganskie-desery\/\"]}]},{\"@type\":\"BreadcrumbList\",\"@id\":\"https:\/\/katech-solutions.com\/pl\/produkty-dla-wegan\/weganskie-desery\/#breadcrumb\",\"itemListElement\":[{\"@type\":\"ListItem\",\"position\":1,\"name\":\"Produkty dla wegan\",\"item\":\"https:\/\/katech-solutions.com\/pl\/produkty-dla-wegan\/\"},{\"@type\":\"ListItem\",\"position\":2,\"name\":\"Wega\u0144skie desery\"}]},{\"@type\":\"WebSite\",\"@id\":\"https:\/\/katech-solutions.com\/#website\",\"url\":\"https:\/\/katech-solutions.com\/\",\"name\":\"KaTech\",\"description\":\"\",\"potentialAction\":[{\"@type\":\"SearchAction\",\"target\":{\"@type\":\"EntryPoint\",\"urlTemplate\":\"https:\/\/katech-solutions.com\/?s={search_term_string}\"},\"query-input\":{\"@type\":\"PropertyValueSpecification\",\"valueRequired\":true,\"valueName\":\"search_term_string\"}}],\"inLanguage\":\"pl-PL\"}]}<\/script>\n<!-- \/ Yoast SEO plugin. -->","yoast_head_json":{"title":"Wega\u0144skie desery |","robots":{"index":"index","follow":"follow","max-snippet":"max-snippet:-1","max-image-preview":"max-image-preview:large","max-video-preview":"max-video-preview:-1"},"canonical":"https:\/\/katech-solutions.com\/pl\/produkty-dla-wegan\/weganskie-desery\/","og_locale":"pl_PL","og_type":"article","og_title":"Wega\u0144skie desery |","og_description":"Chyba nic nie sprawia nam wi\u0119kszej przyjemno\u015bci ni\u017c zjedzenie pysznego deseru na koniec posi\u0142ku, w przerwie mi\u0119dzy posi\u0142kami lub gdy jeste\u015bmy w podr\u00f3\u017cy. Obecnie na rynku pojawia si\u0119 co raz wi\u0119cej deser\u00f3w dla wegan. Konsumenci oczekuj\u0105 od nich tej samej &hellip; Czytaj dalej &rarr;","og_url":"https:\/\/katech-solutions.com\/pl\/produkty-dla-wegan\/weganskie-desery\/","og_site_name":"KaTech","article_modified_time":"2017-11-07T13:27:44+00:00","twitter_misc":{"Szacowany czas czytania":"1 minuta"},"schema":{"@context":"https:\/\/schema.org","@graph":[{"@type":"WebPage","@id":"https:\/\/katech-solutions.com\/pl\/produkty-dla-wegan\/weganskie-desery\/","url":"https:\/\/katech-solutions.com\/pl\/produkty-dla-wegan\/weganskie-desery\/","name":"Wega\u0144skie desery |","isPartOf":{"@id":"https:\/\/katech-solutions.com\/#website"},"datePublished":"2017-07-26T10:26:44+00:00","dateModified":"2017-11-07T13:27:44+00:00","breadcrumb":{"@id":"https:\/\/katech-solutions.com\/pl\/produkty-dla-wegan\/weganskie-desery\/#breadcrumb"},"inLanguage":"pl-PL","potentialAction":[{"@type":"ReadAction","target":["https:\/\/katech-solutions.com\/pl\/produkty-dla-wegan\/weganskie-desery\/"]}]},{"@type":"BreadcrumbList","@id":"https:\/\/katech-solutions.com\/pl\/produkty-dla-wegan\/weganskie-desery\/#breadcrumb","itemListElement":[{"@type":"ListItem","position":1,"name":"Produkty dla wegan","item":"https:\/\/katech-solutions.com\/pl\/produkty-dla-wegan\/"},{"@type":"ListItem","position":2,"name":"Wega\u0144skie desery"}]},{"@type":"WebSite","@id":"https:\/\/katech-solutions.com\/#website","url":"https:\/\/katech-solutions.com\/","name":"KaTech","description":"","potentialAction":[{"@type":"SearchAction","target":{"@type":"EntryPoint","urlTemplate":"https:\/\/katech-solutions.com\/?s={search_term_string}"},"query-input":{"@type":"PropertyValueSpecification","valueRequired":true,"valueName":"search_term_string"}}],"inLanguage":"pl-PL"}]}},"_links":{"self":[{"href":"https:\/\/katech-solutions.com\/pl\/wp-json\/wp\/v2\/pages\/8184","targetHints":{"allow":["GET"]}}],"collection":[{"href":"https:\/\/katech-solutions.com\/pl\/wp-json\/wp\/v2\/pages"}],"about":[{"href":"https:\/\/katech-solutions.com\/pl\/wp-json\/wp\/v2\/types\/page"}],"author":[{"embeddable":true,"href":"https:\/\/katech-solutions.com\/pl\/wp-json\/wp\/v2\/users\/3"}],"replies":[{"embeddable":true,"href":"https:\/\/katech-solutions.com\/pl\/wp-json\/wp\/v2\/comments?post=8184"}],"version-history":[{"count":24,"href":"https:\/\/katech-solutions.com\/pl\/wp-json\/wp\/v2\/pages\/8184\/revisions"}],"predecessor-version":[{"id":8604,"href":"https:\/\/katech-solutions.com\/pl\/wp-json\/wp\/v2\/pages\/8184\/revisions\/8604"}],"up":[{"embeddable":true,"href":"https:\/\/katech-solutions.com\/pl\/wp-json\/wp\/v2\/pages\/8130"}],"wp:attachment":[{"href":"https:\/\/katech-solutions.com\/pl\/wp-json\/wp\/v2\/media?parent=8184"}],"curies":[{"name":"wp","href":"https:\/\/api.w.org\/{rel}","templated":true}]}}