{"id":8172,"date":"2017-07-26T10:28:27","date_gmt":"2017-07-26T10:28:27","guid":{"rendered":"https:\/\/www.khpartner.com\/?page_id=8172\/"},"modified":"2017-08-31T11:03:20","modified_gmt":"2017-08-31T11:03:20","slug":"weganskie-jogurty","status":"publish","type":"page","link":"https:\/\/katech-solutions.com\/pl\/produkty-dla-wegan\/weganskie-jogurty\/","title":{"rendered":"Wega\u0144skie jogurty"},"content":{"rendered":"<p>Tradycyjny jogurt wytwarzany jest z mleka pochodzenia zwierz\u0119cego, kt\u00f3re zaszczepiane si\u0119 bakteriami fermentacji mlekowej. Uzyskany w ten spos\u00f3b produkt jest g\u0119sty i ma kremow\u0105 konsystencj\u0119. W jogurcie wega\u0144skim mleko pochodzenia zwierz\u0119cego zast\u0119puje si\u0119 alternatyw\u0105 na bazie ro\u015blinnej. Stosuj\u0105c odpowiednie mieszanki sk\u0142adnik\u00f3w funkcjonalnych dostosowane do&nbsp;procesu produkcyjnego jogurtu wega\u0144skiego, dla r\u00f3\u017cnych poziom\u00f3w zawarto\u015bci t\u0142uszczu uzyska\u0107 mo\u017cna struktur\u0119 znan\u0105 z&nbsp;tradycyjnego jogurtu. Firma KaTech opracowa\u0142a rozwi\u0105zania gwarantuj\u0105ce w\u0142a\u015bciw\u0105 konsystencj\u0119 dla fermentowanych lub ukwaszanych, \u015bwie\u017cych, czy te\u017c termizowanych jogurt\u00f3w dla wegan o r\u00f3\u017cnej zawarto\u015bci t\u0142uszczu i bia\u0142ka. Oferujemy producentom \u017cywno\u015bci szeroki wyb\u00f3r mo\u017cliwo\u015bci do wyboru i opracowujemy dla nich rozwi\u0105zania \u201eszyte na miar\u0119\u201d.<\/p>\n<p><strong><br \/>\n<\/strong><\/p>\n","protected":false},"excerpt":{"rendered":"<p>Tradycyjny jogurt wytwarzany jest z mleka pochodzenia zwierz\u0119cego, kt\u00f3re zaszczepiane si\u0119 bakteriami fermentacji mlekowej. Uzyskany w ten spos\u00f3b produkt jest g\u0119sty i ma kremow\u0105 konsystencj\u0119. W jogurcie wega\u0144skim mleko pochodzenia zwierz\u0119cego zast\u0119puje si\u0119 alternatyw\u0105 na bazie ro\u015blinnej. Stosuj\u0105c odpowiednie mieszanki &hellip; <a class=\"continue-reading\" href=\"https:\/\/katech-solutions.com\/pl\/produkty-dla-wegan\/weganskie-jogurty\/\">Czytaj dalej <span class=\"meta-nav\">&rarr;<\/span><\/a><\/p>\n","protected":false},"author":3,"featured_media":0,"parent":8130,"menu_order":0,"comment_status":"closed","ping_status":"closed","template":"","meta":{"_acf_changed":false,"footnotes":""},"class_list":["post-8172","page","type-page","status-publish","hentry"],"acf":[],"yoast_head":"<!-- This site is optimized with the Yoast SEO plugin v27.2 - https:\/\/yoast.com\/product\/yoast-seo-wordpress\/ -->\n<title>Wega\u0144skie jogurty |<\/title>\n<meta name=\"robots\" content=\"index, follow, max-snippet:-1, max-image-preview:large, max-video-preview:-1\" \/>\n<link rel=\"canonical\" href=\"https:\/\/katech-solutions.com\/pl\/produkty-dla-wegan\/weganskie-jogurty\/\" \/>\n<meta property=\"og:locale\" content=\"pl_PL\" \/>\n<meta property=\"og:type\" content=\"article\" \/>\n<meta property=\"og:title\" content=\"Wega\u0144skie jogurty |\" \/>\n<meta property=\"og:description\" content=\"Tradycyjny jogurt wytwarzany jest z mleka pochodzenia zwierz\u0119cego, kt\u00f3re zaszczepiane si\u0119 bakteriami fermentacji mlekowej. Uzyskany w ten spos\u00f3b produkt jest g\u0119sty i ma kremow\u0105 konsystencj\u0119. W jogurcie wega\u0144skim mleko pochodzenia zwierz\u0119cego zast\u0119puje si\u0119 alternatyw\u0105 na bazie ro\u015blinnej. Stosuj\u0105c odpowiednie mieszanki &hellip; Czytaj dalej &rarr;\" \/>\n<meta property=\"og:url\" content=\"https:\/\/katech-solutions.com\/pl\/produkty-dla-wegan\/weganskie-jogurty\/\" \/>\n<meta property=\"og:site_name\" content=\"KaTech\" \/>\n<meta property=\"article:modified_time\" content=\"2017-08-31T11:03:20+00:00\" \/>\n<meta name=\"twitter:label1\" content=\"Szacowany czas czytania\" \/>\n\t<meta name=\"twitter:data1\" content=\"1 minuta\" \/>\n<script type=\"application\/ld+json\" class=\"yoast-schema-graph\">{\"@context\":\"https:\/\/schema.org\",\"@graph\":[{\"@type\":\"WebPage\",\"@id\":\"https:\/\/katech-solutions.com\/pl\/produkty-dla-wegan\/weganskie-jogurty\/\",\"url\":\"https:\/\/katech-solutions.com\/pl\/produkty-dla-wegan\/weganskie-jogurty\/\",\"name\":\"Wega\u0144skie jogurty |\",\"isPartOf\":{\"@id\":\"https:\/\/katech-solutions.com\/#website\"},\"datePublished\":\"2017-07-26T10:28:27+00:00\",\"dateModified\":\"2017-08-31T11:03:20+00:00\",\"breadcrumb\":{\"@id\":\"https:\/\/katech-solutions.com\/pl\/produkty-dla-wegan\/weganskie-jogurty\/#breadcrumb\"},\"inLanguage\":\"pl-PL\",\"potentialAction\":[{\"@type\":\"ReadAction\",\"target\":[\"https:\/\/katech-solutions.com\/pl\/produkty-dla-wegan\/weganskie-jogurty\/\"]}]},{\"@type\":\"BreadcrumbList\",\"@id\":\"https:\/\/katech-solutions.com\/pl\/produkty-dla-wegan\/weganskie-jogurty\/#breadcrumb\",\"itemListElement\":[{\"@type\":\"ListItem\",\"position\":1,\"name\":\"Produkty dla wegan\",\"item\":\"https:\/\/katech-solutions.com\/pl\/produkty-dla-wegan\/\"},{\"@type\":\"ListItem\",\"position\":2,\"name\":\"Wega\u0144skie jogurty\"}]},{\"@type\":\"WebSite\",\"@id\":\"https:\/\/katech-solutions.com\/#website\",\"url\":\"https:\/\/katech-solutions.com\/\",\"name\":\"KaTech\",\"description\":\"\",\"potentialAction\":[{\"@type\":\"SearchAction\",\"target\":{\"@type\":\"EntryPoint\",\"urlTemplate\":\"https:\/\/katech-solutions.com\/?s={search_term_string}\"},\"query-input\":{\"@type\":\"PropertyValueSpecification\",\"valueRequired\":true,\"valueName\":\"search_term_string\"}}],\"inLanguage\":\"pl-PL\"}]}<\/script>\n<!-- \/ Yoast SEO plugin. -->","yoast_head_json":{"title":"Wega\u0144skie jogurty |","robots":{"index":"index","follow":"follow","max-snippet":"max-snippet:-1","max-image-preview":"max-image-preview:large","max-video-preview":"max-video-preview:-1"},"canonical":"https:\/\/katech-solutions.com\/pl\/produkty-dla-wegan\/weganskie-jogurty\/","og_locale":"pl_PL","og_type":"article","og_title":"Wega\u0144skie jogurty |","og_description":"Tradycyjny jogurt wytwarzany jest z mleka pochodzenia zwierz\u0119cego, kt\u00f3re zaszczepiane si\u0119 bakteriami fermentacji mlekowej. Uzyskany w ten spos\u00f3b produkt jest g\u0119sty i ma kremow\u0105 konsystencj\u0119. W jogurcie wega\u0144skim mleko pochodzenia zwierz\u0119cego zast\u0119puje si\u0119 alternatyw\u0105 na bazie ro\u015blinnej. Stosuj\u0105c odpowiednie mieszanki &hellip; Czytaj dalej &rarr;","og_url":"https:\/\/katech-solutions.com\/pl\/produkty-dla-wegan\/weganskie-jogurty\/","og_site_name":"KaTech","article_modified_time":"2017-08-31T11:03:20+00:00","twitter_misc":{"Szacowany czas czytania":"1 minuta"},"schema":{"@context":"https:\/\/schema.org","@graph":[{"@type":"WebPage","@id":"https:\/\/katech-solutions.com\/pl\/produkty-dla-wegan\/weganskie-jogurty\/","url":"https:\/\/katech-solutions.com\/pl\/produkty-dla-wegan\/weganskie-jogurty\/","name":"Wega\u0144skie jogurty |","isPartOf":{"@id":"https:\/\/katech-solutions.com\/#website"},"datePublished":"2017-07-26T10:28:27+00:00","dateModified":"2017-08-31T11:03:20+00:00","breadcrumb":{"@id":"https:\/\/katech-solutions.com\/pl\/produkty-dla-wegan\/weganskie-jogurty\/#breadcrumb"},"inLanguage":"pl-PL","potentialAction":[{"@type":"ReadAction","target":["https:\/\/katech-solutions.com\/pl\/produkty-dla-wegan\/weganskie-jogurty\/"]}]},{"@type":"BreadcrumbList","@id":"https:\/\/katech-solutions.com\/pl\/produkty-dla-wegan\/weganskie-jogurty\/#breadcrumb","itemListElement":[{"@type":"ListItem","position":1,"name":"Produkty dla wegan","item":"https:\/\/katech-solutions.com\/pl\/produkty-dla-wegan\/"},{"@type":"ListItem","position":2,"name":"Wega\u0144skie jogurty"}]},{"@type":"WebSite","@id":"https:\/\/katech-solutions.com\/#website","url":"https:\/\/katech-solutions.com\/","name":"KaTech","description":"","potentialAction":[{"@type":"SearchAction","target":{"@type":"EntryPoint","urlTemplate":"https:\/\/katech-solutions.com\/?s={search_term_string}"},"query-input":{"@type":"PropertyValueSpecification","valueRequired":true,"valueName":"search_term_string"}}],"inLanguage":"pl-PL"}]}},"_links":{"self":[{"href":"https:\/\/katech-solutions.com\/pl\/wp-json\/wp\/v2\/pages\/8172","targetHints":{"allow":["GET"]}}],"collection":[{"href":"https:\/\/katech-solutions.com\/pl\/wp-json\/wp\/v2\/pages"}],"about":[{"href":"https:\/\/katech-solutions.com\/pl\/wp-json\/wp\/v2\/types\/page"}],"author":[{"embeddable":true,"href":"https:\/\/katech-solutions.com\/pl\/wp-json\/wp\/v2\/users\/3"}],"replies":[{"embeddable":true,"href":"https:\/\/katech-solutions.com\/pl\/wp-json\/wp\/v2\/comments?post=8172"}],"version-history":[{"count":10,"href":"https:\/\/katech-solutions.com\/pl\/wp-json\/wp\/v2\/pages\/8172\/revisions"}],"predecessor-version":[{"id":8452,"href":"https:\/\/katech-solutions.com\/pl\/wp-json\/wp\/v2\/pages\/8172\/revisions\/8452"}],"up":[{"embeddable":true,"href":"https:\/\/katech-solutions.com\/pl\/wp-json\/wp\/v2\/pages\/8130"}],"wp:attachment":[{"href":"https:\/\/katech-solutions.com\/pl\/wp-json\/wp\/v2\/media?parent=8172"}],"curies":[{"name":"wp","href":"https:\/\/api.w.org\/{rel}","templated":true}]}}