{"id":8149,"date":"2017-08-01T12:17:49","date_gmt":"2017-08-01T12:17:49","guid":{"rendered":"https:\/\/www.khpartner.com\/?page_id=8149\/"},"modified":"2017-11-07T13:08:21","modified_gmt":"2017-11-07T13:08:21","slug":"weganskie-zamienniki-sera","status":"publish","type":"page","link":"https:\/\/katech-solutions.com\/pl\/produkty-dla-wegan\/weganskie-zamienniki-sera\/","title":{"rendered":"Wega\u0144skie zamienniki sera"},"content":{"rendered":"<p>Ser jest produktem powszechnie stosowanym w naszej kuchni. W\u00a0zwi\u0105zku z tym, i\u017c\u00a0tradycyjny ser wytwarzany jest z mleka, nie jest on odpowiedni dla wegan. Jest to jednak produkt o bardzo szerokim wachlarzu cech i w\u0142a\u015bciwo\u015bci, kt\u00f3re trudno jest uzyska\u0107 w oparciu wy\u0142\u0105cznie o sk\u0142adniki ro\u015blinne. W rozwoju tego typu produkt\u00f3w d\u0105\u017cy si\u0119 do wiernego odtworzenia tradycyjnego sera. Celem jest uzyskanie wega\u0144skiego zamiennika sera, kt\u00f3ry mo\u017cna zje\u015b\u0107 jako pyszn\u0105 przystawk\u0119, pokroi\u0107 w plastry, zetrze\u0107 na tarce lub zapiec w piekarniku (a po zapieczeniu b\u0119dzie on tak ci\u0105gliwy, jak np. zwyk\u0142y ser do pizzy).<\/p>\n<p>W zwi\u0105zku z tym, i\u017c wega\u0144skie zamienniki sera sk\u0142adaj\u0105 si\u0119 wy\u0142\u0105cznie z t\u0142uszczu, wody i suchych sk\u0142adnik\u00f3w kolejnym wyzwaniem podczas ich rozwoju jest uzyskanie w\u0142a\u015bciwego smaku.<\/p>\n<p>Firma KaTech opracowa\u0142a wega\u0144skie zamienniki sera, kt\u00f3re wiernie odwzorowuj\u0105 r\u00f3\u017cne cechy i w\u0142a\u015bciwo\u015bci oryginalnych produkt\u00f3w mleczarskich. Oferujemy Pa\u0144stwu gotowe rozwi\u0105zania dla wega\u0144skiego sera typu gouda, mozzarella, feta, czy te\u017c sera do pizzy.<\/p>\n<p>Wi\u0119cej informacji znajd\u0105 Pa\u0144stwo poni\u017cej.<\/p>\n","protected":false},"excerpt":{"rendered":"<p>Ser jest produktem powszechnie stosowanym w naszej kuchni. W\u00a0zwi\u0105zku z tym, i\u017c\u00a0tradycyjny ser wytwarzany jest z mleka, nie jest on odpowiedni dla wegan. Jest to jednak produkt o bardzo szerokim wachlarzu cech i w\u0142a\u015bciwo\u015bci, kt\u00f3re trudno jest uzyska\u0107 w oparciu &hellip; <a class=\"continue-reading\" href=\"https:\/\/katech-solutions.com\/pl\/produkty-dla-wegan\/weganskie-zamienniki-sera\/\">Czytaj dalej <span class=\"meta-nav\">&rarr;<\/span><\/a><\/p>\n","protected":false},"author":3,"featured_media":0,"parent":8130,"menu_order":0,"comment_status":"closed","ping_status":"closed","template":"","meta":{"_acf_changed":false,"footnotes":""},"class_list":["post-8149","page","type-page","status-publish","hentry"],"acf":[],"yoast_head":"<!-- This site is optimized with the Yoast SEO plugin v27.2 - https:\/\/yoast.com\/product\/yoast-seo-wordpress\/ -->\n<title>Wega\u0144skie zamienniki sera |<\/title>\n<meta name=\"robots\" content=\"index, follow, max-snippet:-1, max-image-preview:large, max-video-preview:-1\" \/>\n<link rel=\"canonical\" href=\"https:\/\/katech-solutions.com\/pl\/produkty-dla-wegan\/weganskie-zamienniki-sera\/\" \/>\n<meta property=\"og:locale\" content=\"pl_PL\" \/>\n<meta property=\"og:type\" content=\"article\" \/>\n<meta property=\"og:title\" content=\"Wega\u0144skie zamienniki sera |\" \/>\n<meta property=\"og:description\" content=\"Ser jest produktem powszechnie stosowanym w naszej kuchni. W\u00a0zwi\u0105zku z tym, i\u017c\u00a0tradycyjny ser wytwarzany jest z mleka, nie jest on odpowiedni dla wegan. Jest to jednak produkt o bardzo szerokim wachlarzu cech i w\u0142a\u015bciwo\u015bci, kt\u00f3re trudno jest uzyska\u0107 w oparciu &hellip; Czytaj dalej &rarr;\" \/>\n<meta property=\"og:url\" content=\"https:\/\/katech-solutions.com\/pl\/produkty-dla-wegan\/weganskie-zamienniki-sera\/\" \/>\n<meta property=\"og:site_name\" content=\"KaTech\" \/>\n<meta property=\"article:modified_time\" content=\"2017-11-07T13:08:21+00:00\" \/>\n<meta name=\"twitter:label1\" content=\"Szacowany czas czytania\" \/>\n\t<meta name=\"twitter:data1\" content=\"1 minuta\" \/>\n<script type=\"application\/ld+json\" class=\"yoast-schema-graph\">{\"@context\":\"https:\/\/schema.org\",\"@graph\":[{\"@type\":\"WebPage\",\"@id\":\"https:\/\/katech-solutions.com\/pl\/produkty-dla-wegan\/weganskie-zamienniki-sera\/\",\"url\":\"https:\/\/katech-solutions.com\/pl\/produkty-dla-wegan\/weganskie-zamienniki-sera\/\",\"name\":\"Wega\u0144skie zamienniki sera |\",\"isPartOf\":{\"@id\":\"https:\/\/katech-solutions.com\/#website\"},\"datePublished\":\"2017-08-01T12:17:49+00:00\",\"dateModified\":\"2017-11-07T13:08:21+00:00\",\"breadcrumb\":{\"@id\":\"https:\/\/katech-solutions.com\/pl\/produkty-dla-wegan\/weganskie-zamienniki-sera\/#breadcrumb\"},\"inLanguage\":\"pl-PL\",\"potentialAction\":[{\"@type\":\"ReadAction\",\"target\":[\"https:\/\/katech-solutions.com\/pl\/produkty-dla-wegan\/weganskie-zamienniki-sera\/\"]}]},{\"@type\":\"BreadcrumbList\",\"@id\":\"https:\/\/katech-solutions.com\/pl\/produkty-dla-wegan\/weganskie-zamienniki-sera\/#breadcrumb\",\"itemListElement\":[{\"@type\":\"ListItem\",\"position\":1,\"name\":\"Produkty dla wegan\",\"item\":\"https:\/\/katech-solutions.com\/pl\/produkty-dla-wegan\/\"},{\"@type\":\"ListItem\",\"position\":2,\"name\":\"Wega\u0144skie zamienniki sera\"}]},{\"@type\":\"WebSite\",\"@id\":\"https:\/\/katech-solutions.com\/#website\",\"url\":\"https:\/\/katech-solutions.com\/\",\"name\":\"KaTech\",\"description\":\"\",\"potentialAction\":[{\"@type\":\"SearchAction\",\"target\":{\"@type\":\"EntryPoint\",\"urlTemplate\":\"https:\/\/katech-solutions.com\/?s={search_term_string}\"},\"query-input\":{\"@type\":\"PropertyValueSpecification\",\"valueRequired\":true,\"valueName\":\"search_term_string\"}}],\"inLanguage\":\"pl-PL\"}]}<\/script>\n<!-- \/ Yoast SEO plugin. -->","yoast_head_json":{"title":"Wega\u0144skie zamienniki sera |","robots":{"index":"index","follow":"follow","max-snippet":"max-snippet:-1","max-image-preview":"max-image-preview:large","max-video-preview":"max-video-preview:-1"},"canonical":"https:\/\/katech-solutions.com\/pl\/produkty-dla-wegan\/weganskie-zamienniki-sera\/","og_locale":"pl_PL","og_type":"article","og_title":"Wega\u0144skie zamienniki sera |","og_description":"Ser jest produktem powszechnie stosowanym w naszej kuchni. W\u00a0zwi\u0105zku z tym, i\u017c\u00a0tradycyjny ser wytwarzany jest z mleka, nie jest on odpowiedni dla wegan. Jest to jednak produkt o bardzo szerokim wachlarzu cech i w\u0142a\u015bciwo\u015bci, kt\u00f3re trudno jest uzyska\u0107 w oparciu &hellip; Czytaj dalej &rarr;","og_url":"https:\/\/katech-solutions.com\/pl\/produkty-dla-wegan\/weganskie-zamienniki-sera\/","og_site_name":"KaTech","article_modified_time":"2017-11-07T13:08:21+00:00","twitter_misc":{"Szacowany czas czytania":"1 minuta"},"schema":{"@context":"https:\/\/schema.org","@graph":[{"@type":"WebPage","@id":"https:\/\/katech-solutions.com\/pl\/produkty-dla-wegan\/weganskie-zamienniki-sera\/","url":"https:\/\/katech-solutions.com\/pl\/produkty-dla-wegan\/weganskie-zamienniki-sera\/","name":"Wega\u0144skie zamienniki sera |","isPartOf":{"@id":"https:\/\/katech-solutions.com\/#website"},"datePublished":"2017-08-01T12:17:49+00:00","dateModified":"2017-11-07T13:08:21+00:00","breadcrumb":{"@id":"https:\/\/katech-solutions.com\/pl\/produkty-dla-wegan\/weganskie-zamienniki-sera\/#breadcrumb"},"inLanguage":"pl-PL","potentialAction":[{"@type":"ReadAction","target":["https:\/\/katech-solutions.com\/pl\/produkty-dla-wegan\/weganskie-zamienniki-sera\/"]}]},{"@type":"BreadcrumbList","@id":"https:\/\/katech-solutions.com\/pl\/produkty-dla-wegan\/weganskie-zamienniki-sera\/#breadcrumb","itemListElement":[{"@type":"ListItem","position":1,"name":"Produkty dla wegan","item":"https:\/\/katech-solutions.com\/pl\/produkty-dla-wegan\/"},{"@type":"ListItem","position":2,"name":"Wega\u0144skie zamienniki sera"}]},{"@type":"WebSite","@id":"https:\/\/katech-solutions.com\/#website","url":"https:\/\/katech-solutions.com\/","name":"KaTech","description":"","potentialAction":[{"@type":"SearchAction","target":{"@type":"EntryPoint","urlTemplate":"https:\/\/katech-solutions.com\/?s={search_term_string}"},"query-input":{"@type":"PropertyValueSpecification","valueRequired":true,"valueName":"search_term_string"}}],"inLanguage":"pl-PL"}]}},"_links":{"self":[{"href":"https:\/\/katech-solutions.com\/pl\/wp-json\/wp\/v2\/pages\/8149","targetHints":{"allow":["GET"]}}],"collection":[{"href":"https:\/\/katech-solutions.com\/pl\/wp-json\/wp\/v2\/pages"}],"about":[{"href":"https:\/\/katech-solutions.com\/pl\/wp-json\/wp\/v2\/types\/page"}],"author":[{"embeddable":true,"href":"https:\/\/katech-solutions.com\/pl\/wp-json\/wp\/v2\/users\/3"}],"replies":[{"embeddable":true,"href":"https:\/\/katech-solutions.com\/pl\/wp-json\/wp\/v2\/comments?post=8149"}],"version-history":[{"count":20,"href":"https:\/\/katech-solutions.com\/pl\/wp-json\/wp\/v2\/pages\/8149\/revisions"}],"predecessor-version":[{"id":8596,"href":"https:\/\/katech-solutions.com\/pl\/wp-json\/wp\/v2\/pages\/8149\/revisions\/8596"}],"up":[{"embeddable":true,"href":"https:\/\/katech-solutions.com\/pl\/wp-json\/wp\/v2\/pages\/8130"}],"wp:attachment":[{"href":"https:\/\/katech-solutions.com\/pl\/wp-json\/wp\/v2\/media?parent=8149"}],"curies":[{"name":"wp","href":"https:\/\/api.w.org\/{rel}","templated":true}]}}