{"id":8137,"date":"2017-07-13T11:39:18","date_gmt":"2017-07-13T11:39:18","guid":{"rendered":"https:\/\/www.khpartner.com\/?page_id=8137\/"},"modified":"2017-11-30T07:57:10","modified_gmt":"2017-11-30T07:57:10","slug":"weganskie-smietanki","status":"publish","type":"page","link":"https:\/\/katech-solutions.com\/pl\/produkty-dla-wegan\/weganskie-smietanki\/","title":{"rendered":"Wega\u0144skie \u015bmietanki"},"content":{"rendered":"<p style=\"text-align: justify;\">Tradycyjna \u015bmietanka to warstwa t\u0142uszczu, kt\u00f3ra zbiera si\u0119 na\u00a0powierzchni nieprzetworzonego mleka. Jest powszechnie u\u017cywana w kuchni na ca\u0142ym \u015bwiecie, poniewa\u017c mo\u017cna j\u0105 gotowa\u0107, ubija\u0107 lub spienia\u0107 albo u\u017cywa\u0107 do zabielania kawy.<\/p>\n<p style=\"text-align: justify;\">Od pewnego czasu na rynku obecne s\u0105 produkty alternatywne do\u00a0\u015bmietanki wytwarzanej z mleka (np. z dodatkiem t\u0142uszczu ro\u015blinnego zamiast mlecznego). Niemniej jednak, mog\u0105 one nadal zawiera\u0107 sk\u0142adniki nabia\u0142owe i w zwi\u0105zku z tym nie s\u0105 odpowiednie dla wegan.<\/p>\n<p style=\"text-align: justify;\">Firma KaTech opracowa\u0142a kilka wega\u0144skich alternatyw \u015bmietanki o\u00a0w\u0142a\u015bciwo\u015bciach por\u00f3wnywalnych z produktami mleczarskimi. W\u00a0zale\u017cno\u015bci od po\u017c\u0105danej charakterystyki produktu ko\u0144cowego, \u015bmietanka wega\u0144ska mo\u017ce, na przyk\u0142ad, by\u0107: \u201etermostabilna\u201d w\u00a0gotowanej zupie; nadawa\u0107 si\u0119 do ubijania w wyrobach cukierniczych; lub s\u0142u\u017cy\u0107 jako zabielacz do kawy, kt\u00f3ry si\u0119 nie warzy. W zwi\u0105zku z\u00a0tym, i\u017c stawiamy na zr\u00f3wnowa\u017cony rozw\u00f3j, gdy tylko to mo\u017cliwe, tworz\u0105c nasze receptury unikamy oleju palmowego.<\/p>\n<p style=\"text-align: justify;\">Zapraszamy do zapoznania si\u0119 z poni\u017cszymi informacjami.<\/p>\n<p>&nbsp;<\/p>\n","protected":false},"excerpt":{"rendered":"<p>Tradycyjna \u015bmietanka to warstwa t\u0142uszczu, kt\u00f3ra zbiera si\u0119 na\u00a0powierzchni nieprzetworzonego mleka. Jest powszechnie u\u017cywana w kuchni na ca\u0142ym \u015bwiecie, poniewa\u017c mo\u017cna j\u0105 gotowa\u0107, ubija\u0107 lub spienia\u0107 albo u\u017cywa\u0107 do zabielania kawy. Od pewnego czasu na rynku obecne s\u0105 produkty alternatywne &hellip; <a class=\"continue-reading\" href=\"https:\/\/katech-solutions.com\/pl\/produkty-dla-wegan\/weganskie-smietanki\/\">Czytaj dalej <span class=\"meta-nav\">&rarr;<\/span><\/a><\/p>\n","protected":false},"author":3,"featured_media":0,"parent":8130,"menu_order":0,"comment_status":"closed","ping_status":"closed","template":"","meta":{"_acf_changed":false,"footnotes":""},"class_list":["post-8137","page","type-page","status-publish","hentry"],"acf":[],"yoast_head":"<!-- This site is optimized with the Yoast SEO plugin v27.2 - https:\/\/yoast.com\/product\/yoast-seo-wordpress\/ -->\n<title>Wega\u0144skie \u015bmietanki |<\/title>\n<meta name=\"robots\" content=\"index, follow, max-snippet:-1, max-image-preview:large, max-video-preview:-1\" \/>\n<link rel=\"canonical\" href=\"https:\/\/katech-solutions.com\/pl\/produkty-dla-wegan\/weganskie-smietanki\/\" \/>\n<meta property=\"og:locale\" content=\"pl_PL\" \/>\n<meta property=\"og:type\" content=\"article\" \/>\n<meta property=\"og:title\" content=\"Wega\u0144skie \u015bmietanki |\" \/>\n<meta property=\"og:description\" content=\"Tradycyjna \u015bmietanka to warstwa t\u0142uszczu, kt\u00f3ra zbiera si\u0119 na\u00a0powierzchni nieprzetworzonego mleka. Jest powszechnie u\u017cywana w kuchni na ca\u0142ym \u015bwiecie, poniewa\u017c mo\u017cna j\u0105 gotowa\u0107, ubija\u0107 lub spienia\u0107 albo u\u017cywa\u0107 do zabielania kawy. Od pewnego czasu na rynku obecne s\u0105 produkty alternatywne &hellip; Czytaj dalej &rarr;\" \/>\n<meta property=\"og:url\" content=\"https:\/\/katech-solutions.com\/pl\/produkty-dla-wegan\/weganskie-smietanki\/\" \/>\n<meta property=\"og:site_name\" content=\"KaTech\" \/>\n<meta property=\"article:modified_time\" content=\"2017-11-30T07:57:10+00:00\" \/>\n<meta name=\"twitter:label1\" content=\"Szacowany czas czytania\" \/>\n\t<meta name=\"twitter:data1\" content=\"1 minuta\" \/>\n<script type=\"application\/ld+json\" class=\"yoast-schema-graph\">{\"@context\":\"https:\/\/schema.org\",\"@graph\":[{\"@type\":\"WebPage\",\"@id\":\"https:\/\/katech-solutions.com\/pl\/produkty-dla-wegan\/weganskie-smietanki\/\",\"url\":\"https:\/\/katech-solutions.com\/pl\/produkty-dla-wegan\/weganskie-smietanki\/\",\"name\":\"Wega\u0144skie \u015bmietanki |\",\"isPartOf\":{\"@id\":\"https:\/\/katech-solutions.com\/#website\"},\"datePublished\":\"2017-07-13T11:39:18+00:00\",\"dateModified\":\"2017-11-30T07:57:10+00:00\",\"breadcrumb\":{\"@id\":\"https:\/\/katech-solutions.com\/pl\/produkty-dla-wegan\/weganskie-smietanki\/#breadcrumb\"},\"inLanguage\":\"pl-PL\",\"potentialAction\":[{\"@type\":\"ReadAction\",\"target\":[\"https:\/\/katech-solutions.com\/pl\/produkty-dla-wegan\/weganskie-smietanki\/\"]}]},{\"@type\":\"BreadcrumbList\",\"@id\":\"https:\/\/katech-solutions.com\/pl\/produkty-dla-wegan\/weganskie-smietanki\/#breadcrumb\",\"itemListElement\":[{\"@type\":\"ListItem\",\"position\":1,\"name\":\"Produkty dla wegan\",\"item\":\"https:\/\/katech-solutions.com\/pl\/produkty-dla-wegan\/\"},{\"@type\":\"ListItem\",\"position\":2,\"name\":\"Wega\u0144skie \u015bmietanki\"}]},{\"@type\":\"WebSite\",\"@id\":\"https:\/\/katech-solutions.com\/#website\",\"url\":\"https:\/\/katech-solutions.com\/\",\"name\":\"KaTech\",\"description\":\"\",\"potentialAction\":[{\"@type\":\"SearchAction\",\"target\":{\"@type\":\"EntryPoint\",\"urlTemplate\":\"https:\/\/katech-solutions.com\/?s={search_term_string}\"},\"query-input\":{\"@type\":\"PropertyValueSpecification\",\"valueRequired\":true,\"valueName\":\"search_term_string\"}}],\"inLanguage\":\"pl-PL\"}]}<\/script>\n<!-- \/ Yoast SEO plugin. -->","yoast_head_json":{"title":"Wega\u0144skie \u015bmietanki |","robots":{"index":"index","follow":"follow","max-snippet":"max-snippet:-1","max-image-preview":"max-image-preview:large","max-video-preview":"max-video-preview:-1"},"canonical":"https:\/\/katech-solutions.com\/pl\/produkty-dla-wegan\/weganskie-smietanki\/","og_locale":"pl_PL","og_type":"article","og_title":"Wega\u0144skie \u015bmietanki |","og_description":"Tradycyjna \u015bmietanka to warstwa t\u0142uszczu, kt\u00f3ra zbiera si\u0119 na\u00a0powierzchni nieprzetworzonego mleka. Jest powszechnie u\u017cywana w kuchni na ca\u0142ym \u015bwiecie, poniewa\u017c mo\u017cna j\u0105 gotowa\u0107, ubija\u0107 lub spienia\u0107 albo u\u017cywa\u0107 do zabielania kawy. Od pewnego czasu na rynku obecne s\u0105 produkty alternatywne &hellip; Czytaj dalej &rarr;","og_url":"https:\/\/katech-solutions.com\/pl\/produkty-dla-wegan\/weganskie-smietanki\/","og_site_name":"KaTech","article_modified_time":"2017-11-30T07:57:10+00:00","twitter_misc":{"Szacowany czas czytania":"1 minuta"},"schema":{"@context":"https:\/\/schema.org","@graph":[{"@type":"WebPage","@id":"https:\/\/katech-solutions.com\/pl\/produkty-dla-wegan\/weganskie-smietanki\/","url":"https:\/\/katech-solutions.com\/pl\/produkty-dla-wegan\/weganskie-smietanki\/","name":"Wega\u0144skie \u015bmietanki |","isPartOf":{"@id":"https:\/\/katech-solutions.com\/#website"},"datePublished":"2017-07-13T11:39:18+00:00","dateModified":"2017-11-30T07:57:10+00:00","breadcrumb":{"@id":"https:\/\/katech-solutions.com\/pl\/produkty-dla-wegan\/weganskie-smietanki\/#breadcrumb"},"inLanguage":"pl-PL","potentialAction":[{"@type":"ReadAction","target":["https:\/\/katech-solutions.com\/pl\/produkty-dla-wegan\/weganskie-smietanki\/"]}]},{"@type":"BreadcrumbList","@id":"https:\/\/katech-solutions.com\/pl\/produkty-dla-wegan\/weganskie-smietanki\/#breadcrumb","itemListElement":[{"@type":"ListItem","position":1,"name":"Produkty dla wegan","item":"https:\/\/katech-solutions.com\/pl\/produkty-dla-wegan\/"},{"@type":"ListItem","position":2,"name":"Wega\u0144skie \u015bmietanki"}]},{"@type":"WebSite","@id":"https:\/\/katech-solutions.com\/#website","url":"https:\/\/katech-solutions.com\/","name":"KaTech","description":"","potentialAction":[{"@type":"SearchAction","target":{"@type":"EntryPoint","urlTemplate":"https:\/\/katech-solutions.com\/?s={search_term_string}"},"query-input":{"@type":"PropertyValueSpecification","valueRequired":true,"valueName":"search_term_string"}}],"inLanguage":"pl-PL"}]}},"_links":{"self":[{"href":"https:\/\/katech-solutions.com\/pl\/wp-json\/wp\/v2\/pages\/8137","targetHints":{"allow":["GET"]}}],"collection":[{"href":"https:\/\/katech-solutions.com\/pl\/wp-json\/wp\/v2\/pages"}],"about":[{"href":"https:\/\/katech-solutions.com\/pl\/wp-json\/wp\/v2\/types\/page"}],"author":[{"embeddable":true,"href":"https:\/\/katech-solutions.com\/pl\/wp-json\/wp\/v2\/users\/3"}],"replies":[{"embeddable":true,"href":"https:\/\/katech-solutions.com\/pl\/wp-json\/wp\/v2\/comments?post=8137"}],"version-history":[{"count":14,"href":"https:\/\/katech-solutions.com\/pl\/wp-json\/wp\/v2\/pages\/8137\/revisions"}],"predecessor-version":[{"id":8828,"href":"https:\/\/katech-solutions.com\/pl\/wp-json\/wp\/v2\/pages\/8137\/revisions\/8828"}],"up":[{"embeddable":true,"href":"https:\/\/katech-solutions.com\/pl\/wp-json\/wp\/v2\/pages\/8130"}],"wp:attachment":[{"href":"https:\/\/katech-solutions.com\/pl\/wp-json\/wp\/v2\/media?parent=8137"}],"curies":[{"name":"wp","href":"https:\/\/api.w.org\/{rel}","templated":true}]}}