{"id":8130,"date":"2017-03-30T12:54:38","date_gmt":"2017-03-30T12:54:38","guid":{"rendered":"https:\/\/www.khpartner.com\/?page_id=8130\/"},"modified":"2017-08-01T12:15:48","modified_gmt":"2017-08-01T12:15:48","slug":"produkty-dla-wegan","status":"publish","type":"page","link":"https:\/\/katech-solutions.com\/pl\/produkty-dla-wegan\/","title":{"rendered":"Produkty dla wegan"},"content":{"rendered":"<h2>Produkty dla wegan<\/h2>\n<p>Rynek produkt\u00f3w dla wegan prze\u017cywa w ostatnich latach bardzo znacz\u0105cy wzrost. Konsumenci wybieraj\u0105 produkty tego typu nie tylko ze wzgl\u0119du na dobro zwierz\u0105t, ale tak\u017ce z powod\u00f3w zdrowotnych. Co raz wi\u0119cej ludzi decyduje si\u0119 ca\u0142kowicie lub\u00a0cz\u0119\u015bciowo przej\u015b\u0107 na diet\u0119 wega\u0144sk\u0105 albo zast\u0119puje pewne produkty niewega\u0144skie ich wega\u0144skimi alternatywami.<\/p>\n<p>Bran\u017ca spo\u017cywcza odpowiada na ten trend oferuj\u0105c bardzo atrakcyjne produkty oparte wy\u0142\u0105cznie o sk\u0142adniki ro\u015blinne, kt\u00f3re zapewni\u0107 maj\u0105 konsumentom te same doznania smakowe, co\u00a0odpowiadaj\u0105ce im produkty niewega\u0144skie.<\/p>\n<p>Jako \u017ce w obecnych czasach konsumenci s\u0105 w bardziej wymagaj\u0105cy i nie uznaj\u0105 \u017cadnych kompromis\u00f3w w kwestii smaku i wygl\u0105du produkt\u00f3w (np. ich tekstury), firmy z bran\u017cy spo\u017cywczej musz\u0105 oferowa\u0107 produkty spe\u0142niaj\u0105ce bardzo wysokie oczekiwania. Nierzadko pojawiaj\u0105 si\u0119 r\u00f3\u017cne dodatkowe wymagania, jak na przyk\u0142ad, podwy\u017cszona zawarto\u015b\u0107 bia\u0142ka czy brak substancji alergennych.<\/p>\n<p>Firma KaTech pomo\u017ce poprawi\u0107 jako\u015b\u0107 Pa\u0144stwa obecnych produkt\u00f3w i podsunie pomys\u0142y na nowe.<\/p>\n<p>Od d\u0142u\u017cszego czasu pod\u0105\u017cali\u015bmy za trendem produkt\u00f3w dla wegan, dzi\u0119ki czemu rozwin\u0119li\u015bmy szerok\u0105 gam\u0119 sprawdzonych technologii dla produkt\u00f3w wega\u0144skich, w kt\u00f3rych u\u017cywamy najbardziej nowatorskich w bran\u017cy surowc\u00f3w pochodzenia ro\u015blinnego.<\/p>\n<p>Pomagamy wprowadzi\u0107 na rynek doskona\u0142e wega\u0144skie alternatywy dla tradycyjnych produkt\u00f3w, uwzgl\u0119dniaj\u0105c przy tym preferencje naszych Klient\u00f3w dotycz\u0105ce surowc\u00f3w, czy parametr\u00f3w procesu produkcyjnego.<\/p>\n<p>Je\u015bli poszukuj\u0105 Pa\u0144stwo sposobu na ulepszenie obecnych produkt\u00f3w lub planuj\u0105 wprowadzi\u0107 na rynek nowe produkty dla wegan, zapraszamy do kontaktu.<\/p>\n<p>&nbsp;<\/p>\n","protected":false},"excerpt":{"rendered":"<p>Produkty dla wegan Rynek produkt\u00f3w dla wegan prze\u017cywa w ostatnich latach bardzo znacz\u0105cy wzrost. Konsumenci wybieraj\u0105 produkty tego typu nie tylko ze wzgl\u0119du na dobro zwierz\u0105t, ale tak\u017ce z powod\u00f3w zdrowotnych. Co raz wi\u0119cej ludzi decyduje si\u0119 ca\u0142kowicie lub\u00a0cz\u0119\u015bciowo przej\u015b\u0107 &hellip; <a class=\"continue-reading\" href=\"https:\/\/katech-solutions.com\/pl\/produkty-dla-wegan\/\">Czytaj dalej <span class=\"meta-nav\">&rarr;<\/span><\/a><\/p>\n","protected":false},"author":3,"featured_media":0,"parent":0,"menu_order":0,"comment_status":"closed","ping_status":"closed","template":"layout-content-3.php","meta":{"_acf_changed":false,"footnotes":""},"class_list":["post-8130","page","type-page","status-publish","hentry"],"acf":[],"yoast_head":"<!-- This site is optimized with the Yoast SEO plugin v27.2 - https:\/\/yoast.com\/product\/yoast-seo-wordpress\/ -->\n<title>Produkty dla wegan |<\/title>\n<meta name=\"robots\" content=\"index, follow, max-snippet:-1, max-image-preview:large, max-video-preview:-1\" \/>\n<link rel=\"canonical\" href=\"https:\/\/katech-solutions.com\/pl\/produkty-dla-wegan\/\" \/>\n<meta property=\"og:locale\" content=\"pl_PL\" \/>\n<meta property=\"og:type\" content=\"article\" \/>\n<meta property=\"og:title\" content=\"Produkty dla wegan |\" \/>\n<meta property=\"og:description\" content=\"Produkty dla wegan Rynek produkt\u00f3w dla wegan prze\u017cywa w ostatnich latach bardzo znacz\u0105cy wzrost. Konsumenci wybieraj\u0105 produkty tego typu nie tylko ze wzgl\u0119du na dobro zwierz\u0105t, ale tak\u017ce z powod\u00f3w zdrowotnych. Co raz wi\u0119cej ludzi decyduje si\u0119 ca\u0142kowicie lub\u00a0cz\u0119\u015bciowo przej\u015b\u0107 &hellip; Czytaj dalej &rarr;\" \/>\n<meta property=\"og:url\" content=\"https:\/\/katech-solutions.com\/pl\/produkty-dla-wegan\/\" \/>\n<meta property=\"og:site_name\" content=\"KaTech\" \/>\n<meta property=\"article:modified_time\" content=\"2017-08-01T12:15:48+00:00\" \/>\n<meta name=\"twitter:label1\" content=\"Szacowany czas czytania\" \/>\n\t<meta name=\"twitter:data1\" content=\"1 minuta\" \/>\n<script type=\"application\/ld+json\" class=\"yoast-schema-graph\">{\"@context\":\"https:\/\/schema.org\",\"@graph\":[{\"@type\":\"WebPage\",\"@id\":\"https:\/\/katech-solutions.com\/pl\/produkty-dla-wegan\/\",\"url\":\"https:\/\/katech-solutions.com\/pl\/produkty-dla-wegan\/\",\"name\":\"Produkty dla wegan |\",\"isPartOf\":{\"@id\":\"https:\/\/katech-solutions.com\/#website\"},\"datePublished\":\"2017-03-30T12:54:38+00:00\",\"dateModified\":\"2017-08-01T12:15:48+00:00\",\"inLanguage\":\"pl-PL\",\"potentialAction\":[{\"@type\":\"ReadAction\",\"target\":[\"https:\/\/katech-solutions.com\/pl\/produkty-dla-wegan\/\"]}]},{\"@type\":\"WebSite\",\"@id\":\"https:\/\/katech-solutions.com\/#website\",\"url\":\"https:\/\/katech-solutions.com\/\",\"name\":\"KaTech\",\"description\":\"\",\"potentialAction\":[{\"@type\":\"SearchAction\",\"target\":{\"@type\":\"EntryPoint\",\"urlTemplate\":\"https:\/\/katech-solutions.com\/?s={search_term_string}\"},\"query-input\":{\"@type\":\"PropertyValueSpecification\",\"valueRequired\":true,\"valueName\":\"search_term_string\"}}],\"inLanguage\":\"pl-PL\"}]}<\/script>\n<!-- \/ Yoast SEO plugin. -->","yoast_head_json":{"title":"Produkty dla wegan |","robots":{"index":"index","follow":"follow","max-snippet":"max-snippet:-1","max-image-preview":"max-image-preview:large","max-video-preview":"max-video-preview:-1"},"canonical":"https:\/\/katech-solutions.com\/pl\/produkty-dla-wegan\/","og_locale":"pl_PL","og_type":"article","og_title":"Produkty dla wegan |","og_description":"Produkty dla wegan Rynek produkt\u00f3w dla wegan prze\u017cywa w ostatnich latach bardzo znacz\u0105cy wzrost. Konsumenci wybieraj\u0105 produkty tego typu nie tylko ze wzgl\u0119du na dobro zwierz\u0105t, ale tak\u017ce z powod\u00f3w zdrowotnych. Co raz wi\u0119cej ludzi decyduje si\u0119 ca\u0142kowicie lub\u00a0cz\u0119\u015bciowo przej\u015b\u0107 &hellip; Czytaj dalej &rarr;","og_url":"https:\/\/katech-solutions.com\/pl\/produkty-dla-wegan\/","og_site_name":"KaTech","article_modified_time":"2017-08-01T12:15:48+00:00","twitter_misc":{"Szacowany czas czytania":"1 minuta"},"schema":{"@context":"https:\/\/schema.org","@graph":[{"@type":"WebPage","@id":"https:\/\/katech-solutions.com\/pl\/produkty-dla-wegan\/","url":"https:\/\/katech-solutions.com\/pl\/produkty-dla-wegan\/","name":"Produkty dla wegan |","isPartOf":{"@id":"https:\/\/katech-solutions.com\/#website"},"datePublished":"2017-03-30T12:54:38+00:00","dateModified":"2017-08-01T12:15:48+00:00","inLanguage":"pl-PL","potentialAction":[{"@type":"ReadAction","target":["https:\/\/katech-solutions.com\/pl\/produkty-dla-wegan\/"]}]},{"@type":"WebSite","@id":"https:\/\/katech-solutions.com\/#website","url":"https:\/\/katech-solutions.com\/","name":"KaTech","description":"","potentialAction":[{"@type":"SearchAction","target":{"@type":"EntryPoint","urlTemplate":"https:\/\/katech-solutions.com\/?s={search_term_string}"},"query-input":{"@type":"PropertyValueSpecification","valueRequired":true,"valueName":"search_term_string"}}],"inLanguage":"pl-PL"}]}},"_links":{"self":[{"href":"https:\/\/katech-solutions.com\/pl\/wp-json\/wp\/v2\/pages\/8130","targetHints":{"allow":["GET"]}}],"collection":[{"href":"https:\/\/katech-solutions.com\/pl\/wp-json\/wp\/v2\/pages"}],"about":[{"href":"https:\/\/katech-solutions.com\/pl\/wp-json\/wp\/v2\/types\/page"}],"author":[{"embeddable":true,"href":"https:\/\/katech-solutions.com\/pl\/wp-json\/wp\/v2\/users\/3"}],"replies":[{"embeddable":true,"href":"https:\/\/katech-solutions.com\/pl\/wp-json\/wp\/v2\/comments?post=8130"}],"version-history":[{"count":6,"href":"https:\/\/katech-solutions.com\/pl\/wp-json\/wp\/v2\/pages\/8130\/revisions"}],"predecessor-version":[{"id":8277,"href":"https:\/\/katech-solutions.com\/pl\/wp-json\/wp\/v2\/pages\/8130\/revisions\/8277"}],"wp:attachment":[{"href":"https:\/\/katech-solutions.com\/pl\/wp-json\/wp\/v2\/media?parent=8130"}],"curies":[{"name":"wp","href":"https:\/\/api.w.org\/{rel}","templated":true}]}}