{"id":7539,"date":"2016-08-05T08:15:58","date_gmt":"2016-08-05T08:15:58","guid":{"rendered":"https:\/\/www.khpartner.com\/pl\/?page_id=7539"},"modified":"2021-12-16T13:31:25","modified_gmt":"2021-12-16T13:31:25","slug":"katech-polska","status":"publish","type":"page","link":"https:\/\/katech-solutions.com\/pl\/jak-nas-znalezc\/katech-polska\/","title":{"rendered":"KaTech Polska"},"content":{"rendered":"<h1 id=\"content-head\" class=\"h1-468\">KaTech Polska<br \/>\nBiuro sprzeda\u017cy<\/h1>\n<div class=\"contact\">\n<table style=\"height: 230px;\" width=\"600\">\n<tbody>\n<tr valign=\"top\">\n<td>\n<h3>KaTech Polska<br \/>\nBiuro sprzeda\u017cy<\/h3>\n<p><strong>KaTech Ingredient Solutions Sp. z o.o.<br \/>\n<\/strong>ul. Powsta\u0144c\u00f3w Wlkp. 49<br \/>\n62-060 St\u0119szew<\/p>\n<p><strong><span style=\"color: #ff0000;\">UWAGA! NOWY NUMER TELEFONU I FAXU<\/span><\/strong><\/p>\n<p>Tel.: +48 61 670 70 01<br \/>\nFax: +48 61 670 70 01<br \/>\nEmail: <a href=\"mailto:kontakt@khpartner.com\">kontakt@khpartner.com<\/a><\/td>\n<td><\/td>\n<td><\/td>\n<\/tr>\n<\/tbody>\n<\/table>\n<p class=\"col1\"><iframe loading=\"lazy\" style=\"border: 0;\" src=\"https:\/\/www.google.com\/maps\/embed?pb=!1m18!1m12!1m3!1d2440.667427752983!2d16.69287031579871!3d52.28573947977051!2m3!1f0!2f0!3f0!3m2!1i1024!2i768!4f13.1!3m3!1m2!1s0x47044b79b862714b%3A0x5d1267fd2285f1fb!2sKaTech+Ingredient+Solutions+Sp.+z+o.o.!5e0!3m2!1sen!2spl!4v1537168044768\" width=\"880\" height=\"400\" frameborder=\"0\" allowfullscreen=\"allowfullscreen\"><\/iframe><\/p>\n<\/div>\n","protected":false},"excerpt":{"rendered":"<p>KaTech Polska Biuro sprzeda\u017cy KaTech Polska Biuro sprzeda\u017cy KaTech Ingredient Solutions Sp. z o.o. ul. Powsta\u0144c\u00f3w Wlkp. 49 62-060 St\u0119szew UWAGA! NOWY NUMER TELEFONU I FAXU Tel.: +48 61 670 70 01 Fax: +48 61 670 70 01 Email: kontakt@khpartner.com<\/p>\n","protected":false},"author":28,"featured_media":0,"parent":7365,"menu_order":0,"comment_status":"closed","ping_status":"closed","template":"onecolumn-page.php","meta":{"_acf_changed":false,"footnotes":""},"class_list":["post-7539","page","type-page","status-publish","hentry"],"acf":[],"yoast_head":"<!-- This site is optimized with the Yoast SEO plugin v27.2 - https:\/\/yoast.com\/product\/yoast-seo-wordpress\/ -->\n<title>KaTech Polska |<\/title>\n<meta name=\"robots\" content=\"index, follow, max-snippet:-1, max-image-preview:large, max-video-preview:-1\" \/>\n<link rel=\"canonical\" href=\"https:\/\/katech-solutions.com\/pl\/jak-nas-znalezc\/katech-polska\/\" \/>\n<meta property=\"og:locale\" content=\"pl_PL\" \/>\n<meta property=\"og:type\" content=\"article\" \/>\n<meta property=\"og:title\" content=\"KaTech Polska |\" \/>\n<meta property=\"og:description\" content=\"KaTech Polska Biuro sprzeda\u017cy KaTech Polska Biuro sprzeda\u017cy KaTech Ingredient Solutions Sp. z o.o. ul. Powsta\u0144c\u00f3w Wlkp. 49 62-060 St\u0119szew UWAGA! NOWY NUMER TELEFONU I FAXU Tel.: +48 61 670 70 01 Fax: +48 61 670 70 01 Email: kontakt@khpartner.com\" \/>\n<meta property=\"og:url\" content=\"https:\/\/katech-solutions.com\/pl\/jak-nas-znalezc\/katech-polska\/\" \/>\n<meta property=\"og:site_name\" content=\"KaTech\" \/>\n<meta property=\"article:modified_time\" content=\"2021-12-16T13:31:25+00:00\" \/>\n<script type=\"application\/ld+json\" class=\"yoast-schema-graph\">{\"@context\":\"https:\/\/schema.org\",\"@graph\":[{\"@type\":\"WebPage\",\"@id\":\"https:\/\/katech-solutions.com\/pl\/jak-nas-znalezc\/katech-polska\/\",\"url\":\"https:\/\/katech-solutions.com\/pl\/jak-nas-znalezc\/katech-polska\/\",\"name\":\"KaTech Polska |\",\"isPartOf\":{\"@id\":\"https:\/\/katech-solutions.com\/#website\"},\"datePublished\":\"2016-08-05T08:15:58+00:00\",\"dateModified\":\"2021-12-16T13:31:25+00:00\",\"breadcrumb\":{\"@id\":\"https:\/\/katech-solutions.com\/pl\/jak-nas-znalezc\/katech-polska\/#breadcrumb\"},\"inLanguage\":\"pl-PL\",\"potentialAction\":[{\"@type\":\"ReadAction\",\"target\":[\"https:\/\/katech-solutions.com\/pl\/jak-nas-znalezc\/katech-polska\/\"]}]},{\"@type\":\"BreadcrumbList\",\"@id\":\"https:\/\/katech-solutions.com\/pl\/jak-nas-znalezc\/katech-polska\/#breadcrumb\",\"itemListElement\":[{\"@type\":\"ListItem\",\"position\":1,\"name\":\"Jak nas znale\u017a\u0107\",\"item\":\"https:\/\/katech-solutions.com\/pl\/jak-nas-znalezc\/\"},{\"@type\":\"ListItem\",\"position\":2,\"name\":\"KaTech Polska\"}]},{\"@type\":\"WebSite\",\"@id\":\"https:\/\/katech-solutions.com\/#website\",\"url\":\"https:\/\/katech-solutions.com\/\",\"name\":\"KaTech\",\"description\":\"\",\"potentialAction\":[{\"@type\":\"SearchAction\",\"target\":{\"@type\":\"EntryPoint\",\"urlTemplate\":\"https:\/\/katech-solutions.com\/?s={search_term_string}\"},\"query-input\":{\"@type\":\"PropertyValueSpecification\",\"valueRequired\":true,\"valueName\":\"search_term_string\"}}],\"inLanguage\":\"pl-PL\"}]}<\/script>\n<!-- \/ Yoast SEO plugin. -->","yoast_head_json":{"title":"KaTech Polska |","robots":{"index":"index","follow":"follow","max-snippet":"max-snippet:-1","max-image-preview":"max-image-preview:large","max-video-preview":"max-video-preview:-1"},"canonical":"https:\/\/katech-solutions.com\/pl\/jak-nas-znalezc\/katech-polska\/","og_locale":"pl_PL","og_type":"article","og_title":"KaTech Polska |","og_description":"KaTech Polska Biuro sprzeda\u017cy KaTech Polska Biuro sprzeda\u017cy KaTech Ingredient Solutions Sp. z o.o. ul. Powsta\u0144c\u00f3w Wlkp. 49 62-060 St\u0119szew UWAGA! NOWY NUMER TELEFONU I FAXU Tel.: +48 61 670 70 01 Fax: +48 61 670 70 01 Email: kontakt@khpartner.com","og_url":"https:\/\/katech-solutions.com\/pl\/jak-nas-znalezc\/katech-polska\/","og_site_name":"KaTech","article_modified_time":"2021-12-16T13:31:25+00:00","schema":{"@context":"https:\/\/schema.org","@graph":[{"@type":"WebPage","@id":"https:\/\/katech-solutions.com\/pl\/jak-nas-znalezc\/katech-polska\/","url":"https:\/\/katech-solutions.com\/pl\/jak-nas-znalezc\/katech-polska\/","name":"KaTech Polska |","isPartOf":{"@id":"https:\/\/katech-solutions.com\/#website"},"datePublished":"2016-08-05T08:15:58+00:00","dateModified":"2021-12-16T13:31:25+00:00","breadcrumb":{"@id":"https:\/\/katech-solutions.com\/pl\/jak-nas-znalezc\/katech-polska\/#breadcrumb"},"inLanguage":"pl-PL","potentialAction":[{"@type":"ReadAction","target":["https:\/\/katech-solutions.com\/pl\/jak-nas-znalezc\/katech-polska\/"]}]},{"@type":"BreadcrumbList","@id":"https:\/\/katech-solutions.com\/pl\/jak-nas-znalezc\/katech-polska\/#breadcrumb","itemListElement":[{"@type":"ListItem","position":1,"name":"Jak nas znale\u017a\u0107","item":"https:\/\/katech-solutions.com\/pl\/jak-nas-znalezc\/"},{"@type":"ListItem","position":2,"name":"KaTech Polska"}]},{"@type":"WebSite","@id":"https:\/\/katech-solutions.com\/#website","url":"https:\/\/katech-solutions.com\/","name":"KaTech","description":"","potentialAction":[{"@type":"SearchAction","target":{"@type":"EntryPoint","urlTemplate":"https:\/\/katech-solutions.com\/?s={search_term_string}"},"query-input":{"@type":"PropertyValueSpecification","valueRequired":true,"valueName":"search_term_string"}}],"inLanguage":"pl-PL"}]}},"_links":{"self":[{"href":"https:\/\/katech-solutions.com\/pl\/wp-json\/wp\/v2\/pages\/7539","targetHints":{"allow":["GET"]}}],"collection":[{"href":"https:\/\/katech-solutions.com\/pl\/wp-json\/wp\/v2\/pages"}],"about":[{"href":"https:\/\/katech-solutions.com\/pl\/wp-json\/wp\/v2\/types\/page"}],"author":[{"embeddable":true,"href":"https:\/\/katech-solutions.com\/pl\/wp-json\/wp\/v2\/users\/28"}],"replies":[{"embeddable":true,"href":"https:\/\/katech-solutions.com\/pl\/wp-json\/wp\/v2\/comments?post=7539"}],"version-history":[{"count":7,"href":"https:\/\/katech-solutions.com\/pl\/wp-json\/wp\/v2\/pages\/7539\/revisions"}],"predecessor-version":[{"id":11419,"href":"https:\/\/katech-solutions.com\/pl\/wp-json\/wp\/v2\/pages\/7539\/revisions\/11419"}],"up":[{"embeddable":true,"href":"https:\/\/katech-solutions.com\/pl\/wp-json\/wp\/v2\/pages\/7365"}],"wp:attachment":[{"href":"https:\/\/katech-solutions.com\/pl\/wp-json\/wp\/v2\/media?parent=7539"}],"curies":[{"name":"wp","href":"https:\/\/api.w.org\/{rel}","templated":true}]}}