{"id":7535,"date":"2016-08-05T08:05:51","date_gmt":"2016-08-05T08:05:51","guid":{"rendered":"https:\/\/www.khpartner.com\/pl\/?page_id=7535"},"modified":"2016-08-05T08:05:51","modified_gmt":"2016-08-05T08:05:51","slug":"katech-strona-glowna","status":"publish","type":"page","link":"https:\/\/katech-solutions.com\/pl\/","title":{"rendered":"KaTech &#8211; Strona g\u0142\u00f3wna"},"content":{"rendered":"<h1 class=\"home-h1\">Stabilizatory i emulgatory dla przemys\u0142u spo\u017cywczego dostosowane do potrzeb<\/h1>\n<ul class=\"home-menu\">\n<li><a href=\"new-product\/\"><span class=\"h3 deheader\">Czy pragniecie Pa\u0144stwo stworzy\u0107 nowe produkty?<\/span><img decoding=\"async\" src=\"..\/wp-content\/themes\/nucima\/images\/home-new-product-128x127.png\" alt=\"\" \/><span class=\"read-more\">Nowe produkty<\/span><\/a><\/li>\n<li><a href=\"cost-optimisation\/\"><span class=\"h3 deheader\">Czy pragn\u0105 Pa\u0144stwo obni\u017cy\u0107 koszty dzia\u0142alno\u015bci?<\/span><img decoding=\"async\" src=\"..\/wp-content\/themes\/nucima\/images\/home-profit-120x118.png\" alt=\"\" \/><\/a><a href=\"cost-optimisation\/\"><span class=\"read-more\">Optymalizacja koszt\u00f3w<\/span><\/a><\/li>\n<li style=\"margin-right: 0;\"><a href=\"troubleshooting\/\"><span class=\"h3 dereducedheader deheader\">Czy poszukuj\u0105 Pa\u0144stwo rozwi\u0105zania dla problemu technologicznego?<\/span><img decoding=\"async\" src=\"..\/wp-content\/themes\/nucima\/images\/home-new-product-114x113.png\" alt=\"\" \/><span class=\"read-more\">Rozwi\u0105zywanie problem\u00f3w<\/span><\/a><\/li>\n<li class=\"clear\"><\/li>\n<\/ul>\n","protected":false},"excerpt":{"rendered":"<p>Stabilizatory i emulgatory dla przemys\u0142u spo\u017cywczego dostosowane do potrzeb Czy pragniecie Pa\u0144stwo stworzy\u0107 nowe produkty?Nowe produkty Czy pragn\u0105 Pa\u0144stwo obni\u017cy\u0107 koszty dzia\u0142alno\u015bci?Optymalizacja koszt\u00f3w Czy poszukuj\u0105 Pa\u0144stwo rozwi\u0105zania dla problemu technologicznego?Rozwi\u0105zywanie problem\u00f3w<\/p>\n","protected":false},"author":28,"featured_media":0,"parent":0,"menu_order":0,"comment_status":"closed","ping_status":"open","template":"homepage.php","meta":{"_acf_changed":false,"footnotes":""},"class_list":["post-7535","page","type-page","status-publish","hentry"],"acf":[],"yoast_head":"<!-- This site is optimized with the Yoast SEO plugin v27.2 - https:\/\/yoast.com\/product\/yoast-seo-wordpress\/ -->\n<title>KaTech - Strona g\u0142\u00f3wna |<\/title>\n<meta name=\"robots\" content=\"index, follow, max-snippet:-1, max-image-preview:large, max-video-preview:-1\" \/>\n<link rel=\"canonical\" href=\"https:\/\/katech-solutions.com\/pl\/\" \/>\n<meta property=\"og:locale\" content=\"pl_PL\" \/>\n<meta property=\"og:type\" content=\"article\" \/>\n<meta property=\"og:title\" content=\"KaTech - Strona g\u0142\u00f3wna |\" \/>\n<meta property=\"og:description\" content=\"Stabilizatory i emulgatory dla przemys\u0142u spo\u017cywczego dostosowane do potrzeb Czy pragniecie Pa\u0144stwo stworzy\u0107 nowe produkty?Nowe produkty Czy pragn\u0105 Pa\u0144stwo obni\u017cy\u0107 koszty dzia\u0142alno\u015bci?Optymalizacja koszt\u00f3w Czy poszukuj\u0105 Pa\u0144stwo rozwi\u0105zania dla problemu technologicznego?Rozwi\u0105zywanie problem\u00f3w\" \/>\n<meta property=\"og:url\" content=\"https:\/\/katech-solutions.com\/pl\/\" \/>\n<meta property=\"og:site_name\" content=\"KaTech\" \/>\n<script type=\"application\/ld+json\" class=\"yoast-schema-graph\">{\"@context\":\"https:\/\/schema.org\",\"@graph\":[{\"@type\":\"WebPage\",\"@id\":\"https:\/\/katech-solutions.com\/pl\/\",\"url\":\"https:\/\/katech-solutions.com\/pl\/\",\"name\":\"KaTech - Strona g\u0142\u00f3wna |\",\"isPartOf\":{\"@id\":\"https:\/\/katech-solutions.com\/#website\"},\"datePublished\":\"2016-08-05T08:05:51+00:00\",\"inLanguage\":\"pl-PL\",\"potentialAction\":[{\"@type\":\"ReadAction\",\"target\":[\"https:\/\/katech-solutions.com\/pl\/\"]}]},{\"@type\":\"WebSite\",\"@id\":\"https:\/\/katech-solutions.com\/#website\",\"url\":\"https:\/\/katech-solutions.com\/\",\"name\":\"KaTech\",\"description\":\"\",\"potentialAction\":[{\"@type\":\"SearchAction\",\"target\":{\"@type\":\"EntryPoint\",\"urlTemplate\":\"https:\/\/katech-solutions.com\/?s={search_term_string}\"},\"query-input\":{\"@type\":\"PropertyValueSpecification\",\"valueRequired\":true,\"valueName\":\"search_term_string\"}}],\"inLanguage\":\"pl-PL\"}]}<\/script>\n<!-- \/ Yoast SEO plugin. -->","yoast_head_json":{"title":"KaTech - Strona g\u0142\u00f3wna |","robots":{"index":"index","follow":"follow","max-snippet":"max-snippet:-1","max-image-preview":"max-image-preview:large","max-video-preview":"max-video-preview:-1"},"canonical":"https:\/\/katech-solutions.com\/pl\/","og_locale":"pl_PL","og_type":"article","og_title":"KaTech - Strona g\u0142\u00f3wna |","og_description":"Stabilizatory i emulgatory dla przemys\u0142u spo\u017cywczego dostosowane do potrzeb Czy pragniecie Pa\u0144stwo stworzy\u0107 nowe produkty?Nowe produkty Czy pragn\u0105 Pa\u0144stwo obni\u017cy\u0107 koszty dzia\u0142alno\u015bci?Optymalizacja koszt\u00f3w Czy poszukuj\u0105 Pa\u0144stwo rozwi\u0105zania dla problemu technologicznego?Rozwi\u0105zywanie problem\u00f3w","og_url":"https:\/\/katech-solutions.com\/pl\/","og_site_name":"KaTech","schema":{"@context":"https:\/\/schema.org","@graph":[{"@type":"WebPage","@id":"https:\/\/katech-solutions.com\/pl\/","url":"https:\/\/katech-solutions.com\/pl\/","name":"KaTech - Strona g\u0142\u00f3wna |","isPartOf":{"@id":"https:\/\/katech-solutions.com\/#website"},"datePublished":"2016-08-05T08:05:51+00:00","inLanguage":"pl-PL","potentialAction":[{"@type":"ReadAction","target":["https:\/\/katech-solutions.com\/pl\/"]}]},{"@type":"WebSite","@id":"https:\/\/katech-solutions.com\/#website","url":"https:\/\/katech-solutions.com\/","name":"KaTech","description":"","potentialAction":[{"@type":"SearchAction","target":{"@type":"EntryPoint","urlTemplate":"https:\/\/katech-solutions.com\/?s={search_term_string}"},"query-input":{"@type":"PropertyValueSpecification","valueRequired":true,"valueName":"search_term_string"}}],"inLanguage":"pl-PL"}]}},"_links":{"self":[{"href":"https:\/\/katech-solutions.com\/pl\/wp-json\/wp\/v2\/pages\/7535","targetHints":{"allow":["GET"]}}],"collection":[{"href":"https:\/\/katech-solutions.com\/pl\/wp-json\/wp\/v2\/pages"}],"about":[{"href":"https:\/\/katech-solutions.com\/pl\/wp-json\/wp\/v2\/types\/page"}],"author":[{"embeddable":true,"href":"https:\/\/katech-solutions.com\/pl\/wp-json\/wp\/v2\/users\/28"}],"replies":[{"embeddable":true,"href":"https:\/\/katech-solutions.com\/pl\/wp-json\/wp\/v2\/comments?post=7535"}],"version-history":[{"count":1,"href":"https:\/\/katech-solutions.com\/pl\/wp-json\/wp\/v2\/pages\/7535\/revisions"}],"predecessor-version":[{"id":7536,"href":"https:\/\/katech-solutions.com\/pl\/wp-json\/wp\/v2\/pages\/7535\/revisions\/7536"}],"wp:attachment":[{"href":"https:\/\/katech-solutions.com\/pl\/wp-json\/wp\/v2\/media?parent=7535"}],"curies":[{"name":"wp","href":"https:\/\/api.w.org\/{rel}","templated":true}]}}