{"id":7533,"date":"2016-08-05T08:03:24","date_gmt":"2016-08-05T08:03:24","guid":{"rendered":"https:\/\/www.khpartner.com\/pl\/?page_id=7533"},"modified":"2017-11-03T10:21:02","modified_gmt":"2017-11-03T10:21:02","slug":"napoje-typu-shake","status":"publish","type":"page","link":"https:\/\/katech-solutions.com\/pl\/napoje-mleczne\/napoje-typu-shake\/","title":{"rendered":"Napoje typu shake"},"content":{"rendered":"<p style=\"text-align: justify;\">Shake mleczny cieszy si\u0119 popularno\u015bci\u0105 od pocz\u0105tku XX wieku. Pierwotnie przygotowywano go mieszaj\u0105c mleko z czekolad\u0105, truskawkami lub s\u0142odkimi syropami o r\u00f3\u017cnych smakach. Obecnie do wymieszania tych sk\u0142adnik\u00f3w w domu mo\u017cemy skorzysta\u0107 z\u00a0blendera, otrzymuj\u0105c lekki napowietrzony produkt z piank\u0105. Poza mlekiem mo\u017cemy tak\u017ce u\u017cy\u0107 lod\u00f3w lub zamro\u017conego mleka.<br \/>\nNapoje typu shake produkowane przemys\u0142owo powinny by\u0107 jak najbardziej zbli\u017cone do tych domowych pod wzgl\u0119dem konsystencji. W zwi\u0105zku z tym, pod ich nakr\u0119tka pozostawia si\u0119 odpowiedni\u0105 ilo\u015b\u0107 powietrza, a gdy opakowanie zostanie wstrz\u0105\u015bni\u0119te przed spo\u017cyciem, produkt powinien si\u0119 napowietrzy\u0107 oraz spieni\u0107, jednocze\u015bnie zwi\u0119kszaj\u0105c swoj\u0105 obj\u0119to\u015b\u0107. Najwa\u017cniejszym zadaniem system\u00f3w stabilizuj\u0105cych dla produkt\u00f3w tego typu jest zatem umo\u017cliwienie w\u0142a\u015bciwego spienienia oraz utrzymanie uzyskanej piany i zwi\u0119kszonej obj\u0119to\u015bci podczas spo\u017cycia.<\/p>\n","protected":false},"excerpt":{"rendered":"<p>Shake mleczny cieszy si\u0119 popularno\u015bci\u0105 od pocz\u0105tku XX wieku. Pierwotnie przygotowywano go mieszaj\u0105c mleko z czekolad\u0105, truskawkami lub s\u0142odkimi syropami o r\u00f3\u017cnych smakach. Obecnie do wymieszania tych sk\u0142adnik\u00f3w w domu mo\u017cemy skorzysta\u0107 z\u00a0blendera, otrzymuj\u0105c lekki napowietrzony produkt z piank\u0105. Poza &hellip; <a class=\"continue-reading\" href=\"https:\/\/katech-solutions.com\/pl\/napoje-mleczne\/napoje-typu-shake\/\">Czytaj dalej <span class=\"meta-nav\">&rarr;<\/span><\/a><\/p>\n","protected":false},"author":28,"featured_media":0,"parent":7253,"menu_order":0,"comment_status":"closed","ping_status":"open","template":"","meta":{"_acf_changed":false,"footnotes":""},"class_list":["post-7533","page","type-page","status-publish","hentry"],"acf":[],"yoast_head":"<!-- This site is optimized with the Yoast SEO plugin v27.2 - https:\/\/yoast.com\/product\/yoast-seo-wordpress\/ -->\n<title>Napoje typu shake |<\/title>\n<meta name=\"robots\" content=\"index, follow, max-snippet:-1, max-image-preview:large, max-video-preview:-1\" \/>\n<link rel=\"canonical\" href=\"https:\/\/katech-solutions.com\/pl\/napoje-mleczne\/napoje-typu-shake\/\" \/>\n<meta property=\"og:locale\" content=\"pl_PL\" \/>\n<meta property=\"og:type\" content=\"article\" \/>\n<meta property=\"og:title\" content=\"Napoje typu shake |\" \/>\n<meta property=\"og:description\" content=\"Shake mleczny cieszy si\u0119 popularno\u015bci\u0105 od pocz\u0105tku XX wieku. Pierwotnie przygotowywano go mieszaj\u0105c mleko z czekolad\u0105, truskawkami lub s\u0142odkimi syropami o r\u00f3\u017cnych smakach. Obecnie do wymieszania tych sk\u0142adnik\u00f3w w domu mo\u017cemy skorzysta\u0107 z\u00a0blendera, otrzymuj\u0105c lekki napowietrzony produkt z piank\u0105. Poza &hellip; Czytaj dalej &rarr;\" \/>\n<meta property=\"og:url\" content=\"https:\/\/katech-solutions.com\/pl\/napoje-mleczne\/napoje-typu-shake\/\" \/>\n<meta property=\"og:site_name\" content=\"KaTech\" \/>\n<meta property=\"article:modified_time\" content=\"2017-11-03T10:21:02+00:00\" \/>\n<meta name=\"twitter:label1\" content=\"Szacowany czas czytania\" \/>\n\t<meta name=\"twitter:data1\" content=\"1 minuta\" \/>\n<script type=\"application\/ld+json\" class=\"yoast-schema-graph\">{\"@context\":\"https:\/\/schema.org\",\"@graph\":[{\"@type\":\"WebPage\",\"@id\":\"https:\/\/katech-solutions.com\/pl\/napoje-mleczne\/napoje-typu-shake\/\",\"url\":\"https:\/\/katech-solutions.com\/pl\/napoje-mleczne\/napoje-typu-shake\/\",\"name\":\"Napoje typu shake |\",\"isPartOf\":{\"@id\":\"https:\/\/katech-solutions.com\/#website\"},\"datePublished\":\"2016-08-05T08:03:24+00:00\",\"dateModified\":\"2017-11-03T10:21:02+00:00\",\"breadcrumb\":{\"@id\":\"https:\/\/katech-solutions.com\/pl\/napoje-mleczne\/napoje-typu-shake\/#breadcrumb\"},\"inLanguage\":\"pl-PL\",\"potentialAction\":[{\"@type\":\"ReadAction\",\"target\":[\"https:\/\/katech-solutions.com\/pl\/napoje-mleczne\/napoje-typu-shake\/\"]}]},{\"@type\":\"BreadcrumbList\",\"@id\":\"https:\/\/katech-solutions.com\/pl\/napoje-mleczne\/napoje-typu-shake\/#breadcrumb\",\"itemListElement\":[{\"@type\":\"ListItem\",\"position\":1,\"name\":\"Napoje mleczne\",\"item\":\"https:\/\/katech-solutions.com\/pl\/napoje-mleczne\/\"},{\"@type\":\"ListItem\",\"position\":2,\"name\":\"Napoje typu shake\"}]},{\"@type\":\"WebSite\",\"@id\":\"https:\/\/katech-solutions.com\/#website\",\"url\":\"https:\/\/katech-solutions.com\/\",\"name\":\"KaTech\",\"description\":\"\",\"potentialAction\":[{\"@type\":\"SearchAction\",\"target\":{\"@type\":\"EntryPoint\",\"urlTemplate\":\"https:\/\/katech-solutions.com\/?s={search_term_string}\"},\"query-input\":{\"@type\":\"PropertyValueSpecification\",\"valueRequired\":true,\"valueName\":\"search_term_string\"}}],\"inLanguage\":\"pl-PL\"}]}<\/script>\n<!-- \/ Yoast SEO plugin. -->","yoast_head_json":{"title":"Napoje typu shake |","robots":{"index":"index","follow":"follow","max-snippet":"max-snippet:-1","max-image-preview":"max-image-preview:large","max-video-preview":"max-video-preview:-1"},"canonical":"https:\/\/katech-solutions.com\/pl\/napoje-mleczne\/napoje-typu-shake\/","og_locale":"pl_PL","og_type":"article","og_title":"Napoje typu shake |","og_description":"Shake mleczny cieszy si\u0119 popularno\u015bci\u0105 od pocz\u0105tku XX wieku. Pierwotnie przygotowywano go mieszaj\u0105c mleko z czekolad\u0105, truskawkami lub s\u0142odkimi syropami o r\u00f3\u017cnych smakach. Obecnie do wymieszania tych sk\u0142adnik\u00f3w w domu mo\u017cemy skorzysta\u0107 z\u00a0blendera, otrzymuj\u0105c lekki napowietrzony produkt z piank\u0105. Poza &hellip; Czytaj dalej &rarr;","og_url":"https:\/\/katech-solutions.com\/pl\/napoje-mleczne\/napoje-typu-shake\/","og_site_name":"KaTech","article_modified_time":"2017-11-03T10:21:02+00:00","twitter_misc":{"Szacowany czas czytania":"1 minuta"},"schema":{"@context":"https:\/\/schema.org","@graph":[{"@type":"WebPage","@id":"https:\/\/katech-solutions.com\/pl\/napoje-mleczne\/napoje-typu-shake\/","url":"https:\/\/katech-solutions.com\/pl\/napoje-mleczne\/napoje-typu-shake\/","name":"Napoje typu shake |","isPartOf":{"@id":"https:\/\/katech-solutions.com\/#website"},"datePublished":"2016-08-05T08:03:24+00:00","dateModified":"2017-11-03T10:21:02+00:00","breadcrumb":{"@id":"https:\/\/katech-solutions.com\/pl\/napoje-mleczne\/napoje-typu-shake\/#breadcrumb"},"inLanguage":"pl-PL","potentialAction":[{"@type":"ReadAction","target":["https:\/\/katech-solutions.com\/pl\/napoje-mleczne\/napoje-typu-shake\/"]}]},{"@type":"BreadcrumbList","@id":"https:\/\/katech-solutions.com\/pl\/napoje-mleczne\/napoje-typu-shake\/#breadcrumb","itemListElement":[{"@type":"ListItem","position":1,"name":"Napoje mleczne","item":"https:\/\/katech-solutions.com\/pl\/napoje-mleczne\/"},{"@type":"ListItem","position":2,"name":"Napoje typu shake"}]},{"@type":"WebSite","@id":"https:\/\/katech-solutions.com\/#website","url":"https:\/\/katech-solutions.com\/","name":"KaTech","description":"","potentialAction":[{"@type":"SearchAction","target":{"@type":"EntryPoint","urlTemplate":"https:\/\/katech-solutions.com\/?s={search_term_string}"},"query-input":{"@type":"PropertyValueSpecification","valueRequired":true,"valueName":"search_term_string"}}],"inLanguage":"pl-PL"}]}},"_links":{"self":[{"href":"https:\/\/katech-solutions.com\/pl\/wp-json\/wp\/v2\/pages\/7533","targetHints":{"allow":["GET"]}}],"collection":[{"href":"https:\/\/katech-solutions.com\/pl\/wp-json\/wp\/v2\/pages"}],"about":[{"href":"https:\/\/katech-solutions.com\/pl\/wp-json\/wp\/v2\/types\/page"}],"author":[{"embeddable":true,"href":"https:\/\/katech-solutions.com\/pl\/wp-json\/wp\/v2\/users\/28"}],"replies":[{"embeddable":true,"href":"https:\/\/katech-solutions.com\/pl\/wp-json\/wp\/v2\/comments?post=7533"}],"version-history":[{"count":4,"href":"https:\/\/katech-solutions.com\/pl\/wp-json\/wp\/v2\/pages\/7533\/revisions"}],"predecessor-version":[{"id":8540,"href":"https:\/\/katech-solutions.com\/pl\/wp-json\/wp\/v2\/pages\/7533\/revisions\/8540"}],"up":[{"embeddable":true,"href":"https:\/\/katech-solutions.com\/pl\/wp-json\/wp\/v2\/pages\/7253"}],"wp:attachment":[{"href":"https:\/\/katech-solutions.com\/pl\/wp-json\/wp\/v2\/media?parent=7533"}],"curies":[{"name":"wp","href":"https:\/\/api.w.org\/{rel}","templated":true}]}}