{"id":7408,"date":"2016-08-04T16:24:15","date_gmt":"2016-08-04T16:24:15","guid":{"rendered":"https:\/\/www.khpartner.com\/pl\/?page_id=7408"},"modified":"2017-11-07T12:43:53","modified_gmt":"2017-11-07T12:43:53","slug":"dipy-na-bazie-produktow-mlecznych","status":"publish","type":"page","link":"https:\/\/katech-solutions.com\/pl\/dipy\/dipy-na-bazie-produktow-mlecznych\/","title":{"rendered":"Dipy na bazie produkt\u00f3w mlecznych"},"content":{"rendered":"<p style=\"text-align: justify;\">Dipy z\u00a0produkt\u00f3w mlecznych takich jak \u015bmietana, jogurt i\u00a0twar\u00f3g reprezentuj\u0105 bardzo szerok\u0105 gam\u0119 wariant\u00f3w smakowych oraz r\u00f3\u017cnych sk\u0142adnik\u00f3w i technologii produkcji.<\/p>\n<p style=\"text-align: justify;\">\u015amietana jest produktem o niskim pH, jednym z czynnik\u00f3w wp\u0142ywaj\u0105cych na wyd\u0142u\u017cenie okresu przydatno\u015bci \u017cywno\u015b\u0107i do\u00a0spo\u017cycia. W zwi\u0105zku z tym jest ona doskona\u0142\u0105 baz\u0105 dla wszelkiego rodzaju dip\u00f3w. Mo\u017cna j\u0105 miesza\u0107 z takimi dodatkami smakowymi, jak czosnek, cebula, ser lub szczypiorek, kt\u00f3re doskonale komponuj\u0105 si\u0119 z jej charakterystycznym kwa\u015bnym smakiem. Poza sam\u0105 \u015bmietan\u0105, doskona\u0142\u0105 baz\u0105 dla dip\u00f3w jest po\u0142\u0105czenie \u015bmietany z twarogiem, poniewa\u017c zawiera on ma\u0142o t\u0142uszczu, ale du\u017co suchej masy. Ponadto, \u015bmietan\u0119 mo\u017cna po\u0142\u0105czy\u0107 z ta\u0144szym od niej majonezem w r\u00f3\u017cnych proporcjach, by uzyska\u0107 baz\u0119 dla dip\u00f3w o r\u00f3\u017cnych charakterystykach lepko\u015bci. Kolejn\u0105 z\u00a0dost\u0119pnych mo\u017cliwo\u015bci jest mieszanina jogurtu i twarogu, a dipy na ich bazie s\u0105 cz\u0119stym dodatkiem do takich suchych przek\u0105sek, jak krakersy lub chipsy. Co najwa\u017cniejsze, dipy na bazie produkt\u00f3w mlecznych po\u0142\u0105czy\u0107 mo\u017cna z praktycznie nieograniczon\u0105 liczb\u0105 dodatk\u00f3w smakowych.<\/p>\n","protected":false},"excerpt":{"rendered":"<p>Dipy z\u00a0produkt\u00f3w mlecznych takich jak \u015bmietana, jogurt i\u00a0twar\u00f3g reprezentuj\u0105 bardzo szerok\u0105 gam\u0119 wariant\u00f3w smakowych oraz r\u00f3\u017cnych sk\u0142adnik\u00f3w i technologii produkcji. \u015amietana jest produktem o niskim pH, jednym z czynnik\u00f3w wp\u0142ywaj\u0105cych na wyd\u0142u\u017cenie okresu przydatno\u015bci \u017cywno\u015b\u0107i do\u00a0spo\u017cycia. W zwi\u0105zku z tym &hellip; <a class=\"continue-reading\" href=\"https:\/\/katech-solutions.com\/pl\/dipy\/dipy-na-bazie-produktow-mlecznych\/\">Czytaj dalej <span class=\"meta-nav\">&rarr;<\/span><\/a><\/p>\n","protected":false},"author":3,"featured_media":0,"parent":7397,"menu_order":0,"comment_status":"closed","ping_status":"open","template":"","meta":{"_acf_changed":false,"footnotes":""},"class_list":["post-7408","page","type-page","status-publish","hentry"],"acf":[],"yoast_head":"<!-- This site is optimized with the Yoast SEO plugin v27.2 - https:\/\/yoast.com\/product\/yoast-seo-wordpress\/ -->\n<title>Dipy na bazie produkt\u00f3w mlecznych |<\/title>\n<meta name=\"robots\" content=\"index, follow, max-snippet:-1, max-image-preview:large, max-video-preview:-1\" \/>\n<link rel=\"canonical\" href=\"https:\/\/katech-solutions.com\/pl\/dipy\/dipy-na-bazie-produktow-mlecznych\/\" \/>\n<meta property=\"og:locale\" content=\"pl_PL\" \/>\n<meta property=\"og:type\" content=\"article\" \/>\n<meta property=\"og:title\" content=\"Dipy na bazie produkt\u00f3w mlecznych |\" \/>\n<meta property=\"og:description\" content=\"Dipy z\u00a0produkt\u00f3w mlecznych takich jak \u015bmietana, jogurt i\u00a0twar\u00f3g reprezentuj\u0105 bardzo szerok\u0105 gam\u0119 wariant\u00f3w smakowych oraz r\u00f3\u017cnych sk\u0142adnik\u00f3w i technologii produkcji. \u015amietana jest produktem o niskim pH, jednym z czynnik\u00f3w wp\u0142ywaj\u0105cych na wyd\u0142u\u017cenie okresu przydatno\u015bci \u017cywno\u015b\u0107i do\u00a0spo\u017cycia. W zwi\u0105zku z tym &hellip; Czytaj dalej &rarr;\" \/>\n<meta property=\"og:url\" content=\"https:\/\/katech-solutions.com\/pl\/dipy\/dipy-na-bazie-produktow-mlecznych\/\" \/>\n<meta property=\"og:site_name\" content=\"KaTech\" \/>\n<meta property=\"article:modified_time\" content=\"2017-11-07T12:43:53+00:00\" \/>\n<meta name=\"twitter:label1\" content=\"Szacowany czas czytania\" \/>\n\t<meta name=\"twitter:data1\" content=\"1 minuta\" \/>\n<script type=\"application\/ld+json\" class=\"yoast-schema-graph\">{\"@context\":\"https:\/\/schema.org\",\"@graph\":[{\"@type\":\"WebPage\",\"@id\":\"https:\/\/katech-solutions.com\/pl\/dipy\/dipy-na-bazie-produktow-mlecznych\/\",\"url\":\"https:\/\/katech-solutions.com\/pl\/dipy\/dipy-na-bazie-produktow-mlecznych\/\",\"name\":\"Dipy na bazie produkt\u00f3w mlecznych |\",\"isPartOf\":{\"@id\":\"https:\/\/katech-solutions.com\/#website\"},\"datePublished\":\"2016-08-04T16:24:15+00:00\",\"dateModified\":\"2017-11-07T12:43:53+00:00\",\"breadcrumb\":{\"@id\":\"https:\/\/katech-solutions.com\/pl\/dipy\/dipy-na-bazie-produktow-mlecznych\/#breadcrumb\"},\"inLanguage\":\"pl-PL\",\"potentialAction\":[{\"@type\":\"ReadAction\",\"target\":[\"https:\/\/katech-solutions.com\/pl\/dipy\/dipy-na-bazie-produktow-mlecznych\/\"]}]},{\"@type\":\"BreadcrumbList\",\"@id\":\"https:\/\/katech-solutions.com\/pl\/dipy\/dipy-na-bazie-produktow-mlecznych\/#breadcrumb\",\"itemListElement\":[{\"@type\":\"ListItem\",\"position\":1,\"name\":\"Dipy\",\"item\":\"https:\/\/katech-solutions.com\/pl\/dipy\/\"},{\"@type\":\"ListItem\",\"position\":2,\"name\":\"Dipy na bazie produkt\u00f3w mlecznych\"}]},{\"@type\":\"WebSite\",\"@id\":\"https:\/\/katech-solutions.com\/#website\",\"url\":\"https:\/\/katech-solutions.com\/\",\"name\":\"KaTech\",\"description\":\"\",\"potentialAction\":[{\"@type\":\"SearchAction\",\"target\":{\"@type\":\"EntryPoint\",\"urlTemplate\":\"https:\/\/katech-solutions.com\/?s={search_term_string}\"},\"query-input\":{\"@type\":\"PropertyValueSpecification\",\"valueRequired\":true,\"valueName\":\"search_term_string\"}}],\"inLanguage\":\"pl-PL\"}]}<\/script>\n<!-- \/ Yoast SEO plugin. -->","yoast_head_json":{"title":"Dipy na bazie produkt\u00f3w mlecznych |","robots":{"index":"index","follow":"follow","max-snippet":"max-snippet:-1","max-image-preview":"max-image-preview:large","max-video-preview":"max-video-preview:-1"},"canonical":"https:\/\/katech-solutions.com\/pl\/dipy\/dipy-na-bazie-produktow-mlecznych\/","og_locale":"pl_PL","og_type":"article","og_title":"Dipy na bazie produkt\u00f3w mlecznych |","og_description":"Dipy z\u00a0produkt\u00f3w mlecznych takich jak \u015bmietana, jogurt i\u00a0twar\u00f3g reprezentuj\u0105 bardzo szerok\u0105 gam\u0119 wariant\u00f3w smakowych oraz r\u00f3\u017cnych sk\u0142adnik\u00f3w i technologii produkcji. \u015amietana jest produktem o niskim pH, jednym z czynnik\u00f3w wp\u0142ywaj\u0105cych na wyd\u0142u\u017cenie okresu przydatno\u015bci \u017cywno\u015b\u0107i do\u00a0spo\u017cycia. W zwi\u0105zku z tym &hellip; Czytaj dalej &rarr;","og_url":"https:\/\/katech-solutions.com\/pl\/dipy\/dipy-na-bazie-produktow-mlecznych\/","og_site_name":"KaTech","article_modified_time":"2017-11-07T12:43:53+00:00","twitter_misc":{"Szacowany czas czytania":"1 minuta"},"schema":{"@context":"https:\/\/schema.org","@graph":[{"@type":"WebPage","@id":"https:\/\/katech-solutions.com\/pl\/dipy\/dipy-na-bazie-produktow-mlecznych\/","url":"https:\/\/katech-solutions.com\/pl\/dipy\/dipy-na-bazie-produktow-mlecznych\/","name":"Dipy na bazie produkt\u00f3w mlecznych |","isPartOf":{"@id":"https:\/\/katech-solutions.com\/#website"},"datePublished":"2016-08-04T16:24:15+00:00","dateModified":"2017-11-07T12:43:53+00:00","breadcrumb":{"@id":"https:\/\/katech-solutions.com\/pl\/dipy\/dipy-na-bazie-produktow-mlecznych\/#breadcrumb"},"inLanguage":"pl-PL","potentialAction":[{"@type":"ReadAction","target":["https:\/\/katech-solutions.com\/pl\/dipy\/dipy-na-bazie-produktow-mlecznych\/"]}]},{"@type":"BreadcrumbList","@id":"https:\/\/katech-solutions.com\/pl\/dipy\/dipy-na-bazie-produktow-mlecznych\/#breadcrumb","itemListElement":[{"@type":"ListItem","position":1,"name":"Dipy","item":"https:\/\/katech-solutions.com\/pl\/dipy\/"},{"@type":"ListItem","position":2,"name":"Dipy na bazie produkt\u00f3w mlecznych"}]},{"@type":"WebSite","@id":"https:\/\/katech-solutions.com\/#website","url":"https:\/\/katech-solutions.com\/","name":"KaTech","description":"","potentialAction":[{"@type":"SearchAction","target":{"@type":"EntryPoint","urlTemplate":"https:\/\/katech-solutions.com\/?s={search_term_string}"},"query-input":{"@type":"PropertyValueSpecification","valueRequired":true,"valueName":"search_term_string"}}],"inLanguage":"pl-PL"}]}},"_links":{"self":[{"href":"https:\/\/katech-solutions.com\/pl\/wp-json\/wp\/v2\/pages\/7408","targetHints":{"allow":["GET"]}}],"collection":[{"href":"https:\/\/katech-solutions.com\/pl\/wp-json\/wp\/v2\/pages"}],"about":[{"href":"https:\/\/katech-solutions.com\/pl\/wp-json\/wp\/v2\/types\/page"}],"author":[{"embeddable":true,"href":"https:\/\/katech-solutions.com\/pl\/wp-json\/wp\/v2\/users\/3"}],"replies":[{"embeddable":true,"href":"https:\/\/katech-solutions.com\/pl\/wp-json\/wp\/v2\/comments?post=7408"}],"version-history":[{"count":4,"href":"https:\/\/katech-solutions.com\/pl\/wp-json\/wp\/v2\/pages\/7408\/revisions"}],"predecessor-version":[{"id":8580,"href":"https:\/\/katech-solutions.com\/pl\/wp-json\/wp\/v2\/pages\/7408\/revisions\/8580"}],"up":[{"embeddable":true,"href":"https:\/\/katech-solutions.com\/pl\/wp-json\/wp\/v2\/pages\/7397"}],"wp:attachment":[{"href":"https:\/\/katech-solutions.com\/pl\/wp-json\/wp\/v2\/media?parent=7408"}],"curies":[{"name":"wp","href":"https:\/\/api.w.org\/{rel}","templated":true}]}}