{"id":7407,"date":"2016-08-04T16:23:09","date_gmt":"2016-08-04T16:23:09","guid":{"rendered":"https:\/\/www.khpartner.com\/pl\/?page_id=7407"},"modified":"2016-10-24T15:58:55","modified_gmt":"2016-10-24T15:58:55","slug":"sos-do-deserow","status":"publish","type":"page","link":"https:\/\/katech-solutions.com\/pl\/desery\/sos-do-deserow\/","title":{"rendered":"Sos do deser\u00f3w"},"content":{"rendered":"<p style=\"text-align: justify;\">Angielski sos <em>custard <\/em>przygotowuje si\u0119 tradycyjnie z mleka, cukru i jaj i to te sk\u0142adniki daj\u0105 mu niepowtarzalny delikatny smak. Tego typu sos do deser\u00f3w produkowany na skal\u0119 przemys\u0142ow\u0105 wymaga jednak u\u017cycia innych dodatkowych sk\u0142adnik\u00f3w.<\/p>\n<p style=\"text-align: justify;\">\u00a0To samo dotyczy innych sos\u00f3w do deser\u00f3w dost\u0119pnych na rynku. Ich asortyment ci\u0105gle si\u0119 poszerza, a r\u00f3\u017cne warianty tych produkt\u00f3w (np. sosy \u015bwie\u017ce, sosy poddawane obr\u00f3bce UHT, sosy z \u201eczyst\u0105 etykiet\u0105\u201d) s\u0105 pr\u00f3b\u0105 zaspokojenia wielu r\u00f3\u017cnorodnych wymaga\u0144 rynku, producent\u00f3w, czy te\u017c konsument\u00f3w.<\/p>\n","protected":false},"excerpt":{"rendered":"<p>Angielski sos custard przygotowuje si\u0119 tradycyjnie z mleka, cukru i jaj i to te sk\u0142adniki daj\u0105 mu niepowtarzalny delikatny smak. Tego typu sos do deser\u00f3w produkowany na skal\u0119 przemys\u0142ow\u0105 wymaga jednak u\u017cycia innych dodatkowych sk\u0142adnik\u00f3w. \u00a0To samo dotyczy innych sos\u00f3w &hellip; <a class=\"continue-reading\" href=\"https:\/\/katech-solutions.com\/pl\/desery\/sos-do-deserow\/\">Czytaj dalej <span class=\"meta-nav\">&rarr;<\/span><\/a><\/p>\n","protected":false},"author":28,"featured_media":0,"parent":7377,"menu_order":2,"comment_status":"closed","ping_status":"open","template":"","meta":{"_acf_changed":false,"footnotes":""},"class_list":["post-7407","page","type-page","status-publish","hentry"],"acf":[],"yoast_head":"<!-- This site is optimized with the Yoast SEO plugin v27.2 - https:\/\/yoast.com\/product\/yoast-seo-wordpress\/ -->\n<title>Sos do deser\u00f3w |<\/title>\n<meta name=\"robots\" content=\"index, follow, max-snippet:-1, max-image-preview:large, max-video-preview:-1\" \/>\n<link rel=\"canonical\" href=\"https:\/\/katech-solutions.com\/pl\/desery\/sos-do-deserow\/\" \/>\n<meta property=\"og:locale\" content=\"pl_PL\" \/>\n<meta property=\"og:type\" content=\"article\" \/>\n<meta property=\"og:title\" content=\"Sos do deser\u00f3w |\" \/>\n<meta property=\"og:description\" content=\"Angielski sos custard przygotowuje si\u0119 tradycyjnie z mleka, cukru i jaj i to te sk\u0142adniki daj\u0105 mu niepowtarzalny delikatny smak. Tego typu sos do deser\u00f3w produkowany na skal\u0119 przemys\u0142ow\u0105 wymaga jednak u\u017cycia innych dodatkowych sk\u0142adnik\u00f3w. \u00a0To samo dotyczy innych sos\u00f3w &hellip; Czytaj dalej &rarr;\" \/>\n<meta property=\"og:url\" content=\"https:\/\/katech-solutions.com\/pl\/desery\/sos-do-deserow\/\" \/>\n<meta property=\"og:site_name\" content=\"KaTech\" \/>\n<meta property=\"article:modified_time\" content=\"2016-10-24T15:58:55+00:00\" \/>\n<script type=\"application\/ld+json\" class=\"yoast-schema-graph\">{\"@context\":\"https:\/\/schema.org\",\"@graph\":[{\"@type\":\"WebPage\",\"@id\":\"https:\/\/katech-solutions.com\/pl\/desery\/sos-do-deserow\/\",\"url\":\"https:\/\/katech-solutions.com\/pl\/desery\/sos-do-deserow\/\",\"name\":\"Sos do deser\u00f3w |\",\"isPartOf\":{\"@id\":\"https:\/\/katech-solutions.com\/#website\"},\"datePublished\":\"2016-08-04T16:23:09+00:00\",\"dateModified\":\"2016-10-24T15:58:55+00:00\",\"breadcrumb\":{\"@id\":\"https:\/\/katech-solutions.com\/pl\/desery\/sos-do-deserow\/#breadcrumb\"},\"inLanguage\":\"pl-PL\",\"potentialAction\":[{\"@type\":\"ReadAction\",\"target\":[\"https:\/\/katech-solutions.com\/pl\/desery\/sos-do-deserow\/\"]}]},{\"@type\":\"BreadcrumbList\",\"@id\":\"https:\/\/katech-solutions.com\/pl\/desery\/sos-do-deserow\/#breadcrumb\",\"itemListElement\":[{\"@type\":\"ListItem\",\"position\":1,\"name\":\"Desery\",\"item\":\"https:\/\/katech-solutions.com\/pl\/desery\/\"},{\"@type\":\"ListItem\",\"position\":2,\"name\":\"Sos do deser\u00f3w\"}]},{\"@type\":\"WebSite\",\"@id\":\"https:\/\/katech-solutions.com\/#website\",\"url\":\"https:\/\/katech-solutions.com\/\",\"name\":\"KaTech\",\"description\":\"\",\"potentialAction\":[{\"@type\":\"SearchAction\",\"target\":{\"@type\":\"EntryPoint\",\"urlTemplate\":\"https:\/\/katech-solutions.com\/?s={search_term_string}\"},\"query-input\":{\"@type\":\"PropertyValueSpecification\",\"valueRequired\":true,\"valueName\":\"search_term_string\"}}],\"inLanguage\":\"pl-PL\"}]}<\/script>\n<!-- \/ Yoast SEO plugin. -->","yoast_head_json":{"title":"Sos do deser\u00f3w |","robots":{"index":"index","follow":"follow","max-snippet":"max-snippet:-1","max-image-preview":"max-image-preview:large","max-video-preview":"max-video-preview:-1"},"canonical":"https:\/\/katech-solutions.com\/pl\/desery\/sos-do-deserow\/","og_locale":"pl_PL","og_type":"article","og_title":"Sos do deser\u00f3w |","og_description":"Angielski sos custard przygotowuje si\u0119 tradycyjnie z mleka, cukru i jaj i to te sk\u0142adniki daj\u0105 mu niepowtarzalny delikatny smak. Tego typu sos do deser\u00f3w produkowany na skal\u0119 przemys\u0142ow\u0105 wymaga jednak u\u017cycia innych dodatkowych sk\u0142adnik\u00f3w. \u00a0To samo dotyczy innych sos\u00f3w &hellip; Czytaj dalej &rarr;","og_url":"https:\/\/katech-solutions.com\/pl\/desery\/sos-do-deserow\/","og_site_name":"KaTech","article_modified_time":"2016-10-24T15:58:55+00:00","schema":{"@context":"https:\/\/schema.org","@graph":[{"@type":"WebPage","@id":"https:\/\/katech-solutions.com\/pl\/desery\/sos-do-deserow\/","url":"https:\/\/katech-solutions.com\/pl\/desery\/sos-do-deserow\/","name":"Sos do deser\u00f3w |","isPartOf":{"@id":"https:\/\/katech-solutions.com\/#website"},"datePublished":"2016-08-04T16:23:09+00:00","dateModified":"2016-10-24T15:58:55+00:00","breadcrumb":{"@id":"https:\/\/katech-solutions.com\/pl\/desery\/sos-do-deserow\/#breadcrumb"},"inLanguage":"pl-PL","potentialAction":[{"@type":"ReadAction","target":["https:\/\/katech-solutions.com\/pl\/desery\/sos-do-deserow\/"]}]},{"@type":"BreadcrumbList","@id":"https:\/\/katech-solutions.com\/pl\/desery\/sos-do-deserow\/#breadcrumb","itemListElement":[{"@type":"ListItem","position":1,"name":"Desery","item":"https:\/\/katech-solutions.com\/pl\/desery\/"},{"@type":"ListItem","position":2,"name":"Sos do deser\u00f3w"}]},{"@type":"WebSite","@id":"https:\/\/katech-solutions.com\/#website","url":"https:\/\/katech-solutions.com\/","name":"KaTech","description":"","potentialAction":[{"@type":"SearchAction","target":{"@type":"EntryPoint","urlTemplate":"https:\/\/katech-solutions.com\/?s={search_term_string}"},"query-input":{"@type":"PropertyValueSpecification","valueRequired":true,"valueName":"search_term_string"}}],"inLanguage":"pl-PL"}]}},"_links":{"self":[{"href":"https:\/\/katech-solutions.com\/pl\/wp-json\/wp\/v2\/pages\/7407","targetHints":{"allow":["GET"]}}],"collection":[{"href":"https:\/\/katech-solutions.com\/pl\/wp-json\/wp\/v2\/pages"}],"about":[{"href":"https:\/\/katech-solutions.com\/pl\/wp-json\/wp\/v2\/types\/page"}],"author":[{"embeddable":true,"href":"https:\/\/katech-solutions.com\/pl\/wp-json\/wp\/v2\/users\/28"}],"replies":[{"embeddable":true,"href":"https:\/\/katech-solutions.com\/pl\/wp-json\/wp\/v2\/comments?post=7407"}],"version-history":[{"count":2,"href":"https:\/\/katech-solutions.com\/pl\/wp-json\/wp\/v2\/pages\/7407\/revisions"}],"predecessor-version":[{"id":7657,"href":"https:\/\/katech-solutions.com\/pl\/wp-json\/wp\/v2\/pages\/7407\/revisions\/7657"}],"up":[{"embeddable":true,"href":"https:\/\/katech-solutions.com\/pl\/wp-json\/wp\/v2\/pages\/7377"}],"wp:attachment":[{"href":"https:\/\/katech-solutions.com\/pl\/wp-json\/wp\/v2\/media?parent=7407"}],"curies":[{"name":"wp","href":"https:\/\/api.w.org\/{rel}","templated":true}]}}