{"id":7403,"date":"2016-08-04T16:21:58","date_gmt":"2016-08-04T16:21:58","guid":{"rendered":"https:\/\/www.khpartner.com\/pl\/?page_id=7403"},"modified":"2016-10-24T15:57:47","modified_gmt":"2016-10-24T15:57:47","slug":"pudding","status":"publish","type":"page","link":"https:\/\/katech-solutions.com\/pl\/desery\/pudding\/","title":{"rendered":"Pudding"},"content":{"rendered":"<p style=\"text-align: justify;\">Pudding to potrawa kuchni angielskiej, kt\u00f3ra ma konsystencj\u0119 sta\u0142ego lub p\u00f3\u0142p\u0142ynnego budyniu i zwykle przyrz\u0105dzana jest z mleka, skrobi, kaszy manny i jajek.<\/p>\n<p style=\"text-align: justify;\">Obecnie na rynku dost\u0119pnych jest wiele r\u00f3\u017cnych rodzaj\u00f3w produkt\u00f3w tego typu. Opr\u00f3cz typowo \u201e\u0142y\u017ceczkowych\u201d, dost\u0119pne s\u0105 tak\u017ce warianty o bardziej p\u0142ynnej konsystencji oraz puddingi dla piekarnictwa stabilne podczas wypieku. Do popularnych produkt\u00f3w tego typu nale\u017c\u0105 puddinigi o smaku waniliowym, czekoladowym, kakaowym lub orzechowym z g\u00f3rn\u0105 warstw\u0105 z bitej \u015bmietanki.<\/p>\n","protected":false},"excerpt":{"rendered":"<p>Pudding to potrawa kuchni angielskiej, kt\u00f3ra ma konsystencj\u0119 sta\u0142ego lub p\u00f3\u0142p\u0142ynnego budyniu i zwykle przyrz\u0105dzana jest z mleka, skrobi, kaszy manny i jajek. Obecnie na rynku dost\u0119pnych jest wiele r\u00f3\u017cnych rodzaj\u00f3w produkt\u00f3w tego typu. Opr\u00f3cz typowo \u201e\u0142y\u017ceczkowych\u201d, dost\u0119pne s\u0105 tak\u017ce &hellip; <a class=\"continue-reading\" href=\"https:\/\/katech-solutions.com\/pl\/desery\/pudding\/\">Czytaj dalej <span class=\"meta-nav\">&rarr;<\/span><\/a><\/p>\n","protected":false},"author":28,"featured_media":0,"parent":7377,"menu_order":2,"comment_status":"closed","ping_status":"open","template":"","meta":{"_acf_changed":false,"footnotes":""},"class_list":["post-7403","page","type-page","status-publish","hentry"],"acf":[],"yoast_head":"<!-- This site is optimized with the Yoast SEO plugin v27.2 - https:\/\/yoast.com\/product\/yoast-seo-wordpress\/ -->\n<title>Pudding |<\/title>\n<meta name=\"robots\" content=\"index, follow, max-snippet:-1, max-image-preview:large, max-video-preview:-1\" \/>\n<link rel=\"canonical\" href=\"https:\/\/katech-solutions.com\/pl\/desery\/pudding\/\" \/>\n<meta property=\"og:locale\" content=\"pl_PL\" \/>\n<meta property=\"og:type\" content=\"article\" \/>\n<meta property=\"og:title\" content=\"Pudding |\" \/>\n<meta property=\"og:description\" content=\"Pudding to potrawa kuchni angielskiej, kt\u00f3ra ma konsystencj\u0119 sta\u0142ego lub p\u00f3\u0142p\u0142ynnego budyniu i zwykle przyrz\u0105dzana jest z mleka, skrobi, kaszy manny i jajek. Obecnie na rynku dost\u0119pnych jest wiele r\u00f3\u017cnych rodzaj\u00f3w produkt\u00f3w tego typu. Opr\u00f3cz typowo \u201e\u0142y\u017ceczkowych\u201d, dost\u0119pne s\u0105 tak\u017ce &hellip; Czytaj dalej &rarr;\" \/>\n<meta property=\"og:url\" content=\"https:\/\/katech-solutions.com\/pl\/desery\/pudding\/\" \/>\n<meta property=\"og:site_name\" content=\"KaTech\" \/>\n<meta property=\"article:modified_time\" content=\"2016-10-24T15:57:47+00:00\" \/>\n<script type=\"application\/ld+json\" class=\"yoast-schema-graph\">{\"@context\":\"https:\/\/schema.org\",\"@graph\":[{\"@type\":\"WebPage\",\"@id\":\"https:\/\/katech-solutions.com\/pl\/desery\/pudding\/\",\"url\":\"https:\/\/katech-solutions.com\/pl\/desery\/pudding\/\",\"name\":\"Pudding |\",\"isPartOf\":{\"@id\":\"https:\/\/katech-solutions.com\/#website\"},\"datePublished\":\"2016-08-04T16:21:58+00:00\",\"dateModified\":\"2016-10-24T15:57:47+00:00\",\"breadcrumb\":{\"@id\":\"https:\/\/katech-solutions.com\/pl\/desery\/pudding\/#breadcrumb\"},\"inLanguage\":\"pl-PL\",\"potentialAction\":[{\"@type\":\"ReadAction\",\"target\":[\"https:\/\/katech-solutions.com\/pl\/desery\/pudding\/\"]}]},{\"@type\":\"BreadcrumbList\",\"@id\":\"https:\/\/katech-solutions.com\/pl\/desery\/pudding\/#breadcrumb\",\"itemListElement\":[{\"@type\":\"ListItem\",\"position\":1,\"name\":\"Desery\",\"item\":\"https:\/\/katech-solutions.com\/pl\/desery\/\"},{\"@type\":\"ListItem\",\"position\":2,\"name\":\"Pudding\"}]},{\"@type\":\"WebSite\",\"@id\":\"https:\/\/katech-solutions.com\/#website\",\"url\":\"https:\/\/katech-solutions.com\/\",\"name\":\"KaTech\",\"description\":\"\",\"potentialAction\":[{\"@type\":\"SearchAction\",\"target\":{\"@type\":\"EntryPoint\",\"urlTemplate\":\"https:\/\/katech-solutions.com\/?s={search_term_string}\"},\"query-input\":{\"@type\":\"PropertyValueSpecification\",\"valueRequired\":true,\"valueName\":\"search_term_string\"}}],\"inLanguage\":\"pl-PL\"}]}<\/script>\n<!-- \/ Yoast SEO plugin. -->","yoast_head_json":{"title":"Pudding |","robots":{"index":"index","follow":"follow","max-snippet":"max-snippet:-1","max-image-preview":"max-image-preview:large","max-video-preview":"max-video-preview:-1"},"canonical":"https:\/\/katech-solutions.com\/pl\/desery\/pudding\/","og_locale":"pl_PL","og_type":"article","og_title":"Pudding |","og_description":"Pudding to potrawa kuchni angielskiej, kt\u00f3ra ma konsystencj\u0119 sta\u0142ego lub p\u00f3\u0142p\u0142ynnego budyniu i zwykle przyrz\u0105dzana jest z mleka, skrobi, kaszy manny i jajek. Obecnie na rynku dost\u0119pnych jest wiele r\u00f3\u017cnych rodzaj\u00f3w produkt\u00f3w tego typu. Opr\u00f3cz typowo \u201e\u0142y\u017ceczkowych\u201d, dost\u0119pne s\u0105 tak\u017ce &hellip; Czytaj dalej &rarr;","og_url":"https:\/\/katech-solutions.com\/pl\/desery\/pudding\/","og_site_name":"KaTech","article_modified_time":"2016-10-24T15:57:47+00:00","schema":{"@context":"https:\/\/schema.org","@graph":[{"@type":"WebPage","@id":"https:\/\/katech-solutions.com\/pl\/desery\/pudding\/","url":"https:\/\/katech-solutions.com\/pl\/desery\/pudding\/","name":"Pudding |","isPartOf":{"@id":"https:\/\/katech-solutions.com\/#website"},"datePublished":"2016-08-04T16:21:58+00:00","dateModified":"2016-10-24T15:57:47+00:00","breadcrumb":{"@id":"https:\/\/katech-solutions.com\/pl\/desery\/pudding\/#breadcrumb"},"inLanguage":"pl-PL","potentialAction":[{"@type":"ReadAction","target":["https:\/\/katech-solutions.com\/pl\/desery\/pudding\/"]}]},{"@type":"BreadcrumbList","@id":"https:\/\/katech-solutions.com\/pl\/desery\/pudding\/#breadcrumb","itemListElement":[{"@type":"ListItem","position":1,"name":"Desery","item":"https:\/\/katech-solutions.com\/pl\/desery\/"},{"@type":"ListItem","position":2,"name":"Pudding"}]},{"@type":"WebSite","@id":"https:\/\/katech-solutions.com\/#website","url":"https:\/\/katech-solutions.com\/","name":"KaTech","description":"","potentialAction":[{"@type":"SearchAction","target":{"@type":"EntryPoint","urlTemplate":"https:\/\/katech-solutions.com\/?s={search_term_string}"},"query-input":{"@type":"PropertyValueSpecification","valueRequired":true,"valueName":"search_term_string"}}],"inLanguage":"pl-PL"}]}},"_links":{"self":[{"href":"https:\/\/katech-solutions.com\/pl\/wp-json\/wp\/v2\/pages\/7403","targetHints":{"allow":["GET"]}}],"collection":[{"href":"https:\/\/katech-solutions.com\/pl\/wp-json\/wp\/v2\/pages"}],"about":[{"href":"https:\/\/katech-solutions.com\/pl\/wp-json\/wp\/v2\/types\/page"}],"author":[{"embeddable":true,"href":"https:\/\/katech-solutions.com\/pl\/wp-json\/wp\/v2\/users\/28"}],"replies":[{"embeddable":true,"href":"https:\/\/katech-solutions.com\/pl\/wp-json\/wp\/v2\/comments?post=7403"}],"version-history":[{"count":2,"href":"https:\/\/katech-solutions.com\/pl\/wp-json\/wp\/v2\/pages\/7403\/revisions"}],"predecessor-version":[{"id":7656,"href":"https:\/\/katech-solutions.com\/pl\/wp-json\/wp\/v2\/pages\/7403\/revisions\/7656"}],"up":[{"embeddable":true,"href":"https:\/\/katech-solutions.com\/pl\/wp-json\/wp\/v2\/pages\/7377"}],"wp:attachment":[{"href":"https:\/\/katech-solutions.com\/pl\/wp-json\/wp\/v2\/media?parent=7403"}],"curies":[{"name":"wp","href":"https:\/\/api.w.org\/{rel}","templated":true}]}}