{"id":7402,"date":"2016-08-04T16:21:19","date_gmt":"2016-08-04T16:21:19","guid":{"rendered":"https:\/\/www.khpartner.com\/pl\/?page_id=7402"},"modified":"2017-11-30T07:43:47","modified_gmt":"2017-11-30T07:43:47","slug":"dipy-na-bazie-majonezu","status":"publish","type":"page","link":"https:\/\/katech-solutions.com\/pl\/dipy\/dipy-na-bazie-majonezu\/","title":{"rendered":"Dipy na bazie majonezu"},"content":{"rendered":"<p style=\"text-align: justify;\">Dipy na bazie majonezu s\u0105 doskona\u0142ym dodatkiem do suchych przek\u0105sek, takich jak krakersy, frytki, tortilla, czy surowe warzywa. Ich receptury oparte s\u0105 na g\u0119stym majonezie, kt\u00f3ry po\u0142\u0105czy\u0107 mo\u017cna z kwa\u015bn\u0105 \u015bmietan\u0105 lub jogurtem, w celu rozrzedzenia i obni\u017cenia zawarto\u015bci t\u0142uszczu. R\u00f3\u017cne warianty smakowe uzyskuje si\u0119 poprzez dodatek zi\u00f3\u0142, przypraw, pokrojonych warzyw, ser\u00f3w, czy te\u017c innych sk\u0142adnik\u00f3w.<\/p>\n<p style=\"text-align: justify;\">Dipy na bazie majonezu mo\u017cna tak\u017ce stosowa\u0107 z powodzeniem jako wype\u0142nienia do kanapek. Dzi\u0119ki nim mo\u017cliwe jest wzbogacenie kanapek o bardzo aromatyczne przyprawy oraz kremowy, ale nie t\u0142usty, smak.<\/p>\n","protected":false},"excerpt":{"rendered":"<p>Dipy na bazie majonezu s\u0105 doskona\u0142ym dodatkiem do suchych przek\u0105sek, takich jak krakersy, frytki, tortilla, czy surowe warzywa. Ich receptury oparte s\u0105 na g\u0119stym majonezie, kt\u00f3ry po\u0142\u0105czy\u0107 mo\u017cna z kwa\u015bn\u0105 \u015bmietan\u0105 lub jogurtem, w celu rozrzedzenia i obni\u017cenia zawarto\u015bci t\u0142uszczu. &hellip; <a class=\"continue-reading\" href=\"https:\/\/katech-solutions.com\/pl\/dipy\/dipy-na-bazie-majonezu\/\">Czytaj dalej <span class=\"meta-nav\">&rarr;<\/span><\/a><\/p>\n","protected":false},"author":3,"featured_media":0,"parent":7397,"menu_order":0,"comment_status":"closed","ping_status":"open","template":"","meta":{"_acf_changed":false,"footnotes":""},"class_list":["post-7402","page","type-page","status-publish","hentry"],"acf":[],"yoast_head":"<!-- This site is optimized with the Yoast SEO plugin v27.2 - https:\/\/yoast.com\/product\/yoast-seo-wordpress\/ -->\n<title>Dipy na bazie majonezu |<\/title>\n<meta name=\"robots\" content=\"index, follow, max-snippet:-1, max-image-preview:large, max-video-preview:-1\" \/>\n<link rel=\"canonical\" href=\"https:\/\/katech-solutions.com\/pl\/dipy\/dipy-na-bazie-majonezu\/\" \/>\n<meta property=\"og:locale\" content=\"pl_PL\" \/>\n<meta property=\"og:type\" content=\"article\" \/>\n<meta property=\"og:title\" content=\"Dipy na bazie majonezu |\" \/>\n<meta property=\"og:description\" content=\"Dipy na bazie majonezu s\u0105 doskona\u0142ym dodatkiem do suchych przek\u0105sek, takich jak krakersy, frytki, tortilla, czy surowe warzywa. Ich receptury oparte s\u0105 na g\u0119stym majonezie, kt\u00f3ry po\u0142\u0105czy\u0107 mo\u017cna z kwa\u015bn\u0105 \u015bmietan\u0105 lub jogurtem, w celu rozrzedzenia i obni\u017cenia zawarto\u015bci t\u0142uszczu. &hellip; Czytaj dalej &rarr;\" \/>\n<meta property=\"og:url\" content=\"https:\/\/katech-solutions.com\/pl\/dipy\/dipy-na-bazie-majonezu\/\" \/>\n<meta property=\"og:site_name\" content=\"KaTech\" \/>\n<meta property=\"article:modified_time\" content=\"2017-11-30T07:43:47+00:00\" \/>\n<meta name=\"twitter:label1\" content=\"Szacowany czas czytania\" \/>\n\t<meta name=\"twitter:data1\" content=\"1 minuta\" \/>\n<script type=\"application\/ld+json\" class=\"yoast-schema-graph\">{\"@context\":\"https:\/\/schema.org\",\"@graph\":[{\"@type\":\"WebPage\",\"@id\":\"https:\/\/katech-solutions.com\/pl\/dipy\/dipy-na-bazie-majonezu\/\",\"url\":\"https:\/\/katech-solutions.com\/pl\/dipy\/dipy-na-bazie-majonezu\/\",\"name\":\"Dipy na bazie majonezu |\",\"isPartOf\":{\"@id\":\"https:\/\/katech-solutions.com\/#website\"},\"datePublished\":\"2016-08-04T16:21:19+00:00\",\"dateModified\":\"2017-11-30T07:43:47+00:00\",\"breadcrumb\":{\"@id\":\"https:\/\/katech-solutions.com\/pl\/dipy\/dipy-na-bazie-majonezu\/#breadcrumb\"},\"inLanguage\":\"pl-PL\",\"potentialAction\":[{\"@type\":\"ReadAction\",\"target\":[\"https:\/\/katech-solutions.com\/pl\/dipy\/dipy-na-bazie-majonezu\/\"]}]},{\"@type\":\"BreadcrumbList\",\"@id\":\"https:\/\/katech-solutions.com\/pl\/dipy\/dipy-na-bazie-majonezu\/#breadcrumb\",\"itemListElement\":[{\"@type\":\"ListItem\",\"position\":1,\"name\":\"Dipy\",\"item\":\"https:\/\/katech-solutions.com\/pl\/dipy\/\"},{\"@type\":\"ListItem\",\"position\":2,\"name\":\"Dipy na bazie majonezu\"}]},{\"@type\":\"WebSite\",\"@id\":\"https:\/\/katech-solutions.com\/#website\",\"url\":\"https:\/\/katech-solutions.com\/\",\"name\":\"KaTech\",\"description\":\"\",\"potentialAction\":[{\"@type\":\"SearchAction\",\"target\":{\"@type\":\"EntryPoint\",\"urlTemplate\":\"https:\/\/katech-solutions.com\/?s={search_term_string}\"},\"query-input\":{\"@type\":\"PropertyValueSpecification\",\"valueRequired\":true,\"valueName\":\"search_term_string\"}}],\"inLanguage\":\"pl-PL\"}]}<\/script>\n<!-- \/ Yoast SEO plugin. -->","yoast_head_json":{"title":"Dipy na bazie majonezu |","robots":{"index":"index","follow":"follow","max-snippet":"max-snippet:-1","max-image-preview":"max-image-preview:large","max-video-preview":"max-video-preview:-1"},"canonical":"https:\/\/katech-solutions.com\/pl\/dipy\/dipy-na-bazie-majonezu\/","og_locale":"pl_PL","og_type":"article","og_title":"Dipy na bazie majonezu |","og_description":"Dipy na bazie majonezu s\u0105 doskona\u0142ym dodatkiem do suchych przek\u0105sek, takich jak krakersy, frytki, tortilla, czy surowe warzywa. Ich receptury oparte s\u0105 na g\u0119stym majonezie, kt\u00f3ry po\u0142\u0105czy\u0107 mo\u017cna z kwa\u015bn\u0105 \u015bmietan\u0105 lub jogurtem, w celu rozrzedzenia i obni\u017cenia zawarto\u015bci t\u0142uszczu. &hellip; Czytaj dalej &rarr;","og_url":"https:\/\/katech-solutions.com\/pl\/dipy\/dipy-na-bazie-majonezu\/","og_site_name":"KaTech","article_modified_time":"2017-11-30T07:43:47+00:00","twitter_misc":{"Szacowany czas czytania":"1 minuta"},"schema":{"@context":"https:\/\/schema.org","@graph":[{"@type":"WebPage","@id":"https:\/\/katech-solutions.com\/pl\/dipy\/dipy-na-bazie-majonezu\/","url":"https:\/\/katech-solutions.com\/pl\/dipy\/dipy-na-bazie-majonezu\/","name":"Dipy na bazie majonezu |","isPartOf":{"@id":"https:\/\/katech-solutions.com\/#website"},"datePublished":"2016-08-04T16:21:19+00:00","dateModified":"2017-11-30T07:43:47+00:00","breadcrumb":{"@id":"https:\/\/katech-solutions.com\/pl\/dipy\/dipy-na-bazie-majonezu\/#breadcrumb"},"inLanguage":"pl-PL","potentialAction":[{"@type":"ReadAction","target":["https:\/\/katech-solutions.com\/pl\/dipy\/dipy-na-bazie-majonezu\/"]}]},{"@type":"BreadcrumbList","@id":"https:\/\/katech-solutions.com\/pl\/dipy\/dipy-na-bazie-majonezu\/#breadcrumb","itemListElement":[{"@type":"ListItem","position":1,"name":"Dipy","item":"https:\/\/katech-solutions.com\/pl\/dipy\/"},{"@type":"ListItem","position":2,"name":"Dipy na bazie majonezu"}]},{"@type":"WebSite","@id":"https:\/\/katech-solutions.com\/#website","url":"https:\/\/katech-solutions.com\/","name":"KaTech","description":"","potentialAction":[{"@type":"SearchAction","target":{"@type":"EntryPoint","urlTemplate":"https:\/\/katech-solutions.com\/?s={search_term_string}"},"query-input":{"@type":"PropertyValueSpecification","valueRequired":true,"valueName":"search_term_string"}}],"inLanguage":"pl-PL"}]}},"_links":{"self":[{"href":"https:\/\/katech-solutions.com\/pl\/wp-json\/wp\/v2\/pages\/7402","targetHints":{"allow":["GET"]}}],"collection":[{"href":"https:\/\/katech-solutions.com\/pl\/wp-json\/wp\/v2\/pages"}],"about":[{"href":"https:\/\/katech-solutions.com\/pl\/wp-json\/wp\/v2\/types\/page"}],"author":[{"embeddable":true,"href":"https:\/\/katech-solutions.com\/pl\/wp-json\/wp\/v2\/users\/3"}],"replies":[{"embeddable":true,"href":"https:\/\/katech-solutions.com\/pl\/wp-json\/wp\/v2\/comments?post=7402"}],"version-history":[{"count":10,"href":"https:\/\/katech-solutions.com\/pl\/wp-json\/wp\/v2\/pages\/7402\/revisions"}],"predecessor-version":[{"id":8819,"href":"https:\/\/katech-solutions.com\/pl\/wp-json\/wp\/v2\/pages\/7402\/revisions\/8819"}],"up":[{"embeddable":true,"href":"https:\/\/katech-solutions.com\/pl\/wp-json\/wp\/v2\/pages\/7397"}],"wp:attachment":[{"href":"https:\/\/katech-solutions.com\/pl\/wp-json\/wp\/v2\/media?parent=7402"}],"curies":[{"name":"wp","href":"https:\/\/api.w.org\/{rel}","templated":true}]}}