{"id":7398,"date":"2016-08-04T16:20:10","date_gmt":"2016-08-04T16:20:10","guid":{"rendered":"https:\/\/www.khpartner.com\/pl\/?page_id=7398"},"modified":"2017-11-03T10:12:36","modified_gmt":"2017-11-03T10:12:36","slug":"deser-zzelowany","status":"publish","type":"page","link":"https:\/\/katech-solutions.com\/pl\/desery\/deser-zzelowany\/","title":{"rendered":"Deser z\u017celowany"},"content":{"rendered":"<p>Gotowe desery z\u017celowane, kt\u00f3re wzorowane s\u0105 na najbardziej wyrafinowanych deserach z r\u00f3\u017cnych stron \u015bwiata, ci\u0105gle zyskuj\u0105 na popularno\u015bci, a i ich oferta stale si\u0119 poszerza.<\/p>\n<p style=\"text-align: justify;\">Do przyk\u0142adowych produkt\u00f3w tego typu nale\u017c\u0105:<\/p>\n<ul style=\"text-align: justify;\">\n<li>Cr\u00e8me caramel \u2013 delikatnie z\u017celowany pudding z\u00a0karmelizowanym cukrem \/ sosem karmelowym<\/li>\n<li>Cr\u00e8me br\u00fbl\u00e9e \u2013 deser przygotowywany na bazie kremu z jaj, \u015bmietany i cukru, uwie\u0144czony warstw\u0105 twardego karmelu<\/li>\n<li>Panna cotta \u2013 z\u017celowany deser ze \u015bmietanki z dodatkiem wanilii<\/li>\n<\/ul>\n<p style=\"text-align: justify;\">Deser z\u017celowany mo\u017ce mie\u0107 r\u00f3\u017cnorodn\u0105 tekstur\u0119. Mo\u017ce by\u0107 ona bardzo sztywna i dawa\u0107 odczucie \u0142amania si\u0119 w ustach lub bardziej mi\u0119kka i kremowa.<\/p>\n<p>&nbsp;<\/p>\n","protected":false},"excerpt":{"rendered":"<p>Gotowe desery z\u017celowane, kt\u00f3re wzorowane s\u0105 na najbardziej wyrafinowanych deserach z r\u00f3\u017cnych stron \u015bwiata, ci\u0105gle zyskuj\u0105 na popularno\u015bci, a i ich oferta stale si\u0119 poszerza. Do przyk\u0142adowych produkt\u00f3w tego typu nale\u017c\u0105: Cr\u00e8me caramel \u2013 delikatnie z\u017celowany pudding z\u00a0karmelizowanym cukrem \/ &hellip; <a class=\"continue-reading\" href=\"https:\/\/katech-solutions.com\/pl\/desery\/deser-zzelowany\/\">Czytaj dalej <span class=\"meta-nav\">&rarr;<\/span><\/a><\/p>\n","protected":false},"author":28,"featured_media":0,"parent":7377,"menu_order":2,"comment_status":"closed","ping_status":"open","template":"","meta":{"_acf_changed":false,"footnotes":""},"class_list":["post-7398","page","type-page","status-publish","hentry"],"acf":[],"yoast_head":"<!-- This site is optimized with the Yoast SEO plugin v27.2 - https:\/\/yoast.com\/product\/yoast-seo-wordpress\/ -->\n<title>Deser z\u017celowany |<\/title>\n<meta name=\"robots\" content=\"index, follow, max-snippet:-1, max-image-preview:large, max-video-preview:-1\" \/>\n<link rel=\"canonical\" href=\"https:\/\/katech-solutions.com\/pl\/desery\/deser-zzelowany\/\" \/>\n<meta property=\"og:locale\" content=\"pl_PL\" \/>\n<meta property=\"og:type\" content=\"article\" \/>\n<meta property=\"og:title\" content=\"Deser z\u017celowany |\" \/>\n<meta property=\"og:description\" content=\"Gotowe desery z\u017celowane, kt\u00f3re wzorowane s\u0105 na najbardziej wyrafinowanych deserach z r\u00f3\u017cnych stron \u015bwiata, ci\u0105gle zyskuj\u0105 na popularno\u015bci, a i ich oferta stale si\u0119 poszerza. Do przyk\u0142adowych produkt\u00f3w tego typu nale\u017c\u0105: Cr\u00e8me caramel \u2013 delikatnie z\u017celowany pudding z\u00a0karmelizowanym cukrem \/ &hellip; Czytaj dalej &rarr;\" \/>\n<meta property=\"og:url\" content=\"https:\/\/katech-solutions.com\/pl\/desery\/deser-zzelowany\/\" \/>\n<meta property=\"og:site_name\" content=\"KaTech\" \/>\n<meta property=\"article:modified_time\" content=\"2017-11-03T10:12:36+00:00\" \/>\n<meta name=\"twitter:label1\" content=\"Szacowany czas czytania\" \/>\n\t<meta name=\"twitter:data1\" content=\"1 minuta\" \/>\n<script type=\"application\/ld+json\" class=\"yoast-schema-graph\">{\"@context\":\"https:\/\/schema.org\",\"@graph\":[{\"@type\":\"WebPage\",\"@id\":\"https:\/\/katech-solutions.com\/pl\/desery\/deser-zzelowany\/\",\"url\":\"https:\/\/katech-solutions.com\/pl\/desery\/deser-zzelowany\/\",\"name\":\"Deser z\u017celowany |\",\"isPartOf\":{\"@id\":\"https:\/\/katech-solutions.com\/#website\"},\"datePublished\":\"2016-08-04T16:20:10+00:00\",\"dateModified\":\"2017-11-03T10:12:36+00:00\",\"breadcrumb\":{\"@id\":\"https:\/\/katech-solutions.com\/pl\/desery\/deser-zzelowany\/#breadcrumb\"},\"inLanguage\":\"pl-PL\",\"potentialAction\":[{\"@type\":\"ReadAction\",\"target\":[\"https:\/\/katech-solutions.com\/pl\/desery\/deser-zzelowany\/\"]}]},{\"@type\":\"BreadcrumbList\",\"@id\":\"https:\/\/katech-solutions.com\/pl\/desery\/deser-zzelowany\/#breadcrumb\",\"itemListElement\":[{\"@type\":\"ListItem\",\"position\":1,\"name\":\"Desery\",\"item\":\"https:\/\/katech-solutions.com\/pl\/desery\/\"},{\"@type\":\"ListItem\",\"position\":2,\"name\":\"Deser z\u017celowany\"}]},{\"@type\":\"WebSite\",\"@id\":\"https:\/\/katech-solutions.com\/#website\",\"url\":\"https:\/\/katech-solutions.com\/\",\"name\":\"KaTech\",\"description\":\"\",\"potentialAction\":[{\"@type\":\"SearchAction\",\"target\":{\"@type\":\"EntryPoint\",\"urlTemplate\":\"https:\/\/katech-solutions.com\/?s={search_term_string}\"},\"query-input\":{\"@type\":\"PropertyValueSpecification\",\"valueRequired\":true,\"valueName\":\"search_term_string\"}}],\"inLanguage\":\"pl-PL\"}]}<\/script>\n<!-- \/ Yoast SEO plugin. -->","yoast_head_json":{"title":"Deser z\u017celowany |","robots":{"index":"index","follow":"follow","max-snippet":"max-snippet:-1","max-image-preview":"max-image-preview:large","max-video-preview":"max-video-preview:-1"},"canonical":"https:\/\/katech-solutions.com\/pl\/desery\/deser-zzelowany\/","og_locale":"pl_PL","og_type":"article","og_title":"Deser z\u017celowany |","og_description":"Gotowe desery z\u017celowane, kt\u00f3re wzorowane s\u0105 na najbardziej wyrafinowanych deserach z r\u00f3\u017cnych stron \u015bwiata, ci\u0105gle zyskuj\u0105 na popularno\u015bci, a i ich oferta stale si\u0119 poszerza. Do przyk\u0142adowych produkt\u00f3w tego typu nale\u017c\u0105: Cr\u00e8me caramel \u2013 delikatnie z\u017celowany pudding z\u00a0karmelizowanym cukrem \/ &hellip; Czytaj dalej &rarr;","og_url":"https:\/\/katech-solutions.com\/pl\/desery\/deser-zzelowany\/","og_site_name":"KaTech","article_modified_time":"2017-11-03T10:12:36+00:00","twitter_misc":{"Szacowany czas czytania":"1 minuta"},"schema":{"@context":"https:\/\/schema.org","@graph":[{"@type":"WebPage","@id":"https:\/\/katech-solutions.com\/pl\/desery\/deser-zzelowany\/","url":"https:\/\/katech-solutions.com\/pl\/desery\/deser-zzelowany\/","name":"Deser z\u017celowany |","isPartOf":{"@id":"https:\/\/katech-solutions.com\/#website"},"datePublished":"2016-08-04T16:20:10+00:00","dateModified":"2017-11-03T10:12:36+00:00","breadcrumb":{"@id":"https:\/\/katech-solutions.com\/pl\/desery\/deser-zzelowany\/#breadcrumb"},"inLanguage":"pl-PL","potentialAction":[{"@type":"ReadAction","target":["https:\/\/katech-solutions.com\/pl\/desery\/deser-zzelowany\/"]}]},{"@type":"BreadcrumbList","@id":"https:\/\/katech-solutions.com\/pl\/desery\/deser-zzelowany\/#breadcrumb","itemListElement":[{"@type":"ListItem","position":1,"name":"Desery","item":"https:\/\/katech-solutions.com\/pl\/desery\/"},{"@type":"ListItem","position":2,"name":"Deser z\u017celowany"}]},{"@type":"WebSite","@id":"https:\/\/katech-solutions.com\/#website","url":"https:\/\/katech-solutions.com\/","name":"KaTech","description":"","potentialAction":[{"@type":"SearchAction","target":{"@type":"EntryPoint","urlTemplate":"https:\/\/katech-solutions.com\/?s={search_term_string}"},"query-input":{"@type":"PropertyValueSpecification","valueRequired":true,"valueName":"search_term_string"}}],"inLanguage":"pl-PL"}]}},"_links":{"self":[{"href":"https:\/\/katech-solutions.com\/pl\/wp-json\/wp\/v2\/pages\/7398","targetHints":{"allow":["GET"]}}],"collection":[{"href":"https:\/\/katech-solutions.com\/pl\/wp-json\/wp\/v2\/pages"}],"about":[{"href":"https:\/\/katech-solutions.com\/pl\/wp-json\/wp\/v2\/types\/page"}],"author":[{"embeddable":true,"href":"https:\/\/katech-solutions.com\/pl\/wp-json\/wp\/v2\/users\/28"}],"replies":[{"embeddable":true,"href":"https:\/\/katech-solutions.com\/pl\/wp-json\/wp\/v2\/comments?post=7398"}],"version-history":[{"count":4,"href":"https:\/\/katech-solutions.com\/pl\/wp-json\/wp\/v2\/pages\/7398\/revisions"}],"predecessor-version":[{"id":8536,"href":"https:\/\/katech-solutions.com\/pl\/wp-json\/wp\/v2\/pages\/7398\/revisions\/8536"}],"up":[{"embeddable":true,"href":"https:\/\/katech-solutions.com\/pl\/wp-json\/wp\/v2\/pages\/7377"}],"wp:attachment":[{"href":"https:\/\/katech-solutions.com\/pl\/wp-json\/wp\/v2\/media?parent=7398"}],"curies":[{"name":"wp","href":"https:\/\/api.w.org\/{rel}","templated":true}]}}