{"id":7397,"date":"2016-08-04T16:20:01","date_gmt":"2016-08-04T16:20:01","guid":{"rendered":"https:\/\/www.khpartner.com\/pl\/?page_id=7397"},"modified":"2016-10-24T16:00:55","modified_gmt":"2016-10-24T16:00:55","slug":"dipy","status":"publish","type":"page","link":"https:\/\/katech-solutions.com\/pl\/dipy\/","title":{"rendered":"Dipy"},"content":{"rendered":"<h2>Dipy<\/h2>\n<p style=\"text-align: justify;\">Dipy (z ang. <em>to dip<\/em> \u2013 zanurzy\u0107, zamoczy\u0107) s\u0105 produktami na\u00a0granicy gdzie\u015b pomi\u0119dzy sosem a majonezem. Najcz\u0119\u015bciej podaje si\u0119 razem z przek\u0105skami lub po\u017cywieniem typu <em>finger food. <\/em>Cechuje je bardzo szeroka gama smak\u00f3w i tekstur. Smak mo\u017ce by\u0107 na przyk\u0142ad s\u0142odki, pikantny, \u0142agodny lub ostry, a\u00a0tekstura g\u0119sta (jak humus), rzadka (jak oliwa z oliwek), kremowa (jak \u015bmietana) lub nawet przypominaj\u0105ca zup\u0119 (jak salsa).<\/p>\n<p style=\"text-align: justify;\">Idealne dipy poza wyrazistym smakiem, kt\u00f3ry zawdzi\u0119czaj\u0105 aromatycznym zio\u0142om, marynatom, owocom, czy przyprawom\u00a0dobrze przylegaj\u0105 do przek\u0105sek, a co najwa\u017cniejsze \u2026 nie kapi\u0105.<\/p>\n","protected":false},"excerpt":{"rendered":"<p>Dipy Dipy (z ang. to dip \u2013 zanurzy\u0107, zamoczy\u0107) s\u0105 produktami na\u00a0granicy gdzie\u015b pomi\u0119dzy sosem a majonezem. Najcz\u0119\u015bciej podaje si\u0119 razem z przek\u0105skami lub po\u017cywieniem typu finger food. Cechuje je bardzo szeroka gama smak\u00f3w i tekstur. Smak mo\u017ce by\u0107 na &hellip; <a class=\"continue-reading\" href=\"https:\/\/katech-solutions.com\/pl\/dipy\/\">Czytaj dalej <span class=\"meta-nav\">&rarr;<\/span><\/a><\/p>\n","protected":false},"author":3,"featured_media":0,"parent":0,"menu_order":2,"comment_status":"closed","ping_status":"open","template":"layout-content-3.php","meta":{"_acf_changed":false,"footnotes":""},"class_list":["post-7397","page","type-page","status-publish","hentry"],"acf":[],"yoast_head":"<!-- This site is optimized with the Yoast SEO plugin v27.2 - https:\/\/yoast.com\/product\/yoast-seo-wordpress\/ -->\n<title>Dipy |<\/title>\n<meta name=\"robots\" content=\"index, follow, max-snippet:-1, max-image-preview:large, max-video-preview:-1\" \/>\n<link rel=\"canonical\" href=\"https:\/\/katech-solutions.com\/pl\/dipy\/\" \/>\n<meta property=\"og:locale\" content=\"pl_PL\" \/>\n<meta property=\"og:type\" content=\"article\" \/>\n<meta property=\"og:title\" content=\"Dipy |\" \/>\n<meta property=\"og:description\" content=\"Dipy Dipy (z ang. to dip \u2013 zanurzy\u0107, zamoczy\u0107) s\u0105 produktami na\u00a0granicy gdzie\u015b pomi\u0119dzy sosem a majonezem. Najcz\u0119\u015bciej podaje si\u0119 razem z przek\u0105skami lub po\u017cywieniem typu finger food. Cechuje je bardzo szeroka gama smak\u00f3w i tekstur. Smak mo\u017ce by\u0107 na &hellip; Czytaj dalej &rarr;\" \/>\n<meta property=\"og:url\" content=\"https:\/\/katech-solutions.com\/pl\/dipy\/\" \/>\n<meta property=\"og:site_name\" content=\"KaTech\" \/>\n<meta property=\"article:modified_time\" content=\"2016-10-24T16:00:55+00:00\" \/>\n<meta name=\"twitter:label1\" content=\"Szacowany czas czytania\" \/>\n\t<meta name=\"twitter:data1\" content=\"1 minuta\" \/>\n<script type=\"application\/ld+json\" class=\"yoast-schema-graph\">{\"@context\":\"https:\/\/schema.org\",\"@graph\":[{\"@type\":\"WebPage\",\"@id\":\"https:\/\/katech-solutions.com\/pl\/dipy\/\",\"url\":\"https:\/\/katech-solutions.com\/pl\/dipy\/\",\"name\":\"Dipy |\",\"isPartOf\":{\"@id\":\"https:\/\/katech-solutions.com\/#website\"},\"datePublished\":\"2016-08-04T16:20:01+00:00\",\"dateModified\":\"2016-10-24T16:00:55+00:00\",\"inLanguage\":\"pl-PL\",\"potentialAction\":[{\"@type\":\"ReadAction\",\"target\":[\"https:\/\/katech-solutions.com\/pl\/dipy\/\"]}]},{\"@type\":\"WebSite\",\"@id\":\"https:\/\/katech-solutions.com\/#website\",\"url\":\"https:\/\/katech-solutions.com\/\",\"name\":\"KaTech\",\"description\":\"\",\"potentialAction\":[{\"@type\":\"SearchAction\",\"target\":{\"@type\":\"EntryPoint\",\"urlTemplate\":\"https:\/\/katech-solutions.com\/?s={search_term_string}\"},\"query-input\":{\"@type\":\"PropertyValueSpecification\",\"valueRequired\":true,\"valueName\":\"search_term_string\"}}],\"inLanguage\":\"pl-PL\"}]}<\/script>\n<!-- \/ Yoast SEO plugin. -->","yoast_head_json":{"title":"Dipy |","robots":{"index":"index","follow":"follow","max-snippet":"max-snippet:-1","max-image-preview":"max-image-preview:large","max-video-preview":"max-video-preview:-1"},"canonical":"https:\/\/katech-solutions.com\/pl\/dipy\/","og_locale":"pl_PL","og_type":"article","og_title":"Dipy |","og_description":"Dipy Dipy (z ang. to dip \u2013 zanurzy\u0107, zamoczy\u0107) s\u0105 produktami na\u00a0granicy gdzie\u015b pomi\u0119dzy sosem a majonezem. Najcz\u0119\u015bciej podaje si\u0119 razem z przek\u0105skami lub po\u017cywieniem typu finger food. Cechuje je bardzo szeroka gama smak\u00f3w i tekstur. Smak mo\u017ce by\u0107 na &hellip; Czytaj dalej &rarr;","og_url":"https:\/\/katech-solutions.com\/pl\/dipy\/","og_site_name":"KaTech","article_modified_time":"2016-10-24T16:00:55+00:00","twitter_misc":{"Szacowany czas czytania":"1 minuta"},"schema":{"@context":"https:\/\/schema.org","@graph":[{"@type":"WebPage","@id":"https:\/\/katech-solutions.com\/pl\/dipy\/","url":"https:\/\/katech-solutions.com\/pl\/dipy\/","name":"Dipy |","isPartOf":{"@id":"https:\/\/katech-solutions.com\/#website"},"datePublished":"2016-08-04T16:20:01+00:00","dateModified":"2016-10-24T16:00:55+00:00","inLanguage":"pl-PL","potentialAction":[{"@type":"ReadAction","target":["https:\/\/katech-solutions.com\/pl\/dipy\/"]}]},{"@type":"WebSite","@id":"https:\/\/katech-solutions.com\/#website","url":"https:\/\/katech-solutions.com\/","name":"KaTech","description":"","potentialAction":[{"@type":"SearchAction","target":{"@type":"EntryPoint","urlTemplate":"https:\/\/katech-solutions.com\/?s={search_term_string}"},"query-input":{"@type":"PropertyValueSpecification","valueRequired":true,"valueName":"search_term_string"}}],"inLanguage":"pl-PL"}]}},"_links":{"self":[{"href":"https:\/\/katech-solutions.com\/pl\/wp-json\/wp\/v2\/pages\/7397","targetHints":{"allow":["GET"]}}],"collection":[{"href":"https:\/\/katech-solutions.com\/pl\/wp-json\/wp\/v2\/pages"}],"about":[{"href":"https:\/\/katech-solutions.com\/pl\/wp-json\/wp\/v2\/types\/page"}],"author":[{"embeddable":true,"href":"https:\/\/katech-solutions.com\/pl\/wp-json\/wp\/v2\/users\/3"}],"replies":[{"embeddable":true,"href":"https:\/\/katech-solutions.com\/pl\/wp-json\/wp\/v2\/comments?post=7397"}],"version-history":[{"count":3,"href":"https:\/\/katech-solutions.com\/pl\/wp-json\/wp\/v2\/pages\/7397\/revisions"}],"predecessor-version":[{"id":7658,"href":"https:\/\/katech-solutions.com\/pl\/wp-json\/wp\/v2\/pages\/7397\/revisions\/7658"}],"wp:attachment":[{"href":"https:\/\/katech-solutions.com\/pl\/wp-json\/wp\/v2\/media?parent=7397"}],"curies":[{"name":"wp","href":"https:\/\/api.w.org\/{rel}","templated":true}]}}