{"id":7395,"date":"2016-08-04T16:18:35","date_gmt":"2016-08-04T16:18:35","guid":{"rendered":"https:\/\/www.khpartner.com\/pl\/?page_id=7395"},"modified":"2017-11-03T10:10:25","modified_gmt":"2017-11-03T10:10:25","slug":"mus-owocowy","status":"publish","type":"page","link":"https:\/\/katech-solutions.com\/pl\/desery\/mus-owocowy\/","title":{"rendered":"Mus owocowy"},"content":{"rendered":"<p style=\"text-align: justify;\">Musy owocowe ciesz\u0105 si\u0119 w ostatnich latach rosn\u0105c\u0105 popularno\u015bci\u0105. Mus owocowy to produkt, kt\u00f3ry wytwarza si\u0119 na przyk\u0142ad na bazie ubitych bia\u0142ek jajka lub ubitej \u015bmietanki. Nast\u0119pnie, dodaje si\u0119 do nich przecier owocowy, a ca\u0142o\u015b\u0107 napowietrza, najcz\u0119\u015bciej za pomoc\u0105 azotu. W zale\u017cno\u015bci od technologii produkcji i receptury, cechowa\u0107 go mo\u017ce r\u00f3\u017cnorodna konsystencja: od bardzo lekkiej i puszystej, po bardziej zwart\u0105 i kremow\u0105.<\/p>\n<p style=\"text-align: justify;\">Przy produkcji musu owocowego istnieje wiele aspekt\u00f3w w odniesieniu do receptury, procesu produkcyjnego i cech gotowego produktu, kt\u00f3re musz\u0105 by\u0107 wzi\u0119te pod uwag\u0119. Nale\u017c\u0105 do nich: pH (oboj\u0119tne lub kwasowe), u\u017cyte dodatki, zawarto\u015b\u0107 owoc\u00f3w, poziom napowietrzenia, tekstura i odczucie w ustach.<\/p>\n","protected":false},"excerpt":{"rendered":"<p>Musy owocowe ciesz\u0105 si\u0119 w ostatnich latach rosn\u0105c\u0105 popularno\u015bci\u0105. Mus owocowy to produkt, kt\u00f3ry wytwarza si\u0119 na przyk\u0142ad na bazie ubitych bia\u0142ek jajka lub ubitej \u015bmietanki. Nast\u0119pnie, dodaje si\u0119 do nich przecier owocowy, a ca\u0142o\u015b\u0107 napowietrza, najcz\u0119\u015bciej za pomoc\u0105 azotu. &hellip; <a class=\"continue-reading\" href=\"https:\/\/katech-solutions.com\/pl\/desery\/mus-owocowy\/\">Czytaj dalej <span class=\"meta-nav\">&rarr;<\/span><\/a><\/p>\n","protected":false},"author":28,"featured_media":0,"parent":7377,"menu_order":2,"comment_status":"closed","ping_status":"open","template":"","meta":{"_acf_changed":false,"footnotes":""},"class_list":["post-7395","page","type-page","status-publish","hentry"],"acf":[],"yoast_head":"<!-- This site is optimized with the Yoast SEO plugin v27.2 - https:\/\/yoast.com\/product\/yoast-seo-wordpress\/ -->\n<title>Mus owocowy |<\/title>\n<meta name=\"robots\" content=\"index, follow, max-snippet:-1, max-image-preview:large, max-video-preview:-1\" \/>\n<link rel=\"canonical\" href=\"https:\/\/katech-solutions.com\/pl\/desery\/mus-owocowy\/\" \/>\n<meta property=\"og:locale\" content=\"pl_PL\" \/>\n<meta property=\"og:type\" content=\"article\" \/>\n<meta property=\"og:title\" content=\"Mus owocowy |\" \/>\n<meta property=\"og:description\" content=\"Musy owocowe ciesz\u0105 si\u0119 w ostatnich latach rosn\u0105c\u0105 popularno\u015bci\u0105. Mus owocowy to produkt, kt\u00f3ry wytwarza si\u0119 na przyk\u0142ad na bazie ubitych bia\u0142ek jajka lub ubitej \u015bmietanki. Nast\u0119pnie, dodaje si\u0119 do nich przecier owocowy, a ca\u0142o\u015b\u0107 napowietrza, najcz\u0119\u015bciej za pomoc\u0105 azotu. &hellip; Czytaj dalej &rarr;\" \/>\n<meta property=\"og:url\" content=\"https:\/\/katech-solutions.com\/pl\/desery\/mus-owocowy\/\" \/>\n<meta property=\"og:site_name\" content=\"KaTech\" \/>\n<meta property=\"article:modified_time\" content=\"2017-11-03T10:10:25+00:00\" \/>\n<meta name=\"twitter:label1\" content=\"Szacowany czas czytania\" \/>\n\t<meta name=\"twitter:data1\" content=\"1 minuta\" \/>\n<script type=\"application\/ld+json\" class=\"yoast-schema-graph\">{\"@context\":\"https:\/\/schema.org\",\"@graph\":[{\"@type\":\"WebPage\",\"@id\":\"https:\/\/katech-solutions.com\/pl\/desery\/mus-owocowy\/\",\"url\":\"https:\/\/katech-solutions.com\/pl\/desery\/mus-owocowy\/\",\"name\":\"Mus owocowy |\",\"isPartOf\":{\"@id\":\"https:\/\/katech-solutions.com\/#website\"},\"datePublished\":\"2016-08-04T16:18:35+00:00\",\"dateModified\":\"2017-11-03T10:10:25+00:00\",\"breadcrumb\":{\"@id\":\"https:\/\/katech-solutions.com\/pl\/desery\/mus-owocowy\/#breadcrumb\"},\"inLanguage\":\"pl-PL\",\"potentialAction\":[{\"@type\":\"ReadAction\",\"target\":[\"https:\/\/katech-solutions.com\/pl\/desery\/mus-owocowy\/\"]}]},{\"@type\":\"BreadcrumbList\",\"@id\":\"https:\/\/katech-solutions.com\/pl\/desery\/mus-owocowy\/#breadcrumb\",\"itemListElement\":[{\"@type\":\"ListItem\",\"position\":1,\"name\":\"Desery\",\"item\":\"https:\/\/katech-solutions.com\/pl\/desery\/\"},{\"@type\":\"ListItem\",\"position\":2,\"name\":\"Mus owocowy\"}]},{\"@type\":\"WebSite\",\"@id\":\"https:\/\/katech-solutions.com\/#website\",\"url\":\"https:\/\/katech-solutions.com\/\",\"name\":\"KaTech\",\"description\":\"\",\"potentialAction\":[{\"@type\":\"SearchAction\",\"target\":{\"@type\":\"EntryPoint\",\"urlTemplate\":\"https:\/\/katech-solutions.com\/?s={search_term_string}\"},\"query-input\":{\"@type\":\"PropertyValueSpecification\",\"valueRequired\":true,\"valueName\":\"search_term_string\"}}],\"inLanguage\":\"pl-PL\"}]}<\/script>\n<!-- \/ Yoast SEO plugin. -->","yoast_head_json":{"title":"Mus owocowy |","robots":{"index":"index","follow":"follow","max-snippet":"max-snippet:-1","max-image-preview":"max-image-preview:large","max-video-preview":"max-video-preview:-1"},"canonical":"https:\/\/katech-solutions.com\/pl\/desery\/mus-owocowy\/","og_locale":"pl_PL","og_type":"article","og_title":"Mus owocowy |","og_description":"Musy owocowe ciesz\u0105 si\u0119 w ostatnich latach rosn\u0105c\u0105 popularno\u015bci\u0105. Mus owocowy to produkt, kt\u00f3ry wytwarza si\u0119 na przyk\u0142ad na bazie ubitych bia\u0142ek jajka lub ubitej \u015bmietanki. Nast\u0119pnie, dodaje si\u0119 do nich przecier owocowy, a ca\u0142o\u015b\u0107 napowietrza, najcz\u0119\u015bciej za pomoc\u0105 azotu. &hellip; Czytaj dalej &rarr;","og_url":"https:\/\/katech-solutions.com\/pl\/desery\/mus-owocowy\/","og_site_name":"KaTech","article_modified_time":"2017-11-03T10:10:25+00:00","twitter_misc":{"Szacowany czas czytania":"1 minuta"},"schema":{"@context":"https:\/\/schema.org","@graph":[{"@type":"WebPage","@id":"https:\/\/katech-solutions.com\/pl\/desery\/mus-owocowy\/","url":"https:\/\/katech-solutions.com\/pl\/desery\/mus-owocowy\/","name":"Mus owocowy |","isPartOf":{"@id":"https:\/\/katech-solutions.com\/#website"},"datePublished":"2016-08-04T16:18:35+00:00","dateModified":"2017-11-03T10:10:25+00:00","breadcrumb":{"@id":"https:\/\/katech-solutions.com\/pl\/desery\/mus-owocowy\/#breadcrumb"},"inLanguage":"pl-PL","potentialAction":[{"@type":"ReadAction","target":["https:\/\/katech-solutions.com\/pl\/desery\/mus-owocowy\/"]}]},{"@type":"BreadcrumbList","@id":"https:\/\/katech-solutions.com\/pl\/desery\/mus-owocowy\/#breadcrumb","itemListElement":[{"@type":"ListItem","position":1,"name":"Desery","item":"https:\/\/katech-solutions.com\/pl\/desery\/"},{"@type":"ListItem","position":2,"name":"Mus owocowy"}]},{"@type":"WebSite","@id":"https:\/\/katech-solutions.com\/#website","url":"https:\/\/katech-solutions.com\/","name":"KaTech","description":"","potentialAction":[{"@type":"SearchAction","target":{"@type":"EntryPoint","urlTemplate":"https:\/\/katech-solutions.com\/?s={search_term_string}"},"query-input":{"@type":"PropertyValueSpecification","valueRequired":true,"valueName":"search_term_string"}}],"inLanguage":"pl-PL"}]}},"_links":{"self":[{"href":"https:\/\/katech-solutions.com\/pl\/wp-json\/wp\/v2\/pages\/7395","targetHints":{"allow":["GET"]}}],"collection":[{"href":"https:\/\/katech-solutions.com\/pl\/wp-json\/wp\/v2\/pages"}],"about":[{"href":"https:\/\/katech-solutions.com\/pl\/wp-json\/wp\/v2\/types\/page"}],"author":[{"embeddable":true,"href":"https:\/\/katech-solutions.com\/pl\/wp-json\/wp\/v2\/users\/28"}],"replies":[{"embeddable":true,"href":"https:\/\/katech-solutions.com\/pl\/wp-json\/wp\/v2\/comments?post=7395"}],"version-history":[{"count":3,"href":"https:\/\/katech-solutions.com\/pl\/wp-json\/wp\/v2\/pages\/7395\/revisions"}],"predecessor-version":[{"id":8534,"href":"https:\/\/katech-solutions.com\/pl\/wp-json\/wp\/v2\/pages\/7395\/revisions\/8534"}],"up":[{"embeddable":true,"href":"https:\/\/katech-solutions.com\/pl\/wp-json\/wp\/v2\/pages\/7377"}],"wp:attachment":[{"href":"https:\/\/katech-solutions.com\/pl\/wp-json\/wp\/v2\/media?parent=7395"}],"curies":[{"name":"wp","href":"https:\/\/api.w.org\/{rel}","templated":true}]}}