{"id":7393,"date":"2016-08-04T16:16:59","date_gmt":"2016-08-04T16:16:59","guid":{"rendered":"https:\/\/www.khpartner.com\/pl\/?page_id=7393"},"modified":"2017-11-03T10:09:37","modified_gmt":"2017-11-03T10:09:37","slug":"sernik","status":"publish","type":"page","link":"https:\/\/katech-solutions.com\/pl\/desery\/sernik\/","title":{"rendered":"Sernik"},"content":{"rendered":"<p style=\"text-align: justify;\">Historia sernika jest d\u0142uga i ciekawa. Si\u0119ga czas\u00f3w staro\u017cytnych. \u00d3wczesny sernik stanowi\u0142 nie lada rarytas. Nagradzano nim olimpijczyk\u00f3w, kt\u00f3rzy zwyci\u0119\u017cali w igrzyskach. Wzmianki historyczne na ten temat pochodz\u0105 z czas\u00f3w pierwszych udokumentowanych igrzysk olimpijskich w 776 p.n.e. Nast\u0119pnie, Rzymianie upowszechnili sernik w ca\u0142ej Europie, a stulecia p\u00f3\u017aniej dotar\u0142 on tak\u017ce do Ameryki.<\/p>\n<p style=\"text-align: justify;\">Na kontynencie ameryka\u0144skim przepis zmodyfikowano, a do wypieku zacz\u0119to u\u017cywa\u0107 serka \u015bmietankowego. W XX wieku natomiast wymy\u015blono klasyczny sernik nowojorski.<\/p>\n<p style=\"text-align: justify;\">W obecnych czasach tradycyjny pieczony sernik wytwarzany jest przez firmy z bran\u017cy piekarniczej i cukierniczej. Innym wariantem sernika, kt\u00f3ry z kolei mo\u017ce by\u0107 produkowany przez firmy z bran\u017cy mleczarskiej jest napowietrzany produkt na zimno, kt\u00f3ry jest porcjowany i sprzedawany w ma\u0142ych opakowaniach.<\/p>\n","protected":false},"excerpt":{"rendered":"<p>Historia sernika jest d\u0142uga i ciekawa. Si\u0119ga czas\u00f3w staro\u017cytnych. \u00d3wczesny sernik stanowi\u0142 nie lada rarytas. Nagradzano nim olimpijczyk\u00f3w, kt\u00f3rzy zwyci\u0119\u017cali w igrzyskach. Wzmianki historyczne na ten temat pochodz\u0105 z czas\u00f3w pierwszych udokumentowanych igrzysk olimpijskich w 776 p.n.e. Nast\u0119pnie, Rzymianie upowszechnili &hellip; <a class=\"continue-reading\" href=\"https:\/\/katech-solutions.com\/pl\/desery\/sernik\/\">Czytaj dalej <span class=\"meta-nav\">&rarr;<\/span><\/a><\/p>\n","protected":false},"author":28,"featured_media":0,"parent":7377,"menu_order":2,"comment_status":"closed","ping_status":"closed","template":"","meta":{"_acf_changed":false,"footnotes":""},"class_list":["post-7393","page","type-page","status-publish","hentry"],"acf":[],"yoast_head":"<!-- This site is optimized with the Yoast SEO plugin v27.2 - https:\/\/yoast.com\/product\/yoast-seo-wordpress\/ -->\n<title>Sernik |<\/title>\n<meta name=\"robots\" content=\"index, follow, max-snippet:-1, max-image-preview:large, max-video-preview:-1\" \/>\n<link rel=\"canonical\" href=\"https:\/\/katech-solutions.com\/pl\/desery\/sernik\/\" \/>\n<meta property=\"og:locale\" content=\"pl_PL\" \/>\n<meta property=\"og:type\" content=\"article\" \/>\n<meta property=\"og:title\" content=\"Sernik |\" \/>\n<meta property=\"og:description\" content=\"Historia sernika jest d\u0142uga i ciekawa. Si\u0119ga czas\u00f3w staro\u017cytnych. \u00d3wczesny sernik stanowi\u0142 nie lada rarytas. Nagradzano nim olimpijczyk\u00f3w, kt\u00f3rzy zwyci\u0119\u017cali w igrzyskach. Wzmianki historyczne na ten temat pochodz\u0105 z czas\u00f3w pierwszych udokumentowanych igrzysk olimpijskich w 776 p.n.e. Nast\u0119pnie, Rzymianie upowszechnili &hellip; Czytaj dalej &rarr;\" \/>\n<meta property=\"og:url\" content=\"https:\/\/katech-solutions.com\/pl\/desery\/sernik\/\" \/>\n<meta property=\"og:site_name\" content=\"KaTech\" \/>\n<meta property=\"article:modified_time\" content=\"2017-11-03T10:09:37+00:00\" \/>\n<meta name=\"twitter:label1\" content=\"Szacowany czas czytania\" \/>\n\t<meta name=\"twitter:data1\" content=\"1 minuta\" \/>\n<script type=\"application\/ld+json\" class=\"yoast-schema-graph\">{\"@context\":\"https:\/\/schema.org\",\"@graph\":[{\"@type\":\"WebPage\",\"@id\":\"https:\/\/katech-solutions.com\/pl\/desery\/sernik\/\",\"url\":\"https:\/\/katech-solutions.com\/pl\/desery\/sernik\/\",\"name\":\"Sernik |\",\"isPartOf\":{\"@id\":\"https:\/\/katech-solutions.com\/#website\"},\"datePublished\":\"2016-08-04T16:16:59+00:00\",\"dateModified\":\"2017-11-03T10:09:37+00:00\",\"breadcrumb\":{\"@id\":\"https:\/\/katech-solutions.com\/pl\/desery\/sernik\/#breadcrumb\"},\"inLanguage\":\"pl-PL\",\"potentialAction\":[{\"@type\":\"ReadAction\",\"target\":[\"https:\/\/katech-solutions.com\/pl\/desery\/sernik\/\"]}]},{\"@type\":\"BreadcrumbList\",\"@id\":\"https:\/\/katech-solutions.com\/pl\/desery\/sernik\/#breadcrumb\",\"itemListElement\":[{\"@type\":\"ListItem\",\"position\":1,\"name\":\"Desery\",\"item\":\"https:\/\/katech-solutions.com\/pl\/desery\/\"},{\"@type\":\"ListItem\",\"position\":2,\"name\":\"Sernik\"}]},{\"@type\":\"WebSite\",\"@id\":\"https:\/\/katech-solutions.com\/#website\",\"url\":\"https:\/\/katech-solutions.com\/\",\"name\":\"KaTech\",\"description\":\"\",\"potentialAction\":[{\"@type\":\"SearchAction\",\"target\":{\"@type\":\"EntryPoint\",\"urlTemplate\":\"https:\/\/katech-solutions.com\/?s={search_term_string}\"},\"query-input\":{\"@type\":\"PropertyValueSpecification\",\"valueRequired\":true,\"valueName\":\"search_term_string\"}}],\"inLanguage\":\"pl-PL\"}]}<\/script>\n<!-- \/ Yoast SEO plugin. -->","yoast_head_json":{"title":"Sernik |","robots":{"index":"index","follow":"follow","max-snippet":"max-snippet:-1","max-image-preview":"max-image-preview:large","max-video-preview":"max-video-preview:-1"},"canonical":"https:\/\/katech-solutions.com\/pl\/desery\/sernik\/","og_locale":"pl_PL","og_type":"article","og_title":"Sernik |","og_description":"Historia sernika jest d\u0142uga i ciekawa. Si\u0119ga czas\u00f3w staro\u017cytnych. \u00d3wczesny sernik stanowi\u0142 nie lada rarytas. Nagradzano nim olimpijczyk\u00f3w, kt\u00f3rzy zwyci\u0119\u017cali w igrzyskach. Wzmianki historyczne na ten temat pochodz\u0105 z czas\u00f3w pierwszych udokumentowanych igrzysk olimpijskich w 776 p.n.e. Nast\u0119pnie, Rzymianie upowszechnili &hellip; Czytaj dalej &rarr;","og_url":"https:\/\/katech-solutions.com\/pl\/desery\/sernik\/","og_site_name":"KaTech","article_modified_time":"2017-11-03T10:09:37+00:00","twitter_misc":{"Szacowany czas czytania":"1 minuta"},"schema":{"@context":"https:\/\/schema.org","@graph":[{"@type":"WebPage","@id":"https:\/\/katech-solutions.com\/pl\/desery\/sernik\/","url":"https:\/\/katech-solutions.com\/pl\/desery\/sernik\/","name":"Sernik |","isPartOf":{"@id":"https:\/\/katech-solutions.com\/#website"},"datePublished":"2016-08-04T16:16:59+00:00","dateModified":"2017-11-03T10:09:37+00:00","breadcrumb":{"@id":"https:\/\/katech-solutions.com\/pl\/desery\/sernik\/#breadcrumb"},"inLanguage":"pl-PL","potentialAction":[{"@type":"ReadAction","target":["https:\/\/katech-solutions.com\/pl\/desery\/sernik\/"]}]},{"@type":"BreadcrumbList","@id":"https:\/\/katech-solutions.com\/pl\/desery\/sernik\/#breadcrumb","itemListElement":[{"@type":"ListItem","position":1,"name":"Desery","item":"https:\/\/katech-solutions.com\/pl\/desery\/"},{"@type":"ListItem","position":2,"name":"Sernik"}]},{"@type":"WebSite","@id":"https:\/\/katech-solutions.com\/#website","url":"https:\/\/katech-solutions.com\/","name":"KaTech","description":"","potentialAction":[{"@type":"SearchAction","target":{"@type":"EntryPoint","urlTemplate":"https:\/\/katech-solutions.com\/?s={search_term_string}"},"query-input":{"@type":"PropertyValueSpecification","valueRequired":true,"valueName":"search_term_string"}}],"inLanguage":"pl-PL"}]}},"_links":{"self":[{"href":"https:\/\/katech-solutions.com\/pl\/wp-json\/wp\/v2\/pages\/7393","targetHints":{"allow":["GET"]}}],"collection":[{"href":"https:\/\/katech-solutions.com\/pl\/wp-json\/wp\/v2\/pages"}],"about":[{"href":"https:\/\/katech-solutions.com\/pl\/wp-json\/wp\/v2\/types\/page"}],"author":[{"embeddable":true,"href":"https:\/\/katech-solutions.com\/pl\/wp-json\/wp\/v2\/users\/28"}],"replies":[{"embeddable":true,"href":"https:\/\/katech-solutions.com\/pl\/wp-json\/wp\/v2\/comments?post=7393"}],"version-history":[{"count":5,"href":"https:\/\/katech-solutions.com\/pl\/wp-json\/wp\/v2\/pages\/7393\/revisions"}],"predecessor-version":[{"id":8533,"href":"https:\/\/katech-solutions.com\/pl\/wp-json\/wp\/v2\/pages\/7393\/revisions\/8533"}],"up":[{"embeddable":true,"href":"https:\/\/katech-solutions.com\/pl\/wp-json\/wp\/v2\/pages\/7377"}],"wp:attachment":[{"href":"https:\/\/katech-solutions.com\/pl\/wp-json\/wp\/v2\/media?parent=7393"}],"curies":[{"name":"wp","href":"https:\/\/api.w.org\/{rel}","templated":true}]}}