{"id":7390,"date":"2016-08-04T16:14:43","date_gmt":"2016-08-04T16:14:43","guid":{"rendered":"https:\/\/www.khpartner.com\/pl\/?page_id=7390"},"modified":"2017-11-03T10:05:21","modified_gmt":"2017-11-03T10:05:21","slug":"galaretka-do-deserow","status":"publish","type":"page","link":"https:\/\/katech-solutions.com\/pl\/desery\/galaretka-do-deserow\/","title":{"rendered":"Galaretka do deser\u00f3w"},"content":{"rendered":"<p style=\"text-align: justify;\">Angielski <em>trifle<\/em> jest to deser przyrz\u0105dzany z u\u0142o\u017conych warstwami ciasta biszkoptowego, galaretki owocowej, owoc\u00f3w, kt\u00f3re polewa si\u0119 sosem <em>custard<\/em> i ozdabia bit\u0105 \u015bmietan\u0105. Ma d\u0142ug\u0105 histori\u0119, a pierwsze wzmianki na jego temat si\u0119gaj\u0105 XVI wieku. W dzisiejszych czasach <em>trifle<\/em> ma najwi\u0119kszy udzia\u0142 w rynku deser\u00f3w w Wielkiej Brytanii. Producenci stale dostosowuj\u0105 swoje receptury, procesy produkcyjne oraz technologi\u0119, w celu zwi\u0119kszenia wydajno\u015bci produkcji. Ten trend by\u0142 najbardziej widoczny w przypadku jednego z kluczowych sk\u0142adnik\u00f3w tego deseru \u2013 galaretki.<\/p>\n<p style=\"text-align: justify;\">Galaretka u\u017cywana w deser\u00f3w\u00a0warstwowych, takich jak <em>trifle<\/em>, to produkt bardzo wymagaj\u0105cy technologicznie. Galaretka do deser\u00f3w powinna by\u0107 nie tylko klarowna i przejrzysta, ale r\u00f3wnie\u017c osi\u0105ga\u0107 odpowiedni\u0105 p\u0142ynno\u015b\u0107 w procesie produkcyjnym i podczas\u00a0nalewania. Po st\u0119\u017ceniu powinna by\u0107 natomiast wystarczaj\u0105co twarda, by mo\u017cliwe by\u0142o na\u0142o\u017cenie na ni\u0105 kolejnej warstwy (kolejnych warstw) produktu.<\/p>\n","protected":false},"excerpt":{"rendered":"<p>Angielski trifle jest to deser przyrz\u0105dzany z u\u0142o\u017conych warstwami ciasta biszkoptowego, galaretki owocowej, owoc\u00f3w, kt\u00f3re polewa si\u0119 sosem custard i ozdabia bit\u0105 \u015bmietan\u0105. Ma d\u0142ug\u0105 histori\u0119, a pierwsze wzmianki na jego temat si\u0119gaj\u0105 XVI wieku. W dzisiejszych czasach trifle ma &hellip; <a class=\"continue-reading\" href=\"https:\/\/katech-solutions.com\/pl\/desery\/galaretka-do-deserow\/\">Czytaj dalej <span class=\"meta-nav\">&rarr;<\/span><\/a><\/p>\n","protected":false},"author":28,"featured_media":0,"parent":7377,"menu_order":0,"comment_status":"closed","ping_status":"open","template":"","meta":{"_acf_changed":false,"footnotes":""},"class_list":["post-7390","page","type-page","status-publish","hentry"],"acf":[],"yoast_head":"<!-- This site is optimized with the Yoast SEO plugin v27.2 - https:\/\/yoast.com\/product\/yoast-seo-wordpress\/ -->\n<title>Galaretka do deser\u00f3w |<\/title>\n<meta name=\"robots\" content=\"index, follow, max-snippet:-1, max-image-preview:large, max-video-preview:-1\" \/>\n<link rel=\"canonical\" href=\"https:\/\/katech-solutions.com\/pl\/desery\/galaretka-do-deserow\/\" \/>\n<meta property=\"og:locale\" content=\"pl_PL\" \/>\n<meta property=\"og:type\" content=\"article\" \/>\n<meta property=\"og:title\" content=\"Galaretka do deser\u00f3w |\" \/>\n<meta property=\"og:description\" content=\"Angielski trifle jest to deser przyrz\u0105dzany z u\u0142o\u017conych warstwami ciasta biszkoptowego, galaretki owocowej, owoc\u00f3w, kt\u00f3re polewa si\u0119 sosem custard i ozdabia bit\u0105 \u015bmietan\u0105. Ma d\u0142ug\u0105 histori\u0119, a pierwsze wzmianki na jego temat si\u0119gaj\u0105 XVI wieku. W dzisiejszych czasach trifle ma &hellip; Czytaj dalej &rarr;\" \/>\n<meta property=\"og:url\" content=\"https:\/\/katech-solutions.com\/pl\/desery\/galaretka-do-deserow\/\" \/>\n<meta property=\"og:site_name\" content=\"KaTech\" \/>\n<meta property=\"article:modified_time\" content=\"2017-11-03T10:05:21+00:00\" \/>\n<meta name=\"twitter:label1\" content=\"Szacowany czas czytania\" \/>\n\t<meta name=\"twitter:data1\" content=\"1 minuta\" \/>\n<script type=\"application\/ld+json\" class=\"yoast-schema-graph\">{\"@context\":\"https:\/\/schema.org\",\"@graph\":[{\"@type\":\"WebPage\",\"@id\":\"https:\/\/katech-solutions.com\/pl\/desery\/galaretka-do-deserow\/\",\"url\":\"https:\/\/katech-solutions.com\/pl\/desery\/galaretka-do-deserow\/\",\"name\":\"Galaretka do deser\u00f3w |\",\"isPartOf\":{\"@id\":\"https:\/\/katech-solutions.com\/#website\"},\"datePublished\":\"2016-08-04T16:14:43+00:00\",\"dateModified\":\"2017-11-03T10:05:21+00:00\",\"breadcrumb\":{\"@id\":\"https:\/\/katech-solutions.com\/pl\/desery\/galaretka-do-deserow\/#breadcrumb\"},\"inLanguage\":\"pl-PL\",\"potentialAction\":[{\"@type\":\"ReadAction\",\"target\":[\"https:\/\/katech-solutions.com\/pl\/desery\/galaretka-do-deserow\/\"]}]},{\"@type\":\"BreadcrumbList\",\"@id\":\"https:\/\/katech-solutions.com\/pl\/desery\/galaretka-do-deserow\/#breadcrumb\",\"itemListElement\":[{\"@type\":\"ListItem\",\"position\":1,\"name\":\"Desery\",\"item\":\"https:\/\/katech-solutions.com\/pl\/desery\/\"},{\"@type\":\"ListItem\",\"position\":2,\"name\":\"Galaretka do deser\u00f3w\"}]},{\"@type\":\"WebSite\",\"@id\":\"https:\/\/katech-solutions.com\/#website\",\"url\":\"https:\/\/katech-solutions.com\/\",\"name\":\"KaTech\",\"description\":\"\",\"potentialAction\":[{\"@type\":\"SearchAction\",\"target\":{\"@type\":\"EntryPoint\",\"urlTemplate\":\"https:\/\/katech-solutions.com\/?s={search_term_string}\"},\"query-input\":{\"@type\":\"PropertyValueSpecification\",\"valueRequired\":true,\"valueName\":\"search_term_string\"}}],\"inLanguage\":\"pl-PL\"}]}<\/script>\n<!-- \/ Yoast SEO plugin. -->","yoast_head_json":{"title":"Galaretka do deser\u00f3w |","robots":{"index":"index","follow":"follow","max-snippet":"max-snippet:-1","max-image-preview":"max-image-preview:large","max-video-preview":"max-video-preview:-1"},"canonical":"https:\/\/katech-solutions.com\/pl\/desery\/galaretka-do-deserow\/","og_locale":"pl_PL","og_type":"article","og_title":"Galaretka do deser\u00f3w |","og_description":"Angielski trifle jest to deser przyrz\u0105dzany z u\u0142o\u017conych warstwami ciasta biszkoptowego, galaretki owocowej, owoc\u00f3w, kt\u00f3re polewa si\u0119 sosem custard i ozdabia bit\u0105 \u015bmietan\u0105. Ma d\u0142ug\u0105 histori\u0119, a pierwsze wzmianki na jego temat si\u0119gaj\u0105 XVI wieku. W dzisiejszych czasach trifle ma &hellip; Czytaj dalej &rarr;","og_url":"https:\/\/katech-solutions.com\/pl\/desery\/galaretka-do-deserow\/","og_site_name":"KaTech","article_modified_time":"2017-11-03T10:05:21+00:00","twitter_misc":{"Szacowany czas czytania":"1 minuta"},"schema":{"@context":"https:\/\/schema.org","@graph":[{"@type":"WebPage","@id":"https:\/\/katech-solutions.com\/pl\/desery\/galaretka-do-deserow\/","url":"https:\/\/katech-solutions.com\/pl\/desery\/galaretka-do-deserow\/","name":"Galaretka do deser\u00f3w |","isPartOf":{"@id":"https:\/\/katech-solutions.com\/#website"},"datePublished":"2016-08-04T16:14:43+00:00","dateModified":"2017-11-03T10:05:21+00:00","breadcrumb":{"@id":"https:\/\/katech-solutions.com\/pl\/desery\/galaretka-do-deserow\/#breadcrumb"},"inLanguage":"pl-PL","potentialAction":[{"@type":"ReadAction","target":["https:\/\/katech-solutions.com\/pl\/desery\/galaretka-do-deserow\/"]}]},{"@type":"BreadcrumbList","@id":"https:\/\/katech-solutions.com\/pl\/desery\/galaretka-do-deserow\/#breadcrumb","itemListElement":[{"@type":"ListItem","position":1,"name":"Desery","item":"https:\/\/katech-solutions.com\/pl\/desery\/"},{"@type":"ListItem","position":2,"name":"Galaretka do deser\u00f3w"}]},{"@type":"WebSite","@id":"https:\/\/katech-solutions.com\/#website","url":"https:\/\/katech-solutions.com\/","name":"KaTech","description":"","potentialAction":[{"@type":"SearchAction","target":{"@type":"EntryPoint","urlTemplate":"https:\/\/katech-solutions.com\/?s={search_term_string}"},"query-input":{"@type":"PropertyValueSpecification","valueRequired":true,"valueName":"search_term_string"}}],"inLanguage":"pl-PL"}]}},"_links":{"self":[{"href":"https:\/\/katech-solutions.com\/pl\/wp-json\/wp\/v2\/pages\/7390","targetHints":{"allow":["GET"]}}],"collection":[{"href":"https:\/\/katech-solutions.com\/pl\/wp-json\/wp\/v2\/pages"}],"about":[{"href":"https:\/\/katech-solutions.com\/pl\/wp-json\/wp\/v2\/types\/page"}],"author":[{"embeddable":true,"href":"https:\/\/katech-solutions.com\/pl\/wp-json\/wp\/v2\/users\/28"}],"replies":[{"embeddable":true,"href":"https:\/\/katech-solutions.com\/pl\/wp-json\/wp\/v2\/comments?post=7390"}],"version-history":[{"count":4,"href":"https:\/\/katech-solutions.com\/pl\/wp-json\/wp\/v2\/pages\/7390\/revisions"}],"predecessor-version":[{"id":8530,"href":"https:\/\/katech-solutions.com\/pl\/wp-json\/wp\/v2\/pages\/7390\/revisions\/8530"}],"up":[{"embeddable":true,"href":"https:\/\/katech-solutions.com\/pl\/wp-json\/wp\/v2\/pages\/7377"}],"wp:attachment":[{"href":"https:\/\/katech-solutions.com\/pl\/wp-json\/wp\/v2\/media?parent=7390"}],"curies":[{"name":"wp","href":"https:\/\/api.w.org\/{rel}","templated":true}]}}