{"id":7387,"date":"2016-08-04T16:12:21","date_gmt":"2016-08-04T16:12:21","guid":{"rendered":"https:\/\/www.khpartner.com\/pl\/?page_id=7387"},"modified":"2017-11-29T08:02:54","modified_gmt":"2017-11-29T08:02:54","slug":"deser-twarogowy","status":"publish","type":"page","link":"https:\/\/katech-solutions.com\/pl\/sery-i-serki\/deser-twarogowy\/","title":{"rendered":"Deser twarogowy"},"content":{"rendered":"<p style=\"text-align: justify;\">Twar\u00f3g lub ser bia\u0142y to produkt, kt\u00f3ry nie jest poddawany procesowi dojrzewania. Desery na jego bazie sta\u0142y si\u0119 bardzo popularne, poniewa\u017c postrzegane s\u0105 jako zdrowe alternatywy dla, na przyk\u0142ad, pudding\u00f3w. Dzieje si\u0119 tak za spraw\u0105 wysokiej zawarto\u015bci bia\u0142ka oraz faktu, \u017ce wytwarza si\u0119 je obecnie z u\u017cyciem bakterii kwasu mlekowego.<\/p>\n<p style=\"text-align: justify;\">Deser twarogowy produkuje si\u0119 mieszaj\u0105c twar\u00f3g z owocami i\/lub&nbsp;jogurtem, a jego napowietrzone warianty s\u0105 doskona\u0142\u0105 alternatyw\u0105 dla mus\u00f3w. By osi\u0105gn\u0105\u0107 d\u0142u\u017cszy okres przydatno\u015bci do spo\u017cycia, produkty tego typu podda\u0107 mo\u017cna odpowiedniej obr\u00f3bce termicznej.<\/p>\n","protected":false},"excerpt":{"rendered":"<p>Twar\u00f3g lub ser bia\u0142y to produkt, kt\u00f3ry nie jest poddawany procesowi dojrzewania. Desery na jego bazie sta\u0142y si\u0119 bardzo popularne, poniewa\u017c postrzegane s\u0105 jako zdrowe alternatywy dla, na przyk\u0142ad, pudding\u00f3w. Dzieje si\u0119 tak za spraw\u0105 wysokiej zawarto\u015bci bia\u0142ka oraz faktu, &hellip; <a class=\"continue-reading\" href=\"https:\/\/katech-solutions.com\/pl\/sery-i-serki\/deser-twarogowy\/\">Czytaj dalej <span class=\"meta-nav\">&rarr;<\/span><\/a><\/p>\n","protected":false},"author":28,"featured_media":0,"parent":7326,"menu_order":0,"comment_status":"closed","ping_status":"open","template":"","meta":{"_acf_changed":false,"footnotes":""},"class_list":["post-7387","page","type-page","status-publish","hentry"],"acf":[],"yoast_head":"<!-- This site is optimized with the Yoast SEO plugin v27.2 - https:\/\/yoast.com\/product\/yoast-seo-wordpress\/ -->\n<title>Deser twarogowy |<\/title>\n<meta name=\"robots\" content=\"index, follow, max-snippet:-1, max-image-preview:large, max-video-preview:-1\" \/>\n<link rel=\"canonical\" href=\"https:\/\/katech-solutions.com\/pl\/sery-i-serki\/deser-twarogowy\/\" \/>\n<meta property=\"og:locale\" content=\"pl_PL\" \/>\n<meta property=\"og:type\" content=\"article\" \/>\n<meta property=\"og:title\" content=\"Deser twarogowy |\" \/>\n<meta property=\"og:description\" content=\"Twar\u00f3g lub ser bia\u0142y to produkt, kt\u00f3ry nie jest poddawany procesowi dojrzewania. Desery na jego bazie sta\u0142y si\u0119 bardzo popularne, poniewa\u017c postrzegane s\u0105 jako zdrowe alternatywy dla, na przyk\u0142ad, pudding\u00f3w. Dzieje si\u0119 tak za spraw\u0105 wysokiej zawarto\u015bci bia\u0142ka oraz faktu, &hellip; Czytaj dalej &rarr;\" \/>\n<meta property=\"og:url\" content=\"https:\/\/katech-solutions.com\/pl\/sery-i-serki\/deser-twarogowy\/\" \/>\n<meta property=\"og:site_name\" content=\"KaTech\" \/>\n<meta property=\"article:modified_time\" content=\"2017-11-29T08:02:54+00:00\" \/>\n<meta name=\"twitter:label1\" content=\"Szacowany czas czytania\" \/>\n\t<meta name=\"twitter:data1\" content=\"1 minuta\" \/>\n<script type=\"application\/ld+json\" class=\"yoast-schema-graph\">{\"@context\":\"https:\/\/schema.org\",\"@graph\":[{\"@type\":\"WebPage\",\"@id\":\"https:\/\/katech-solutions.com\/pl\/sery-i-serki\/deser-twarogowy\/\",\"url\":\"https:\/\/katech-solutions.com\/pl\/sery-i-serki\/deser-twarogowy\/\",\"name\":\"Deser twarogowy |\",\"isPartOf\":{\"@id\":\"https:\/\/katech-solutions.com\/#website\"},\"datePublished\":\"2016-08-04T16:12:21+00:00\",\"dateModified\":\"2017-11-29T08:02:54+00:00\",\"breadcrumb\":{\"@id\":\"https:\/\/katech-solutions.com\/pl\/sery-i-serki\/deser-twarogowy\/#breadcrumb\"},\"inLanguage\":\"pl-PL\",\"potentialAction\":[{\"@type\":\"ReadAction\",\"target\":[\"https:\/\/katech-solutions.com\/pl\/sery-i-serki\/deser-twarogowy\/\"]}]},{\"@type\":\"BreadcrumbList\",\"@id\":\"https:\/\/katech-solutions.com\/pl\/sery-i-serki\/deser-twarogowy\/#breadcrumb\",\"itemListElement\":[{\"@type\":\"ListItem\",\"position\":1,\"name\":\"Sery i serki\",\"item\":\"https:\/\/katech-solutions.com\/pl\/sery-i-serki\/\"},{\"@type\":\"ListItem\",\"position\":2,\"name\":\"Deser twarogowy\"}]},{\"@type\":\"WebSite\",\"@id\":\"https:\/\/katech-solutions.com\/#website\",\"url\":\"https:\/\/katech-solutions.com\/\",\"name\":\"KaTech\",\"description\":\"\",\"potentialAction\":[{\"@type\":\"SearchAction\",\"target\":{\"@type\":\"EntryPoint\",\"urlTemplate\":\"https:\/\/katech-solutions.com\/?s={search_term_string}\"},\"query-input\":{\"@type\":\"PropertyValueSpecification\",\"valueRequired\":true,\"valueName\":\"search_term_string\"}}],\"inLanguage\":\"pl-PL\"}]}<\/script>\n<!-- \/ Yoast SEO plugin. -->","yoast_head_json":{"title":"Deser twarogowy |","robots":{"index":"index","follow":"follow","max-snippet":"max-snippet:-1","max-image-preview":"max-image-preview:large","max-video-preview":"max-video-preview:-1"},"canonical":"https:\/\/katech-solutions.com\/pl\/sery-i-serki\/deser-twarogowy\/","og_locale":"pl_PL","og_type":"article","og_title":"Deser twarogowy |","og_description":"Twar\u00f3g lub ser bia\u0142y to produkt, kt\u00f3ry nie jest poddawany procesowi dojrzewania. Desery na jego bazie sta\u0142y si\u0119 bardzo popularne, poniewa\u017c postrzegane s\u0105 jako zdrowe alternatywy dla, na przyk\u0142ad, pudding\u00f3w. Dzieje si\u0119 tak za spraw\u0105 wysokiej zawarto\u015bci bia\u0142ka oraz faktu, &hellip; Czytaj dalej &rarr;","og_url":"https:\/\/katech-solutions.com\/pl\/sery-i-serki\/deser-twarogowy\/","og_site_name":"KaTech","article_modified_time":"2017-11-29T08:02:54+00:00","twitter_misc":{"Szacowany czas czytania":"1 minuta"},"schema":{"@context":"https:\/\/schema.org","@graph":[{"@type":"WebPage","@id":"https:\/\/katech-solutions.com\/pl\/sery-i-serki\/deser-twarogowy\/","url":"https:\/\/katech-solutions.com\/pl\/sery-i-serki\/deser-twarogowy\/","name":"Deser twarogowy |","isPartOf":{"@id":"https:\/\/katech-solutions.com\/#website"},"datePublished":"2016-08-04T16:12:21+00:00","dateModified":"2017-11-29T08:02:54+00:00","breadcrumb":{"@id":"https:\/\/katech-solutions.com\/pl\/sery-i-serki\/deser-twarogowy\/#breadcrumb"},"inLanguage":"pl-PL","potentialAction":[{"@type":"ReadAction","target":["https:\/\/katech-solutions.com\/pl\/sery-i-serki\/deser-twarogowy\/"]}]},{"@type":"BreadcrumbList","@id":"https:\/\/katech-solutions.com\/pl\/sery-i-serki\/deser-twarogowy\/#breadcrumb","itemListElement":[{"@type":"ListItem","position":1,"name":"Sery i serki","item":"https:\/\/katech-solutions.com\/pl\/sery-i-serki\/"},{"@type":"ListItem","position":2,"name":"Deser twarogowy"}]},{"@type":"WebSite","@id":"https:\/\/katech-solutions.com\/#website","url":"https:\/\/katech-solutions.com\/","name":"KaTech","description":"","potentialAction":[{"@type":"SearchAction","target":{"@type":"EntryPoint","urlTemplate":"https:\/\/katech-solutions.com\/?s={search_term_string}"},"query-input":{"@type":"PropertyValueSpecification","valueRequired":true,"valueName":"search_term_string"}}],"inLanguage":"pl-PL"}]}},"_links":{"self":[{"href":"https:\/\/katech-solutions.com\/pl\/wp-json\/wp\/v2\/pages\/7387","targetHints":{"allow":["GET"]}}],"collection":[{"href":"https:\/\/katech-solutions.com\/pl\/wp-json\/wp\/v2\/pages"}],"about":[{"href":"https:\/\/katech-solutions.com\/pl\/wp-json\/wp\/v2\/types\/page"}],"author":[{"embeddable":true,"href":"https:\/\/katech-solutions.com\/pl\/wp-json\/wp\/v2\/users\/28"}],"replies":[{"embeddable":true,"href":"https:\/\/katech-solutions.com\/pl\/wp-json\/wp\/v2\/comments?post=7387"}],"version-history":[{"count":6,"href":"https:\/\/katech-solutions.com\/pl\/wp-json\/wp\/v2\/pages\/7387\/revisions"}],"predecessor-version":[{"id":8805,"href":"https:\/\/katech-solutions.com\/pl\/wp-json\/wp\/v2\/pages\/7387\/revisions\/8805"}],"up":[{"embeddable":true,"href":"https:\/\/katech-solutions.com\/pl\/wp-json\/wp\/v2\/pages\/7326"}],"wp:attachment":[{"href":"https:\/\/katech-solutions.com\/pl\/wp-json\/wp\/v2\/media?parent=7387"}],"curies":[{"name":"wp","href":"https:\/\/api.w.org\/{rel}","templated":true}]}}