{"id":7383,"date":"2016-08-04T16:11:01","date_gmt":"2016-08-04T16:11:01","guid":{"rendered":"https:\/\/www.khpartner.com\/pl\/?page_id=7383"},"modified":"2017-11-03T12:27:52","modified_gmt":"2017-11-03T12:27:52","slug":"dressingi-emulgowane","status":"publish","type":"page","link":"https:\/\/katech-solutions.com\/pl\/dressingi\/dressingi-emulgowane\/","title":{"rendered":"Dressingi emulgowane"},"content":{"rendered":"<p style=\"text-align: justify;\">Dressingi emulgowane opr\u00f3cz sk\u0142adnik\u00f3w takich, jak woda, ocet, czy przyprawy zawieraj\u0105 tak\u017ce olej ro\u015blinny, kt\u00f3ry rozproszony jest w fazie wodnej i po\u0142\u0105czony z ni\u0105 za pomoc\u0105 emulgatora. Dressingi tego typu stanowi\u0105 doskona\u0142y dodatek smakowy do sa\u0142atek.<\/p>\n<p style=\"text-align: justify;\">Na rynku dost\u0119pnych jest wiele wariant\u00f3w produktu. R\u00f3\u017cni\u0105 si\u0119 one nie tylko smakiem, zawarto\u015bci\u0105 oleju, czy rodzajem u\u017cytego emulgatora, ale tak\u017ce typem opakowania (kubki, saszetki,\u00a0butelki). Swoja d\u0142ug\u0105 trwa\u0142o\u015b\u0107 produkty te zawdzi\u0119czaj\u0105 przede wszystkim niskiej warto\u015bci pH, a dodatkowo rodzajowi obr\u00f3bki termicznej, kt\u00f3rej zosta\u0142y poddawane (np. pasteryzacji).<\/p>\n","protected":false},"excerpt":{"rendered":"<p>Dressingi emulgowane opr\u00f3cz sk\u0142adnik\u00f3w takich, jak woda, ocet, czy przyprawy zawieraj\u0105 tak\u017ce olej ro\u015blinny, kt\u00f3ry rozproszony jest w fazie wodnej i po\u0142\u0105czony z ni\u0105 za pomoc\u0105 emulgatora. Dressingi tego typu stanowi\u0105 doskona\u0142y dodatek smakowy do sa\u0142atek. Na rynku dost\u0119pnych jest &hellip; <a class=\"continue-reading\" href=\"https:\/\/katech-solutions.com\/pl\/dressingi\/dressingi-emulgowane\/\">Czytaj dalej <span class=\"meta-nav\">&rarr;<\/span><\/a><\/p>\n","protected":false},"author":3,"featured_media":0,"parent":7371,"menu_order":0,"comment_status":"closed","ping_status":"open","template":"","meta":{"_acf_changed":false,"footnotes":""},"class_list":["post-7383","page","type-page","status-publish","hentry"],"acf":[],"yoast_head":"<!-- This site is optimized with the Yoast SEO plugin v27.2 - https:\/\/yoast.com\/product\/yoast-seo-wordpress\/ -->\n<title>KaTech \u2013 Dressingi emulgowane \u2013 Stabilizatory i emulgatory<\/title>\n<meta name=\"description\" content=\"KaTech to firma z bran\u017cy technologii \u017cywno\u015bci specjalizuj\u0105ca si\u0119 w tworzeniu stabilizator\u00f3w i emulgator\u00f3w dla takich produkt\u00f3w jak dressingi emulgowane.\" \/>\n<meta name=\"robots\" content=\"index, follow, max-snippet:-1, max-image-preview:large, max-video-preview:-1\" \/>\n<link rel=\"canonical\" href=\"https:\/\/katech-solutions.com\/pl\/dressingi\/dressingi-emulgowane\/\" \/>\n<meta property=\"og:locale\" content=\"pl_PL\" \/>\n<meta property=\"og:type\" content=\"article\" \/>\n<meta property=\"og:title\" content=\"KaTech \u2013 Dressingi emulgowane \u2013 Stabilizatory i emulgatory\" \/>\n<meta property=\"og:description\" content=\"KaTech to firma z bran\u017cy technologii \u017cywno\u015bci specjalizuj\u0105ca si\u0119 w tworzeniu stabilizator\u00f3w i emulgator\u00f3w dla takich produkt\u00f3w jak dressingi emulgowane.\" \/>\n<meta property=\"og:url\" content=\"https:\/\/katech-solutions.com\/pl\/dressingi\/dressingi-emulgowane\/\" \/>\n<meta property=\"og:site_name\" content=\"KaTech\" \/>\n<meta property=\"article:modified_time\" content=\"2017-11-03T12:27:52+00:00\" \/>\n<meta name=\"twitter:label1\" content=\"Szacowany czas czytania\" \/>\n\t<meta name=\"twitter:data1\" content=\"1 minuta\" \/>\n<script type=\"application\/ld+json\" class=\"yoast-schema-graph\">{\"@context\":\"https:\/\/schema.org\",\"@graph\":[{\"@type\":\"WebPage\",\"@id\":\"https:\/\/katech-solutions.com\/pl\/dressingi\/dressingi-emulgowane\/\",\"url\":\"https:\/\/katech-solutions.com\/pl\/dressingi\/dressingi-emulgowane\/\",\"name\":\"KaTech \u2013 Dressingi emulgowane \u2013 Stabilizatory i emulgatory\",\"isPartOf\":{\"@id\":\"https:\/\/katech-solutions.com\/#website\"},\"datePublished\":\"2016-08-04T16:11:01+00:00\",\"dateModified\":\"2017-11-03T12:27:52+00:00\",\"description\":\"KaTech to firma z bran\u017cy technologii \u017cywno\u015bci specjalizuj\u0105ca si\u0119 w tworzeniu stabilizator\u00f3w i emulgator\u00f3w dla takich produkt\u00f3w jak dressingi emulgowane.\",\"breadcrumb\":{\"@id\":\"https:\/\/katech-solutions.com\/pl\/dressingi\/dressingi-emulgowane\/#breadcrumb\"},\"inLanguage\":\"pl-PL\",\"potentialAction\":[{\"@type\":\"ReadAction\",\"target\":[\"https:\/\/katech-solutions.com\/pl\/dressingi\/dressingi-emulgowane\/\"]}]},{\"@type\":\"BreadcrumbList\",\"@id\":\"https:\/\/katech-solutions.com\/pl\/dressingi\/dressingi-emulgowane\/#breadcrumb\",\"itemListElement\":[{\"@type\":\"ListItem\",\"position\":1,\"name\":\"Dressingi\",\"item\":\"https:\/\/katech-solutions.com\/pl\/dressingi\/\"},{\"@type\":\"ListItem\",\"position\":2,\"name\":\"Dressingi emulgowane\"}]},{\"@type\":\"WebSite\",\"@id\":\"https:\/\/katech-solutions.com\/#website\",\"url\":\"https:\/\/katech-solutions.com\/\",\"name\":\"KaTech\",\"description\":\"\",\"potentialAction\":[{\"@type\":\"SearchAction\",\"target\":{\"@type\":\"EntryPoint\",\"urlTemplate\":\"https:\/\/katech-solutions.com\/?s={search_term_string}\"},\"query-input\":{\"@type\":\"PropertyValueSpecification\",\"valueRequired\":true,\"valueName\":\"search_term_string\"}}],\"inLanguage\":\"pl-PL\"}]}<\/script>\n<!-- \/ Yoast SEO plugin. -->","yoast_head_json":{"title":"KaTech \u2013 Dressingi emulgowane \u2013 Stabilizatory i emulgatory","description":"KaTech to firma z bran\u017cy technologii \u017cywno\u015bci specjalizuj\u0105ca si\u0119 w tworzeniu stabilizator\u00f3w i emulgator\u00f3w dla takich produkt\u00f3w jak dressingi emulgowane.","robots":{"index":"index","follow":"follow","max-snippet":"max-snippet:-1","max-image-preview":"max-image-preview:large","max-video-preview":"max-video-preview:-1"},"canonical":"https:\/\/katech-solutions.com\/pl\/dressingi\/dressingi-emulgowane\/","og_locale":"pl_PL","og_type":"article","og_title":"KaTech \u2013 Dressingi emulgowane \u2013 Stabilizatory i emulgatory","og_description":"KaTech to firma z bran\u017cy technologii \u017cywno\u015bci specjalizuj\u0105ca si\u0119 w tworzeniu stabilizator\u00f3w i emulgator\u00f3w dla takich produkt\u00f3w jak dressingi emulgowane.","og_url":"https:\/\/katech-solutions.com\/pl\/dressingi\/dressingi-emulgowane\/","og_site_name":"KaTech","article_modified_time":"2017-11-03T12:27:52+00:00","twitter_misc":{"Szacowany czas czytania":"1 minuta"},"schema":{"@context":"https:\/\/schema.org","@graph":[{"@type":"WebPage","@id":"https:\/\/katech-solutions.com\/pl\/dressingi\/dressingi-emulgowane\/","url":"https:\/\/katech-solutions.com\/pl\/dressingi\/dressingi-emulgowane\/","name":"KaTech \u2013 Dressingi emulgowane \u2013 Stabilizatory i emulgatory","isPartOf":{"@id":"https:\/\/katech-solutions.com\/#website"},"datePublished":"2016-08-04T16:11:01+00:00","dateModified":"2017-11-03T12:27:52+00:00","description":"KaTech to firma z bran\u017cy technologii \u017cywno\u015bci specjalizuj\u0105ca si\u0119 w tworzeniu stabilizator\u00f3w i emulgator\u00f3w dla takich produkt\u00f3w jak dressingi emulgowane.","breadcrumb":{"@id":"https:\/\/katech-solutions.com\/pl\/dressingi\/dressingi-emulgowane\/#breadcrumb"},"inLanguage":"pl-PL","potentialAction":[{"@type":"ReadAction","target":["https:\/\/katech-solutions.com\/pl\/dressingi\/dressingi-emulgowane\/"]}]},{"@type":"BreadcrumbList","@id":"https:\/\/katech-solutions.com\/pl\/dressingi\/dressingi-emulgowane\/#breadcrumb","itemListElement":[{"@type":"ListItem","position":1,"name":"Dressingi","item":"https:\/\/katech-solutions.com\/pl\/dressingi\/"},{"@type":"ListItem","position":2,"name":"Dressingi emulgowane"}]},{"@type":"WebSite","@id":"https:\/\/katech-solutions.com\/#website","url":"https:\/\/katech-solutions.com\/","name":"KaTech","description":"","potentialAction":[{"@type":"SearchAction","target":{"@type":"EntryPoint","urlTemplate":"https:\/\/katech-solutions.com\/?s={search_term_string}"},"query-input":{"@type":"PropertyValueSpecification","valueRequired":true,"valueName":"search_term_string"}}],"inLanguage":"pl-PL"}]}},"_links":{"self":[{"href":"https:\/\/katech-solutions.com\/pl\/wp-json\/wp\/v2\/pages\/7383","targetHints":{"allow":["GET"]}}],"collection":[{"href":"https:\/\/katech-solutions.com\/pl\/wp-json\/wp\/v2\/pages"}],"about":[{"href":"https:\/\/katech-solutions.com\/pl\/wp-json\/wp\/v2\/types\/page"}],"author":[{"embeddable":true,"href":"https:\/\/katech-solutions.com\/pl\/wp-json\/wp\/v2\/users\/3"}],"replies":[{"embeddable":true,"href":"https:\/\/katech-solutions.com\/pl\/wp-json\/wp\/v2\/comments?post=7383"}],"version-history":[{"count":5,"href":"https:\/\/katech-solutions.com\/pl\/wp-json\/wp\/v2\/pages\/7383\/revisions"}],"predecessor-version":[{"id":8575,"href":"https:\/\/katech-solutions.com\/pl\/wp-json\/wp\/v2\/pages\/7383\/revisions\/8575"}],"up":[{"embeddable":true,"href":"https:\/\/katech-solutions.com\/pl\/wp-json\/wp\/v2\/pages\/7371"}],"wp:attachment":[{"href":"https:\/\/katech-solutions.com\/pl\/wp-json\/wp\/v2\/media?parent=7383"}],"curies":[{"name":"wp","href":"https:\/\/api.w.org\/{rel}","templated":true}]}}