{"id":7382,"date":"2016-08-04T16:10:10","date_gmt":"2016-08-04T16:10:10","guid":{"rendered":"https:\/\/www.khpartner.com\/pl\/?page_id=7382"},"modified":"2016-10-24T15:51:47","modified_gmt":"2016-10-24T15:51:47","slug":"beza","status":"publish","type":"page","link":"https:\/\/katech-solutions.com\/pl\/desery\/beza\/","title":{"rendered":"Beza"},"content":{"rendered":"<p style=\"text-align: justify;\">Beza to produkt z ubitych bia\u0142ek jaja i cukru, cz\u0119sto z dodatkiem kwasu cytrynowego i skrobi. Bez\u0119 zwykle ubija si\u0119 na zimno, a\u017c do\u00a0uzyskania sztywnej piany, a nast\u0119pnie suszy si\u0119 j\u0105 w piekarniku w\u00a0wysokiej temperaturze, w wyniku czego beza twardnieje. Jest to tradycyjny deser serwowany g\u0142\u00f3wnie z bit\u0105 \u015bmietan\u0105 i owocami lub jako dodatek do ciast.<\/p>\n<p style=\"text-align: justify;\">Kluczem do uzyskania dobrej bezy jest odpowiednio sztywna piana, kt\u00f3ra daje ostre kontury i nie ulega deformacji podczas pieczenia (suszenia). Dla poprawy smaku, mo\u017cna u\u017cy\u0107 si\u0119 dodatk\u00f3w aromatyzuj\u0105cych, takich jak wanilia lub cytryna.<\/p>\n","protected":false},"excerpt":{"rendered":"<p>Beza to produkt z ubitych bia\u0142ek jaja i cukru, cz\u0119sto z dodatkiem kwasu cytrynowego i skrobi. Bez\u0119 zwykle ubija si\u0119 na zimno, a\u017c do\u00a0uzyskania sztywnej piany, a nast\u0119pnie suszy si\u0119 j\u0105 w piekarniku w\u00a0wysokiej temperaturze, w wyniku czego beza twardnieje. &hellip; <a class=\"continue-reading\" href=\"https:\/\/katech-solutions.com\/pl\/desery\/beza\/\">Czytaj dalej <span class=\"meta-nav\">&rarr;<\/span><\/a><\/p>\n","protected":false},"author":28,"featured_media":0,"parent":7377,"menu_order":0,"comment_status":"closed","ping_status":"open","template":"","meta":{"_acf_changed":false,"footnotes":""},"class_list":["post-7382","page","type-page","status-publish","hentry"],"acf":[],"yoast_head":"<!-- This site is optimized with the Yoast SEO plugin v27.2 - https:\/\/yoast.com\/product\/yoast-seo-wordpress\/ -->\n<title>Beza |<\/title>\n<meta name=\"robots\" content=\"index, follow, max-snippet:-1, max-image-preview:large, max-video-preview:-1\" \/>\n<link rel=\"canonical\" href=\"https:\/\/katech-solutions.com\/pl\/desery\/beza\/\" \/>\n<meta property=\"og:locale\" content=\"pl_PL\" \/>\n<meta property=\"og:type\" content=\"article\" \/>\n<meta property=\"og:title\" content=\"Beza |\" \/>\n<meta property=\"og:description\" content=\"Beza to produkt z ubitych bia\u0142ek jaja i cukru, cz\u0119sto z dodatkiem kwasu cytrynowego i skrobi. Bez\u0119 zwykle ubija si\u0119 na zimno, a\u017c do\u00a0uzyskania sztywnej piany, a nast\u0119pnie suszy si\u0119 j\u0105 w piekarniku w\u00a0wysokiej temperaturze, w wyniku czego beza twardnieje. &hellip; Czytaj dalej &rarr;\" \/>\n<meta property=\"og:url\" content=\"https:\/\/katech-solutions.com\/pl\/desery\/beza\/\" \/>\n<meta property=\"og:site_name\" content=\"KaTech\" \/>\n<meta property=\"article:modified_time\" content=\"2016-10-24T15:51:47+00:00\" \/>\n<meta name=\"twitter:label1\" content=\"Szacowany czas czytania\" \/>\n\t<meta name=\"twitter:data1\" content=\"1 minuta\" \/>\n<script type=\"application\/ld+json\" class=\"yoast-schema-graph\">{\"@context\":\"https:\/\/schema.org\",\"@graph\":[{\"@type\":\"WebPage\",\"@id\":\"https:\/\/katech-solutions.com\/pl\/desery\/beza\/\",\"url\":\"https:\/\/katech-solutions.com\/pl\/desery\/beza\/\",\"name\":\"Beza |\",\"isPartOf\":{\"@id\":\"https:\/\/katech-solutions.com\/#website\"},\"datePublished\":\"2016-08-04T16:10:10+00:00\",\"dateModified\":\"2016-10-24T15:51:47+00:00\",\"breadcrumb\":{\"@id\":\"https:\/\/katech-solutions.com\/pl\/desery\/beza\/#breadcrumb\"},\"inLanguage\":\"pl-PL\",\"potentialAction\":[{\"@type\":\"ReadAction\",\"target\":[\"https:\/\/katech-solutions.com\/pl\/desery\/beza\/\"]}]},{\"@type\":\"BreadcrumbList\",\"@id\":\"https:\/\/katech-solutions.com\/pl\/desery\/beza\/#breadcrumb\",\"itemListElement\":[{\"@type\":\"ListItem\",\"position\":1,\"name\":\"Desery\",\"item\":\"https:\/\/katech-solutions.com\/pl\/desery\/\"},{\"@type\":\"ListItem\",\"position\":2,\"name\":\"Beza\"}]},{\"@type\":\"WebSite\",\"@id\":\"https:\/\/katech-solutions.com\/#website\",\"url\":\"https:\/\/katech-solutions.com\/\",\"name\":\"KaTech\",\"description\":\"\",\"potentialAction\":[{\"@type\":\"SearchAction\",\"target\":{\"@type\":\"EntryPoint\",\"urlTemplate\":\"https:\/\/katech-solutions.com\/?s={search_term_string}\"},\"query-input\":{\"@type\":\"PropertyValueSpecification\",\"valueRequired\":true,\"valueName\":\"search_term_string\"}}],\"inLanguage\":\"pl-PL\"}]}<\/script>\n<!-- \/ Yoast SEO plugin. -->","yoast_head_json":{"title":"Beza |","robots":{"index":"index","follow":"follow","max-snippet":"max-snippet:-1","max-image-preview":"max-image-preview:large","max-video-preview":"max-video-preview:-1"},"canonical":"https:\/\/katech-solutions.com\/pl\/desery\/beza\/","og_locale":"pl_PL","og_type":"article","og_title":"Beza |","og_description":"Beza to produkt z ubitych bia\u0142ek jaja i cukru, cz\u0119sto z dodatkiem kwasu cytrynowego i skrobi. Bez\u0119 zwykle ubija si\u0119 na zimno, a\u017c do\u00a0uzyskania sztywnej piany, a nast\u0119pnie suszy si\u0119 j\u0105 w piekarniku w\u00a0wysokiej temperaturze, w wyniku czego beza twardnieje. &hellip; Czytaj dalej &rarr;","og_url":"https:\/\/katech-solutions.com\/pl\/desery\/beza\/","og_site_name":"KaTech","article_modified_time":"2016-10-24T15:51:47+00:00","twitter_misc":{"Szacowany czas czytania":"1 minuta"},"schema":{"@context":"https:\/\/schema.org","@graph":[{"@type":"WebPage","@id":"https:\/\/katech-solutions.com\/pl\/desery\/beza\/","url":"https:\/\/katech-solutions.com\/pl\/desery\/beza\/","name":"Beza |","isPartOf":{"@id":"https:\/\/katech-solutions.com\/#website"},"datePublished":"2016-08-04T16:10:10+00:00","dateModified":"2016-10-24T15:51:47+00:00","breadcrumb":{"@id":"https:\/\/katech-solutions.com\/pl\/desery\/beza\/#breadcrumb"},"inLanguage":"pl-PL","potentialAction":[{"@type":"ReadAction","target":["https:\/\/katech-solutions.com\/pl\/desery\/beza\/"]}]},{"@type":"BreadcrumbList","@id":"https:\/\/katech-solutions.com\/pl\/desery\/beza\/#breadcrumb","itemListElement":[{"@type":"ListItem","position":1,"name":"Desery","item":"https:\/\/katech-solutions.com\/pl\/desery\/"},{"@type":"ListItem","position":2,"name":"Beza"}]},{"@type":"WebSite","@id":"https:\/\/katech-solutions.com\/#website","url":"https:\/\/katech-solutions.com\/","name":"KaTech","description":"","potentialAction":[{"@type":"SearchAction","target":{"@type":"EntryPoint","urlTemplate":"https:\/\/katech-solutions.com\/?s={search_term_string}"},"query-input":{"@type":"PropertyValueSpecification","valueRequired":true,"valueName":"search_term_string"}}],"inLanguage":"pl-PL"}]}},"_links":{"self":[{"href":"https:\/\/katech-solutions.com\/pl\/wp-json\/wp\/v2\/pages\/7382","targetHints":{"allow":["GET"]}}],"collection":[{"href":"https:\/\/katech-solutions.com\/pl\/wp-json\/wp\/v2\/pages"}],"about":[{"href":"https:\/\/katech-solutions.com\/pl\/wp-json\/wp\/v2\/types\/page"}],"author":[{"embeddable":true,"href":"https:\/\/katech-solutions.com\/pl\/wp-json\/wp\/v2\/users\/28"}],"replies":[{"embeddable":true,"href":"https:\/\/katech-solutions.com\/pl\/wp-json\/wp\/v2\/comments?post=7382"}],"version-history":[{"count":2,"href":"https:\/\/katech-solutions.com\/pl\/wp-json\/wp\/v2\/pages\/7382\/revisions"}],"predecessor-version":[{"id":7649,"href":"https:\/\/katech-solutions.com\/pl\/wp-json\/wp\/v2\/pages\/7382\/revisions\/7649"}],"up":[{"embeddable":true,"href":"https:\/\/katech-solutions.com\/pl\/wp-json\/wp\/v2\/pages\/7377"}],"wp:attachment":[{"href":"https:\/\/katech-solutions.com\/pl\/wp-json\/wp\/v2\/media?parent=7382"}],"curies":[{"name":"wp","href":"https:\/\/api.w.org\/{rel}","templated":true}]}}