{"id":7379,"date":"2016-08-04T16:08:20","date_gmt":"2016-08-04T16:08:20","guid":{"rendered":"https:\/\/www.khpartner.com\/pl\/?page_id=7379"},"modified":"2016-10-24T15:33:21","modified_gmt":"2016-10-24T15:33:21","slug":"deser-napowietrzany","status":"publish","type":"page","link":"https:\/\/katech-solutions.com\/pl\/desery\/deser-napowietrzany\/","title":{"rendered":"Deser napowietrzany"},"content":{"rendered":"<p style=\"text-align: justify;\">Deser napowietrzany (mus) to produkt, kt\u00f3ry bardzo zyska\u0142 na popularno\u015bci w ostatnich latach. Jest on napowietrzany najcz\u0119\u015bciej azotem, a jego konsystencja mo\u017ce by\u0107 dostosowana do indywidualnych wymaga\u0144 klienta, od bardzo lekkiej i puszystej po bardziej zwart\u0105 i\u00a0kremow\u0105. Na rynku dost\u0119pny jest szeroki asortyment produkt\u00f3w tego typu, a w\u015br\u00f3d bardziej popularnych wariant\u00f3w smakowych wymieni\u0107 nale\u017cy czekoladowy i waniliowy.<\/p>\n<p style=\"text-align: justify;\">Jednak\u017ce, by ten wyrafinowany produkt cechowa\u0142a wysoka jako\u015b\u0107 pod uwag\u0119 nale\u017cy wzi\u0105\u0107 ca\u0142y szereg czynnik\u00f3w. Nale\u017c\u0105 do nich sk\u0142adniki receptury i u\u017cyte dodatki, optymalna zawarto\u015b\u0107 t\u0142uszczu oraz w\u0142a\u015bciwe napowietrzenie.<\/p>\n","protected":false},"excerpt":{"rendered":"<p>Deser napowietrzany (mus) to produkt, kt\u00f3ry bardzo zyska\u0142 na popularno\u015bci w ostatnich latach. Jest on napowietrzany najcz\u0119\u015bciej azotem, a jego konsystencja mo\u017ce by\u0107 dostosowana do indywidualnych wymaga\u0144 klienta, od bardzo lekkiej i puszystej po bardziej zwart\u0105 i\u00a0kremow\u0105. Na rynku dost\u0119pny &hellip; <a class=\"continue-reading\" href=\"https:\/\/katech-solutions.com\/pl\/desery\/deser-napowietrzany\/\">Czytaj dalej <span class=\"meta-nav\">&rarr;<\/span><\/a><\/p>\n","protected":false},"author":28,"featured_media":0,"parent":7377,"menu_order":0,"comment_status":"closed","ping_status":"open","template":"","meta":{"_acf_changed":false,"footnotes":""},"class_list":["post-7379","page","type-page","status-publish","hentry"],"acf":[],"yoast_head":"<!-- This site is optimized with the Yoast SEO plugin v27.2 - https:\/\/yoast.com\/product\/yoast-seo-wordpress\/ -->\n<title>Deser napowietrzany |<\/title>\n<meta name=\"robots\" content=\"index, follow, max-snippet:-1, max-image-preview:large, max-video-preview:-1\" \/>\n<link rel=\"canonical\" href=\"https:\/\/katech-solutions.com\/pl\/desery\/deser-napowietrzany\/\" \/>\n<meta property=\"og:locale\" content=\"pl_PL\" \/>\n<meta property=\"og:type\" content=\"article\" \/>\n<meta property=\"og:title\" content=\"Deser napowietrzany |\" \/>\n<meta property=\"og:description\" content=\"Deser napowietrzany (mus) to produkt, kt\u00f3ry bardzo zyska\u0142 na popularno\u015bci w ostatnich latach. Jest on napowietrzany najcz\u0119\u015bciej azotem, a jego konsystencja mo\u017ce by\u0107 dostosowana do indywidualnych wymaga\u0144 klienta, od bardzo lekkiej i puszystej po bardziej zwart\u0105 i\u00a0kremow\u0105. Na rynku dost\u0119pny &hellip; Czytaj dalej &rarr;\" \/>\n<meta property=\"og:url\" content=\"https:\/\/katech-solutions.com\/pl\/desery\/deser-napowietrzany\/\" \/>\n<meta property=\"og:site_name\" content=\"KaTech\" \/>\n<meta property=\"article:modified_time\" content=\"2016-10-24T15:33:21+00:00\" \/>\n<meta name=\"twitter:label1\" content=\"Szacowany czas czytania\" \/>\n\t<meta name=\"twitter:data1\" content=\"1 minuta\" \/>\n<script type=\"application\/ld+json\" class=\"yoast-schema-graph\">{\"@context\":\"https:\/\/schema.org\",\"@graph\":[{\"@type\":\"WebPage\",\"@id\":\"https:\/\/katech-solutions.com\/pl\/desery\/deser-napowietrzany\/\",\"url\":\"https:\/\/katech-solutions.com\/pl\/desery\/deser-napowietrzany\/\",\"name\":\"Deser napowietrzany |\",\"isPartOf\":{\"@id\":\"https:\/\/katech-solutions.com\/#website\"},\"datePublished\":\"2016-08-04T16:08:20+00:00\",\"dateModified\":\"2016-10-24T15:33:21+00:00\",\"breadcrumb\":{\"@id\":\"https:\/\/katech-solutions.com\/pl\/desery\/deser-napowietrzany\/#breadcrumb\"},\"inLanguage\":\"pl-PL\",\"potentialAction\":[{\"@type\":\"ReadAction\",\"target\":[\"https:\/\/katech-solutions.com\/pl\/desery\/deser-napowietrzany\/\"]}]},{\"@type\":\"BreadcrumbList\",\"@id\":\"https:\/\/katech-solutions.com\/pl\/desery\/deser-napowietrzany\/#breadcrumb\",\"itemListElement\":[{\"@type\":\"ListItem\",\"position\":1,\"name\":\"Desery\",\"item\":\"https:\/\/katech-solutions.com\/pl\/desery\/\"},{\"@type\":\"ListItem\",\"position\":2,\"name\":\"Deser napowietrzany\"}]},{\"@type\":\"WebSite\",\"@id\":\"https:\/\/katech-solutions.com\/#website\",\"url\":\"https:\/\/katech-solutions.com\/\",\"name\":\"KaTech\",\"description\":\"\",\"potentialAction\":[{\"@type\":\"SearchAction\",\"target\":{\"@type\":\"EntryPoint\",\"urlTemplate\":\"https:\/\/katech-solutions.com\/?s={search_term_string}\"},\"query-input\":{\"@type\":\"PropertyValueSpecification\",\"valueRequired\":true,\"valueName\":\"search_term_string\"}}],\"inLanguage\":\"pl-PL\"}]}<\/script>\n<!-- \/ Yoast SEO plugin. -->","yoast_head_json":{"title":"Deser napowietrzany |","robots":{"index":"index","follow":"follow","max-snippet":"max-snippet:-1","max-image-preview":"max-image-preview:large","max-video-preview":"max-video-preview:-1"},"canonical":"https:\/\/katech-solutions.com\/pl\/desery\/deser-napowietrzany\/","og_locale":"pl_PL","og_type":"article","og_title":"Deser napowietrzany |","og_description":"Deser napowietrzany (mus) to produkt, kt\u00f3ry bardzo zyska\u0142 na popularno\u015bci w ostatnich latach. Jest on napowietrzany najcz\u0119\u015bciej azotem, a jego konsystencja mo\u017ce by\u0107 dostosowana do indywidualnych wymaga\u0144 klienta, od bardzo lekkiej i puszystej po bardziej zwart\u0105 i\u00a0kremow\u0105. Na rynku dost\u0119pny &hellip; Czytaj dalej &rarr;","og_url":"https:\/\/katech-solutions.com\/pl\/desery\/deser-napowietrzany\/","og_site_name":"KaTech","article_modified_time":"2016-10-24T15:33:21+00:00","twitter_misc":{"Szacowany czas czytania":"1 minuta"},"schema":{"@context":"https:\/\/schema.org","@graph":[{"@type":"WebPage","@id":"https:\/\/katech-solutions.com\/pl\/desery\/deser-napowietrzany\/","url":"https:\/\/katech-solutions.com\/pl\/desery\/deser-napowietrzany\/","name":"Deser napowietrzany |","isPartOf":{"@id":"https:\/\/katech-solutions.com\/#website"},"datePublished":"2016-08-04T16:08:20+00:00","dateModified":"2016-10-24T15:33:21+00:00","breadcrumb":{"@id":"https:\/\/katech-solutions.com\/pl\/desery\/deser-napowietrzany\/#breadcrumb"},"inLanguage":"pl-PL","potentialAction":[{"@type":"ReadAction","target":["https:\/\/katech-solutions.com\/pl\/desery\/deser-napowietrzany\/"]}]},{"@type":"BreadcrumbList","@id":"https:\/\/katech-solutions.com\/pl\/desery\/deser-napowietrzany\/#breadcrumb","itemListElement":[{"@type":"ListItem","position":1,"name":"Desery","item":"https:\/\/katech-solutions.com\/pl\/desery\/"},{"@type":"ListItem","position":2,"name":"Deser napowietrzany"}]},{"@type":"WebSite","@id":"https:\/\/katech-solutions.com\/#website","url":"https:\/\/katech-solutions.com\/","name":"KaTech","description":"","potentialAction":[{"@type":"SearchAction","target":{"@type":"EntryPoint","urlTemplate":"https:\/\/katech-solutions.com\/?s={search_term_string}"},"query-input":{"@type":"PropertyValueSpecification","valueRequired":true,"valueName":"search_term_string"}}],"inLanguage":"pl-PL"}]}},"_links":{"self":[{"href":"https:\/\/katech-solutions.com\/pl\/wp-json\/wp\/v2\/pages\/7379","targetHints":{"allow":["GET"]}}],"collection":[{"href":"https:\/\/katech-solutions.com\/pl\/wp-json\/wp\/v2\/pages"}],"about":[{"href":"https:\/\/katech-solutions.com\/pl\/wp-json\/wp\/v2\/types\/page"}],"author":[{"embeddable":true,"href":"https:\/\/katech-solutions.com\/pl\/wp-json\/wp\/v2\/users\/28"}],"replies":[{"embeddable":true,"href":"https:\/\/katech-solutions.com\/pl\/wp-json\/wp\/v2\/comments?post=7379"}],"version-history":[{"count":3,"href":"https:\/\/katech-solutions.com\/pl\/wp-json\/wp\/v2\/pages\/7379\/revisions"}],"predecessor-version":[{"id":7647,"href":"https:\/\/katech-solutions.com\/pl\/wp-json\/wp\/v2\/pages\/7379\/revisions\/7647"}],"up":[{"embeddable":true,"href":"https:\/\/katech-solutions.com\/pl\/wp-json\/wp\/v2\/pages\/7377"}],"wp:attachment":[{"href":"https:\/\/katech-solutions.com\/pl\/wp-json\/wp\/v2\/media?parent=7379"}],"curies":[{"name":"wp","href":"https:\/\/api.w.org\/{rel}","templated":true}]}}