{"id":7377,"date":"2016-08-04T16:05:06","date_gmt":"2016-08-04T16:05:06","guid":{"rendered":"https:\/\/www.khpartner.com\/pl\/?page_id=7377"},"modified":"2017-11-03T09:33:12","modified_gmt":"2017-11-03T09:33:12","slug":"desery","status":"publish","type":"page","link":"https:\/\/katech-solutions.com\/pl\/desery\/","title":{"rendered":"Desery"},"content":{"rendered":"<h2 style=\"text-align: justify;\">Desery<\/h2>\n<p style=\"text-align: justify;\">S\u0142owo \u201edeser\u201d pochodzi od francuskiego s\u0142owa <em>desservir<\/em>, kt\u00f3re oznacza \u201esprz\u0105ta\u0107 ze sto\u0142u\u201d. Taka etymologia s\u0142owa ma najpewniej zwi\u0105zek z tym, \u017ce desery podaje si\u0119 po posi\u0142ku, jako uzupe\u0142nienie serwowanego dania.<\/p>\n<p style=\"text-align: justify;\">W obecnych czasach desery prze\u017cywaj\u0105 rozkwit popularno\u015bci. Z jednej strony sprawia to szeroka dost\u0119pno\u015b\u0107 najlepszych sk\u0142adnik\u00f3w, z drugiej \u2013 tw\u00f3rcze upodobanie do urozmaicania istniej\u0105cych potraw. Desery daj\u0105 bardzo du\u017ce pole do popisu je\u015bli chodzi o ich tworzenie i dlatego w ich stron\u0119 zwraca si\u0119 zainteresowanie nie tylko szef\u00f3w kuchni, ale tak\u017ce producent\u00f3w \u017cywno\u015bci. Desery maj\u0105 za sob\u0105 d\u0142ug\u0105 histori\u0119 i dzi\u015b trudno wyobrazi\u0107 sobie obiad bez nich.<\/p>\n<p style=\"text-align: justify;\">Pierwszymi deserami by\u0142y mi\u0119dzy innymi \u015bwie\u017ce i suszone owoce. Baz\u0119 dla deser\u00f3w stanowi\u0142y tak\u017ce mi\u00f3d i orzechy. Zgodnie z przekazami historycznymi, rzymianie lubowali si\u0119 w budyniach, kremach i nale\u015bnikach. Rycerze krzy\u017cowi poznali w krajach arabskich cukier trzcinowy, sorbet i s\u0142odkie galaretki owocowe. Z kolei, odkrycie Nowego \u015awiata zaowocowa\u0142o wprowadzeniem do kuchni tak znanych sk\u0142adnik\u00f3w jak kakao czy wanilia.<\/p>\n<p style=\"text-align: justify;\">Firma KaTech oferuje Pa\u0144stwu wsparcie w tworzeniu nowych wykwintnych deser\u00f3w w r\u00f3\u017cnych wariantach cenowych.<\/p>\n","protected":false},"excerpt":{"rendered":"<p>Desery S\u0142owo \u201edeser\u201d pochodzi od francuskiego s\u0142owa desservir, kt\u00f3re oznacza \u201esprz\u0105ta\u0107 ze sto\u0142u\u201d. Taka etymologia s\u0142owa ma najpewniej zwi\u0105zek z tym, \u017ce desery podaje si\u0119 po posi\u0142ku, jako uzupe\u0142nienie serwowanego dania. W obecnych czasach desery prze\u017cywaj\u0105 rozkwit popularno\u015bci. Z jednej &hellip; <a class=\"continue-reading\" href=\"https:\/\/katech-solutions.com\/pl\/desery\/\">Czytaj dalej <span class=\"meta-nav\">&rarr;<\/span><\/a><\/p>\n","protected":false},"author":28,"featured_media":0,"parent":0,"menu_order":2,"comment_status":"closed","ping_status":"open","template":"layout-content-3.php","meta":{"_acf_changed":false,"footnotes":""},"class_list":["post-7377","page","type-page","status-publish","hentry"],"acf":[],"yoast_head":"<!-- This site is optimized with the Yoast SEO plugin v27.2 - https:\/\/yoast.com\/product\/yoast-seo-wordpress\/ -->\n<title>Desery |<\/title>\n<meta name=\"robots\" content=\"index, follow, max-snippet:-1, max-image-preview:large, max-video-preview:-1\" \/>\n<link rel=\"canonical\" href=\"https:\/\/katech-solutions.com\/pl\/desery\/\" \/>\n<meta property=\"og:locale\" content=\"pl_PL\" \/>\n<meta property=\"og:type\" content=\"article\" \/>\n<meta property=\"og:title\" content=\"Desery |\" \/>\n<meta property=\"og:description\" content=\"Desery S\u0142owo \u201edeser\u201d pochodzi od francuskiego s\u0142owa desservir, kt\u00f3re oznacza \u201esprz\u0105ta\u0107 ze sto\u0142u\u201d. Taka etymologia s\u0142owa ma najpewniej zwi\u0105zek z tym, \u017ce desery podaje si\u0119 po posi\u0142ku, jako uzupe\u0142nienie serwowanego dania. W obecnych czasach desery prze\u017cywaj\u0105 rozkwit popularno\u015bci. Z jednej &hellip; Czytaj dalej &rarr;\" \/>\n<meta property=\"og:url\" content=\"https:\/\/katech-solutions.com\/pl\/desery\/\" \/>\n<meta property=\"og:site_name\" content=\"KaTech\" \/>\n<meta property=\"article:modified_time\" content=\"2017-11-03T09:33:12+00:00\" \/>\n<meta name=\"twitter:label1\" content=\"Szacowany czas czytania\" \/>\n\t<meta name=\"twitter:data1\" content=\"1 minuta\" \/>\n<script type=\"application\/ld+json\" class=\"yoast-schema-graph\">{\"@context\":\"https:\/\/schema.org\",\"@graph\":[{\"@type\":\"WebPage\",\"@id\":\"https:\/\/katech-solutions.com\/pl\/desery\/\",\"url\":\"https:\/\/katech-solutions.com\/pl\/desery\/\",\"name\":\"Desery |\",\"isPartOf\":{\"@id\":\"https:\/\/katech-solutions.com\/#website\"},\"datePublished\":\"2016-08-04T16:05:06+00:00\",\"dateModified\":\"2017-11-03T09:33:12+00:00\",\"inLanguage\":\"pl-PL\",\"potentialAction\":[{\"@type\":\"ReadAction\",\"target\":[\"https:\/\/katech-solutions.com\/pl\/desery\/\"]}]},{\"@type\":\"WebSite\",\"@id\":\"https:\/\/katech-solutions.com\/#website\",\"url\":\"https:\/\/katech-solutions.com\/\",\"name\":\"KaTech\",\"description\":\"\",\"potentialAction\":[{\"@type\":\"SearchAction\",\"target\":{\"@type\":\"EntryPoint\",\"urlTemplate\":\"https:\/\/katech-solutions.com\/?s={search_term_string}\"},\"query-input\":{\"@type\":\"PropertyValueSpecification\",\"valueRequired\":true,\"valueName\":\"search_term_string\"}}],\"inLanguage\":\"pl-PL\"}]}<\/script>\n<!-- \/ Yoast SEO plugin. -->","yoast_head_json":{"title":"Desery |","robots":{"index":"index","follow":"follow","max-snippet":"max-snippet:-1","max-image-preview":"max-image-preview:large","max-video-preview":"max-video-preview:-1"},"canonical":"https:\/\/katech-solutions.com\/pl\/desery\/","og_locale":"pl_PL","og_type":"article","og_title":"Desery |","og_description":"Desery S\u0142owo \u201edeser\u201d pochodzi od francuskiego s\u0142owa desservir, kt\u00f3re oznacza \u201esprz\u0105ta\u0107 ze sto\u0142u\u201d. Taka etymologia s\u0142owa ma najpewniej zwi\u0105zek z tym, \u017ce desery podaje si\u0119 po posi\u0142ku, jako uzupe\u0142nienie serwowanego dania. W obecnych czasach desery prze\u017cywaj\u0105 rozkwit popularno\u015bci. Z jednej &hellip; Czytaj dalej &rarr;","og_url":"https:\/\/katech-solutions.com\/pl\/desery\/","og_site_name":"KaTech","article_modified_time":"2017-11-03T09:33:12+00:00","twitter_misc":{"Szacowany czas czytania":"1 minuta"},"schema":{"@context":"https:\/\/schema.org","@graph":[{"@type":"WebPage","@id":"https:\/\/katech-solutions.com\/pl\/desery\/","url":"https:\/\/katech-solutions.com\/pl\/desery\/","name":"Desery |","isPartOf":{"@id":"https:\/\/katech-solutions.com\/#website"},"datePublished":"2016-08-04T16:05:06+00:00","dateModified":"2017-11-03T09:33:12+00:00","inLanguage":"pl-PL","potentialAction":[{"@type":"ReadAction","target":["https:\/\/katech-solutions.com\/pl\/desery\/"]}]},{"@type":"WebSite","@id":"https:\/\/katech-solutions.com\/#website","url":"https:\/\/katech-solutions.com\/","name":"KaTech","description":"","potentialAction":[{"@type":"SearchAction","target":{"@type":"EntryPoint","urlTemplate":"https:\/\/katech-solutions.com\/?s={search_term_string}"},"query-input":{"@type":"PropertyValueSpecification","valueRequired":true,"valueName":"search_term_string"}}],"inLanguage":"pl-PL"}]}},"_links":{"self":[{"href":"https:\/\/katech-solutions.com\/pl\/wp-json\/wp\/v2\/pages\/7377","targetHints":{"allow":["GET"]}}],"collection":[{"href":"https:\/\/katech-solutions.com\/pl\/wp-json\/wp\/v2\/pages"}],"about":[{"href":"https:\/\/katech-solutions.com\/pl\/wp-json\/wp\/v2\/types\/page"}],"author":[{"embeddable":true,"href":"https:\/\/katech-solutions.com\/pl\/wp-json\/wp\/v2\/users\/28"}],"replies":[{"embeddable":true,"href":"https:\/\/katech-solutions.com\/pl\/wp-json\/wp\/v2\/comments?post=7377"}],"version-history":[{"count":5,"href":"https:\/\/katech-solutions.com\/pl\/wp-json\/wp\/v2\/pages\/7377\/revisions"}],"predecessor-version":[{"id":8528,"href":"https:\/\/katech-solutions.com\/pl\/wp-json\/wp\/v2\/pages\/7377\/revisions\/8528"}],"wp:attachment":[{"href":"https:\/\/katech-solutions.com\/pl\/wp-json\/wp\/v2\/media?parent=7377"}],"curies":[{"name":"wp","href":"https:\/\/api.w.org\/{rel}","templated":true}]}}