{"id":7375,"date":"2016-08-04T16:03:15","date_gmt":"2016-08-04T16:03:15","guid":{"rendered":"https:\/\/www.khpartner.com\/pl\/?page_id=7375"},"modified":"2016-10-24T15:23:09","modified_gmt":"2016-10-24T15:23:09","slug":"smietanka-do-ubijania","status":"publish","type":"page","link":"https:\/\/katech-solutions.com\/pl\/smietanki-i-smietany\/smietanka-do-ubijania\/","title":{"rendered":"\u015amietanka do ubijania"},"content":{"rendered":"<p style=\"text-align: justify;\">\u015amietanka do ubijania jest produktem powszechnie stosowanym w\u00a0gospodarstwach domowych oraz w gastronomii jako baza dla\u00a0mus\u00f3w, krem\u00f3w do ciast, czy deser\u00f3w. Zwykle zawiera od 30 do\u00a036% t\u0142uszczu.<\/p>\n<p style=\"text-align: justify;\">W ostatnich latach na rynku pojawiaj\u0105 si\u0119 co raz cz\u0119\u015bciej \u015bmietanki do ubijania o zawarto\u015bci t\u0142uszczu poni\u017cej 30%. Do najbardziej po\u017c\u0105danych cech tego typu produkt\u00f3w nale\u017c\u0105 du\u017cy przyrost masy ubitej i stabilno\u015b\u0107 przez ca\u0142y okres przechowywania (szczeg\u00f3lnie w\u00a0przypadku produkt\u00f3w UHT). Zachowanie wy\u017cej wymienionych cech w przypadku \u015bmietanki o ni\u017cszej zawarto\u015bci t\u0142uszczu mo\u017ce wi\u0105za\u0107 si\u0119 z konieczno\u015bci\u0105 zastosowania specjalnych dodatk\u00f3w funkcjonalnych.<\/p>\n","protected":false},"excerpt":{"rendered":"<p>\u015amietanka do ubijania jest produktem powszechnie stosowanym w\u00a0gospodarstwach domowych oraz w gastronomii jako baza dla\u00a0mus\u00f3w, krem\u00f3w do ciast, czy deser\u00f3w. Zwykle zawiera od 30 do\u00a036% t\u0142uszczu. W ostatnich latach na rynku pojawiaj\u0105 si\u0119 co raz cz\u0119\u015bciej \u015bmietanki do ubijania o &hellip; <a class=\"continue-reading\" href=\"https:\/\/katech-solutions.com\/pl\/smietanki-i-smietany\/smietanka-do-ubijania\/\">Czytaj dalej <span class=\"meta-nav\">&rarr;<\/span><\/a><\/p>\n","protected":false},"author":28,"featured_media":0,"parent":7347,"menu_order":0,"comment_status":"closed","ping_status":"open","template":"","meta":{"_acf_changed":false,"footnotes":""},"class_list":["post-7375","page","type-page","status-publish","hentry"],"acf":[],"yoast_head":"<!-- This site is optimized with the Yoast SEO plugin v27.2 - https:\/\/yoast.com\/product\/yoast-seo-wordpress\/ -->\n<title>\u015amietanka do ubijania |<\/title>\n<meta name=\"robots\" content=\"index, follow, max-snippet:-1, max-image-preview:large, max-video-preview:-1\" \/>\n<link rel=\"canonical\" href=\"https:\/\/katech-solutions.com\/pl\/smietanki-i-smietany\/smietanka-do-ubijania\/\" \/>\n<meta property=\"og:locale\" content=\"pl_PL\" \/>\n<meta property=\"og:type\" content=\"article\" \/>\n<meta property=\"og:title\" content=\"\u015amietanka do ubijania |\" \/>\n<meta property=\"og:description\" content=\"\u015amietanka do ubijania jest produktem powszechnie stosowanym w\u00a0gospodarstwach domowych oraz w gastronomii jako baza dla\u00a0mus\u00f3w, krem\u00f3w do ciast, czy deser\u00f3w. Zwykle zawiera od 30 do\u00a036% t\u0142uszczu. W ostatnich latach na rynku pojawiaj\u0105 si\u0119 co raz cz\u0119\u015bciej \u015bmietanki do ubijania o &hellip; Czytaj dalej &rarr;\" \/>\n<meta property=\"og:url\" content=\"https:\/\/katech-solutions.com\/pl\/smietanki-i-smietany\/smietanka-do-ubijania\/\" \/>\n<meta property=\"og:site_name\" content=\"KaTech\" \/>\n<meta property=\"article:modified_time\" content=\"2016-10-24T15:23:09+00:00\" \/>\n<meta name=\"twitter:label1\" content=\"Szacowany czas czytania\" \/>\n\t<meta name=\"twitter:data1\" content=\"1 minuta\" \/>\n<script type=\"application\/ld+json\" class=\"yoast-schema-graph\">{\"@context\":\"https:\/\/schema.org\",\"@graph\":[{\"@type\":\"WebPage\",\"@id\":\"https:\/\/katech-solutions.com\/pl\/smietanki-i-smietany\/smietanka-do-ubijania\/\",\"url\":\"https:\/\/katech-solutions.com\/pl\/smietanki-i-smietany\/smietanka-do-ubijania\/\",\"name\":\"\u015amietanka do ubijania |\",\"isPartOf\":{\"@id\":\"https:\/\/katech-solutions.com\/#website\"},\"datePublished\":\"2016-08-04T16:03:15+00:00\",\"dateModified\":\"2016-10-24T15:23:09+00:00\",\"breadcrumb\":{\"@id\":\"https:\/\/katech-solutions.com\/pl\/smietanki-i-smietany\/smietanka-do-ubijania\/#breadcrumb\"},\"inLanguage\":\"pl-PL\",\"potentialAction\":[{\"@type\":\"ReadAction\",\"target\":[\"https:\/\/katech-solutions.com\/pl\/smietanki-i-smietany\/smietanka-do-ubijania\/\"]}]},{\"@type\":\"BreadcrumbList\",\"@id\":\"https:\/\/katech-solutions.com\/pl\/smietanki-i-smietany\/smietanka-do-ubijania\/#breadcrumb\",\"itemListElement\":[{\"@type\":\"ListItem\",\"position\":1,\"name\":\"\u015amietanki i\u00a0\u015bmietany\",\"item\":\"https:\/\/katech-solutions.com\/pl\/smietanki-i-smietany\/\"},{\"@type\":\"ListItem\",\"position\":2,\"name\":\"\u015amietanka do ubijania\"}]},{\"@type\":\"WebSite\",\"@id\":\"https:\/\/katech-solutions.com\/#website\",\"url\":\"https:\/\/katech-solutions.com\/\",\"name\":\"KaTech\",\"description\":\"\",\"potentialAction\":[{\"@type\":\"SearchAction\",\"target\":{\"@type\":\"EntryPoint\",\"urlTemplate\":\"https:\/\/katech-solutions.com\/?s={search_term_string}\"},\"query-input\":{\"@type\":\"PropertyValueSpecification\",\"valueRequired\":true,\"valueName\":\"search_term_string\"}}],\"inLanguage\":\"pl-PL\"}]}<\/script>\n<!-- \/ Yoast SEO plugin. -->","yoast_head_json":{"title":"\u015amietanka do ubijania |","robots":{"index":"index","follow":"follow","max-snippet":"max-snippet:-1","max-image-preview":"max-image-preview:large","max-video-preview":"max-video-preview:-1"},"canonical":"https:\/\/katech-solutions.com\/pl\/smietanki-i-smietany\/smietanka-do-ubijania\/","og_locale":"pl_PL","og_type":"article","og_title":"\u015amietanka do ubijania |","og_description":"\u015amietanka do ubijania jest produktem powszechnie stosowanym w\u00a0gospodarstwach domowych oraz w gastronomii jako baza dla\u00a0mus\u00f3w, krem\u00f3w do ciast, czy deser\u00f3w. Zwykle zawiera od 30 do\u00a036% t\u0142uszczu. W ostatnich latach na rynku pojawiaj\u0105 si\u0119 co raz cz\u0119\u015bciej \u015bmietanki do ubijania o &hellip; Czytaj dalej &rarr;","og_url":"https:\/\/katech-solutions.com\/pl\/smietanki-i-smietany\/smietanka-do-ubijania\/","og_site_name":"KaTech","article_modified_time":"2016-10-24T15:23:09+00:00","twitter_misc":{"Szacowany czas czytania":"1 minuta"},"schema":{"@context":"https:\/\/schema.org","@graph":[{"@type":"WebPage","@id":"https:\/\/katech-solutions.com\/pl\/smietanki-i-smietany\/smietanka-do-ubijania\/","url":"https:\/\/katech-solutions.com\/pl\/smietanki-i-smietany\/smietanka-do-ubijania\/","name":"\u015amietanka do ubijania |","isPartOf":{"@id":"https:\/\/katech-solutions.com\/#website"},"datePublished":"2016-08-04T16:03:15+00:00","dateModified":"2016-10-24T15:23:09+00:00","breadcrumb":{"@id":"https:\/\/katech-solutions.com\/pl\/smietanki-i-smietany\/smietanka-do-ubijania\/#breadcrumb"},"inLanguage":"pl-PL","potentialAction":[{"@type":"ReadAction","target":["https:\/\/katech-solutions.com\/pl\/smietanki-i-smietany\/smietanka-do-ubijania\/"]}]},{"@type":"BreadcrumbList","@id":"https:\/\/katech-solutions.com\/pl\/smietanki-i-smietany\/smietanka-do-ubijania\/#breadcrumb","itemListElement":[{"@type":"ListItem","position":1,"name":"\u015amietanki i\u00a0\u015bmietany","item":"https:\/\/katech-solutions.com\/pl\/smietanki-i-smietany\/"},{"@type":"ListItem","position":2,"name":"\u015amietanka do ubijania"}]},{"@type":"WebSite","@id":"https:\/\/katech-solutions.com\/#website","url":"https:\/\/katech-solutions.com\/","name":"KaTech","description":"","potentialAction":[{"@type":"SearchAction","target":{"@type":"EntryPoint","urlTemplate":"https:\/\/katech-solutions.com\/?s={search_term_string}"},"query-input":{"@type":"PropertyValueSpecification","valueRequired":true,"valueName":"search_term_string"}}],"inLanguage":"pl-PL"}]}},"_links":{"self":[{"href":"https:\/\/katech-solutions.com\/pl\/wp-json\/wp\/v2\/pages\/7375","targetHints":{"allow":["GET"]}}],"collection":[{"href":"https:\/\/katech-solutions.com\/pl\/wp-json\/wp\/v2\/pages"}],"about":[{"href":"https:\/\/katech-solutions.com\/pl\/wp-json\/wp\/v2\/types\/page"}],"author":[{"embeddable":true,"href":"https:\/\/katech-solutions.com\/pl\/wp-json\/wp\/v2\/users\/28"}],"replies":[{"embeddable":true,"href":"https:\/\/katech-solutions.com\/pl\/wp-json\/wp\/v2\/comments?post=7375"}],"version-history":[{"count":2,"href":"https:\/\/katech-solutions.com\/pl\/wp-json\/wp\/v2\/pages\/7375\/revisions"}],"predecessor-version":[{"id":7640,"href":"https:\/\/katech-solutions.com\/pl\/wp-json\/wp\/v2\/pages\/7375\/revisions\/7640"}],"up":[{"embeddable":true,"href":"https:\/\/katech-solutions.com\/pl\/wp-json\/wp\/v2\/pages\/7347"}],"wp:attachment":[{"href":"https:\/\/katech-solutions.com\/pl\/wp-json\/wp\/v2\/media?parent=7375"}],"curies":[{"name":"wp","href":"https:\/\/api.w.org\/{rel}","templated":true}]}}