{"id":7372,"date":"2016-08-04T16:02:00","date_gmt":"2016-08-04T16:02:00","guid":{"rendered":"https:\/\/www.khpartner.com\/pl\/?page_id=7372"},"modified":"2017-11-02T14:01:33","modified_gmt":"2017-11-02T14:01:33","slug":"fermentowane-produkty-smietanowe","status":"publish","type":"page","link":"https:\/\/katech-solutions.com\/pl\/smietanki-i-smietany\/fermentowane-produkty-smietanowe\/","title":{"rendered":"Fermentowane produkty \u015bmietanowe"},"content":{"rendered":"<p style=\"text-align: justify;\">Fermentowane produkty \u015bmietanowe wytwarzane z u\u017cyciem mezofilnych kultur bakterii kwasu mlekowego oferowane s\u0105 w wielu wariantach, charakteryzuj\u0105cych si\u0119 r\u00f3\u017cn\u0105 zawarto\u015bci\u0105 t\u0142uszczu mlecznego lub ro\u015blinnego (od 3% do 40 %) oraz odmienn\u0105 tekstur\u0105.<\/p>\n<p style=\"text-align: justify;\">Produkty te maj\u0105 wiele zastosowa\u0144 kulinarnych i s\u0105 powszechnie stosowanym\u00a0dodatkiem do zup, sos\u00f3w, dip\u00f3w, dressing\u00f3w, a nawet deser\u00f3w.<\/p>\n<p>&nbsp;<\/p>\n","protected":false},"excerpt":{"rendered":"<p>Fermentowane produkty \u015bmietanowe wytwarzane z u\u017cyciem mezofilnych kultur bakterii kwasu mlekowego oferowane s\u0105 w wielu wariantach, charakteryzuj\u0105cych si\u0119 r\u00f3\u017cn\u0105 zawarto\u015bci\u0105 t\u0142uszczu mlecznego lub ro\u015blinnego (od 3% do 40 %) oraz odmienn\u0105 tekstur\u0105. Produkty te maj\u0105 wiele zastosowa\u0144 kulinarnych i s\u0105 &hellip; <a class=\"continue-reading\" href=\"https:\/\/katech-solutions.com\/pl\/smietanki-i-smietany\/fermentowane-produkty-smietanowe\/\">Czytaj dalej <span class=\"meta-nav\">&rarr;<\/span><\/a><\/p>\n","protected":false},"author":28,"featured_media":0,"parent":7347,"menu_order":0,"comment_status":"closed","ping_status":"open","template":"","meta":{"_acf_changed":false,"footnotes":""},"class_list":["post-7372","page","type-page","status-publish","hentry"],"acf":[],"yoast_head":"<!-- This site is optimized with the Yoast SEO plugin v27.2 - https:\/\/yoast.com\/product\/yoast-seo-wordpress\/ -->\n<title>Fermentowane produkty \u015bmietanowe |<\/title>\n<meta name=\"robots\" content=\"index, follow, max-snippet:-1, max-image-preview:large, max-video-preview:-1\" \/>\n<link rel=\"canonical\" href=\"https:\/\/katech-solutions.com\/pl\/smietanki-i-smietany\/fermentowane-produkty-smietanowe\/\" \/>\n<meta property=\"og:locale\" content=\"pl_PL\" \/>\n<meta property=\"og:type\" content=\"article\" \/>\n<meta property=\"og:title\" content=\"Fermentowane produkty \u015bmietanowe |\" \/>\n<meta property=\"og:description\" content=\"Fermentowane produkty \u015bmietanowe wytwarzane z u\u017cyciem mezofilnych kultur bakterii kwasu mlekowego oferowane s\u0105 w wielu wariantach, charakteryzuj\u0105cych si\u0119 r\u00f3\u017cn\u0105 zawarto\u015bci\u0105 t\u0142uszczu mlecznego lub ro\u015blinnego (od 3% do 40 %) oraz odmienn\u0105 tekstur\u0105. Produkty te maj\u0105 wiele zastosowa\u0144 kulinarnych i s\u0105 &hellip; Czytaj dalej &rarr;\" \/>\n<meta property=\"og:url\" content=\"https:\/\/katech-solutions.com\/pl\/smietanki-i-smietany\/fermentowane-produkty-smietanowe\/\" \/>\n<meta property=\"og:site_name\" content=\"KaTech\" \/>\n<meta property=\"article:modified_time\" content=\"2017-11-02T14:01:33+00:00\" \/>\n<script type=\"application\/ld+json\" class=\"yoast-schema-graph\">{\"@context\":\"https:\/\/schema.org\",\"@graph\":[{\"@type\":\"WebPage\",\"@id\":\"https:\/\/katech-solutions.com\/pl\/smietanki-i-smietany\/fermentowane-produkty-smietanowe\/\",\"url\":\"https:\/\/katech-solutions.com\/pl\/smietanki-i-smietany\/fermentowane-produkty-smietanowe\/\",\"name\":\"Fermentowane produkty \u015bmietanowe |\",\"isPartOf\":{\"@id\":\"https:\/\/katech-solutions.com\/#website\"},\"datePublished\":\"2016-08-04T16:02:00+00:00\",\"dateModified\":\"2017-11-02T14:01:33+00:00\",\"breadcrumb\":{\"@id\":\"https:\/\/katech-solutions.com\/pl\/smietanki-i-smietany\/fermentowane-produkty-smietanowe\/#breadcrumb\"},\"inLanguage\":\"pl-PL\",\"potentialAction\":[{\"@type\":\"ReadAction\",\"target\":[\"https:\/\/katech-solutions.com\/pl\/smietanki-i-smietany\/fermentowane-produkty-smietanowe\/\"]}]},{\"@type\":\"BreadcrumbList\",\"@id\":\"https:\/\/katech-solutions.com\/pl\/smietanki-i-smietany\/fermentowane-produkty-smietanowe\/#breadcrumb\",\"itemListElement\":[{\"@type\":\"ListItem\",\"position\":1,\"name\":\"\u015amietanki i\u00a0\u015bmietany\",\"item\":\"https:\/\/katech-solutions.com\/pl\/smietanki-i-smietany\/\"},{\"@type\":\"ListItem\",\"position\":2,\"name\":\"Fermentowane produkty \u015bmietanowe\"}]},{\"@type\":\"WebSite\",\"@id\":\"https:\/\/katech-solutions.com\/#website\",\"url\":\"https:\/\/katech-solutions.com\/\",\"name\":\"KaTech\",\"description\":\"\",\"potentialAction\":[{\"@type\":\"SearchAction\",\"target\":{\"@type\":\"EntryPoint\",\"urlTemplate\":\"https:\/\/katech-solutions.com\/?s={search_term_string}\"},\"query-input\":{\"@type\":\"PropertyValueSpecification\",\"valueRequired\":true,\"valueName\":\"search_term_string\"}}],\"inLanguage\":\"pl-PL\"}]}<\/script>\n<!-- \/ Yoast SEO plugin. -->","yoast_head_json":{"title":"Fermentowane produkty \u015bmietanowe |","robots":{"index":"index","follow":"follow","max-snippet":"max-snippet:-1","max-image-preview":"max-image-preview:large","max-video-preview":"max-video-preview:-1"},"canonical":"https:\/\/katech-solutions.com\/pl\/smietanki-i-smietany\/fermentowane-produkty-smietanowe\/","og_locale":"pl_PL","og_type":"article","og_title":"Fermentowane produkty \u015bmietanowe |","og_description":"Fermentowane produkty \u015bmietanowe wytwarzane z u\u017cyciem mezofilnych kultur bakterii kwasu mlekowego oferowane s\u0105 w wielu wariantach, charakteryzuj\u0105cych si\u0119 r\u00f3\u017cn\u0105 zawarto\u015bci\u0105 t\u0142uszczu mlecznego lub ro\u015blinnego (od 3% do 40 %) oraz odmienn\u0105 tekstur\u0105. Produkty te maj\u0105 wiele zastosowa\u0144 kulinarnych i s\u0105 &hellip; Czytaj dalej &rarr;","og_url":"https:\/\/katech-solutions.com\/pl\/smietanki-i-smietany\/fermentowane-produkty-smietanowe\/","og_site_name":"KaTech","article_modified_time":"2017-11-02T14:01:33+00:00","schema":{"@context":"https:\/\/schema.org","@graph":[{"@type":"WebPage","@id":"https:\/\/katech-solutions.com\/pl\/smietanki-i-smietany\/fermentowane-produkty-smietanowe\/","url":"https:\/\/katech-solutions.com\/pl\/smietanki-i-smietany\/fermentowane-produkty-smietanowe\/","name":"Fermentowane produkty \u015bmietanowe |","isPartOf":{"@id":"https:\/\/katech-solutions.com\/#website"},"datePublished":"2016-08-04T16:02:00+00:00","dateModified":"2017-11-02T14:01:33+00:00","breadcrumb":{"@id":"https:\/\/katech-solutions.com\/pl\/smietanki-i-smietany\/fermentowane-produkty-smietanowe\/#breadcrumb"},"inLanguage":"pl-PL","potentialAction":[{"@type":"ReadAction","target":["https:\/\/katech-solutions.com\/pl\/smietanki-i-smietany\/fermentowane-produkty-smietanowe\/"]}]},{"@type":"BreadcrumbList","@id":"https:\/\/katech-solutions.com\/pl\/smietanki-i-smietany\/fermentowane-produkty-smietanowe\/#breadcrumb","itemListElement":[{"@type":"ListItem","position":1,"name":"\u015amietanki i\u00a0\u015bmietany","item":"https:\/\/katech-solutions.com\/pl\/smietanki-i-smietany\/"},{"@type":"ListItem","position":2,"name":"Fermentowane produkty \u015bmietanowe"}]},{"@type":"WebSite","@id":"https:\/\/katech-solutions.com\/#website","url":"https:\/\/katech-solutions.com\/","name":"KaTech","description":"","potentialAction":[{"@type":"SearchAction","target":{"@type":"EntryPoint","urlTemplate":"https:\/\/katech-solutions.com\/?s={search_term_string}"},"query-input":{"@type":"PropertyValueSpecification","valueRequired":true,"valueName":"search_term_string"}}],"inLanguage":"pl-PL"}]}},"_links":{"self":[{"href":"https:\/\/katech-solutions.com\/pl\/wp-json\/wp\/v2\/pages\/7372","targetHints":{"allow":["GET"]}}],"collection":[{"href":"https:\/\/katech-solutions.com\/pl\/wp-json\/wp\/v2\/pages"}],"about":[{"href":"https:\/\/katech-solutions.com\/pl\/wp-json\/wp\/v2\/types\/page"}],"author":[{"embeddable":true,"href":"https:\/\/katech-solutions.com\/pl\/wp-json\/wp\/v2\/users\/28"}],"replies":[{"embeddable":true,"href":"https:\/\/katech-solutions.com\/pl\/wp-json\/wp\/v2\/comments?post=7372"}],"version-history":[{"count":3,"href":"https:\/\/katech-solutions.com\/pl\/wp-json\/wp\/v2\/pages\/7372\/revisions"}],"predecessor-version":[{"id":8524,"href":"https:\/\/katech-solutions.com\/pl\/wp-json\/wp\/v2\/pages\/7372\/revisions\/8524"}],"up":[{"embeddable":true,"href":"https:\/\/katech-solutions.com\/pl\/wp-json\/wp\/v2\/pages\/7347"}],"wp:attachment":[{"href":"https:\/\/katech-solutions.com\/pl\/wp-json\/wp\/v2\/media?parent=7372"}],"curies":[{"name":"wp","href":"https:\/\/api.w.org\/{rel}","templated":true}]}}