{"id":7371,"date":"2016-08-04T16:02:25","date_gmt":"2016-08-04T16:02:25","guid":{"rendered":"https:\/\/www.khpartner.com\/pl\/?page_id=7371"},"modified":"2017-11-03T12:08:37","modified_gmt":"2017-11-03T12:08:37","slug":"dressingi","status":"publish","type":"page","link":"https:\/\/katech-solutions.com\/pl\/dressingi\/","title":{"rendered":"Dressingi"},"content":{"rendered":"<h2>Dressingi<\/h2>\n<p style=\"text-align: justify;\">Dressingi to grupa bardzo r\u00f3\u017cnorodnych produkt\u00f3w. S\u0105 to przyprawione p\u0142ynne produkty o konsystencji g\u0119stszej od sosu, kt\u00f3re podaje si\u0119 na zimno bezpo\u015brednio na potrawy (np. sa\u0142atki, czy te\u017c dania mi\u0119sne). S\u0105 one doskona\u0142ym, a zarazem prostym, sposobem na przybranie i przyprawienie posi\u0142k\u00f3w mieszankami zi\u00f3\u0142 i przypraw.<\/p>\n<p style=\"text-align: justify;\">Baz\u0119 smaku dla dressing\u00f3w stanowi\u0105 kwa\u015bne sk\u0142adniki, takie jak sos z cytryny lub ocet, \u00a0kt\u00f3re \u00a0dodatkowo pe\u0142ni\u0105 funkcj\u0119 konserwuj\u0105c\u0105. Ponadto, dressingi mog\u0105 zawiera\u0107 tak\u017ce oleje r\u00f3\u017cnego pochodzenia, kt\u00f3re w znacz\u0105cy spos\u00f3b r\u00f3wnie\u017c wp\u0142ywaj\u0105 na ich smak. Stanowi\u0105 one zatem bogat\u0105 ofert\u0119 r\u00f3\u017cnorodnych smak\u00f3w.<\/p>\n<p>&nbsp;<\/p>\n","protected":false},"excerpt":{"rendered":"<p>Dressingi Dressingi to grupa bardzo r\u00f3\u017cnorodnych produkt\u00f3w. S\u0105 to przyprawione p\u0142ynne produkty o konsystencji g\u0119stszej od sosu, kt\u00f3re podaje si\u0119 na zimno bezpo\u015brednio na potrawy (np. sa\u0142atki, czy te\u017c dania mi\u0119sne). S\u0105 one doskona\u0142ym, a zarazem prostym, sposobem na przybranie &hellip; <a class=\"continue-reading\" href=\"https:\/\/katech-solutions.com\/pl\/dressingi\/\">Czytaj dalej <span class=\"meta-nav\">&rarr;<\/span><\/a><\/p>\n","protected":false},"author":3,"featured_media":0,"parent":0,"menu_order":2,"comment_status":"closed","ping_status":"open","template":"layout-content-3.php","meta":{"_acf_changed":false,"footnotes":""},"class_list":["post-7371","page","type-page","status-publish","hentry"],"acf":[],"yoast_head":"<!-- This site is optimized with the Yoast SEO plugin v27.2 - https:\/\/yoast.com\/product\/yoast-seo-wordpress\/ -->\n<title>KaTech \u2013 Dressingi \u2013 Stabilizatory i emulgatory<\/title>\n<meta name=\"description\" content=\"KaTech to firma specjalizuj\u0105ca si\u0119 w tworzeniu stabilizator\u00f3w i emulgator\u00f3w dostosowanych do potrzeb klient\u00f3w dla produkt\u00f3w jak dressingi.\" \/>\n<meta name=\"robots\" content=\"index, follow, max-snippet:-1, max-image-preview:large, max-video-preview:-1\" \/>\n<link rel=\"canonical\" href=\"https:\/\/katech-solutions.com\/pl\/dressingi\/\" \/>\n<meta property=\"og:locale\" content=\"pl_PL\" \/>\n<meta property=\"og:type\" content=\"article\" \/>\n<meta property=\"og:title\" content=\"KaTech \u2013 Dressingi \u2013 Stabilizatory i emulgatory\" \/>\n<meta property=\"og:description\" content=\"KaTech to firma specjalizuj\u0105ca si\u0119 w tworzeniu stabilizator\u00f3w i emulgator\u00f3w dostosowanych do potrzeb klient\u00f3w dla produkt\u00f3w jak dressingi.\" \/>\n<meta property=\"og:url\" content=\"https:\/\/katech-solutions.com\/pl\/dressingi\/\" \/>\n<meta property=\"og:site_name\" content=\"KaTech\" \/>\n<meta property=\"article:modified_time\" content=\"2017-11-03T12:08:37+00:00\" \/>\n<meta name=\"twitter:label1\" content=\"Szacowany czas czytania\" \/>\n\t<meta name=\"twitter:data1\" content=\"1 minuta\" \/>\n<script type=\"application\/ld+json\" class=\"yoast-schema-graph\">{\"@context\":\"https:\/\/schema.org\",\"@graph\":[{\"@type\":\"WebPage\",\"@id\":\"https:\/\/katech-solutions.com\/pl\/dressingi\/\",\"url\":\"https:\/\/katech-solutions.com\/pl\/dressingi\/\",\"name\":\"KaTech \u2013 Dressingi \u2013 Stabilizatory i emulgatory\",\"isPartOf\":{\"@id\":\"https:\/\/katech-solutions.com\/#website\"},\"datePublished\":\"2016-08-04T16:02:25+00:00\",\"dateModified\":\"2017-11-03T12:08:37+00:00\",\"description\":\"KaTech to firma specjalizuj\u0105ca si\u0119 w tworzeniu stabilizator\u00f3w i emulgator\u00f3w dostosowanych do potrzeb klient\u00f3w dla produkt\u00f3w jak dressingi.\",\"inLanguage\":\"pl-PL\",\"potentialAction\":[{\"@type\":\"ReadAction\",\"target\":[\"https:\/\/katech-solutions.com\/pl\/dressingi\/\"]}]},{\"@type\":\"WebSite\",\"@id\":\"https:\/\/katech-solutions.com\/#website\",\"url\":\"https:\/\/katech-solutions.com\/\",\"name\":\"KaTech\",\"description\":\"\",\"potentialAction\":[{\"@type\":\"SearchAction\",\"target\":{\"@type\":\"EntryPoint\",\"urlTemplate\":\"https:\/\/katech-solutions.com\/?s={search_term_string}\"},\"query-input\":{\"@type\":\"PropertyValueSpecification\",\"valueRequired\":true,\"valueName\":\"search_term_string\"}}],\"inLanguage\":\"pl-PL\"}]}<\/script>\n<!-- \/ Yoast SEO plugin. -->","yoast_head_json":{"title":"KaTech \u2013 Dressingi \u2013 Stabilizatory i emulgatory","description":"KaTech to firma specjalizuj\u0105ca si\u0119 w tworzeniu stabilizator\u00f3w i emulgator\u00f3w dostosowanych do potrzeb klient\u00f3w dla produkt\u00f3w jak dressingi.","robots":{"index":"index","follow":"follow","max-snippet":"max-snippet:-1","max-image-preview":"max-image-preview:large","max-video-preview":"max-video-preview:-1"},"canonical":"https:\/\/katech-solutions.com\/pl\/dressingi\/","og_locale":"pl_PL","og_type":"article","og_title":"KaTech \u2013 Dressingi \u2013 Stabilizatory i emulgatory","og_description":"KaTech to firma specjalizuj\u0105ca si\u0119 w tworzeniu stabilizator\u00f3w i emulgator\u00f3w dostosowanych do potrzeb klient\u00f3w dla produkt\u00f3w jak dressingi.","og_url":"https:\/\/katech-solutions.com\/pl\/dressingi\/","og_site_name":"KaTech","article_modified_time":"2017-11-03T12:08:37+00:00","twitter_misc":{"Szacowany czas czytania":"1 minuta"},"schema":{"@context":"https:\/\/schema.org","@graph":[{"@type":"WebPage","@id":"https:\/\/katech-solutions.com\/pl\/dressingi\/","url":"https:\/\/katech-solutions.com\/pl\/dressingi\/","name":"KaTech \u2013 Dressingi \u2013 Stabilizatory i emulgatory","isPartOf":{"@id":"https:\/\/katech-solutions.com\/#website"},"datePublished":"2016-08-04T16:02:25+00:00","dateModified":"2017-11-03T12:08:37+00:00","description":"KaTech to firma specjalizuj\u0105ca si\u0119 w tworzeniu stabilizator\u00f3w i emulgator\u00f3w dostosowanych do potrzeb klient\u00f3w dla produkt\u00f3w jak dressingi.","inLanguage":"pl-PL","potentialAction":[{"@type":"ReadAction","target":["https:\/\/katech-solutions.com\/pl\/dressingi\/"]}]},{"@type":"WebSite","@id":"https:\/\/katech-solutions.com\/#website","url":"https:\/\/katech-solutions.com\/","name":"KaTech","description":"","potentialAction":[{"@type":"SearchAction","target":{"@type":"EntryPoint","urlTemplate":"https:\/\/katech-solutions.com\/?s={search_term_string}"},"query-input":{"@type":"PropertyValueSpecification","valueRequired":true,"valueName":"search_term_string"}}],"inLanguage":"pl-PL"}]}},"_links":{"self":[{"href":"https:\/\/katech-solutions.com\/pl\/wp-json\/wp\/v2\/pages\/7371","targetHints":{"allow":["GET"]}}],"collection":[{"href":"https:\/\/katech-solutions.com\/pl\/wp-json\/wp\/v2\/pages"}],"about":[{"href":"https:\/\/katech-solutions.com\/pl\/wp-json\/wp\/v2\/types\/page"}],"author":[{"embeddable":true,"href":"https:\/\/katech-solutions.com\/pl\/wp-json\/wp\/v2\/users\/3"}],"replies":[{"embeddable":true,"href":"https:\/\/katech-solutions.com\/pl\/wp-json\/wp\/v2\/comments?post=7371"}],"version-history":[{"count":6,"href":"https:\/\/katech-solutions.com\/pl\/wp-json\/wp\/v2\/pages\/7371\/revisions"}],"predecessor-version":[{"id":8568,"href":"https:\/\/katech-solutions.com\/pl\/wp-json\/wp\/v2\/pages\/7371\/revisions\/8568"}],"wp:attachment":[{"href":"https:\/\/katech-solutions.com\/pl\/wp-json\/wp\/v2\/media?parent=7371"}],"curies":[{"name":"wp","href":"https:\/\/api.w.org\/{rel}","templated":true}]}}