{"id":7367,"date":"2016-08-04T15:59:52","date_gmt":"2016-08-04T15:59:52","guid":{"rendered":"https:\/\/www.khpartner.com\/pl\/?page_id=7367"},"modified":"2017-11-03T12:32:34","modified_gmt":"2017-11-03T12:32:34","slug":"vinaigrette","status":"publish","type":"page","link":"https:\/\/katech-solutions.com\/pl\/dressingi\/vinaigrette\/","title":{"rendered":"Vinaigrette"},"content":{"rendered":"<p style=\"text-align: justify;\"><em>Vinaigrette<\/em> ma d\u0142ug\u0105 histori\u0119 jako dodatek do sa\u0142atek. Pierwotnie do\u00a0jego przygotowywania u\u017cywano oliw\u0119 z oliwek, kt\u00f3ra zmniejsza cierpko\u015b\u0107 produktu zwi\u0105zan\u0105 z zawarto\u015bci\u0105 octu. Obecnie do\u00a0przygotowania dressingu typu vinaigrette u\u017cy\u0107 mo\u017cna innych gatunk\u00f3w oleju, takich jak na przyk\u0142ad olej z orzech\u00f3w w\u0142oskich lub ziemnych, olej sojowy, olej z pestek winogron, ale r\u00f3wnie\u017c\u00a0bardziej popularnych olej\u00f3w jak rzepakowy, s\u0142onecznikowy lub kukurydziany.<\/p>\n<p style=\"text-align: justify;\">Analogicznie, czerwony ocet winny z pierwotnej receptury zast\u0105pi\u0107 mo\u017cna innymi alternatywnymi produktami, jak ocet ry\u017cowy, ocet balsamiczny, ocet jab\u0142kowy, czy bia\u0142y ocet winny. Inne sk\u0142adniki, takie jak pietruszka, czosnek, szalotka, musztarda, sk\u00f3rka pomara\u0144czow\u0105, czy go\u017adziki dodadz\u0105 dressingowi vinaigrette dodatkowych akcent\u00f3w smakowych.<\/p>\n","protected":false},"excerpt":{"rendered":"<p>Vinaigrette ma d\u0142ug\u0105 histori\u0119 jako dodatek do sa\u0142atek. Pierwotnie do\u00a0jego przygotowywania u\u017cywano oliw\u0119 z oliwek, kt\u00f3ra zmniejsza cierpko\u015b\u0107 produktu zwi\u0105zan\u0105 z zawarto\u015bci\u0105 octu. Obecnie do\u00a0przygotowania dressingu typu vinaigrette u\u017cy\u0107 mo\u017cna innych gatunk\u00f3w oleju, takich jak na przyk\u0142ad olej z orzech\u00f3w &hellip; <a class=\"continue-reading\" href=\"https:\/\/katech-solutions.com\/pl\/dressingi\/vinaigrette\/\">Czytaj dalej <span class=\"meta-nav\">&rarr;<\/span><\/a><\/p>\n","protected":false},"author":3,"featured_media":0,"parent":7371,"menu_order":0,"comment_status":"closed","ping_status":"open","template":"","meta":{"_acf_changed":false,"footnotes":""},"class_list":["post-7367","page","type-page","status-publish","hentry"],"acf":[],"yoast_head":"<!-- This site is optimized with the Yoast SEO plugin v27.2 - https:\/\/yoast.com\/product\/yoast-seo-wordpress\/ -->\n<title>KaTech \u2013 Vinaigrette \u2013 Stabilizatory i emulgatory<\/title>\n<meta name=\"description\" content=\"KaTech to firma z bran\u017cy technologii \u017cywno\u015bci specjalizuj\u0105ca si\u0119 w tworzeniu stabilizator\u00f3w i emulgator\u00f3w dla takich produkt\u00f3w jak vinaigrette.\" \/>\n<meta name=\"robots\" content=\"index, follow, max-snippet:-1, max-image-preview:large, max-video-preview:-1\" \/>\n<link rel=\"canonical\" href=\"https:\/\/katech-solutions.com\/pl\/dressingi\/vinaigrette\/\" \/>\n<meta property=\"og:locale\" content=\"pl_PL\" \/>\n<meta property=\"og:type\" content=\"article\" \/>\n<meta property=\"og:title\" content=\"KaTech \u2013 Vinaigrette \u2013 Stabilizatory i emulgatory\" \/>\n<meta property=\"og:description\" content=\"KaTech to firma z bran\u017cy technologii \u017cywno\u015bci specjalizuj\u0105ca si\u0119 w tworzeniu stabilizator\u00f3w i emulgator\u00f3w dla takich produkt\u00f3w jak vinaigrette.\" \/>\n<meta property=\"og:url\" content=\"https:\/\/katech-solutions.com\/pl\/dressingi\/vinaigrette\/\" \/>\n<meta property=\"og:site_name\" content=\"KaTech\" \/>\n<meta property=\"article:modified_time\" content=\"2017-11-03T12:32:34+00:00\" \/>\n<meta name=\"twitter:label1\" content=\"Szacowany czas czytania\" \/>\n\t<meta name=\"twitter:data1\" content=\"1 minuta\" \/>\n<script type=\"application\/ld+json\" class=\"yoast-schema-graph\">{\"@context\":\"https:\/\/schema.org\",\"@graph\":[{\"@type\":\"WebPage\",\"@id\":\"https:\/\/katech-solutions.com\/pl\/dressingi\/vinaigrette\/\",\"url\":\"https:\/\/katech-solutions.com\/pl\/dressingi\/vinaigrette\/\",\"name\":\"KaTech \u2013 Vinaigrette \u2013 Stabilizatory i emulgatory\",\"isPartOf\":{\"@id\":\"https:\/\/katech-solutions.com\/#website\"},\"datePublished\":\"2016-08-04T15:59:52+00:00\",\"dateModified\":\"2017-11-03T12:32:34+00:00\",\"description\":\"KaTech to firma z bran\u017cy technologii \u017cywno\u015bci specjalizuj\u0105ca si\u0119 w tworzeniu stabilizator\u00f3w i emulgator\u00f3w dla takich produkt\u00f3w jak vinaigrette.\",\"breadcrumb\":{\"@id\":\"https:\/\/katech-solutions.com\/pl\/dressingi\/vinaigrette\/#breadcrumb\"},\"inLanguage\":\"pl-PL\",\"potentialAction\":[{\"@type\":\"ReadAction\",\"target\":[\"https:\/\/katech-solutions.com\/pl\/dressingi\/vinaigrette\/\"]}]},{\"@type\":\"BreadcrumbList\",\"@id\":\"https:\/\/katech-solutions.com\/pl\/dressingi\/vinaigrette\/#breadcrumb\",\"itemListElement\":[{\"@type\":\"ListItem\",\"position\":1,\"name\":\"Dressingi\",\"item\":\"https:\/\/katech-solutions.com\/pl\/dressingi\/\"},{\"@type\":\"ListItem\",\"position\":2,\"name\":\"Vinaigrette\"}]},{\"@type\":\"WebSite\",\"@id\":\"https:\/\/katech-solutions.com\/#website\",\"url\":\"https:\/\/katech-solutions.com\/\",\"name\":\"KaTech\",\"description\":\"\",\"potentialAction\":[{\"@type\":\"SearchAction\",\"target\":{\"@type\":\"EntryPoint\",\"urlTemplate\":\"https:\/\/katech-solutions.com\/?s={search_term_string}\"},\"query-input\":{\"@type\":\"PropertyValueSpecification\",\"valueRequired\":true,\"valueName\":\"search_term_string\"}}],\"inLanguage\":\"pl-PL\"}]}<\/script>\n<!-- \/ Yoast SEO plugin. -->","yoast_head_json":{"title":"KaTech \u2013 Vinaigrette \u2013 Stabilizatory i emulgatory","description":"KaTech to firma z bran\u017cy technologii \u017cywno\u015bci specjalizuj\u0105ca si\u0119 w tworzeniu stabilizator\u00f3w i emulgator\u00f3w dla takich produkt\u00f3w jak vinaigrette.","robots":{"index":"index","follow":"follow","max-snippet":"max-snippet:-1","max-image-preview":"max-image-preview:large","max-video-preview":"max-video-preview:-1"},"canonical":"https:\/\/katech-solutions.com\/pl\/dressingi\/vinaigrette\/","og_locale":"pl_PL","og_type":"article","og_title":"KaTech \u2013 Vinaigrette \u2013 Stabilizatory i emulgatory","og_description":"KaTech to firma z bran\u017cy technologii \u017cywno\u015bci specjalizuj\u0105ca si\u0119 w tworzeniu stabilizator\u00f3w i emulgator\u00f3w dla takich produkt\u00f3w jak vinaigrette.","og_url":"https:\/\/katech-solutions.com\/pl\/dressingi\/vinaigrette\/","og_site_name":"KaTech","article_modified_time":"2017-11-03T12:32:34+00:00","twitter_misc":{"Szacowany czas czytania":"1 minuta"},"schema":{"@context":"https:\/\/schema.org","@graph":[{"@type":"WebPage","@id":"https:\/\/katech-solutions.com\/pl\/dressingi\/vinaigrette\/","url":"https:\/\/katech-solutions.com\/pl\/dressingi\/vinaigrette\/","name":"KaTech \u2013 Vinaigrette \u2013 Stabilizatory i emulgatory","isPartOf":{"@id":"https:\/\/katech-solutions.com\/#website"},"datePublished":"2016-08-04T15:59:52+00:00","dateModified":"2017-11-03T12:32:34+00:00","description":"KaTech to firma z bran\u017cy technologii \u017cywno\u015bci specjalizuj\u0105ca si\u0119 w tworzeniu stabilizator\u00f3w i emulgator\u00f3w dla takich produkt\u00f3w jak vinaigrette.","breadcrumb":{"@id":"https:\/\/katech-solutions.com\/pl\/dressingi\/vinaigrette\/#breadcrumb"},"inLanguage":"pl-PL","potentialAction":[{"@type":"ReadAction","target":["https:\/\/katech-solutions.com\/pl\/dressingi\/vinaigrette\/"]}]},{"@type":"BreadcrumbList","@id":"https:\/\/katech-solutions.com\/pl\/dressingi\/vinaigrette\/#breadcrumb","itemListElement":[{"@type":"ListItem","position":1,"name":"Dressingi","item":"https:\/\/katech-solutions.com\/pl\/dressingi\/"},{"@type":"ListItem","position":2,"name":"Vinaigrette"}]},{"@type":"WebSite","@id":"https:\/\/katech-solutions.com\/#website","url":"https:\/\/katech-solutions.com\/","name":"KaTech","description":"","potentialAction":[{"@type":"SearchAction","target":{"@type":"EntryPoint","urlTemplate":"https:\/\/katech-solutions.com\/?s={search_term_string}"},"query-input":{"@type":"PropertyValueSpecification","valueRequired":true,"valueName":"search_term_string"}}],"inLanguage":"pl-PL"}]}},"_links":{"self":[{"href":"https:\/\/katech-solutions.com\/pl\/wp-json\/wp\/v2\/pages\/7367","targetHints":{"allow":["GET"]}}],"collection":[{"href":"https:\/\/katech-solutions.com\/pl\/wp-json\/wp\/v2\/pages"}],"about":[{"href":"https:\/\/katech-solutions.com\/pl\/wp-json\/wp\/v2\/types\/page"}],"author":[{"embeddable":true,"href":"https:\/\/katech-solutions.com\/pl\/wp-json\/wp\/v2\/users\/3"}],"replies":[{"embeddable":true,"href":"https:\/\/katech-solutions.com\/pl\/wp-json\/wp\/v2\/comments?post=7367"}],"version-history":[{"count":4,"href":"https:\/\/katech-solutions.com\/pl\/wp-json\/wp\/v2\/pages\/7367\/revisions"}],"predecessor-version":[{"id":8573,"href":"https:\/\/katech-solutions.com\/pl\/wp-json\/wp\/v2\/pages\/7367\/revisions\/8573"}],"up":[{"embeddable":true,"href":"https:\/\/katech-solutions.com\/pl\/wp-json\/wp\/v2\/pages\/7371"}],"wp:attachment":[{"href":"https:\/\/katech-solutions.com\/pl\/wp-json\/wp\/v2\/media?parent=7367"}],"curies":[{"name":"wp","href":"https:\/\/api.w.org\/{rel}","templated":true}]}}