{"id":7362,"date":"2016-08-04T16:00:03","date_gmt":"2016-08-04T16:00:03","guid":{"rendered":"https:\/\/www.khpartner.com\/pl\/?page_id=7362"},"modified":"2017-11-02T14:03:12","modified_gmt":"2017-11-02T14:03:12","slug":"creme-fraiche","status":"publish","type":"page","link":"https:\/\/katech-solutions.com\/pl\/smietanki-i-smietany\/creme-fraiche\/","title":{"rendered":"Cr\u00e8me fra\u00eeche"},"content":{"rendered":"<p style=\"text-align: justify;\"><em>Cr\u00e8me fra\u00eeche\u00a0<\/em>(fr. \u015bwie\u017ca \u015bmietana) tradycyjnie wywodzi si\u0119 z miasta Isigny-sur-Mer w regionie Normandii we Francji. Jest to\u00a0aromatyczna, lekko ukwaszona \u015bmietana o zawarto\u015bci t\u0142uszczu od 30 do 40%.<\/p>\n<p style=\"text-align: justify;\">\u015amietana cr\u00e8me fra\u00eeche\u00a0jest wszechstronnym dodatkiem bardzo przydatnym w nowoczesnej kuchni. Mo\u017cna u\u017cywa\u0107 go zar\u00f3wno w\u00a0pikantnych, jak i w s\u0142odkich potrawach. Szczepy bakterii odpowiedzialne za \u0142agodn\u0105 fermentacj\u0119 nadaj\u0105 tej \u015bmietanie kremow\u0105 i g\u0142adk\u0105 tekstur\u0119 oraz bardzo czysty i delikatny smak. Dzi\u0119ki temu nie dominuje ona nad innymi sk\u0142adnikami jedzenia. Ponadto, w profesjonalnej kuchni ceni si\u0119 j\u0105 za to, \u017ce si\u0119 nie wa\u017cy podczas gotowania i doskonale nabiera si\u0119 j\u0105 \u0142y\u017ck\u0105.<\/p>\n","protected":false},"excerpt":{"rendered":"<p>Cr\u00e8me fra\u00eeche\u00a0(fr. \u015bwie\u017ca \u015bmietana) tradycyjnie wywodzi si\u0119 z miasta Isigny-sur-Mer w regionie Normandii we Francji. Jest to\u00a0aromatyczna, lekko ukwaszona \u015bmietana o zawarto\u015bci t\u0142uszczu od 30 do 40%. \u015amietana cr\u00e8me fra\u00eeche\u00a0jest wszechstronnym dodatkiem bardzo przydatnym w nowoczesnej kuchni. Mo\u017cna u\u017cywa\u0107 go &hellip; <a class=\"continue-reading\" href=\"https:\/\/katech-solutions.com\/pl\/smietanki-i-smietany\/creme-fraiche\/\">Czytaj dalej <span class=\"meta-nav\">&rarr;<\/span><\/a><\/p>\n","protected":false},"author":28,"featured_media":0,"parent":7347,"menu_order":0,"comment_status":"closed","ping_status":"open","template":"","meta":{"_acf_changed":false,"footnotes":""},"class_list":["post-7362","page","type-page","status-publish","hentry"],"acf":[],"yoast_head":"<!-- This site is optimized with the Yoast SEO plugin v27.2 - https:\/\/yoast.com\/product\/yoast-seo-wordpress\/ -->\n<title>Cr\u00e8me fra\u00eeche |<\/title>\n<meta name=\"robots\" content=\"index, follow, max-snippet:-1, max-image-preview:large, max-video-preview:-1\" \/>\n<link rel=\"canonical\" href=\"https:\/\/katech-solutions.com\/pl\/smietanki-i-smietany\/creme-fraiche\/\" \/>\n<meta property=\"og:locale\" content=\"pl_PL\" \/>\n<meta property=\"og:type\" content=\"article\" \/>\n<meta property=\"og:title\" content=\"Cr\u00e8me fra\u00eeche |\" \/>\n<meta property=\"og:description\" content=\"Cr\u00e8me fra\u00eeche\u00a0(fr. \u015bwie\u017ca \u015bmietana) tradycyjnie wywodzi si\u0119 z miasta Isigny-sur-Mer w regionie Normandii we Francji. Jest to\u00a0aromatyczna, lekko ukwaszona \u015bmietana o zawarto\u015bci t\u0142uszczu od 30 do 40%. \u015amietana cr\u00e8me fra\u00eeche\u00a0jest wszechstronnym dodatkiem bardzo przydatnym w nowoczesnej kuchni. Mo\u017cna u\u017cywa\u0107 go &hellip; Czytaj dalej &rarr;\" \/>\n<meta property=\"og:url\" content=\"https:\/\/katech-solutions.com\/pl\/smietanki-i-smietany\/creme-fraiche\/\" \/>\n<meta property=\"og:site_name\" content=\"KaTech\" \/>\n<meta property=\"article:modified_time\" content=\"2017-11-02T14:03:12+00:00\" \/>\n<meta name=\"twitter:label1\" content=\"Szacowany czas czytania\" \/>\n\t<meta name=\"twitter:data1\" content=\"1 minuta\" \/>\n<script type=\"application\/ld+json\" class=\"yoast-schema-graph\">{\"@context\":\"https:\/\/schema.org\",\"@graph\":[{\"@type\":\"WebPage\",\"@id\":\"https:\/\/katech-solutions.com\/pl\/smietanki-i-smietany\/creme-fraiche\/\",\"url\":\"https:\/\/katech-solutions.com\/pl\/smietanki-i-smietany\/creme-fraiche\/\",\"name\":\"Cr\u00e8me fra\u00eeche |\",\"isPartOf\":{\"@id\":\"https:\/\/katech-solutions.com\/#website\"},\"datePublished\":\"2016-08-04T16:00:03+00:00\",\"dateModified\":\"2017-11-02T14:03:12+00:00\",\"breadcrumb\":{\"@id\":\"https:\/\/katech-solutions.com\/pl\/smietanki-i-smietany\/creme-fraiche\/#breadcrumb\"},\"inLanguage\":\"pl-PL\",\"potentialAction\":[{\"@type\":\"ReadAction\",\"target\":[\"https:\/\/katech-solutions.com\/pl\/smietanki-i-smietany\/creme-fraiche\/\"]}]},{\"@type\":\"BreadcrumbList\",\"@id\":\"https:\/\/katech-solutions.com\/pl\/smietanki-i-smietany\/creme-fraiche\/#breadcrumb\",\"itemListElement\":[{\"@type\":\"ListItem\",\"position\":1,\"name\":\"\u015amietanki i\u00a0\u015bmietany\",\"item\":\"https:\/\/katech-solutions.com\/pl\/smietanki-i-smietany\/\"},{\"@type\":\"ListItem\",\"position\":2,\"name\":\"Cr\u00e8me fra\u00eeche\"}]},{\"@type\":\"WebSite\",\"@id\":\"https:\/\/katech-solutions.com\/#website\",\"url\":\"https:\/\/katech-solutions.com\/\",\"name\":\"KaTech\",\"description\":\"\",\"potentialAction\":[{\"@type\":\"SearchAction\",\"target\":{\"@type\":\"EntryPoint\",\"urlTemplate\":\"https:\/\/katech-solutions.com\/?s={search_term_string}\"},\"query-input\":{\"@type\":\"PropertyValueSpecification\",\"valueRequired\":true,\"valueName\":\"search_term_string\"}}],\"inLanguage\":\"pl-PL\"}]}<\/script>\n<!-- \/ Yoast SEO plugin. -->","yoast_head_json":{"title":"Cr\u00e8me fra\u00eeche |","robots":{"index":"index","follow":"follow","max-snippet":"max-snippet:-1","max-image-preview":"max-image-preview:large","max-video-preview":"max-video-preview:-1"},"canonical":"https:\/\/katech-solutions.com\/pl\/smietanki-i-smietany\/creme-fraiche\/","og_locale":"pl_PL","og_type":"article","og_title":"Cr\u00e8me fra\u00eeche |","og_description":"Cr\u00e8me fra\u00eeche\u00a0(fr. \u015bwie\u017ca \u015bmietana) tradycyjnie wywodzi si\u0119 z miasta Isigny-sur-Mer w regionie Normandii we Francji. Jest to\u00a0aromatyczna, lekko ukwaszona \u015bmietana o zawarto\u015bci t\u0142uszczu od 30 do 40%. \u015amietana cr\u00e8me fra\u00eeche\u00a0jest wszechstronnym dodatkiem bardzo przydatnym w nowoczesnej kuchni. Mo\u017cna u\u017cywa\u0107 go &hellip; Czytaj dalej &rarr;","og_url":"https:\/\/katech-solutions.com\/pl\/smietanki-i-smietany\/creme-fraiche\/","og_site_name":"KaTech","article_modified_time":"2017-11-02T14:03:12+00:00","twitter_misc":{"Szacowany czas czytania":"1 minuta"},"schema":{"@context":"https:\/\/schema.org","@graph":[{"@type":"WebPage","@id":"https:\/\/katech-solutions.com\/pl\/smietanki-i-smietany\/creme-fraiche\/","url":"https:\/\/katech-solutions.com\/pl\/smietanki-i-smietany\/creme-fraiche\/","name":"Cr\u00e8me fra\u00eeche |","isPartOf":{"@id":"https:\/\/katech-solutions.com\/#website"},"datePublished":"2016-08-04T16:00:03+00:00","dateModified":"2017-11-02T14:03:12+00:00","breadcrumb":{"@id":"https:\/\/katech-solutions.com\/pl\/smietanki-i-smietany\/creme-fraiche\/#breadcrumb"},"inLanguage":"pl-PL","potentialAction":[{"@type":"ReadAction","target":["https:\/\/katech-solutions.com\/pl\/smietanki-i-smietany\/creme-fraiche\/"]}]},{"@type":"BreadcrumbList","@id":"https:\/\/katech-solutions.com\/pl\/smietanki-i-smietany\/creme-fraiche\/#breadcrumb","itemListElement":[{"@type":"ListItem","position":1,"name":"\u015amietanki i\u00a0\u015bmietany","item":"https:\/\/katech-solutions.com\/pl\/smietanki-i-smietany\/"},{"@type":"ListItem","position":2,"name":"Cr\u00e8me fra\u00eeche"}]},{"@type":"WebSite","@id":"https:\/\/katech-solutions.com\/#website","url":"https:\/\/katech-solutions.com\/","name":"KaTech","description":"","potentialAction":[{"@type":"SearchAction","target":{"@type":"EntryPoint","urlTemplate":"https:\/\/katech-solutions.com\/?s={search_term_string}"},"query-input":{"@type":"PropertyValueSpecification","valueRequired":true,"valueName":"search_term_string"}}],"inLanguage":"pl-PL"}]}},"_links":{"self":[{"href":"https:\/\/katech-solutions.com\/pl\/wp-json\/wp\/v2\/pages\/7362","targetHints":{"allow":["GET"]}}],"collection":[{"href":"https:\/\/katech-solutions.com\/pl\/wp-json\/wp\/v2\/pages"}],"about":[{"href":"https:\/\/katech-solutions.com\/pl\/wp-json\/wp\/v2\/types\/page"}],"author":[{"embeddable":true,"href":"https:\/\/katech-solutions.com\/pl\/wp-json\/wp\/v2\/users\/28"}],"replies":[{"embeddable":true,"href":"https:\/\/katech-solutions.com\/pl\/wp-json\/wp\/v2\/comments?post=7362"}],"version-history":[{"count":3,"href":"https:\/\/katech-solutions.com\/pl\/wp-json\/wp\/v2\/pages\/7362\/revisions"}],"predecessor-version":[{"id":8525,"href":"https:\/\/katech-solutions.com\/pl\/wp-json\/wp\/v2\/pages\/7362\/revisions\/8525"}],"up":[{"embeddable":true,"href":"https:\/\/katech-solutions.com\/pl\/wp-json\/wp\/v2\/pages\/7347"}],"wp:attachment":[{"href":"https:\/\/katech-solutions.com\/pl\/wp-json\/wp\/v2\/media?parent=7362"}],"curies":[{"name":"wp","href":"https:\/\/api.w.org\/{rel}","templated":true}]}}