{"id":7359,"date":"2016-08-04T15:52:01","date_gmt":"2016-08-04T15:52:01","guid":{"rendered":"https:\/\/www.khpartner.com\/pl\/?page_id=7359"},"modified":"2016-10-24T15:13:22","modified_gmt":"2016-10-24T15:13:22","slug":"bita-smietanka-deserow","status":"publish","type":"page","link":"https:\/\/katech-solutions.com\/pl\/smietanki-i-smietany\/bita-smietanka-deserow\/","title":{"rendered":"Bita \u015bmietanka do deser\u00f3w"},"content":{"rendered":"<p style=\"text-align: justify;\">Do dekoracji deser\u00f3w mlecznych pierwotnie wykorzystywana by\u0142a bita \u015bmietanka o zawarto\u015bci t\u0142uszczu wynosz\u0105cej 30%. Dzi\u0119ki rozwojowi specjalnych system\u00f3w stabilizuj\u0105cych oraz nowych technologii obecnie w deserach mo\u017cliwe jest stosowanie \u015bmietanki o\u00a0du\u017co ni\u017cszym t\u0142uszczu.<\/p>\n<p style=\"text-align: justify;\">Toppingi \u015bmietankowe o r\u00f3\u017cnych zawarto\u015bciach t\u0142uszczu spotyka si\u0119 w wielu s\u0142odkich i kwa\u015bnych deserach dost\u0119pnych obecnie na rynku. Wykorzystywana w nich \u015bmietanka jest poddawana pasteryzacji lub obr\u00f3bce UHT, a po ubiciu pakowana w aseptycznych warunkach. Zapewni\u0107 to ma okres przydatno\u015bci do spo\u017cycia wynosz\u0105cy 40 dni, a\u00a0nawet d\u0142u\u017cej. \u0141\u0105cz\u0105c w optymalny spos\u00f3b emulgator zapewniaj\u0105cy w\u0142a\u015bciwe ubijanie \u015bmietanki i jej stabilno\u015b\u0107 po ubiciu oraz dodatki stabilizuj\u0105ce odpowiedzialne za jej sztywno\u015b\u0107 i odpowiednie odczucie w ustach, uzyskuje si\u0119 toppingi \u015bmietankowe, kt\u00f3re \u0142atwo formuje si\u0119 w rozetki.<\/p>\n","protected":false},"excerpt":{"rendered":"<p>Do dekoracji deser\u00f3w mlecznych pierwotnie wykorzystywana by\u0142a bita \u015bmietanka o zawarto\u015bci t\u0142uszczu wynosz\u0105cej 30%. Dzi\u0119ki rozwojowi specjalnych system\u00f3w stabilizuj\u0105cych oraz nowych technologii obecnie w deserach mo\u017cliwe jest stosowanie \u015bmietanki o\u00a0du\u017co ni\u017cszym t\u0142uszczu. Toppingi \u015bmietankowe o r\u00f3\u017cnych zawarto\u015bciach t\u0142uszczu spotyka si\u0119 &hellip; <a class=\"continue-reading\" href=\"https:\/\/katech-solutions.com\/pl\/smietanki-i-smietany\/bita-smietanka-deserow\/\">Czytaj dalej <span class=\"meta-nav\">&rarr;<\/span><\/a><\/p>\n","protected":false},"author":28,"featured_media":0,"parent":7347,"menu_order":0,"comment_status":"closed","ping_status":"open","template":"","meta":{"_acf_changed":false,"footnotes":""},"class_list":["post-7359","page","type-page","status-publish","hentry"],"acf":[],"yoast_head":"<!-- This site is optimized with the Yoast SEO plugin v27.2 - https:\/\/yoast.com\/product\/yoast-seo-wordpress\/ -->\n<title>Bita \u015bmietanka do deser\u00f3w |<\/title>\n<meta name=\"robots\" content=\"index, follow, max-snippet:-1, max-image-preview:large, max-video-preview:-1\" \/>\n<link rel=\"canonical\" href=\"https:\/\/katech-solutions.com\/pl\/smietanki-i-smietany\/bita-smietanka-deserow\/\" \/>\n<meta property=\"og:locale\" content=\"pl_PL\" \/>\n<meta property=\"og:type\" content=\"article\" \/>\n<meta property=\"og:title\" content=\"Bita \u015bmietanka do deser\u00f3w |\" \/>\n<meta property=\"og:description\" content=\"Do dekoracji deser\u00f3w mlecznych pierwotnie wykorzystywana by\u0142a bita \u015bmietanka o zawarto\u015bci t\u0142uszczu wynosz\u0105cej 30%. Dzi\u0119ki rozwojowi specjalnych system\u00f3w stabilizuj\u0105cych oraz nowych technologii obecnie w deserach mo\u017cliwe jest stosowanie \u015bmietanki o\u00a0du\u017co ni\u017cszym t\u0142uszczu. Toppingi \u015bmietankowe o r\u00f3\u017cnych zawarto\u015bciach t\u0142uszczu spotyka si\u0119 &hellip; Czytaj dalej &rarr;\" \/>\n<meta property=\"og:url\" content=\"https:\/\/katech-solutions.com\/pl\/smietanki-i-smietany\/bita-smietanka-deserow\/\" \/>\n<meta property=\"og:site_name\" content=\"KaTech\" \/>\n<meta property=\"article:modified_time\" content=\"2016-10-24T15:13:22+00:00\" \/>\n<meta name=\"twitter:label1\" content=\"Szacowany czas czytania\" \/>\n\t<meta name=\"twitter:data1\" content=\"1 minuta\" \/>\n<script type=\"application\/ld+json\" class=\"yoast-schema-graph\">{\"@context\":\"https:\/\/schema.org\",\"@graph\":[{\"@type\":\"WebPage\",\"@id\":\"https:\/\/katech-solutions.com\/pl\/smietanki-i-smietany\/bita-smietanka-deserow\/\",\"url\":\"https:\/\/katech-solutions.com\/pl\/smietanki-i-smietany\/bita-smietanka-deserow\/\",\"name\":\"Bita \u015bmietanka do deser\u00f3w |\",\"isPartOf\":{\"@id\":\"https:\/\/katech-solutions.com\/#website\"},\"datePublished\":\"2016-08-04T15:52:01+00:00\",\"dateModified\":\"2016-10-24T15:13:22+00:00\",\"breadcrumb\":{\"@id\":\"https:\/\/katech-solutions.com\/pl\/smietanki-i-smietany\/bita-smietanka-deserow\/#breadcrumb\"},\"inLanguage\":\"pl-PL\",\"potentialAction\":[{\"@type\":\"ReadAction\",\"target\":[\"https:\/\/katech-solutions.com\/pl\/smietanki-i-smietany\/bita-smietanka-deserow\/\"]}]},{\"@type\":\"BreadcrumbList\",\"@id\":\"https:\/\/katech-solutions.com\/pl\/smietanki-i-smietany\/bita-smietanka-deserow\/#breadcrumb\",\"itemListElement\":[{\"@type\":\"ListItem\",\"position\":1,\"name\":\"\u015amietanki i\u00a0\u015bmietany\",\"item\":\"https:\/\/katech-solutions.com\/pl\/smietanki-i-smietany\/\"},{\"@type\":\"ListItem\",\"position\":2,\"name\":\"Bita \u015bmietanka do deser\u00f3w\"}]},{\"@type\":\"WebSite\",\"@id\":\"https:\/\/katech-solutions.com\/#website\",\"url\":\"https:\/\/katech-solutions.com\/\",\"name\":\"KaTech\",\"description\":\"\",\"potentialAction\":[{\"@type\":\"SearchAction\",\"target\":{\"@type\":\"EntryPoint\",\"urlTemplate\":\"https:\/\/katech-solutions.com\/?s={search_term_string}\"},\"query-input\":{\"@type\":\"PropertyValueSpecification\",\"valueRequired\":true,\"valueName\":\"search_term_string\"}}],\"inLanguage\":\"pl-PL\"}]}<\/script>\n<!-- \/ Yoast SEO plugin. -->","yoast_head_json":{"title":"Bita \u015bmietanka do deser\u00f3w |","robots":{"index":"index","follow":"follow","max-snippet":"max-snippet:-1","max-image-preview":"max-image-preview:large","max-video-preview":"max-video-preview:-1"},"canonical":"https:\/\/katech-solutions.com\/pl\/smietanki-i-smietany\/bita-smietanka-deserow\/","og_locale":"pl_PL","og_type":"article","og_title":"Bita \u015bmietanka do deser\u00f3w |","og_description":"Do dekoracji deser\u00f3w mlecznych pierwotnie wykorzystywana by\u0142a bita \u015bmietanka o zawarto\u015bci t\u0142uszczu wynosz\u0105cej 30%. Dzi\u0119ki rozwojowi specjalnych system\u00f3w stabilizuj\u0105cych oraz nowych technologii obecnie w deserach mo\u017cliwe jest stosowanie \u015bmietanki o\u00a0du\u017co ni\u017cszym t\u0142uszczu. Toppingi \u015bmietankowe o r\u00f3\u017cnych zawarto\u015bciach t\u0142uszczu spotyka si\u0119 &hellip; Czytaj dalej &rarr;","og_url":"https:\/\/katech-solutions.com\/pl\/smietanki-i-smietany\/bita-smietanka-deserow\/","og_site_name":"KaTech","article_modified_time":"2016-10-24T15:13:22+00:00","twitter_misc":{"Szacowany czas czytania":"1 minuta"},"schema":{"@context":"https:\/\/schema.org","@graph":[{"@type":"WebPage","@id":"https:\/\/katech-solutions.com\/pl\/smietanki-i-smietany\/bita-smietanka-deserow\/","url":"https:\/\/katech-solutions.com\/pl\/smietanki-i-smietany\/bita-smietanka-deserow\/","name":"Bita \u015bmietanka do deser\u00f3w |","isPartOf":{"@id":"https:\/\/katech-solutions.com\/#website"},"datePublished":"2016-08-04T15:52:01+00:00","dateModified":"2016-10-24T15:13:22+00:00","breadcrumb":{"@id":"https:\/\/katech-solutions.com\/pl\/smietanki-i-smietany\/bita-smietanka-deserow\/#breadcrumb"},"inLanguage":"pl-PL","potentialAction":[{"@type":"ReadAction","target":["https:\/\/katech-solutions.com\/pl\/smietanki-i-smietany\/bita-smietanka-deserow\/"]}]},{"@type":"BreadcrumbList","@id":"https:\/\/katech-solutions.com\/pl\/smietanki-i-smietany\/bita-smietanka-deserow\/#breadcrumb","itemListElement":[{"@type":"ListItem","position":1,"name":"\u015amietanki i\u00a0\u015bmietany","item":"https:\/\/katech-solutions.com\/pl\/smietanki-i-smietany\/"},{"@type":"ListItem","position":2,"name":"Bita \u015bmietanka do deser\u00f3w"}]},{"@type":"WebSite","@id":"https:\/\/katech-solutions.com\/#website","url":"https:\/\/katech-solutions.com\/","name":"KaTech","description":"","potentialAction":[{"@type":"SearchAction","target":{"@type":"EntryPoint","urlTemplate":"https:\/\/katech-solutions.com\/?s={search_term_string}"},"query-input":{"@type":"PropertyValueSpecification","valueRequired":true,"valueName":"search_term_string"}}],"inLanguage":"pl-PL"}]}},"_links":{"self":[{"href":"https:\/\/katech-solutions.com\/pl\/wp-json\/wp\/v2\/pages\/7359","targetHints":{"allow":["GET"]}}],"collection":[{"href":"https:\/\/katech-solutions.com\/pl\/wp-json\/wp\/v2\/pages"}],"about":[{"href":"https:\/\/katech-solutions.com\/pl\/wp-json\/wp\/v2\/types\/page"}],"author":[{"embeddable":true,"href":"https:\/\/katech-solutions.com\/pl\/wp-json\/wp\/v2\/users\/28"}],"replies":[{"embeddable":true,"href":"https:\/\/katech-solutions.com\/pl\/wp-json\/wp\/v2\/comments?post=7359"}],"version-history":[{"count":2,"href":"https:\/\/katech-solutions.com\/pl\/wp-json\/wp\/v2\/pages\/7359\/revisions"}],"predecessor-version":[{"id":7629,"href":"https:\/\/katech-solutions.com\/pl\/wp-json\/wp\/v2\/pages\/7359\/revisions\/7629"}],"up":[{"embeddable":true,"href":"https:\/\/katech-solutions.com\/pl\/wp-json\/wp\/v2\/pages\/7347"}],"wp:attachment":[{"href":"https:\/\/katech-solutions.com\/pl\/wp-json\/wp\/v2\/media?parent=7359"}],"curies":[{"name":"wp","href":"https:\/\/api.w.org\/{rel}","templated":true}]}}