{"id":7358,"date":"2016-08-04T15:51:41","date_gmt":"2016-08-04T15:51:41","guid":{"rendered":"https:\/\/www.khpartner.com\/pl\/?page_id=7358"},"modified":"2016-08-04T15:52:42","modified_gmt":"2016-08-04T15:52:42","slug":"katech-wielka-brytania","status":"publish","type":"page","link":"https:\/\/katech-solutions.com\/pl\/jak-nas-znalezc\/katech-wielka-brytania\/","title":{"rendered":"KaTech Wielka Brytania"},"content":{"rendered":"<h1 id=\"content-head\" class=\"h1-468\">KaTech Wielka Brytania<\/h1>\n<div class=\"contact\">\n<table width=\"100%\">\n<tbody>\n<tr valign=\"top\">\n<td>\n<h3>KaTech Wielka Brytania<br \/>\nCentrum technologiczne<\/h3>\n<p><strong>KaTech Katharina Hahn + Partner Ltd<\/strong><br \/>\nUnit 19 Venture Point<br \/>\nStanney Mill Road<br \/>\nEllesmere Port<br \/>\nCheshire<br \/>\nCH2 4NE (nawigacja satelitarna CH2 4HX)<br \/>\nWielka Brytania<\/td>\n<td>\n<h3>Obs\u0142uga klienta<\/h3>\n<p><strong>Carla O&#8217;Hanlon<\/strong><\/p>\n<p>Tel.: +44 (0) 151 350 6814<br \/>\nFax: +44 (0) 151 357 4103<br \/>\nEmail: <a href=\"carla.ohanlon@khpartner.com\">carla.ohanlon@khpartner.com<\/a><\/td>\n<td>\n<h3>Ksi\u0119gowo\u015b\u0107<\/h3>\n<p><strong>Ray Attwood<\/strong><\/p>\n<p>Tel.: +44 (0) 151 350 6815<br \/>\nFax: +44 (0) 151 357 4103<br \/>\nEmail: <a href=\"ray.attwood@khpartner.com\">ray.attwood@khpartner.com<\/a><\/td>\n<td>\n<\/tbody>\n<\/table>\n<p><iframe loading=\"lazy\" src=\"https:\/\/maps.google.co.uk\/maps?q=53.265389,-2.874782&amp;num=1&amp;t=m&amp;ie=UTF8&amp;ll=53.2647,-2.87477&amp;spn=0.004492,0.00912&amp;z=16&amp;output=embed\" width=\"880\" height=\"400\"><\/iframe><\/p>\n<\/div>\n","protected":false},"excerpt":{"rendered":"<p>KaTech Wielka Brytania KaTech Wielka Brytania Centrum technologiczne KaTech Katharina Hahn + Partner Ltd Unit 19 Venture Point Stanney Mill Road Ellesmere Port Cheshire CH2 4NE (nawigacja satelitarna CH2 4HX) Wielka Brytania Obs\u0142uga klienta Carla O&#8217;Hanlon Tel.: +44 (0) 151 &hellip; <a class=\"continue-reading\" href=\"https:\/\/katech-solutions.com\/pl\/jak-nas-znalezc\/katech-wielka-brytania\/\">Czytaj dalej <span class=\"meta-nav\">&rarr;<\/span><\/a><\/p>\n","protected":false},"author":3,"featured_media":0,"parent":7365,"menu_order":0,"comment_status":"closed","ping_status":"closed","template":"onecolumn-page.php","meta":{"_acf_changed":false,"footnotes":""},"class_list":["post-7358","page","type-page","status-publish","hentry"],"acf":[],"yoast_head":"<!-- This site is optimized with the Yoast SEO plugin v27.2 - https:\/\/yoast.com\/product\/yoast-seo-wordpress\/ -->\n<title>KaTech Wielka Brytania - Dane teleadresowe<\/title>\n<meta name=\"description\" content=\"KaTech Wielka Brytania to firma produkuj\u0105ca stabilizatory i emulgatory dla bran\u017cy spo\u017cywczej z biurem sprzeda\u017cy i centrum technologicznym w Wielkiej Brytanii.\" \/>\n<meta name=\"robots\" content=\"index, follow, max-snippet:-1, max-image-preview:large, max-video-preview:-1\" \/>\n<link rel=\"canonical\" href=\"https:\/\/katech-solutions.com\/pl\/jak-nas-znalezc\/katech-wielka-brytania\/\" \/>\n<meta property=\"og:locale\" content=\"pl_PL\" \/>\n<meta property=\"og:type\" content=\"article\" \/>\n<meta property=\"og:title\" content=\"KaTech Wielka Brytania - Dane teleadresowe\" \/>\n<meta property=\"og:description\" content=\"KaTech Wielka Brytania to firma produkuj\u0105ca stabilizatory i emulgatory dla bran\u017cy spo\u017cywczej z biurem sprzeda\u017cy i centrum technologicznym w Wielkiej Brytanii.\" \/>\n<meta property=\"og:url\" content=\"https:\/\/katech-solutions.com\/pl\/jak-nas-znalezc\/katech-wielka-brytania\/\" \/>\n<meta property=\"og:site_name\" content=\"KaTech\" \/>\n<meta property=\"article:modified_time\" content=\"2016-08-04T15:52:42+00:00\" \/>\n<script type=\"application\/ld+json\" class=\"yoast-schema-graph\">{\"@context\":\"https:\/\/schema.org\",\"@graph\":[{\"@type\":\"WebPage\",\"@id\":\"https:\/\/katech-solutions.com\/pl\/jak-nas-znalezc\/katech-wielka-brytania\/\",\"url\":\"https:\/\/katech-solutions.com\/pl\/jak-nas-znalezc\/katech-wielka-brytania\/\",\"name\":\"KaTech Wielka Brytania - Dane teleadresowe\",\"isPartOf\":{\"@id\":\"https:\/\/katech-solutions.com\/#website\"},\"datePublished\":\"2016-08-04T15:51:41+00:00\",\"dateModified\":\"2016-08-04T15:52:42+00:00\",\"description\":\"KaTech Wielka Brytania to firma produkuj\u0105ca stabilizatory i emulgatory dla bran\u017cy spo\u017cywczej z biurem sprzeda\u017cy i centrum technologicznym w Wielkiej Brytanii.\",\"breadcrumb\":{\"@id\":\"https:\/\/katech-solutions.com\/pl\/jak-nas-znalezc\/katech-wielka-brytania\/#breadcrumb\"},\"inLanguage\":\"pl-PL\",\"potentialAction\":[{\"@type\":\"ReadAction\",\"target\":[\"https:\/\/katech-solutions.com\/pl\/jak-nas-znalezc\/katech-wielka-brytania\/\"]}]},{\"@type\":\"BreadcrumbList\",\"@id\":\"https:\/\/katech-solutions.com\/pl\/jak-nas-znalezc\/katech-wielka-brytania\/#breadcrumb\",\"itemListElement\":[{\"@type\":\"ListItem\",\"position\":1,\"name\":\"Jak nas znale\u017a\u0107\",\"item\":\"https:\/\/katech-solutions.com\/pl\/jak-nas-znalezc\/\"},{\"@type\":\"ListItem\",\"position\":2,\"name\":\"KaTech Wielka Brytania\"}]},{\"@type\":\"WebSite\",\"@id\":\"https:\/\/katech-solutions.com\/#website\",\"url\":\"https:\/\/katech-solutions.com\/\",\"name\":\"KaTech\",\"description\":\"\",\"potentialAction\":[{\"@type\":\"SearchAction\",\"target\":{\"@type\":\"EntryPoint\",\"urlTemplate\":\"https:\/\/katech-solutions.com\/?s={search_term_string}\"},\"query-input\":{\"@type\":\"PropertyValueSpecification\",\"valueRequired\":true,\"valueName\":\"search_term_string\"}}],\"inLanguage\":\"pl-PL\"}]}<\/script>\n<!-- \/ Yoast SEO plugin. -->","yoast_head_json":{"title":"KaTech Wielka Brytania - Dane teleadresowe","description":"KaTech Wielka Brytania to firma produkuj\u0105ca stabilizatory i emulgatory dla bran\u017cy spo\u017cywczej z biurem sprzeda\u017cy i centrum technologicznym w Wielkiej Brytanii.","robots":{"index":"index","follow":"follow","max-snippet":"max-snippet:-1","max-image-preview":"max-image-preview:large","max-video-preview":"max-video-preview:-1"},"canonical":"https:\/\/katech-solutions.com\/pl\/jak-nas-znalezc\/katech-wielka-brytania\/","og_locale":"pl_PL","og_type":"article","og_title":"KaTech Wielka Brytania - Dane teleadresowe","og_description":"KaTech Wielka Brytania to firma produkuj\u0105ca stabilizatory i emulgatory dla bran\u017cy spo\u017cywczej z biurem sprzeda\u017cy i centrum technologicznym w Wielkiej Brytanii.","og_url":"https:\/\/katech-solutions.com\/pl\/jak-nas-znalezc\/katech-wielka-brytania\/","og_site_name":"KaTech","article_modified_time":"2016-08-04T15:52:42+00:00","schema":{"@context":"https:\/\/schema.org","@graph":[{"@type":"WebPage","@id":"https:\/\/katech-solutions.com\/pl\/jak-nas-znalezc\/katech-wielka-brytania\/","url":"https:\/\/katech-solutions.com\/pl\/jak-nas-znalezc\/katech-wielka-brytania\/","name":"KaTech Wielka Brytania - Dane teleadresowe","isPartOf":{"@id":"https:\/\/katech-solutions.com\/#website"},"datePublished":"2016-08-04T15:51:41+00:00","dateModified":"2016-08-04T15:52:42+00:00","description":"KaTech Wielka Brytania to firma produkuj\u0105ca stabilizatory i emulgatory dla bran\u017cy spo\u017cywczej z biurem sprzeda\u017cy i centrum technologicznym w Wielkiej Brytanii.","breadcrumb":{"@id":"https:\/\/katech-solutions.com\/pl\/jak-nas-znalezc\/katech-wielka-brytania\/#breadcrumb"},"inLanguage":"pl-PL","potentialAction":[{"@type":"ReadAction","target":["https:\/\/katech-solutions.com\/pl\/jak-nas-znalezc\/katech-wielka-brytania\/"]}]},{"@type":"BreadcrumbList","@id":"https:\/\/katech-solutions.com\/pl\/jak-nas-znalezc\/katech-wielka-brytania\/#breadcrumb","itemListElement":[{"@type":"ListItem","position":1,"name":"Jak nas znale\u017a\u0107","item":"https:\/\/katech-solutions.com\/pl\/jak-nas-znalezc\/"},{"@type":"ListItem","position":2,"name":"KaTech Wielka Brytania"}]},{"@type":"WebSite","@id":"https:\/\/katech-solutions.com\/#website","url":"https:\/\/katech-solutions.com\/","name":"KaTech","description":"","potentialAction":[{"@type":"SearchAction","target":{"@type":"EntryPoint","urlTemplate":"https:\/\/katech-solutions.com\/?s={search_term_string}"},"query-input":{"@type":"PropertyValueSpecification","valueRequired":true,"valueName":"search_term_string"}}],"inLanguage":"pl-PL"}]}},"_links":{"self":[{"href":"https:\/\/katech-solutions.com\/pl\/wp-json\/wp\/v2\/pages\/7358","targetHints":{"allow":["GET"]}}],"collection":[{"href":"https:\/\/katech-solutions.com\/pl\/wp-json\/wp\/v2\/pages"}],"about":[{"href":"https:\/\/katech-solutions.com\/pl\/wp-json\/wp\/v2\/types\/page"}],"author":[{"embeddable":true,"href":"https:\/\/katech-solutions.com\/pl\/wp-json\/wp\/v2\/users\/3"}],"replies":[{"embeddable":true,"href":"https:\/\/katech-solutions.com\/pl\/wp-json\/wp\/v2\/comments?post=7358"}],"version-history":[{"count":1,"href":"https:\/\/katech-solutions.com\/pl\/wp-json\/wp\/v2\/pages\/7358\/revisions"}],"predecessor-version":[{"id":7360,"href":"https:\/\/katech-solutions.com\/pl\/wp-json\/wp\/v2\/pages\/7358\/revisions\/7360"}],"up":[{"embeddable":true,"href":"https:\/\/katech-solutions.com\/pl\/wp-json\/wp\/v2\/pages\/7365"}],"wp:attachment":[{"href":"https:\/\/katech-solutions.com\/pl\/wp-json\/wp\/v2\/media?parent=7358"}],"curies":[{"name":"wp","href":"https:\/\/api.w.org\/{rel}","templated":true}]}}