{"id":7355,"date":"2016-08-04T15:50:38","date_gmt":"2016-08-04T15:50:38","guid":{"rendered":"https:\/\/www.khpartner.com\/pl\/?page_id=7355"},"modified":"2017-11-02T13:59:52","modified_gmt":"2017-11-02T13:59:52","slug":"smietanka-do-gotowania","status":"publish","type":"page","link":"https:\/\/katech-solutions.com\/pl\/smietanki-i-smietany\/smietanka-do-gotowania\/","title":{"rendered":"\u015amietanka do gotowania"},"content":{"rendered":"<p style=\"text-align: justify;\">\u015amietanka do gotowania to produkt o neutralnym pH, dost\u0119pny na\u00a0rynku w kilku wariantach o r\u00f3\u017cnej zawarto\u015bci t\u0142uszczu. Stosuje si\u0119 j\u0105 g\u0142\u00f3wnie jako dodatek do zup lub jako baz\u0119 do sos\u00f3w. Zawarto\u015b\u0107 t\u0142uszczu, kt\u00f3ra w przypadku wi\u0119kszo\u015bci oferowanych produkt\u00f3w jest stosunkowo wysoka, zapobiega \u201ek\u0142aczeniu si\u0119\u201d na skutek denaturacji bia\u0142ka podczas gotowania.<\/p>\n<p style=\"text-align: justify;\">Obecny trend do obni\u017cania zawarto\u015bci t\u0142uszczu w produktach mleczarskich oznacza, \u017ce \u015bmietanki sta\u0142y si\u0119 mniej stabilne podczas gotowania i\u00a0wymagaj\u0105 doboru optymalnej technologii przetwarzania i\u00a0w\u0142a\u015bciwych dodatk\u00f3w stabilizuj\u0105cych w celu zachowania najbardziej po\u017c\u0105danych cech tego typu produkt\u00f3w.<\/p>\n","protected":false},"excerpt":{"rendered":"<p>\u015amietanka do gotowania to produkt o neutralnym pH, dost\u0119pny na\u00a0rynku w kilku wariantach o r\u00f3\u017cnej zawarto\u015bci t\u0142uszczu. Stosuje si\u0119 j\u0105 g\u0142\u00f3wnie jako dodatek do zup lub jako baz\u0119 do sos\u00f3w. Zawarto\u015b\u0107 t\u0142uszczu, kt\u00f3ra w przypadku wi\u0119kszo\u015bci oferowanych produkt\u00f3w jest stosunkowo &hellip; <a class=\"continue-reading\" href=\"https:\/\/katech-solutions.com\/pl\/smietanki-i-smietany\/smietanka-do-gotowania\/\">Czytaj dalej <span class=\"meta-nav\">&rarr;<\/span><\/a><\/p>\n","protected":false},"author":28,"featured_media":0,"parent":7347,"menu_order":0,"comment_status":"closed","ping_status":"open","template":"","meta":{"_acf_changed":false,"footnotes":""},"class_list":["post-7355","page","type-page","status-publish","hentry"],"acf":[],"yoast_head":"<!-- This site is optimized with the Yoast SEO plugin v27.2 - https:\/\/yoast.com\/product\/yoast-seo-wordpress\/ -->\n<title>\u015amietanka do gotowania |<\/title>\n<meta name=\"robots\" content=\"index, follow, max-snippet:-1, max-image-preview:large, max-video-preview:-1\" \/>\n<link rel=\"canonical\" href=\"https:\/\/katech-solutions.com\/pl\/smietanki-i-smietany\/smietanka-do-gotowania\/\" \/>\n<meta property=\"og:locale\" content=\"pl_PL\" \/>\n<meta property=\"og:type\" content=\"article\" \/>\n<meta property=\"og:title\" content=\"\u015amietanka do gotowania |\" \/>\n<meta property=\"og:description\" content=\"\u015amietanka do gotowania to produkt o neutralnym pH, dost\u0119pny na\u00a0rynku w kilku wariantach o r\u00f3\u017cnej zawarto\u015bci t\u0142uszczu. Stosuje si\u0119 j\u0105 g\u0142\u00f3wnie jako dodatek do zup lub jako baz\u0119 do sos\u00f3w. Zawarto\u015b\u0107 t\u0142uszczu, kt\u00f3ra w przypadku wi\u0119kszo\u015bci oferowanych produkt\u00f3w jest stosunkowo &hellip; Czytaj dalej &rarr;\" \/>\n<meta property=\"og:url\" content=\"https:\/\/katech-solutions.com\/pl\/smietanki-i-smietany\/smietanka-do-gotowania\/\" \/>\n<meta property=\"og:site_name\" content=\"KaTech\" \/>\n<meta property=\"article:modified_time\" content=\"2017-11-02T13:59:52+00:00\" \/>\n<meta name=\"twitter:label1\" content=\"Szacowany czas czytania\" \/>\n\t<meta name=\"twitter:data1\" content=\"1 minuta\" \/>\n<script type=\"application\/ld+json\" class=\"yoast-schema-graph\">{\"@context\":\"https:\/\/schema.org\",\"@graph\":[{\"@type\":\"WebPage\",\"@id\":\"https:\/\/katech-solutions.com\/pl\/smietanki-i-smietany\/smietanka-do-gotowania\/\",\"url\":\"https:\/\/katech-solutions.com\/pl\/smietanki-i-smietany\/smietanka-do-gotowania\/\",\"name\":\"\u015amietanka do gotowania |\",\"isPartOf\":{\"@id\":\"https:\/\/katech-solutions.com\/#website\"},\"datePublished\":\"2016-08-04T15:50:38+00:00\",\"dateModified\":\"2017-11-02T13:59:52+00:00\",\"breadcrumb\":{\"@id\":\"https:\/\/katech-solutions.com\/pl\/smietanki-i-smietany\/smietanka-do-gotowania\/#breadcrumb\"},\"inLanguage\":\"pl-PL\",\"potentialAction\":[{\"@type\":\"ReadAction\",\"target\":[\"https:\/\/katech-solutions.com\/pl\/smietanki-i-smietany\/smietanka-do-gotowania\/\"]}]},{\"@type\":\"BreadcrumbList\",\"@id\":\"https:\/\/katech-solutions.com\/pl\/smietanki-i-smietany\/smietanka-do-gotowania\/#breadcrumb\",\"itemListElement\":[{\"@type\":\"ListItem\",\"position\":1,\"name\":\"\u015amietanki i\u00a0\u015bmietany\",\"item\":\"https:\/\/katech-solutions.com\/pl\/smietanki-i-smietany\/\"},{\"@type\":\"ListItem\",\"position\":2,\"name\":\"\u015amietanka do gotowania\"}]},{\"@type\":\"WebSite\",\"@id\":\"https:\/\/katech-solutions.com\/#website\",\"url\":\"https:\/\/katech-solutions.com\/\",\"name\":\"KaTech\",\"description\":\"\",\"potentialAction\":[{\"@type\":\"SearchAction\",\"target\":{\"@type\":\"EntryPoint\",\"urlTemplate\":\"https:\/\/katech-solutions.com\/?s={search_term_string}\"},\"query-input\":{\"@type\":\"PropertyValueSpecification\",\"valueRequired\":true,\"valueName\":\"search_term_string\"}}],\"inLanguage\":\"pl-PL\"}]}<\/script>\n<!-- \/ Yoast SEO plugin. -->","yoast_head_json":{"title":"\u015amietanka do gotowania |","robots":{"index":"index","follow":"follow","max-snippet":"max-snippet:-1","max-image-preview":"max-image-preview:large","max-video-preview":"max-video-preview:-1"},"canonical":"https:\/\/katech-solutions.com\/pl\/smietanki-i-smietany\/smietanka-do-gotowania\/","og_locale":"pl_PL","og_type":"article","og_title":"\u015amietanka do gotowania |","og_description":"\u015amietanka do gotowania to produkt o neutralnym pH, dost\u0119pny na\u00a0rynku w kilku wariantach o r\u00f3\u017cnej zawarto\u015bci t\u0142uszczu. Stosuje si\u0119 j\u0105 g\u0142\u00f3wnie jako dodatek do zup lub jako baz\u0119 do sos\u00f3w. Zawarto\u015b\u0107 t\u0142uszczu, kt\u00f3ra w przypadku wi\u0119kszo\u015bci oferowanych produkt\u00f3w jest stosunkowo &hellip; Czytaj dalej &rarr;","og_url":"https:\/\/katech-solutions.com\/pl\/smietanki-i-smietany\/smietanka-do-gotowania\/","og_site_name":"KaTech","article_modified_time":"2017-11-02T13:59:52+00:00","twitter_misc":{"Szacowany czas czytania":"1 minuta"},"schema":{"@context":"https:\/\/schema.org","@graph":[{"@type":"WebPage","@id":"https:\/\/katech-solutions.com\/pl\/smietanki-i-smietany\/smietanka-do-gotowania\/","url":"https:\/\/katech-solutions.com\/pl\/smietanki-i-smietany\/smietanka-do-gotowania\/","name":"\u015amietanka do gotowania |","isPartOf":{"@id":"https:\/\/katech-solutions.com\/#website"},"datePublished":"2016-08-04T15:50:38+00:00","dateModified":"2017-11-02T13:59:52+00:00","breadcrumb":{"@id":"https:\/\/katech-solutions.com\/pl\/smietanki-i-smietany\/smietanka-do-gotowania\/#breadcrumb"},"inLanguage":"pl-PL","potentialAction":[{"@type":"ReadAction","target":["https:\/\/katech-solutions.com\/pl\/smietanki-i-smietany\/smietanka-do-gotowania\/"]}]},{"@type":"BreadcrumbList","@id":"https:\/\/katech-solutions.com\/pl\/smietanki-i-smietany\/smietanka-do-gotowania\/#breadcrumb","itemListElement":[{"@type":"ListItem","position":1,"name":"\u015amietanki i\u00a0\u015bmietany","item":"https:\/\/katech-solutions.com\/pl\/smietanki-i-smietany\/"},{"@type":"ListItem","position":2,"name":"\u015amietanka do gotowania"}]},{"@type":"WebSite","@id":"https:\/\/katech-solutions.com\/#website","url":"https:\/\/katech-solutions.com\/","name":"KaTech","description":"","potentialAction":[{"@type":"SearchAction","target":{"@type":"EntryPoint","urlTemplate":"https:\/\/katech-solutions.com\/?s={search_term_string}"},"query-input":{"@type":"PropertyValueSpecification","valueRequired":true,"valueName":"search_term_string"}}],"inLanguage":"pl-PL"}]}},"_links":{"self":[{"href":"https:\/\/katech-solutions.com\/pl\/wp-json\/wp\/v2\/pages\/7355","targetHints":{"allow":["GET"]}}],"collection":[{"href":"https:\/\/katech-solutions.com\/pl\/wp-json\/wp\/v2\/pages"}],"about":[{"href":"https:\/\/katech-solutions.com\/pl\/wp-json\/wp\/v2\/types\/page"}],"author":[{"embeddable":true,"href":"https:\/\/katech-solutions.com\/pl\/wp-json\/wp\/v2\/users\/28"}],"replies":[{"embeddable":true,"href":"https:\/\/katech-solutions.com\/pl\/wp-json\/wp\/v2\/comments?post=7355"}],"version-history":[{"count":9,"href":"https:\/\/katech-solutions.com\/pl\/wp-json\/wp\/v2\/pages\/7355\/revisions"}],"predecessor-version":[{"id":8523,"href":"https:\/\/katech-solutions.com\/pl\/wp-json\/wp\/v2\/pages\/7355\/revisions\/8523"}],"up":[{"embeddable":true,"href":"https:\/\/katech-solutions.com\/pl\/wp-json\/wp\/v2\/pages\/7347"}],"wp:attachment":[{"href":"https:\/\/katech-solutions.com\/pl\/wp-json\/wp\/v2\/media?parent=7355"}],"curies":[{"name":"wp","href":"https:\/\/api.w.org\/{rel}","templated":true}]}}