{"id":7352,"date":"2016-08-04T15:49:50","date_gmt":"2016-08-04T15:49:50","guid":{"rendered":"https:\/\/www.khpartner.com\/pl\/?page_id=7352"},"modified":"2017-08-24T16:32:49","modified_gmt":"2017-08-24T16:32:49","slug":"produkty-z-owocow","status":"publish","type":"page","link":"https:\/\/katech-solutions.com\/pl\/produkty-z-owocow\/","title":{"rendered":"Produkty z owoc\u00f3w"},"content":{"rendered":"<h2>Produkty z owoc\u00f3w<\/h2>\n<p style=\"text-align: justify;\">Owoce maj\u0105 nie tylko znakomity smak, s\u0105 tak\u017ce pe\u0142ne witamin, minera\u0142\u00f3w i fitochemikali\u00f3w niezb\u0119dnych dla dobrego zdrowia.<\/p>\n<p style=\"text-align: justify;\">Wiele z tych sk\u0142adnik\u00f3w ma silne dzia\u0142anie przeciwutleniaj\u0105ce, chroni\u0105c organizm przed szkodliwym dzia\u0142aniem wolnych rodnik\u00f3w, kt\u00f3re mog\u0105 by\u0107 przyczyn\u0105 wielu chor\u00f3b. Badania wykaza\u0142y, \u017ce ludzie, kt\u00f3rzy spo\u017cywaj\u0105 du\u017co owoc\u00f3w i warzyw s\u0105 obarczeni ni\u017cszym ryzykiem wielu chor\u00f3b, w tym nadci\u015bnienia t\u0119tniczego, oty\u0142o\u015bci, udaru m\u00f3zgu i niekt\u00f3rych nowotwor\u00f3w.<\/p>\n<p style=\"text-align: justify;\">Owoce mo\u017cna z powodzeniem wykorzysta\u0107 w wielu produktach spo\u017cywczych. Nasi specjali\u015bci doradz\u0105 Pa\u0144stwu jak sprawi\u0107, by Pa\u0144stwa produkty z owoc\u00f3w by\u0142y jeszcze bardziej atrakcyjne dla konsument\u00f3w.<\/p>\n<p>&nbsp;<\/p>\n","protected":false},"excerpt":{"rendered":"<p>Produkty z owoc\u00f3w Owoce maj\u0105 nie tylko znakomity smak, s\u0105 tak\u017ce pe\u0142ne witamin, minera\u0142\u00f3w i fitochemikali\u00f3w niezb\u0119dnych dla dobrego zdrowia. Wiele z tych sk\u0142adnik\u00f3w ma silne dzia\u0142anie przeciwutleniaj\u0105ce, chroni\u0105c organizm przed szkodliwym dzia\u0142aniem wolnych rodnik\u00f3w, kt\u00f3re mog\u0105 by\u0107 przyczyn\u0105 wielu &hellip; <a class=\"continue-reading\" href=\"https:\/\/katech-solutions.com\/pl\/produkty-z-owocow\/\">Czytaj dalej <span class=\"meta-nav\">&rarr;<\/span><\/a><\/p>\n","protected":false},"author":3,"featured_media":0,"parent":0,"menu_order":2,"comment_status":"closed","ping_status":"open","template":"layout-content-3.php","meta":{"_acf_changed":false,"footnotes":""},"class_list":["post-7352","page","type-page","status-publish","hentry"],"acf":[],"yoast_head":"<!-- This site is optimized with the Yoast SEO plugin v27.2 - https:\/\/yoast.com\/product\/yoast-seo-wordpress\/ -->\n<title>KaTech \u2013 Produkty z owoc\u00f3w \u2013 Stabilizatory i emulgatory<\/title>\n<meta name=\"description\" content=\"KaTech to firma specjalizuj\u0105ca si\u0119 w tworzeniu stabilizator\u00f3w i emulgator\u00f3w dostosowanych do potrzeb klient\u00f3w dla takich zastosowa\u0144 jak produkty z owoc\u00f3w.\" \/>\n<meta name=\"robots\" content=\"index, follow, max-snippet:-1, max-image-preview:large, max-video-preview:-1\" \/>\n<link rel=\"canonical\" href=\"https:\/\/katech-solutions.com\/pl\/produkty-z-owocow\/\" \/>\n<meta property=\"og:locale\" content=\"pl_PL\" \/>\n<meta property=\"og:type\" content=\"article\" \/>\n<meta property=\"og:title\" content=\"KaTech \u2013 Produkty z owoc\u00f3w \u2013 Stabilizatory i emulgatory\" \/>\n<meta property=\"og:description\" content=\"KaTech to firma specjalizuj\u0105ca si\u0119 w tworzeniu stabilizator\u00f3w i emulgator\u00f3w dostosowanych do potrzeb klient\u00f3w dla takich zastosowa\u0144 jak produkty z owoc\u00f3w.\" \/>\n<meta property=\"og:url\" content=\"https:\/\/katech-solutions.com\/pl\/produkty-z-owocow\/\" \/>\n<meta property=\"og:site_name\" content=\"KaTech\" \/>\n<meta property=\"article:modified_time\" content=\"2017-08-24T16:32:49+00:00\" \/>\n<meta name=\"twitter:label1\" content=\"Szacowany czas czytania\" \/>\n\t<meta name=\"twitter:data1\" content=\"1 minuta\" \/>\n<script type=\"application\/ld+json\" class=\"yoast-schema-graph\">{\"@context\":\"https:\/\/schema.org\",\"@graph\":[{\"@type\":\"WebPage\",\"@id\":\"https:\/\/katech-solutions.com\/pl\/produkty-z-owocow\/\",\"url\":\"https:\/\/katech-solutions.com\/pl\/produkty-z-owocow\/\",\"name\":\"KaTech \u2013 Produkty z owoc\u00f3w \u2013 Stabilizatory i emulgatory\",\"isPartOf\":{\"@id\":\"https:\/\/katech-solutions.com\/#website\"},\"datePublished\":\"2016-08-04T15:49:50+00:00\",\"dateModified\":\"2017-08-24T16:32:49+00:00\",\"description\":\"KaTech to firma specjalizuj\u0105ca si\u0119 w tworzeniu stabilizator\u00f3w i emulgator\u00f3w dostosowanych do potrzeb klient\u00f3w dla takich zastosowa\u0144 jak produkty z owoc\u00f3w.\",\"inLanguage\":\"pl-PL\",\"potentialAction\":[{\"@type\":\"ReadAction\",\"target\":[\"https:\/\/katech-solutions.com\/pl\/produkty-z-owocow\/\"]}]},{\"@type\":\"WebSite\",\"@id\":\"https:\/\/katech-solutions.com\/#website\",\"url\":\"https:\/\/katech-solutions.com\/\",\"name\":\"KaTech\",\"description\":\"\",\"potentialAction\":[{\"@type\":\"SearchAction\",\"target\":{\"@type\":\"EntryPoint\",\"urlTemplate\":\"https:\/\/katech-solutions.com\/?s={search_term_string}\"},\"query-input\":{\"@type\":\"PropertyValueSpecification\",\"valueRequired\":true,\"valueName\":\"search_term_string\"}}],\"inLanguage\":\"pl-PL\"}]}<\/script>\n<!-- \/ Yoast SEO plugin. -->","yoast_head_json":{"title":"KaTech \u2013 Produkty z owoc\u00f3w \u2013 Stabilizatory i emulgatory","description":"KaTech to firma specjalizuj\u0105ca si\u0119 w tworzeniu stabilizator\u00f3w i emulgator\u00f3w dostosowanych do potrzeb klient\u00f3w dla takich zastosowa\u0144 jak produkty z owoc\u00f3w.","robots":{"index":"index","follow":"follow","max-snippet":"max-snippet:-1","max-image-preview":"max-image-preview:large","max-video-preview":"max-video-preview:-1"},"canonical":"https:\/\/katech-solutions.com\/pl\/produkty-z-owocow\/","og_locale":"pl_PL","og_type":"article","og_title":"KaTech \u2013 Produkty z owoc\u00f3w \u2013 Stabilizatory i emulgatory","og_description":"KaTech to firma specjalizuj\u0105ca si\u0119 w tworzeniu stabilizator\u00f3w i emulgator\u00f3w dostosowanych do potrzeb klient\u00f3w dla takich zastosowa\u0144 jak produkty z owoc\u00f3w.","og_url":"https:\/\/katech-solutions.com\/pl\/produkty-z-owocow\/","og_site_name":"KaTech","article_modified_time":"2017-08-24T16:32:49+00:00","twitter_misc":{"Szacowany czas czytania":"1 minuta"},"schema":{"@context":"https:\/\/schema.org","@graph":[{"@type":"WebPage","@id":"https:\/\/katech-solutions.com\/pl\/produkty-z-owocow\/","url":"https:\/\/katech-solutions.com\/pl\/produkty-z-owocow\/","name":"KaTech \u2013 Produkty z owoc\u00f3w \u2013 Stabilizatory i emulgatory","isPartOf":{"@id":"https:\/\/katech-solutions.com\/#website"},"datePublished":"2016-08-04T15:49:50+00:00","dateModified":"2017-08-24T16:32:49+00:00","description":"KaTech to firma specjalizuj\u0105ca si\u0119 w tworzeniu stabilizator\u00f3w i emulgator\u00f3w dostosowanych do potrzeb klient\u00f3w dla takich zastosowa\u0144 jak produkty z owoc\u00f3w.","inLanguage":"pl-PL","potentialAction":[{"@type":"ReadAction","target":["https:\/\/katech-solutions.com\/pl\/produkty-z-owocow\/"]}]},{"@type":"WebSite","@id":"https:\/\/katech-solutions.com\/#website","url":"https:\/\/katech-solutions.com\/","name":"KaTech","description":"","potentialAction":[{"@type":"SearchAction","target":{"@type":"EntryPoint","urlTemplate":"https:\/\/katech-solutions.com\/?s={search_term_string}"},"query-input":{"@type":"PropertyValueSpecification","valueRequired":true,"valueName":"search_term_string"}}],"inLanguage":"pl-PL"}]}},"_links":{"self":[{"href":"https:\/\/katech-solutions.com\/pl\/wp-json\/wp\/v2\/pages\/7352","targetHints":{"allow":["GET"]}}],"collection":[{"href":"https:\/\/katech-solutions.com\/pl\/wp-json\/wp\/v2\/pages"}],"about":[{"href":"https:\/\/katech-solutions.com\/pl\/wp-json\/wp\/v2\/types\/page"}],"author":[{"embeddable":true,"href":"https:\/\/katech-solutions.com\/pl\/wp-json\/wp\/v2\/users\/3"}],"replies":[{"embeddable":true,"href":"https:\/\/katech-solutions.com\/pl\/wp-json\/wp\/v2\/comments?post=7352"}],"version-history":[{"count":4,"href":"https:\/\/katech-solutions.com\/pl\/wp-json\/wp\/v2\/pages\/7352\/revisions"}],"predecessor-version":[{"id":8406,"href":"https:\/\/katech-solutions.com\/pl\/wp-json\/wp\/v2\/pages\/7352\/revisions\/8406"}],"wp:attachment":[{"href":"https:\/\/katech-solutions.com\/pl\/wp-json\/wp\/v2\/media?parent=7352"}],"curies":[{"name":"wp","href":"https:\/\/api.w.org\/{rel}","templated":true}]}}