{"id":7347,"date":"2016-08-04T15:48:18","date_gmt":"2016-08-04T15:48:18","guid":{"rendered":"https:\/\/www.khpartner.com\/pl\/?page_id=7347"},"modified":"2017-11-02T13:56:56","modified_gmt":"2017-11-02T13:56:56","slug":"smietanki-i-smietany","status":"publish","type":"page","link":"https:\/\/katech-solutions.com\/pl\/smietanki-i-smietany\/","title":{"rendered":"\u015amietanki i\u00a0\u015bmietany"},"content":{"rendered":"<h2>\u015amietanki i \u015bmietany<\/h2>\n<p style=\"text-align: justify;\">\u015amietanka jest bardzo uniwersalnym produktem spo\u017cywczym o\u00a0szerokim przeznaczeniu. S\u0142u\u017cy jako p\u00f3\u0142produkt dla wielu produkt\u00f3w mlecznych, takich jak na przyk\u0142ad \u015bmietana, mas\u0142o \u015bmietankowe, czy lody. Opr\u00f3cz tego, sprzedawana jest w\u00a0r\u00f3\u017cnych wariantach zawarto\u015bci t\u0142uszczu, kt\u00f3re przeznaczone s\u0105 do r\u00f3\u017cnych zastosowa\u0144.<\/p>\n<p style=\"text-align: justify;\">Do odmian \u015bmietanki oraz produkt\u00f3w z ukwaszonej \u015bmietanki powszechnie u\u017cywanych we wsp\u00f3\u0142czesnej kuchni nale\u017c\u0105 mi\u0119dzy innymi \u015bmietanka do gotowania, \u015bmietanka do ubijania,\u00a0<em>cr\u00e8me fra\u00eeche<\/em>\u00a0oraz \u015bmietana ukwaszona. S\u0105 one nieodzownym dodatkiem do zup, sos\u00f3w, deser\u00f3w, tort\u00f3w, czy ciast z\u00a0nadzieniem.<\/p>\n<p style=\"text-align: justify;\">Szeroki wachlarz zastosowa\u0144 \u015bmietanki wymaga szerokiej gamy system\u00f3w stabilizuj\u0105cych i dostosowanej technologii uwzgl\u0119dniaj\u0105cej po\u017c\u0105dane cechy produktu, wymagania procesu produkcyjnego, czy te\u017c optymalne koszty.<\/p>\n","protected":false},"excerpt":{"rendered":"<p>\u015amietanki i \u015bmietany \u015amietanka jest bardzo uniwersalnym produktem spo\u017cywczym o\u00a0szerokim przeznaczeniu. S\u0142u\u017cy jako p\u00f3\u0142produkt dla wielu produkt\u00f3w mlecznych, takich jak na przyk\u0142ad \u015bmietana, mas\u0142o \u015bmietankowe, czy lody. Opr\u00f3cz tego, sprzedawana jest w\u00a0r\u00f3\u017cnych wariantach zawarto\u015bci t\u0142uszczu, kt\u00f3re przeznaczone s\u0105 do r\u00f3\u017cnych &hellip; <a class=\"continue-reading\" href=\"https:\/\/katech-solutions.com\/pl\/smietanki-i-smietany\/\">Czytaj dalej <span class=\"meta-nav\">&rarr;<\/span><\/a><\/p>\n","protected":false},"author":28,"featured_media":0,"parent":0,"menu_order":2,"comment_status":"closed","ping_status":"open","template":"layout-content-3.php","meta":{"_acf_changed":false,"footnotes":""},"class_list":["post-7347","page","type-page","status-publish","hentry"],"acf":[],"yoast_head":"<!-- This site is optimized with the Yoast SEO plugin v27.2 - https:\/\/yoast.com\/product\/yoast-seo-wordpress\/ -->\n<title>\u015amietanki i\u00a0\u015bmietany |<\/title>\n<meta name=\"robots\" content=\"index, follow, max-snippet:-1, max-image-preview:large, max-video-preview:-1\" \/>\n<link rel=\"canonical\" href=\"https:\/\/katech-solutions.com\/pl\/smietanki-i-smietany\/\" \/>\n<meta property=\"og:locale\" content=\"pl_PL\" \/>\n<meta property=\"og:type\" content=\"article\" \/>\n<meta property=\"og:title\" content=\"\u015amietanki i\u00a0\u015bmietany |\" \/>\n<meta property=\"og:description\" content=\"\u015amietanki i \u015bmietany \u015amietanka jest bardzo uniwersalnym produktem spo\u017cywczym o\u00a0szerokim przeznaczeniu. S\u0142u\u017cy jako p\u00f3\u0142produkt dla wielu produkt\u00f3w mlecznych, takich jak na przyk\u0142ad \u015bmietana, mas\u0142o \u015bmietankowe, czy lody. Opr\u00f3cz tego, sprzedawana jest w\u00a0r\u00f3\u017cnych wariantach zawarto\u015bci t\u0142uszczu, kt\u00f3re przeznaczone s\u0105 do r\u00f3\u017cnych &hellip; Czytaj dalej &rarr;\" \/>\n<meta property=\"og:url\" content=\"https:\/\/katech-solutions.com\/pl\/smietanki-i-smietany\/\" \/>\n<meta property=\"og:site_name\" content=\"KaTech\" \/>\n<meta property=\"article:modified_time\" content=\"2017-11-02T13:56:56+00:00\" \/>\n<meta name=\"twitter:label1\" content=\"Szacowany czas czytania\" \/>\n\t<meta name=\"twitter:data1\" content=\"1 minuta\" \/>\n<script type=\"application\/ld+json\" class=\"yoast-schema-graph\">{\"@context\":\"https:\/\/schema.org\",\"@graph\":[{\"@type\":\"WebPage\",\"@id\":\"https:\/\/katech-solutions.com\/pl\/smietanki-i-smietany\/\",\"url\":\"https:\/\/katech-solutions.com\/pl\/smietanki-i-smietany\/\",\"name\":\"\u015amietanki i\u00a0\u015bmietany |\",\"isPartOf\":{\"@id\":\"https:\/\/katech-solutions.com\/#website\"},\"datePublished\":\"2016-08-04T15:48:18+00:00\",\"dateModified\":\"2017-11-02T13:56:56+00:00\",\"inLanguage\":\"pl-PL\",\"potentialAction\":[{\"@type\":\"ReadAction\",\"target\":[\"https:\/\/katech-solutions.com\/pl\/smietanki-i-smietany\/\"]}]},{\"@type\":\"WebSite\",\"@id\":\"https:\/\/katech-solutions.com\/#website\",\"url\":\"https:\/\/katech-solutions.com\/\",\"name\":\"KaTech\",\"description\":\"\",\"potentialAction\":[{\"@type\":\"SearchAction\",\"target\":{\"@type\":\"EntryPoint\",\"urlTemplate\":\"https:\/\/katech-solutions.com\/?s={search_term_string}\"},\"query-input\":{\"@type\":\"PropertyValueSpecification\",\"valueRequired\":true,\"valueName\":\"search_term_string\"}}],\"inLanguage\":\"pl-PL\"}]}<\/script>\n<!-- \/ Yoast SEO plugin. -->","yoast_head_json":{"title":"\u015amietanki i\u00a0\u015bmietany |","robots":{"index":"index","follow":"follow","max-snippet":"max-snippet:-1","max-image-preview":"max-image-preview:large","max-video-preview":"max-video-preview:-1"},"canonical":"https:\/\/katech-solutions.com\/pl\/smietanki-i-smietany\/","og_locale":"pl_PL","og_type":"article","og_title":"\u015amietanki i\u00a0\u015bmietany |","og_description":"\u015amietanki i \u015bmietany \u015amietanka jest bardzo uniwersalnym produktem spo\u017cywczym o\u00a0szerokim przeznaczeniu. S\u0142u\u017cy jako p\u00f3\u0142produkt dla wielu produkt\u00f3w mlecznych, takich jak na przyk\u0142ad \u015bmietana, mas\u0142o \u015bmietankowe, czy lody. Opr\u00f3cz tego, sprzedawana jest w\u00a0r\u00f3\u017cnych wariantach zawarto\u015bci t\u0142uszczu, kt\u00f3re przeznaczone s\u0105 do r\u00f3\u017cnych &hellip; Czytaj dalej &rarr;","og_url":"https:\/\/katech-solutions.com\/pl\/smietanki-i-smietany\/","og_site_name":"KaTech","article_modified_time":"2017-11-02T13:56:56+00:00","twitter_misc":{"Szacowany czas czytania":"1 minuta"},"schema":{"@context":"https:\/\/schema.org","@graph":[{"@type":"WebPage","@id":"https:\/\/katech-solutions.com\/pl\/smietanki-i-smietany\/","url":"https:\/\/katech-solutions.com\/pl\/smietanki-i-smietany\/","name":"\u015amietanki i\u00a0\u015bmietany |","isPartOf":{"@id":"https:\/\/katech-solutions.com\/#website"},"datePublished":"2016-08-04T15:48:18+00:00","dateModified":"2017-11-02T13:56:56+00:00","inLanguage":"pl-PL","potentialAction":[{"@type":"ReadAction","target":["https:\/\/katech-solutions.com\/pl\/smietanki-i-smietany\/"]}]},{"@type":"WebSite","@id":"https:\/\/katech-solutions.com\/#website","url":"https:\/\/katech-solutions.com\/","name":"KaTech","description":"","potentialAction":[{"@type":"SearchAction","target":{"@type":"EntryPoint","urlTemplate":"https:\/\/katech-solutions.com\/?s={search_term_string}"},"query-input":{"@type":"PropertyValueSpecification","valueRequired":true,"valueName":"search_term_string"}}],"inLanguage":"pl-PL"}]}},"_links":{"self":[{"href":"https:\/\/katech-solutions.com\/pl\/wp-json\/wp\/v2\/pages\/7347","targetHints":{"allow":["GET"]}}],"collection":[{"href":"https:\/\/katech-solutions.com\/pl\/wp-json\/wp\/v2\/pages"}],"about":[{"href":"https:\/\/katech-solutions.com\/pl\/wp-json\/wp\/v2\/types\/page"}],"author":[{"embeddable":true,"href":"https:\/\/katech-solutions.com\/pl\/wp-json\/wp\/v2\/users\/28"}],"replies":[{"embeddable":true,"href":"https:\/\/katech-solutions.com\/pl\/wp-json\/wp\/v2\/comments?post=7347"}],"version-history":[{"count":6,"href":"https:\/\/katech-solutions.com\/pl\/wp-json\/wp\/v2\/pages\/7347\/revisions"}],"predecessor-version":[{"id":8522,"href":"https:\/\/katech-solutions.com\/pl\/wp-json\/wp\/v2\/pages\/7347\/revisions\/8522"}],"wp:attachment":[{"href":"https:\/\/katech-solutions.com\/pl\/wp-json\/wp\/v2\/media?parent=7347"}],"curies":[{"name":"wp","href":"https:\/\/api.w.org\/{rel}","templated":true}]}}