{"id":7346,"date":"2016-08-04T15:47:33","date_gmt":"2016-08-04T15:47:33","guid":{"rendered":"https:\/\/www.khpartner.com\/pl\/?page_id=7346"},"modified":"2017-11-07T12:52:23","modified_gmt":"2017-11-07T12:52:23","slug":"galaretki-owocowe","status":"publish","type":"page","link":"https:\/\/katech-solutions.com\/pl\/produkty-z-owocow\/galaretki-owocowe\/","title":{"rendered":"Galaretki owocowe"},"content":{"rendered":"<p style=\"text-align: justify;\">Galaretki owocowe s\u0105 produktami wytwarzanymi tradycyjnie z u\u017cyciem \u017celatyny jako \u015brodka \u017celuj\u0105cego. Obecnie dost\u0119pne s\u0105 tak\u017ce inne alternatywne substancje \u017celuj\u0105ce, takie jak na przyk\u0142ad pektyny czy karagen.<\/p>\n<p style=\"text-align: justify;\">Wiele czynnik\u00f3w wp\u0142ywa na charakterystyk\u0119, wygl\u0105d oraz jako\u015b\u0107 galaretek owocowych. Do najwi\u0119kszych wyzwa\u0144 stoj\u0105cych przed ich producentami nale\u017c\u0105 r\u00f3wnomierny rozk\u0142ad owoc\u00f3w utrzymywanych w zawiesin\u0119 oraz stabilno\u015b\u0107 na zamra\u017canie\/rozmra\u017canie. Jednym z czynnik\u00f3w o zasadniczym znaczeniu jest dob\u00f3r w\u0142a\u015bciwych u\u017cytych do stabilizacji.<\/p>\n","protected":false},"excerpt":{"rendered":"<p>Galaretki owocowe s\u0105 produktami wytwarzanymi tradycyjnie z u\u017cyciem \u017celatyny jako \u015brodka \u017celuj\u0105cego. Obecnie dost\u0119pne s\u0105 tak\u017ce inne alternatywne substancje \u017celuj\u0105ce, takie jak na przyk\u0142ad pektyny czy karagen. Wiele czynnik\u00f3w wp\u0142ywa na charakterystyk\u0119, wygl\u0105d oraz jako\u015b\u0107 galaretek owocowych. Do najwi\u0119kszych wyzwa\u0144 &hellip; <a class=\"continue-reading\" href=\"https:\/\/katech-solutions.com\/pl\/produkty-z-owocow\/galaretki-owocowe\/\">Czytaj dalej <span class=\"meta-nav\">&rarr;<\/span><\/a><\/p>\n","protected":false},"author":3,"featured_media":0,"parent":7352,"menu_order":0,"comment_status":"closed","ping_status":"open","template":"","meta":{"_acf_changed":false,"footnotes":""},"class_list":["post-7346","page","type-page","status-publish","hentry"],"acf":[],"yoast_head":"<!-- This site is optimized with the Yoast SEO plugin v27.2 - https:\/\/yoast.com\/product\/yoast-seo-wordpress\/ -->\n<title>KaTech \u2013 Galaretka owocowa \u2013 Stabilizatory i emulgatory<\/title>\n<meta name=\"description\" content=\"KaTech to firma specjalizuj\u0105ca si\u0119 w tworzeniu stabilizator\u00f3w i emulgator\u00f3w dostosowanych do potrzeb klient\u00f3w dla produkt\u00f3w jak galaretka owocowa.\" \/>\n<meta name=\"robots\" content=\"index, follow, max-snippet:-1, max-image-preview:large, max-video-preview:-1\" \/>\n<link rel=\"canonical\" href=\"https:\/\/katech-solutions.com\/pl\/produkty-z-owocow\/galaretki-owocowe\/\" \/>\n<meta property=\"og:locale\" content=\"pl_PL\" \/>\n<meta property=\"og:type\" content=\"article\" \/>\n<meta property=\"og:title\" content=\"KaTech \u2013 Galaretka owocowa \u2013 Stabilizatory i emulgatory\" \/>\n<meta property=\"og:description\" content=\"KaTech to firma specjalizuj\u0105ca si\u0119 w tworzeniu stabilizator\u00f3w i emulgator\u00f3w dostosowanych do potrzeb klient\u00f3w dla produkt\u00f3w jak galaretka owocowa.\" \/>\n<meta property=\"og:url\" content=\"https:\/\/katech-solutions.com\/pl\/produkty-z-owocow\/galaretki-owocowe\/\" \/>\n<meta property=\"og:site_name\" content=\"KaTech\" \/>\n<meta property=\"article:modified_time\" content=\"2017-11-07T12:52:23+00:00\" \/>\n<script type=\"application\/ld+json\" class=\"yoast-schema-graph\">{\"@context\":\"https:\/\/schema.org\",\"@graph\":[{\"@type\":\"WebPage\",\"@id\":\"https:\/\/katech-solutions.com\/pl\/produkty-z-owocow\/galaretki-owocowe\/\",\"url\":\"https:\/\/katech-solutions.com\/pl\/produkty-z-owocow\/galaretki-owocowe\/\",\"name\":\"KaTech \u2013 Galaretka owocowa \u2013 Stabilizatory i emulgatory\",\"isPartOf\":{\"@id\":\"https:\/\/katech-solutions.com\/#website\"},\"datePublished\":\"2016-08-04T15:47:33+00:00\",\"dateModified\":\"2017-11-07T12:52:23+00:00\",\"description\":\"KaTech to firma specjalizuj\u0105ca si\u0119 w tworzeniu stabilizator\u00f3w i emulgator\u00f3w dostosowanych do potrzeb klient\u00f3w dla produkt\u00f3w jak galaretka owocowa.\",\"breadcrumb\":{\"@id\":\"https:\/\/katech-solutions.com\/pl\/produkty-z-owocow\/galaretki-owocowe\/#breadcrumb\"},\"inLanguage\":\"pl-PL\",\"potentialAction\":[{\"@type\":\"ReadAction\",\"target\":[\"https:\/\/katech-solutions.com\/pl\/produkty-z-owocow\/galaretki-owocowe\/\"]}]},{\"@type\":\"BreadcrumbList\",\"@id\":\"https:\/\/katech-solutions.com\/pl\/produkty-z-owocow\/galaretki-owocowe\/#breadcrumb\",\"itemListElement\":[{\"@type\":\"ListItem\",\"position\":1,\"name\":\"Produkty z owoc\u00f3w\",\"item\":\"https:\/\/katech-solutions.com\/pl\/produkty-z-owocow\/\"},{\"@type\":\"ListItem\",\"position\":2,\"name\":\"Galaretki owocowe\"}]},{\"@type\":\"WebSite\",\"@id\":\"https:\/\/katech-solutions.com\/#website\",\"url\":\"https:\/\/katech-solutions.com\/\",\"name\":\"KaTech\",\"description\":\"\",\"potentialAction\":[{\"@type\":\"SearchAction\",\"target\":{\"@type\":\"EntryPoint\",\"urlTemplate\":\"https:\/\/katech-solutions.com\/?s={search_term_string}\"},\"query-input\":{\"@type\":\"PropertyValueSpecification\",\"valueRequired\":true,\"valueName\":\"search_term_string\"}}],\"inLanguage\":\"pl-PL\"}]}<\/script>\n<!-- \/ Yoast SEO plugin. -->","yoast_head_json":{"title":"KaTech \u2013 Galaretka owocowa \u2013 Stabilizatory i emulgatory","description":"KaTech to firma specjalizuj\u0105ca si\u0119 w tworzeniu stabilizator\u00f3w i emulgator\u00f3w dostosowanych do potrzeb klient\u00f3w dla produkt\u00f3w jak galaretka owocowa.","robots":{"index":"index","follow":"follow","max-snippet":"max-snippet:-1","max-image-preview":"max-image-preview:large","max-video-preview":"max-video-preview:-1"},"canonical":"https:\/\/katech-solutions.com\/pl\/produkty-z-owocow\/galaretki-owocowe\/","og_locale":"pl_PL","og_type":"article","og_title":"KaTech \u2013 Galaretka owocowa \u2013 Stabilizatory i emulgatory","og_description":"KaTech to firma specjalizuj\u0105ca si\u0119 w tworzeniu stabilizator\u00f3w i emulgator\u00f3w dostosowanych do potrzeb klient\u00f3w dla produkt\u00f3w jak galaretka owocowa.","og_url":"https:\/\/katech-solutions.com\/pl\/produkty-z-owocow\/galaretki-owocowe\/","og_site_name":"KaTech","article_modified_time":"2017-11-07T12:52:23+00:00","schema":{"@context":"https:\/\/schema.org","@graph":[{"@type":"WebPage","@id":"https:\/\/katech-solutions.com\/pl\/produkty-z-owocow\/galaretki-owocowe\/","url":"https:\/\/katech-solutions.com\/pl\/produkty-z-owocow\/galaretki-owocowe\/","name":"KaTech \u2013 Galaretka owocowa \u2013 Stabilizatory i emulgatory","isPartOf":{"@id":"https:\/\/katech-solutions.com\/#website"},"datePublished":"2016-08-04T15:47:33+00:00","dateModified":"2017-11-07T12:52:23+00:00","description":"KaTech to firma specjalizuj\u0105ca si\u0119 w tworzeniu stabilizator\u00f3w i emulgator\u00f3w dostosowanych do potrzeb klient\u00f3w dla produkt\u00f3w jak galaretka owocowa.","breadcrumb":{"@id":"https:\/\/katech-solutions.com\/pl\/produkty-z-owocow\/galaretki-owocowe\/#breadcrumb"},"inLanguage":"pl-PL","potentialAction":[{"@type":"ReadAction","target":["https:\/\/katech-solutions.com\/pl\/produkty-z-owocow\/galaretki-owocowe\/"]}]},{"@type":"BreadcrumbList","@id":"https:\/\/katech-solutions.com\/pl\/produkty-z-owocow\/galaretki-owocowe\/#breadcrumb","itemListElement":[{"@type":"ListItem","position":1,"name":"Produkty z owoc\u00f3w","item":"https:\/\/katech-solutions.com\/pl\/produkty-z-owocow\/"},{"@type":"ListItem","position":2,"name":"Galaretki owocowe"}]},{"@type":"WebSite","@id":"https:\/\/katech-solutions.com\/#website","url":"https:\/\/katech-solutions.com\/","name":"KaTech","description":"","potentialAction":[{"@type":"SearchAction","target":{"@type":"EntryPoint","urlTemplate":"https:\/\/katech-solutions.com\/?s={search_term_string}"},"query-input":{"@type":"PropertyValueSpecification","valueRequired":true,"valueName":"search_term_string"}}],"inLanguage":"pl-PL"}]}},"_links":{"self":[{"href":"https:\/\/katech-solutions.com\/pl\/wp-json\/wp\/v2\/pages\/7346","targetHints":{"allow":["GET"]}}],"collection":[{"href":"https:\/\/katech-solutions.com\/pl\/wp-json\/wp\/v2\/pages"}],"about":[{"href":"https:\/\/katech-solutions.com\/pl\/wp-json\/wp\/v2\/types\/page"}],"author":[{"embeddable":true,"href":"https:\/\/katech-solutions.com\/pl\/wp-json\/wp\/v2\/users\/3"}],"replies":[{"embeddable":true,"href":"https:\/\/katech-solutions.com\/pl\/wp-json\/wp\/v2\/comments?post=7346"}],"version-history":[{"count":5,"href":"https:\/\/katech-solutions.com\/pl\/wp-json\/wp\/v2\/pages\/7346\/revisions"}],"predecessor-version":[{"id":8585,"href":"https:\/\/katech-solutions.com\/pl\/wp-json\/wp\/v2\/pages\/7346\/revisions\/8585"}],"up":[{"embeddable":true,"href":"https:\/\/katech-solutions.com\/pl\/wp-json\/wp\/v2\/pages\/7352"}],"wp:attachment":[{"href":"https:\/\/katech-solutions.com\/pl\/wp-json\/wp\/v2\/media?parent=7346"}],"curies":[{"name":"wp","href":"https:\/\/api.w.org\/{rel}","templated":true}]}}