{"id":7343,"date":"2016-08-04T15:46:26","date_gmt":"2016-08-04T15:46:26","guid":{"rendered":"https:\/\/www.khpartner.com\/pl\/?page_id=7343"},"modified":"2020-02-25T15:25:35","modified_gmt":"2020-02-25T15:25:35","slug":"redukcja-kosztow","status":"publish","type":"page","link":"https:\/\/katech-solutions.com\/pl\/redukcja-kosztow\/","title":{"rendered":"Redukcja koszt\u00f3w"},"content":{"rendered":"<h2 style=\"text-align: justify;\">Redukcja koszt\u00f3w<\/h2>\n<p style=\"text-align: justify;\">Wszystkie produkty, nawet te najbardziej udane, w pewnym momencie\u00a0swojego cyklu \u017cycia osi\u0105gn\u0105 punkt, w\u00a0kt\u00f3rym potrzebna\u00a0b\u0119dzie redukcja koszt\u00f3w\u00a0z nimi zwi\u0105zanych.<\/p>\n<p style=\"text-align: justify;\">Zesp\u00f3\u0142 KaTech doskonale rozumie jaki wp\u0142yw na Pa\u0144stwa dzia\u0142alno\u015b\u0107 wywiera\u0107 mo\u017ce konieczno\u015b\u0107 uczestniczenia w\u00a0przetargach, silna presja cenowa, czy bardzo zmienne ceny niekt\u00f3rych surowc\u00f3w.<\/p>\n<p style=\"text-align: justify;\">W wymienionych sytuacjach, firma ma z regu\u0142y bardzo ma\u0142o czasu na reakcj\u0119 i musi podj\u0105\u0107 szybkie dzia\u0142ania w celu ochrony przed zagro\u017ceniami, czy te\u017c dla zachowania konkurencyjnej mar\u017cy. KaTech oferuje szybkie i solidne wsparcie, kt\u00f3re ma na celu zminimalizowanie tych zagro\u017ce\u0144 oraz przedstawienie Pa\u0144stwu mo\u017cliwych scenariuszy dalszego dzia\u0142ania. Nasi specjali\u015bci zaoferuj\u0105 produkt ko\u0144cowy w tej samej lub por\u00f3wnywalnej jako\u015bci przy u\u017cyciu tych samych lub podobnych surowc\u00f3w przy jednoczesnym obni\u017ceniu koszt\u00f3w. Jest to kluczowa umiej\u0119tno\u015b\u0107, kt\u00f3r\u0105 nabyli\u015bmy dzi\u0119ki wieloletniej pracy w bran\u017cy.<\/p>\n<p style=\"text-align: justify;\">Prosimy o kontakt z nami, gdy jeden z Pa\u0144stwa produkt\u00f3w znalaz\u0142 si\u0119 pod presj\u0105 konkurencji, gdy pragniecie poprawi\u0107 rentowno\u015b\u0107 danego produktu lub gdy chcieliby\u015bcie pozby\u0107 si\u0119 problematycznych surowc\u00f3w z Waszych receptur. Nasz zesp\u00f3\u0142 ch\u0119tnie om\u00f3wi z Pa\u0144stwem wszystkie mo\u017cliwe rozwi\u0105zania.<\/p>\n<p>&nbsp;<\/p>\n","protected":false},"excerpt":{"rendered":"<p>Redukcja koszt\u00f3w Wszystkie produkty, nawet te najbardziej udane, w pewnym momencie\u00a0swojego cyklu \u017cycia osi\u0105gn\u0105 punkt, w\u00a0kt\u00f3rym potrzebna\u00a0b\u0119dzie redukcja koszt\u00f3w\u00a0z nimi zwi\u0105zanych. Zesp\u00f3\u0142 KaTech doskonale rozumie jaki wp\u0142yw na Pa\u0144stwa dzia\u0142alno\u015b\u0107 wywiera\u0107 mo\u017ce konieczno\u015b\u0107 uczestniczenia w\u00a0przetargach, silna presja cenowa, czy bardzo &hellip; <a class=\"continue-reading\" href=\"https:\/\/katech-solutions.com\/pl\/redukcja-kosztow\/\">Czytaj dalej <span class=\"meta-nav\">&rarr;<\/span><\/a><\/p>\n","protected":false},"author":28,"featured_media":0,"parent":0,"menu_order":2,"comment_status":"closed","ping_status":"open","template":"layout-content-3.php","meta":{"_acf_changed":false,"footnotes":""},"class_list":["post-7343","page","type-page","status-publish","hentry"],"acf":[],"yoast_head":"<!-- This site is optimized with the Yoast SEO plugin v27.2 - https:\/\/yoast.com\/product\/yoast-seo-wordpress\/ -->\n<title>Redukcja koszt\u00f3w |<\/title>\n<meta name=\"robots\" content=\"index, follow, max-snippet:-1, max-image-preview:large, max-video-preview:-1\" \/>\n<link rel=\"canonical\" href=\"https:\/\/katech-solutions.com\/pl\/redukcja-kosztow\/\" \/>\n<meta property=\"og:locale\" content=\"pl_PL\" \/>\n<meta property=\"og:type\" content=\"article\" \/>\n<meta property=\"og:title\" content=\"Redukcja koszt\u00f3w |\" \/>\n<meta property=\"og:description\" content=\"Redukcja koszt\u00f3w Wszystkie produkty, nawet te najbardziej udane, w pewnym momencie\u00a0swojego cyklu \u017cycia osi\u0105gn\u0105 punkt, w\u00a0kt\u00f3rym potrzebna\u00a0b\u0119dzie redukcja koszt\u00f3w\u00a0z nimi zwi\u0105zanych. Zesp\u00f3\u0142 KaTech doskonale rozumie jaki wp\u0142yw na Pa\u0144stwa dzia\u0142alno\u015b\u0107 wywiera\u0107 mo\u017ce konieczno\u015b\u0107 uczestniczenia w\u00a0przetargach, silna presja cenowa, czy bardzo &hellip; Czytaj dalej &rarr;\" \/>\n<meta property=\"og:url\" content=\"https:\/\/katech-solutions.com\/pl\/redukcja-kosztow\/\" \/>\n<meta property=\"og:site_name\" content=\"KaTech\" \/>\n<meta property=\"article:modified_time\" content=\"2020-02-25T15:25:35+00:00\" \/>\n<meta name=\"twitter:label1\" content=\"Szacowany czas czytania\" \/>\n\t<meta name=\"twitter:data1\" content=\"1 minuta\" \/>\n<script type=\"application\/ld+json\" class=\"yoast-schema-graph\">{\"@context\":\"https:\/\/schema.org\",\"@graph\":[{\"@type\":\"WebPage\",\"@id\":\"https:\/\/katech-solutions.com\/pl\/redukcja-kosztow\/\",\"url\":\"https:\/\/katech-solutions.com\/pl\/redukcja-kosztow\/\",\"name\":\"Redukcja koszt\u00f3w |\",\"isPartOf\":{\"@id\":\"https:\/\/katech-solutions.com\/#website\"},\"datePublished\":\"2016-08-04T15:46:26+00:00\",\"dateModified\":\"2020-02-25T15:25:35+00:00\",\"inLanguage\":\"pl-PL\",\"potentialAction\":[{\"@type\":\"ReadAction\",\"target\":[\"https:\/\/katech-solutions.com\/pl\/redukcja-kosztow\/\"]}]},{\"@type\":\"WebSite\",\"@id\":\"https:\/\/katech-solutions.com\/#website\",\"url\":\"https:\/\/katech-solutions.com\/\",\"name\":\"KaTech\",\"description\":\"\",\"potentialAction\":[{\"@type\":\"SearchAction\",\"target\":{\"@type\":\"EntryPoint\",\"urlTemplate\":\"https:\/\/katech-solutions.com\/?s={search_term_string}\"},\"query-input\":{\"@type\":\"PropertyValueSpecification\",\"valueRequired\":true,\"valueName\":\"search_term_string\"}}],\"inLanguage\":\"pl-PL\"}]}<\/script>\n<!-- \/ Yoast SEO plugin. -->","yoast_head_json":{"title":"Redukcja koszt\u00f3w |","robots":{"index":"index","follow":"follow","max-snippet":"max-snippet:-1","max-image-preview":"max-image-preview:large","max-video-preview":"max-video-preview:-1"},"canonical":"https:\/\/katech-solutions.com\/pl\/redukcja-kosztow\/","og_locale":"pl_PL","og_type":"article","og_title":"Redukcja koszt\u00f3w |","og_description":"Redukcja koszt\u00f3w Wszystkie produkty, nawet te najbardziej udane, w pewnym momencie\u00a0swojego cyklu \u017cycia osi\u0105gn\u0105 punkt, w\u00a0kt\u00f3rym potrzebna\u00a0b\u0119dzie redukcja koszt\u00f3w\u00a0z nimi zwi\u0105zanych. Zesp\u00f3\u0142 KaTech doskonale rozumie jaki wp\u0142yw na Pa\u0144stwa dzia\u0142alno\u015b\u0107 wywiera\u0107 mo\u017ce konieczno\u015b\u0107 uczestniczenia w\u00a0przetargach, silna presja cenowa, czy bardzo &hellip; Czytaj dalej &rarr;","og_url":"https:\/\/katech-solutions.com\/pl\/redukcja-kosztow\/","og_site_name":"KaTech","article_modified_time":"2020-02-25T15:25:35+00:00","twitter_misc":{"Szacowany czas czytania":"1 minuta"},"schema":{"@context":"https:\/\/schema.org","@graph":[{"@type":"WebPage","@id":"https:\/\/katech-solutions.com\/pl\/redukcja-kosztow\/","url":"https:\/\/katech-solutions.com\/pl\/redukcja-kosztow\/","name":"Redukcja koszt\u00f3w |","isPartOf":{"@id":"https:\/\/katech-solutions.com\/#website"},"datePublished":"2016-08-04T15:46:26+00:00","dateModified":"2020-02-25T15:25:35+00:00","inLanguage":"pl-PL","potentialAction":[{"@type":"ReadAction","target":["https:\/\/katech-solutions.com\/pl\/redukcja-kosztow\/"]}]},{"@type":"WebSite","@id":"https:\/\/katech-solutions.com\/#website","url":"https:\/\/katech-solutions.com\/","name":"KaTech","description":"","potentialAction":[{"@type":"SearchAction","target":{"@type":"EntryPoint","urlTemplate":"https:\/\/katech-solutions.com\/?s={search_term_string}"},"query-input":{"@type":"PropertyValueSpecification","valueRequired":true,"valueName":"search_term_string"}}],"inLanguage":"pl-PL"}]}},"_links":{"self":[{"href":"https:\/\/katech-solutions.com\/pl\/wp-json\/wp\/v2\/pages\/7343","targetHints":{"allow":["GET"]}}],"collection":[{"href":"https:\/\/katech-solutions.com\/pl\/wp-json\/wp\/v2\/pages"}],"about":[{"href":"https:\/\/katech-solutions.com\/pl\/wp-json\/wp\/v2\/types\/page"}],"author":[{"embeddable":true,"href":"https:\/\/katech-solutions.com\/pl\/wp-json\/wp\/v2\/users\/28"}],"replies":[{"embeddable":true,"href":"https:\/\/katech-solutions.com\/pl\/wp-json\/wp\/v2\/comments?post=7343"}],"version-history":[{"count":6,"href":"https:\/\/katech-solutions.com\/pl\/wp-json\/wp\/v2\/pages\/7343\/revisions"}],"predecessor-version":[{"id":10607,"href":"https:\/\/katech-solutions.com\/pl\/wp-json\/wp\/v2\/pages\/7343\/revisions\/10607"}],"wp:attachment":[{"href":"https:\/\/katech-solutions.com\/pl\/wp-json\/wp\/v2\/media?parent=7343"}],"curies":[{"name":"wp","href":"https:\/\/api.w.org\/{rel}","templated":true}]}}