{"id":7340,"date":"2016-08-04T15:44:34","date_gmt":"2016-08-04T15:44:34","guid":{"rendered":"https:\/\/www.khpartner.com\/pl\/?page_id=7340"},"modified":"2016-10-24T15:20:38","modified_gmt":"2016-10-24T15:20:38","slug":"preparaty-owocowe","status":"publish","type":"page","link":"https:\/\/katech-solutions.com\/pl\/produkty-z-owocow\/preparaty-owocowe\/","title":{"rendered":"Preparaty owocowe"},"content":{"rendered":"<p style=\"text-align: justify;\">Preparaty owocowe (np. wsady, polewy\/toppingi lub wype\u0142nienia) znajduj\u0105 wiele zastosowa\u0144 w produktach mleczarskich, wyrobach piekarniczych i cukierniczych oraz \u017cywno\u015bci mro\u017conej. W zale\u017cno\u015bci od ich ko\u0144cowego zastosowania, preparaty te mog\u0105 r\u00f3\u017cni\u0107 si\u0119 tekstur\u0105 i mog\u0105 by\u0107 p\u0142ynne, bardzo lepkie, czy te\u017c z\u017celowane.<\/p>\n<p style=\"text-align: justify;\">Wiele czynnik\u00f3w wp\u0142ywa na w\u0142a\u015bciwo\u015bci produkt\u00f3w tego typu oraz na rodzaj obr\u00f3bki, kt\u00f3rej mog\u0105 zosta\u0107 poddane. Jednym z czynnik\u00f3w o zasadniczym znaczeniu jest dob\u00f3r w\u0142a\u015bciwych dodatk\u00f3w stabilizuj\u0105cych.<\/p>\n","protected":false},"excerpt":{"rendered":"<p>Preparaty owocowe (np. wsady, polewy\/toppingi lub wype\u0142nienia) znajduj\u0105 wiele zastosowa\u0144 w produktach mleczarskich, wyrobach piekarniczych i cukierniczych oraz \u017cywno\u015bci mro\u017conej. W zale\u017cno\u015bci od ich ko\u0144cowego zastosowania, preparaty te mog\u0105 r\u00f3\u017cni\u0107 si\u0119 tekstur\u0105 i mog\u0105 by\u0107 p\u0142ynne, bardzo lepkie, czy te\u017c &hellip; <a class=\"continue-reading\" href=\"https:\/\/katech-solutions.com\/pl\/produkty-z-owocow\/preparaty-owocowe\/\">Czytaj dalej <span class=\"meta-nav\">&rarr;<\/span><\/a><\/p>\n","protected":false},"author":3,"featured_media":0,"parent":7352,"menu_order":0,"comment_status":"closed","ping_status":"open","template":"","meta":{"_acf_changed":false,"footnotes":""},"class_list":["post-7340","page","type-page","status-publish","hentry"],"acf":[],"yoast_head":"<!-- This site is optimized with the Yoast SEO plugin v27.2 - https:\/\/yoast.com\/product\/yoast-seo-wordpress\/ -->\n<title>KaTech \u2013 Preparaty owocowe \u2013 Stabilizatory i emulgatory<\/title>\n<meta name=\"description\" content=\"KaTech to firma specjalizuj\u0105ca si\u0119 w tworzeniu stabilizator\u00f3w i emulgator\u00f3w dostosowanych do potrzeb klient\u00f3w dla produkt\u00f3w takich jak preparaty owocowe.\" \/>\n<meta name=\"robots\" content=\"index, follow, max-snippet:-1, max-image-preview:large, max-video-preview:-1\" \/>\n<link rel=\"canonical\" href=\"https:\/\/katech-solutions.com\/pl\/produkty-z-owocow\/preparaty-owocowe\/\" \/>\n<meta property=\"og:locale\" content=\"pl_PL\" \/>\n<meta property=\"og:type\" content=\"article\" \/>\n<meta property=\"og:title\" content=\"KaTech \u2013 Preparaty owocowe \u2013 Stabilizatory i emulgatory\" \/>\n<meta property=\"og:description\" content=\"KaTech to firma specjalizuj\u0105ca si\u0119 w tworzeniu stabilizator\u00f3w i emulgator\u00f3w dostosowanych do potrzeb klient\u00f3w dla produkt\u00f3w takich jak preparaty owocowe.\" \/>\n<meta property=\"og:url\" content=\"https:\/\/katech-solutions.com\/pl\/produkty-z-owocow\/preparaty-owocowe\/\" \/>\n<meta property=\"og:site_name\" content=\"KaTech\" \/>\n<meta property=\"article:modified_time\" content=\"2016-10-24T15:20:38+00:00\" \/>\n<script type=\"application\/ld+json\" class=\"yoast-schema-graph\">{\"@context\":\"https:\/\/schema.org\",\"@graph\":[{\"@type\":\"WebPage\",\"@id\":\"https:\/\/katech-solutions.com\/pl\/produkty-z-owocow\/preparaty-owocowe\/\",\"url\":\"https:\/\/katech-solutions.com\/pl\/produkty-z-owocow\/preparaty-owocowe\/\",\"name\":\"KaTech \u2013 Preparaty owocowe \u2013 Stabilizatory i emulgatory\",\"isPartOf\":{\"@id\":\"https:\/\/katech-solutions.com\/#website\"},\"datePublished\":\"2016-08-04T15:44:34+00:00\",\"dateModified\":\"2016-10-24T15:20:38+00:00\",\"description\":\"KaTech to firma specjalizuj\u0105ca si\u0119 w tworzeniu stabilizator\u00f3w i emulgator\u00f3w dostosowanych do potrzeb klient\u00f3w dla produkt\u00f3w takich jak preparaty owocowe.\",\"breadcrumb\":{\"@id\":\"https:\/\/katech-solutions.com\/pl\/produkty-z-owocow\/preparaty-owocowe\/#breadcrumb\"},\"inLanguage\":\"pl-PL\",\"potentialAction\":[{\"@type\":\"ReadAction\",\"target\":[\"https:\/\/katech-solutions.com\/pl\/produkty-z-owocow\/preparaty-owocowe\/\"]}]},{\"@type\":\"BreadcrumbList\",\"@id\":\"https:\/\/katech-solutions.com\/pl\/produkty-z-owocow\/preparaty-owocowe\/#breadcrumb\",\"itemListElement\":[{\"@type\":\"ListItem\",\"position\":1,\"name\":\"Produkty z owoc\u00f3w\",\"item\":\"https:\/\/katech-solutions.com\/pl\/produkty-z-owocow\/\"},{\"@type\":\"ListItem\",\"position\":2,\"name\":\"Preparaty owocowe\"}]},{\"@type\":\"WebSite\",\"@id\":\"https:\/\/katech-solutions.com\/#website\",\"url\":\"https:\/\/katech-solutions.com\/\",\"name\":\"KaTech\",\"description\":\"\",\"potentialAction\":[{\"@type\":\"SearchAction\",\"target\":{\"@type\":\"EntryPoint\",\"urlTemplate\":\"https:\/\/katech-solutions.com\/?s={search_term_string}\"},\"query-input\":{\"@type\":\"PropertyValueSpecification\",\"valueRequired\":true,\"valueName\":\"search_term_string\"}}],\"inLanguage\":\"pl-PL\"}]}<\/script>\n<!-- \/ Yoast SEO plugin. -->","yoast_head_json":{"title":"KaTech \u2013 Preparaty owocowe \u2013 Stabilizatory i emulgatory","description":"KaTech to firma specjalizuj\u0105ca si\u0119 w tworzeniu stabilizator\u00f3w i emulgator\u00f3w dostosowanych do potrzeb klient\u00f3w dla produkt\u00f3w takich jak preparaty owocowe.","robots":{"index":"index","follow":"follow","max-snippet":"max-snippet:-1","max-image-preview":"max-image-preview:large","max-video-preview":"max-video-preview:-1"},"canonical":"https:\/\/katech-solutions.com\/pl\/produkty-z-owocow\/preparaty-owocowe\/","og_locale":"pl_PL","og_type":"article","og_title":"KaTech \u2013 Preparaty owocowe \u2013 Stabilizatory i emulgatory","og_description":"KaTech to firma specjalizuj\u0105ca si\u0119 w tworzeniu stabilizator\u00f3w i emulgator\u00f3w dostosowanych do potrzeb klient\u00f3w dla produkt\u00f3w takich jak preparaty owocowe.","og_url":"https:\/\/katech-solutions.com\/pl\/produkty-z-owocow\/preparaty-owocowe\/","og_site_name":"KaTech","article_modified_time":"2016-10-24T15:20:38+00:00","schema":{"@context":"https:\/\/schema.org","@graph":[{"@type":"WebPage","@id":"https:\/\/katech-solutions.com\/pl\/produkty-z-owocow\/preparaty-owocowe\/","url":"https:\/\/katech-solutions.com\/pl\/produkty-z-owocow\/preparaty-owocowe\/","name":"KaTech \u2013 Preparaty owocowe \u2013 Stabilizatory i emulgatory","isPartOf":{"@id":"https:\/\/katech-solutions.com\/#website"},"datePublished":"2016-08-04T15:44:34+00:00","dateModified":"2016-10-24T15:20:38+00:00","description":"KaTech to firma specjalizuj\u0105ca si\u0119 w tworzeniu stabilizator\u00f3w i emulgator\u00f3w dostosowanych do potrzeb klient\u00f3w dla produkt\u00f3w takich jak preparaty owocowe.","breadcrumb":{"@id":"https:\/\/katech-solutions.com\/pl\/produkty-z-owocow\/preparaty-owocowe\/#breadcrumb"},"inLanguage":"pl-PL","potentialAction":[{"@type":"ReadAction","target":["https:\/\/katech-solutions.com\/pl\/produkty-z-owocow\/preparaty-owocowe\/"]}]},{"@type":"BreadcrumbList","@id":"https:\/\/katech-solutions.com\/pl\/produkty-z-owocow\/preparaty-owocowe\/#breadcrumb","itemListElement":[{"@type":"ListItem","position":1,"name":"Produkty z owoc\u00f3w","item":"https:\/\/katech-solutions.com\/pl\/produkty-z-owocow\/"},{"@type":"ListItem","position":2,"name":"Preparaty owocowe"}]},{"@type":"WebSite","@id":"https:\/\/katech-solutions.com\/#website","url":"https:\/\/katech-solutions.com\/","name":"KaTech","description":"","potentialAction":[{"@type":"SearchAction","target":{"@type":"EntryPoint","urlTemplate":"https:\/\/katech-solutions.com\/?s={search_term_string}"},"query-input":{"@type":"PropertyValueSpecification","valueRequired":true,"valueName":"search_term_string"}}],"inLanguage":"pl-PL"}]}},"_links":{"self":[{"href":"https:\/\/katech-solutions.com\/pl\/wp-json\/wp\/v2\/pages\/7340","targetHints":{"allow":["GET"]}}],"collection":[{"href":"https:\/\/katech-solutions.com\/pl\/wp-json\/wp\/v2\/pages"}],"about":[{"href":"https:\/\/katech-solutions.com\/pl\/wp-json\/wp\/v2\/types\/page"}],"author":[{"embeddable":true,"href":"https:\/\/katech-solutions.com\/pl\/wp-json\/wp\/v2\/users\/3"}],"replies":[{"embeddable":true,"href":"https:\/\/katech-solutions.com\/pl\/wp-json\/wp\/v2\/comments?post=7340"}],"version-history":[{"count":3,"href":"https:\/\/katech-solutions.com\/pl\/wp-json\/wp\/v2\/pages\/7340\/revisions"}],"predecessor-version":[{"id":7635,"href":"https:\/\/katech-solutions.com\/pl\/wp-json\/wp\/v2\/pages\/7340\/revisions\/7635"}],"up":[{"embeddable":true,"href":"https:\/\/katech-solutions.com\/pl\/wp-json\/wp\/v2\/pages\/7352"}],"wp:attachment":[{"href":"https:\/\/katech-solutions.com\/pl\/wp-json\/wp\/v2\/media?parent=7340"}],"curies":[{"name":"wp","href":"https:\/\/api.w.org\/{rel}","templated":true}]}}