{"id":7335,"date":"2016-08-04T15:42:16","date_gmt":"2016-08-04T15:42:16","guid":{"rendered":"https:\/\/www.khpartner.com\/pl\/?page_id=7335"},"modified":"2016-10-24T15:02:00","modified_gmt":"2016-10-24T15:02:00","slug":"ser-topiony","status":"publish","type":"page","link":"https:\/\/katech-solutions.com\/pl\/sery-i-serki\/ser-topiony\/","title":{"rendered":"Ser topiony"},"content":{"rendered":"<p style=\"text-align: justify;\">Tradycyjne sery twarde mog\u0105 by\u0107 przechowywane przez stosunkowo d\u0142ugi okres czasu, ale ich jako\u015b\u0107 ulega ostatecznemu pogorszeniu w zwi\u0105zku ze wzrostem aktywno\u015bci proteolitycznej i lipolitycznej mikroorganizm\u00f3w u\u017cytych do ich wytworzenia. Ser topiony opracowany zosta\u0142 przez bran\u017c\u0119 mleczarsk\u0105, z jednej strony by zaspokoi\u0107 popyt na produkty o przed\u0142u\u017conej trwa\u0142o\u015bci, z drugiej natomiast jako spos\u00f3b na zagospodarowanie pozosta\u0142o\u015bci sera powsta\u0142ych przy produkcji ser\u00f3w pakowanych.<\/p>\n<p style=\"text-align: justify;\">Na jako\u015b\u0107 sera topionego wp\u0142yw maj\u0105 takie czynniki jak: rodzaj sera, u\u017cyte emulgatory, hydrokoloidy, czy topniki. Proces topienia zatrzymuje aktywno\u015b\u0107 enzymatyczn\u0105 mikroorganizm\u00f3w, w wyniku czego uzyskuje si\u0119 produkt o bardzo d\u0142ugim okresie przydatno\u015bci do spo\u017cycia.<\/p>\n","protected":false},"excerpt":{"rendered":"<p>Tradycyjne sery twarde mog\u0105 by\u0107 przechowywane przez stosunkowo d\u0142ugi okres czasu, ale ich jako\u015b\u0107 ulega ostatecznemu pogorszeniu w zwi\u0105zku ze wzrostem aktywno\u015bci proteolitycznej i lipolitycznej mikroorganizm\u00f3w u\u017cytych do ich wytworzenia. Ser topiony opracowany zosta\u0142 przez bran\u017c\u0119 mleczarsk\u0105, z jednej strony &hellip; <a class=\"continue-reading\" href=\"https:\/\/katech-solutions.com\/pl\/sery-i-serki\/ser-topiony\/\">Czytaj dalej <span class=\"meta-nav\">&rarr;<\/span><\/a><\/p>\n","protected":false},"author":28,"featured_media":0,"parent":7326,"menu_order":0,"comment_status":"closed","ping_status":"open","template":"","meta":{"_acf_changed":false,"footnotes":""},"class_list":["post-7335","page","type-page","status-publish","hentry"],"acf":[],"yoast_head":"<!-- This site is optimized with the Yoast SEO plugin v27.2 - https:\/\/yoast.com\/product\/yoast-seo-wordpress\/ -->\n<title>Ser topiony |<\/title>\n<meta name=\"robots\" content=\"index, follow, max-snippet:-1, max-image-preview:large, max-video-preview:-1\" \/>\n<link rel=\"canonical\" href=\"https:\/\/katech-solutions.com\/pl\/sery-i-serki\/ser-topiony\/\" \/>\n<meta property=\"og:locale\" content=\"pl_PL\" \/>\n<meta property=\"og:type\" content=\"article\" \/>\n<meta property=\"og:title\" content=\"Ser topiony |\" \/>\n<meta property=\"og:description\" content=\"Tradycyjne sery twarde mog\u0105 by\u0107 przechowywane przez stosunkowo d\u0142ugi okres czasu, ale ich jako\u015b\u0107 ulega ostatecznemu pogorszeniu w zwi\u0105zku ze wzrostem aktywno\u015bci proteolitycznej i lipolitycznej mikroorganizm\u00f3w u\u017cytych do ich wytworzenia. Ser topiony opracowany zosta\u0142 przez bran\u017c\u0119 mleczarsk\u0105, z jednej strony &hellip; Czytaj dalej &rarr;\" \/>\n<meta property=\"og:url\" content=\"https:\/\/katech-solutions.com\/pl\/sery-i-serki\/ser-topiony\/\" \/>\n<meta property=\"og:site_name\" content=\"KaTech\" \/>\n<meta property=\"article:modified_time\" content=\"2016-10-24T15:02:00+00:00\" \/>\n<meta name=\"twitter:label1\" content=\"Szacowany czas czytania\" \/>\n\t<meta name=\"twitter:data1\" content=\"1 minuta\" \/>\n<script type=\"application\/ld+json\" class=\"yoast-schema-graph\">{\"@context\":\"https:\/\/schema.org\",\"@graph\":[{\"@type\":\"WebPage\",\"@id\":\"https:\/\/katech-solutions.com\/pl\/sery-i-serki\/ser-topiony\/\",\"url\":\"https:\/\/katech-solutions.com\/pl\/sery-i-serki\/ser-topiony\/\",\"name\":\"Ser topiony |\",\"isPartOf\":{\"@id\":\"https:\/\/katech-solutions.com\/#website\"},\"datePublished\":\"2016-08-04T15:42:16+00:00\",\"dateModified\":\"2016-10-24T15:02:00+00:00\",\"breadcrumb\":{\"@id\":\"https:\/\/katech-solutions.com\/pl\/sery-i-serki\/ser-topiony\/#breadcrumb\"},\"inLanguage\":\"pl-PL\",\"potentialAction\":[{\"@type\":\"ReadAction\",\"target\":[\"https:\/\/katech-solutions.com\/pl\/sery-i-serki\/ser-topiony\/\"]}]},{\"@type\":\"BreadcrumbList\",\"@id\":\"https:\/\/katech-solutions.com\/pl\/sery-i-serki\/ser-topiony\/#breadcrumb\",\"itemListElement\":[{\"@type\":\"ListItem\",\"position\":1,\"name\":\"Sery i serki\",\"item\":\"https:\/\/katech-solutions.com\/pl\/sery-i-serki\/\"},{\"@type\":\"ListItem\",\"position\":2,\"name\":\"Ser topiony\"}]},{\"@type\":\"WebSite\",\"@id\":\"https:\/\/katech-solutions.com\/#website\",\"url\":\"https:\/\/katech-solutions.com\/\",\"name\":\"KaTech\",\"description\":\"\",\"potentialAction\":[{\"@type\":\"SearchAction\",\"target\":{\"@type\":\"EntryPoint\",\"urlTemplate\":\"https:\/\/katech-solutions.com\/?s={search_term_string}\"},\"query-input\":{\"@type\":\"PropertyValueSpecification\",\"valueRequired\":true,\"valueName\":\"search_term_string\"}}],\"inLanguage\":\"pl-PL\"}]}<\/script>\n<!-- \/ Yoast SEO plugin. -->","yoast_head_json":{"title":"Ser topiony |","robots":{"index":"index","follow":"follow","max-snippet":"max-snippet:-1","max-image-preview":"max-image-preview:large","max-video-preview":"max-video-preview:-1"},"canonical":"https:\/\/katech-solutions.com\/pl\/sery-i-serki\/ser-topiony\/","og_locale":"pl_PL","og_type":"article","og_title":"Ser topiony |","og_description":"Tradycyjne sery twarde mog\u0105 by\u0107 przechowywane przez stosunkowo d\u0142ugi okres czasu, ale ich jako\u015b\u0107 ulega ostatecznemu pogorszeniu w zwi\u0105zku ze wzrostem aktywno\u015bci proteolitycznej i lipolitycznej mikroorganizm\u00f3w u\u017cytych do ich wytworzenia. Ser topiony opracowany zosta\u0142 przez bran\u017c\u0119 mleczarsk\u0105, z jednej strony &hellip; Czytaj dalej &rarr;","og_url":"https:\/\/katech-solutions.com\/pl\/sery-i-serki\/ser-topiony\/","og_site_name":"KaTech","article_modified_time":"2016-10-24T15:02:00+00:00","twitter_misc":{"Szacowany czas czytania":"1 minuta"},"schema":{"@context":"https:\/\/schema.org","@graph":[{"@type":"WebPage","@id":"https:\/\/katech-solutions.com\/pl\/sery-i-serki\/ser-topiony\/","url":"https:\/\/katech-solutions.com\/pl\/sery-i-serki\/ser-topiony\/","name":"Ser topiony |","isPartOf":{"@id":"https:\/\/katech-solutions.com\/#website"},"datePublished":"2016-08-04T15:42:16+00:00","dateModified":"2016-10-24T15:02:00+00:00","breadcrumb":{"@id":"https:\/\/katech-solutions.com\/pl\/sery-i-serki\/ser-topiony\/#breadcrumb"},"inLanguage":"pl-PL","potentialAction":[{"@type":"ReadAction","target":["https:\/\/katech-solutions.com\/pl\/sery-i-serki\/ser-topiony\/"]}]},{"@type":"BreadcrumbList","@id":"https:\/\/katech-solutions.com\/pl\/sery-i-serki\/ser-topiony\/#breadcrumb","itemListElement":[{"@type":"ListItem","position":1,"name":"Sery i serki","item":"https:\/\/katech-solutions.com\/pl\/sery-i-serki\/"},{"@type":"ListItem","position":2,"name":"Ser topiony"}]},{"@type":"WebSite","@id":"https:\/\/katech-solutions.com\/#website","url":"https:\/\/katech-solutions.com\/","name":"KaTech","description":"","potentialAction":[{"@type":"SearchAction","target":{"@type":"EntryPoint","urlTemplate":"https:\/\/katech-solutions.com\/?s={search_term_string}"},"query-input":{"@type":"PropertyValueSpecification","valueRequired":true,"valueName":"search_term_string"}}],"inLanguage":"pl-PL"}]}},"_links":{"self":[{"href":"https:\/\/katech-solutions.com\/pl\/wp-json\/wp\/v2\/pages\/7335","targetHints":{"allow":["GET"]}}],"collection":[{"href":"https:\/\/katech-solutions.com\/pl\/wp-json\/wp\/v2\/pages"}],"about":[{"href":"https:\/\/katech-solutions.com\/pl\/wp-json\/wp\/v2\/types\/page"}],"author":[{"embeddable":true,"href":"https:\/\/katech-solutions.com\/pl\/wp-json\/wp\/v2\/users\/28"}],"replies":[{"embeddable":true,"href":"https:\/\/katech-solutions.com\/pl\/wp-json\/wp\/v2\/comments?post=7335"}],"version-history":[{"count":2,"href":"https:\/\/katech-solutions.com\/pl\/wp-json\/wp\/v2\/pages\/7335\/revisions"}],"predecessor-version":[{"id":7622,"href":"https:\/\/katech-solutions.com\/pl\/wp-json\/wp\/v2\/pages\/7335\/revisions\/7622"}],"up":[{"embeddable":true,"href":"https:\/\/katech-solutions.com\/pl\/wp-json\/wp\/v2\/pages\/7326"}],"wp:attachment":[{"href":"https:\/\/katech-solutions.com\/pl\/wp-json\/wp\/v2\/media?parent=7335"}],"curies":[{"name":"wp","href":"https:\/\/api.w.org\/{rel}","templated":true}]}}