{"id":7330,"date":"2016-08-04T15:40:50","date_gmt":"2016-08-04T15:40:50","guid":{"rendered":"https:\/\/www.khpartner.com\/pl\/?page_id=7330"},"modified":"2017-11-08T09:23:12","modified_gmt":"2017-11-08T09:23:12","slug":"jak-dzialamy","status":"publish","type":"page","link":"https:\/\/katech-solutions.com\/pl\/jak-dzialamy\/","title":{"rendered":"Jak dzia\u0142amy"},"content":{"rendered":"<h2>Jak dzia\u0142amy<\/h2>\n<p style=\"text-align: justify;\">Firma KaTech opracowuje rozwi\u0105zania technologiczne dla firm z\u00a0bran\u017cy spo\u017cywczej, kt\u00f3re s\u0105 \u201eszyte na miar\u0119\u201d i spe\u0142niaj\u0105 specyficzne wymagania klient\u00f3w. Oferujemy us\u0142ugi w zakresie wprowadzenia na rynek nowych produkt\u00f3w, rozwi\u0105zania wszelkiego rodzaju problem\u00f3w technologicznych oraz redukowania koszt\u00f3w zwi\u0105zanych z produktami.<\/p>\n<p style=\"text-align: justify;\">Nie dzia\u0142amy jednak sami. Za ka\u017cdym razem staramy si\u0119 dzia\u0142a\u0107 razem z klientem w oparciu o wzajemne zaufanie. W ten spos\u00f3b upewniamy si\u0119, \u017ce na ka\u017cdym etapie wsp\u00f3\u0142pracy spe\u0142niamy Pa\u0144stwa oczekiwania.<\/p>\n<p style=\"text-align: justify;\">Posiadamy bogat\u0105 wiedz\u0119 i do\u015bwiadczenie w produkcji wielu r\u00f3\u017cnych produkt\u00f3w dla przemys\u0142u spo\u017cywczego. Jeste\u015bmy w\u00a0\u015bcis\u0142ej wsp\u00f3\u0142pracy z g\u0142\u00f3wnymi technologami wiod\u0105cych firm produkuj\u0105cych \u017cywno\u015b\u0107. B\u0119d\u0105c naszym klientem, maj\u0105 Pa\u0144stwo r\u00f3wnie\u017c mo\u017cliwo\u015b\u0107 skorzystania z oferowanych przez nas zasob\u00f3w oraz bazy technologicznej. Wszystko to sprawia, \u017ce\u00a0jeste\u015bmy w stanie dostarcza\u0107 w\u0142a\u015bciwe rozwi\u0105zania, kt\u00f3re s\u0105 op\u0142acalne, trwa\u0142e i o najwy\u017cszej jako\u015bci. To one zapewni\u0105 Waszym firmom przewag\u0119 nad konkurencj\u0105.<\/p>\n<p style=\"text-align: justify;\">W celu uzyskania bardziej szczeg\u00f3\u0142owych informacji, zach\u0119camy do skorzystania z formularza kontaktowego lub zapoznania si\u0105 z prezentacj\u0105 Prezi po przeciwnej stronie.<\/p>\n","protected":false},"excerpt":{"rendered":"<p>Jak dzia\u0142amy Firma KaTech opracowuje rozwi\u0105zania technologiczne dla firm z\u00a0bran\u017cy spo\u017cywczej, kt\u00f3re s\u0105 \u201eszyte na miar\u0119\u201d i spe\u0142niaj\u0105 specyficzne wymagania klient\u00f3w. Oferujemy us\u0142ugi w zakresie wprowadzenia na rynek nowych produkt\u00f3w, rozwi\u0105zania wszelkiego rodzaju problem\u00f3w technologicznych oraz redukowania koszt\u00f3w zwi\u0105zanych z &hellip; <a class=\"continue-reading\" href=\"https:\/\/katech-solutions.com\/pl\/jak-dzialamy\/\">Czytaj dalej <span class=\"meta-nav\">&rarr;<\/span><\/a><\/p>\n","protected":false},"author":3,"featured_media":0,"parent":0,"menu_order":2,"comment_status":"closed","ping_status":"closed","template":"layout-content-3.php","meta":{"_acf_changed":false,"footnotes":""},"class_list":["post-7330","page","type-page","status-publish","hentry"],"acf":[],"yoast_head":"<!-- This site is optimized with the Yoast SEO plugin v27.2 - https:\/\/yoast.com\/product\/yoast-seo-wordpress\/ -->\n<title>Jak dzia\u0142amy |<\/title>\n<meta name=\"robots\" content=\"index, follow, max-snippet:-1, max-image-preview:large, max-video-preview:-1\" \/>\n<link rel=\"canonical\" href=\"https:\/\/katech-solutions.com\/pl\/jak-dzialamy\/\" \/>\n<meta property=\"og:locale\" content=\"pl_PL\" \/>\n<meta property=\"og:type\" content=\"article\" \/>\n<meta property=\"og:title\" content=\"Jak dzia\u0142amy |\" \/>\n<meta property=\"og:description\" content=\"Jak dzia\u0142amy Firma KaTech opracowuje rozwi\u0105zania technologiczne dla firm z\u00a0bran\u017cy spo\u017cywczej, kt\u00f3re s\u0105 \u201eszyte na miar\u0119\u201d i spe\u0142niaj\u0105 specyficzne wymagania klient\u00f3w. Oferujemy us\u0142ugi w zakresie wprowadzenia na rynek nowych produkt\u00f3w, rozwi\u0105zania wszelkiego rodzaju problem\u00f3w technologicznych oraz redukowania koszt\u00f3w zwi\u0105zanych z &hellip; Czytaj dalej &rarr;\" \/>\n<meta property=\"og:url\" content=\"https:\/\/katech-solutions.com\/pl\/jak-dzialamy\/\" \/>\n<meta property=\"og:site_name\" content=\"KaTech\" \/>\n<meta property=\"article:modified_time\" content=\"2017-11-08T09:23:12+00:00\" \/>\n<meta name=\"twitter:label1\" content=\"Szacowany czas czytania\" \/>\n\t<meta name=\"twitter:data1\" content=\"1 minuta\" \/>\n<script type=\"application\/ld+json\" class=\"yoast-schema-graph\">{\"@context\":\"https:\/\/schema.org\",\"@graph\":[{\"@type\":\"WebPage\",\"@id\":\"https:\/\/katech-solutions.com\/pl\/jak-dzialamy\/\",\"url\":\"https:\/\/katech-solutions.com\/pl\/jak-dzialamy\/\",\"name\":\"Jak dzia\u0142amy |\",\"isPartOf\":{\"@id\":\"https:\/\/katech-solutions.com\/#website\"},\"datePublished\":\"2016-08-04T15:40:50+00:00\",\"dateModified\":\"2017-11-08T09:23:12+00:00\",\"inLanguage\":\"pl-PL\",\"potentialAction\":[{\"@type\":\"ReadAction\",\"target\":[\"https:\/\/katech-solutions.com\/pl\/jak-dzialamy\/\"]}]},{\"@type\":\"WebSite\",\"@id\":\"https:\/\/katech-solutions.com\/#website\",\"url\":\"https:\/\/katech-solutions.com\/\",\"name\":\"KaTech\",\"description\":\"\",\"potentialAction\":[{\"@type\":\"SearchAction\",\"target\":{\"@type\":\"EntryPoint\",\"urlTemplate\":\"https:\/\/katech-solutions.com\/?s={search_term_string}\"},\"query-input\":{\"@type\":\"PropertyValueSpecification\",\"valueRequired\":true,\"valueName\":\"search_term_string\"}}],\"inLanguage\":\"pl-PL\"}]}<\/script>\n<!-- \/ Yoast SEO plugin. -->","yoast_head_json":{"title":"Jak dzia\u0142amy |","robots":{"index":"index","follow":"follow","max-snippet":"max-snippet:-1","max-image-preview":"max-image-preview:large","max-video-preview":"max-video-preview:-1"},"canonical":"https:\/\/katech-solutions.com\/pl\/jak-dzialamy\/","og_locale":"pl_PL","og_type":"article","og_title":"Jak dzia\u0142amy |","og_description":"Jak dzia\u0142amy Firma KaTech opracowuje rozwi\u0105zania technologiczne dla firm z\u00a0bran\u017cy spo\u017cywczej, kt\u00f3re s\u0105 \u201eszyte na miar\u0119\u201d i spe\u0142niaj\u0105 specyficzne wymagania klient\u00f3w. Oferujemy us\u0142ugi w zakresie wprowadzenia na rynek nowych produkt\u00f3w, rozwi\u0105zania wszelkiego rodzaju problem\u00f3w technologicznych oraz redukowania koszt\u00f3w zwi\u0105zanych z &hellip; Czytaj dalej &rarr;","og_url":"https:\/\/katech-solutions.com\/pl\/jak-dzialamy\/","og_site_name":"KaTech","article_modified_time":"2017-11-08T09:23:12+00:00","twitter_misc":{"Szacowany czas czytania":"1 minuta"},"schema":{"@context":"https:\/\/schema.org","@graph":[{"@type":"WebPage","@id":"https:\/\/katech-solutions.com\/pl\/jak-dzialamy\/","url":"https:\/\/katech-solutions.com\/pl\/jak-dzialamy\/","name":"Jak dzia\u0142amy |","isPartOf":{"@id":"https:\/\/katech-solutions.com\/#website"},"datePublished":"2016-08-04T15:40:50+00:00","dateModified":"2017-11-08T09:23:12+00:00","inLanguage":"pl-PL","potentialAction":[{"@type":"ReadAction","target":["https:\/\/katech-solutions.com\/pl\/jak-dzialamy\/"]}]},{"@type":"WebSite","@id":"https:\/\/katech-solutions.com\/#website","url":"https:\/\/katech-solutions.com\/","name":"KaTech","description":"","potentialAction":[{"@type":"SearchAction","target":{"@type":"EntryPoint","urlTemplate":"https:\/\/katech-solutions.com\/?s={search_term_string}"},"query-input":{"@type":"PropertyValueSpecification","valueRequired":true,"valueName":"search_term_string"}}],"inLanguage":"pl-PL"}]}},"_links":{"self":[{"href":"https:\/\/katech-solutions.com\/pl\/wp-json\/wp\/v2\/pages\/7330","targetHints":{"allow":["GET"]}}],"collection":[{"href":"https:\/\/katech-solutions.com\/pl\/wp-json\/wp\/v2\/pages"}],"about":[{"href":"https:\/\/katech-solutions.com\/pl\/wp-json\/wp\/v2\/types\/page"}],"author":[{"embeddable":true,"href":"https:\/\/katech-solutions.com\/pl\/wp-json\/wp\/v2\/users\/3"}],"replies":[{"embeddable":true,"href":"https:\/\/katech-solutions.com\/pl\/wp-json\/wp\/v2\/comments?post=7330"}],"version-history":[{"count":3,"href":"https:\/\/katech-solutions.com\/pl\/wp-json\/wp\/v2\/pages\/7330\/revisions"}],"predecessor-version":[{"id":8611,"href":"https:\/\/katech-solutions.com\/pl\/wp-json\/wp\/v2\/pages\/7330\/revisions\/8611"}],"wp:attachment":[{"href":"https:\/\/katech-solutions.com\/pl\/wp-json\/wp\/v2\/media?parent=7330"}],"curies":[{"name":"wp","href":"https:\/\/api.w.org\/{rel}","templated":true}]}}