{"id":7329,"date":"2016-08-04T15:40:19","date_gmt":"2016-08-04T15:40:19","guid":{"rendered":"https:\/\/www.khpartner.com\/pl\/?page_id=7329"},"modified":"2017-11-02T14:04:38","modified_gmt":"2017-11-02T14:04:38","slug":"serek-smietankowy","status":"publish","type":"page","link":"https:\/\/katech-solutions.com\/pl\/sery-i-serki\/serek-smietankowy\/","title":{"rendered":"Serek \u015bmietankowy"},"content":{"rendered":"<p style=\"text-align: justify;\">Serek \u015bmietankowy to delikatny, \u015bwie\u017cy i ukwaszony produkt, kt\u00f3ry wytwarza si\u0119 z\u00a0wykorzystaniem kultur mezofilnych. Jego tekstura mo\u017ce by\u0107 r\u00f3\u017cnorodna, pocz\u0105wszy od produktu nadaj\u0105cego si\u0119 do smarowania (napowietrzonego lub nie), nawet po produkt, kt\u00f3ry mo\u017cna pokroi\u0107 w plastry.<\/p>\n<p style=\"text-align: justify;\">Serek \u015bmietankowy znajduje tak\u017ce zastosowanie jako sk\u0142adnik innych produkt\u00f3w \u017cywno\u015bciowych, jak np. serniki, smarowid\u0142a smakowe lub dipy do przek\u0105sek. Dla ka\u017cdego z wymienionych zastosowa\u0144 wymagana jest inna charakterystyka serka.<\/p>\n<p>&nbsp;<\/p>\n","protected":false},"excerpt":{"rendered":"<p>Serek \u015bmietankowy to delikatny, \u015bwie\u017cy i ukwaszony produkt, kt\u00f3ry wytwarza si\u0119 z\u00a0wykorzystaniem kultur mezofilnych. Jego tekstura mo\u017ce by\u0107 r\u00f3\u017cnorodna, pocz\u0105wszy od produktu nadaj\u0105cego si\u0119 do smarowania (napowietrzonego lub nie), nawet po produkt, kt\u00f3ry mo\u017cna pokroi\u0107 w plastry. Serek \u015bmietankowy znajduje &hellip; <a class=\"continue-reading\" href=\"https:\/\/katech-solutions.com\/pl\/sery-i-serki\/serek-smietankowy\/\">Czytaj dalej <span class=\"meta-nav\">&rarr;<\/span><\/a><\/p>\n","protected":false},"author":28,"featured_media":0,"parent":7326,"menu_order":0,"comment_status":"closed","ping_status":"open","template":"","meta":{"_acf_changed":false,"footnotes":""},"class_list":["post-7329","page","type-page","status-publish","hentry"],"acf":[],"yoast_head":"<!-- This site is optimized with the Yoast SEO plugin v27.2 - https:\/\/yoast.com\/product\/yoast-seo-wordpress\/ -->\n<title>Serek \u015bmietankowy |<\/title>\n<meta name=\"robots\" content=\"index, follow, max-snippet:-1, max-image-preview:large, max-video-preview:-1\" \/>\n<link rel=\"canonical\" href=\"https:\/\/katech-solutions.com\/pl\/sery-i-serki\/serek-smietankowy\/\" \/>\n<meta property=\"og:locale\" content=\"pl_PL\" \/>\n<meta property=\"og:type\" content=\"article\" \/>\n<meta property=\"og:title\" content=\"Serek \u015bmietankowy |\" \/>\n<meta property=\"og:description\" content=\"Serek \u015bmietankowy to delikatny, \u015bwie\u017cy i ukwaszony produkt, kt\u00f3ry wytwarza si\u0119 z\u00a0wykorzystaniem kultur mezofilnych. Jego tekstura mo\u017ce by\u0107 r\u00f3\u017cnorodna, pocz\u0105wszy od produktu nadaj\u0105cego si\u0119 do smarowania (napowietrzonego lub nie), nawet po produkt, kt\u00f3ry mo\u017cna pokroi\u0107 w plastry. Serek \u015bmietankowy znajduje &hellip; Czytaj dalej &rarr;\" \/>\n<meta property=\"og:url\" content=\"https:\/\/katech-solutions.com\/pl\/sery-i-serki\/serek-smietankowy\/\" \/>\n<meta property=\"og:site_name\" content=\"KaTech\" \/>\n<meta property=\"article:modified_time\" content=\"2017-11-02T14:04:38+00:00\" \/>\n<script type=\"application\/ld+json\" class=\"yoast-schema-graph\">{\"@context\":\"https:\/\/schema.org\",\"@graph\":[{\"@type\":\"WebPage\",\"@id\":\"https:\/\/katech-solutions.com\/pl\/sery-i-serki\/serek-smietankowy\/\",\"url\":\"https:\/\/katech-solutions.com\/pl\/sery-i-serki\/serek-smietankowy\/\",\"name\":\"Serek \u015bmietankowy |\",\"isPartOf\":{\"@id\":\"https:\/\/katech-solutions.com\/#website\"},\"datePublished\":\"2016-08-04T15:40:19+00:00\",\"dateModified\":\"2017-11-02T14:04:38+00:00\",\"breadcrumb\":{\"@id\":\"https:\/\/katech-solutions.com\/pl\/sery-i-serki\/serek-smietankowy\/#breadcrumb\"},\"inLanguage\":\"pl-PL\",\"potentialAction\":[{\"@type\":\"ReadAction\",\"target\":[\"https:\/\/katech-solutions.com\/pl\/sery-i-serki\/serek-smietankowy\/\"]}]},{\"@type\":\"BreadcrumbList\",\"@id\":\"https:\/\/katech-solutions.com\/pl\/sery-i-serki\/serek-smietankowy\/#breadcrumb\",\"itemListElement\":[{\"@type\":\"ListItem\",\"position\":1,\"name\":\"Sery i serki\",\"item\":\"https:\/\/katech-solutions.com\/pl\/sery-i-serki\/\"},{\"@type\":\"ListItem\",\"position\":2,\"name\":\"Serek \u015bmietankowy\"}]},{\"@type\":\"WebSite\",\"@id\":\"https:\/\/katech-solutions.com\/#website\",\"url\":\"https:\/\/katech-solutions.com\/\",\"name\":\"KaTech\",\"description\":\"\",\"potentialAction\":[{\"@type\":\"SearchAction\",\"target\":{\"@type\":\"EntryPoint\",\"urlTemplate\":\"https:\/\/katech-solutions.com\/?s={search_term_string}\"},\"query-input\":{\"@type\":\"PropertyValueSpecification\",\"valueRequired\":true,\"valueName\":\"search_term_string\"}}],\"inLanguage\":\"pl-PL\"}]}<\/script>\n<!-- \/ Yoast SEO plugin. -->","yoast_head_json":{"title":"Serek \u015bmietankowy |","robots":{"index":"index","follow":"follow","max-snippet":"max-snippet:-1","max-image-preview":"max-image-preview:large","max-video-preview":"max-video-preview:-1"},"canonical":"https:\/\/katech-solutions.com\/pl\/sery-i-serki\/serek-smietankowy\/","og_locale":"pl_PL","og_type":"article","og_title":"Serek \u015bmietankowy |","og_description":"Serek \u015bmietankowy to delikatny, \u015bwie\u017cy i ukwaszony produkt, kt\u00f3ry wytwarza si\u0119 z\u00a0wykorzystaniem kultur mezofilnych. Jego tekstura mo\u017ce by\u0107 r\u00f3\u017cnorodna, pocz\u0105wszy od produktu nadaj\u0105cego si\u0119 do smarowania (napowietrzonego lub nie), nawet po produkt, kt\u00f3ry mo\u017cna pokroi\u0107 w plastry. Serek \u015bmietankowy znajduje &hellip; Czytaj dalej &rarr;","og_url":"https:\/\/katech-solutions.com\/pl\/sery-i-serki\/serek-smietankowy\/","og_site_name":"KaTech","article_modified_time":"2017-11-02T14:04:38+00:00","schema":{"@context":"https:\/\/schema.org","@graph":[{"@type":"WebPage","@id":"https:\/\/katech-solutions.com\/pl\/sery-i-serki\/serek-smietankowy\/","url":"https:\/\/katech-solutions.com\/pl\/sery-i-serki\/serek-smietankowy\/","name":"Serek \u015bmietankowy |","isPartOf":{"@id":"https:\/\/katech-solutions.com\/#website"},"datePublished":"2016-08-04T15:40:19+00:00","dateModified":"2017-11-02T14:04:38+00:00","breadcrumb":{"@id":"https:\/\/katech-solutions.com\/pl\/sery-i-serki\/serek-smietankowy\/#breadcrumb"},"inLanguage":"pl-PL","potentialAction":[{"@type":"ReadAction","target":["https:\/\/katech-solutions.com\/pl\/sery-i-serki\/serek-smietankowy\/"]}]},{"@type":"BreadcrumbList","@id":"https:\/\/katech-solutions.com\/pl\/sery-i-serki\/serek-smietankowy\/#breadcrumb","itemListElement":[{"@type":"ListItem","position":1,"name":"Sery i serki","item":"https:\/\/katech-solutions.com\/pl\/sery-i-serki\/"},{"@type":"ListItem","position":2,"name":"Serek \u015bmietankowy"}]},{"@type":"WebSite","@id":"https:\/\/katech-solutions.com\/#website","url":"https:\/\/katech-solutions.com\/","name":"KaTech","description":"","potentialAction":[{"@type":"SearchAction","target":{"@type":"EntryPoint","urlTemplate":"https:\/\/katech-solutions.com\/?s={search_term_string}"},"query-input":{"@type":"PropertyValueSpecification","valueRequired":true,"valueName":"search_term_string"}}],"inLanguage":"pl-PL"}]}},"_links":{"self":[{"href":"https:\/\/katech-solutions.com\/pl\/wp-json\/wp\/v2\/pages\/7329","targetHints":{"allow":["GET"]}}],"collection":[{"href":"https:\/\/katech-solutions.com\/pl\/wp-json\/wp\/v2\/pages"}],"about":[{"href":"https:\/\/katech-solutions.com\/pl\/wp-json\/wp\/v2\/types\/page"}],"author":[{"embeddable":true,"href":"https:\/\/katech-solutions.com\/pl\/wp-json\/wp\/v2\/users\/28"}],"replies":[{"embeddable":true,"href":"https:\/\/katech-solutions.com\/pl\/wp-json\/wp\/v2\/comments?post=7329"}],"version-history":[{"count":3,"href":"https:\/\/katech-solutions.com\/pl\/wp-json\/wp\/v2\/pages\/7329\/revisions"}],"predecessor-version":[{"id":8526,"href":"https:\/\/katech-solutions.com\/pl\/wp-json\/wp\/v2\/pages\/7329\/revisions\/8526"}],"up":[{"embeddable":true,"href":"https:\/\/katech-solutions.com\/pl\/wp-json\/wp\/v2\/pages\/7326"}],"wp:attachment":[{"href":"https:\/\/katech-solutions.com\/pl\/wp-json\/wp\/v2\/media?parent=7329"}],"curies":[{"name":"wp","href":"https:\/\/api.w.org\/{rel}","templated":true}]}}