{"id":7326,"date":"2016-08-04T15:38:37","date_gmt":"2016-08-04T15:38:37","guid":{"rendered":"https:\/\/www.khpartner.com\/pl\/?page_id=7326"},"modified":"2017-11-30T14:45:07","modified_gmt":"2017-11-30T14:45:07","slug":"sery-i-serki","status":"publish","type":"page","link":"https:\/\/katech-solutions.com\/pl\/sery-i-serki\/","title":{"rendered":"Sery i serki"},"content":{"rendered":"<h2>Sery i serki<\/h2>\n<p style=\"text-align: justify;\">Sery (i serki) to produkty spo\u017cywcze wytwarzane z mleka (przede wszystkim krowiego, ale r\u00f3wnie\u017c owczego, koziego, czy te\u017c bawolego) poprzez wytr\u0105cenie z mleka t\u0142uszczu i bia\u0142ka w postaci skrzepu. Istnieje wiele gatunk\u00f3w sera i dzieli si\u0119 je na przyk\u0142ad ze wzgl\u0119du na rodzaj mleka u\u017cytego do produkcji, zawarto\u015b\u0107 t\u0142uszczu, konsystencj\u0119, sam proces produkcyjny oraz czas dojrzewania. Sery zawieraj\u0105 wiele sk\u0142adnik\u00f3w od\u017cywczych. Jako pochodne mleka s\u0105 wa\u017cnym \u017ar\u00f3d\u0142em wapnia oraz bia\u0142ka i witaminy B12.<\/p>\n<p style=\"text-align: justify;\">Niezliczona liczba odmian klasycznych ser\u00f3w (serk\u00f3w) oraz produkt\u00f3w regionalnych a tak\u017ce fakt, \u017ce sery s\u0105 sk\u0142adnikiem wielu innych produkt\u00f3w wytwarzanych na skal\u0119 przemys\u0142ow\u0105, sprawia, i\u017c stworzenie produktu wyr\u00f3\u017cniaj\u0105cego si\u0119 na rynku jest zadaniem trudnym i wymagaj\u0105cym du\u017cej fachowej wiedzy.<\/p>\n<p>&nbsp;<\/p>\n<p>&nbsp;<\/p>\n","protected":false},"excerpt":{"rendered":"<p>Sery i serki Sery (i serki) to produkty spo\u017cywcze wytwarzane z mleka (przede wszystkim krowiego, ale r\u00f3wnie\u017c owczego, koziego, czy te\u017c bawolego) poprzez wytr\u0105cenie z mleka t\u0142uszczu i bia\u0142ka w postaci skrzepu. Istnieje wiele gatunk\u00f3w sera i dzieli si\u0119 je &hellip; <a class=\"continue-reading\" href=\"https:\/\/katech-solutions.com\/pl\/sery-i-serki\/\">Czytaj dalej <span class=\"meta-nav\">&rarr;<\/span><\/a><\/p>\n","protected":false},"author":28,"featured_media":0,"parent":0,"menu_order":2,"comment_status":"closed","ping_status":"open","template":"layout-content-3.php","meta":{"_acf_changed":false,"footnotes":""},"class_list":["post-7326","page","type-page","status-publish","hentry"],"acf":[],"yoast_head":"<!-- This site is optimized with the Yoast SEO plugin v27.2 - https:\/\/yoast.com\/product\/yoast-seo-wordpress\/ -->\n<title>Sery i serki |<\/title>\n<meta name=\"robots\" content=\"index, follow, max-snippet:-1, max-image-preview:large, max-video-preview:-1\" \/>\n<link rel=\"canonical\" href=\"https:\/\/katech-solutions.com\/pl\/sery-i-serki\/\" \/>\n<meta property=\"og:locale\" content=\"pl_PL\" \/>\n<meta property=\"og:type\" content=\"article\" \/>\n<meta property=\"og:title\" content=\"Sery i serki |\" \/>\n<meta property=\"og:description\" content=\"Sery i serki Sery (i serki) to produkty spo\u017cywcze wytwarzane z mleka (przede wszystkim krowiego, ale r\u00f3wnie\u017c owczego, koziego, czy te\u017c bawolego) poprzez wytr\u0105cenie z mleka t\u0142uszczu i bia\u0142ka w postaci skrzepu. Istnieje wiele gatunk\u00f3w sera i dzieli si\u0119 je &hellip; Czytaj dalej &rarr;\" \/>\n<meta property=\"og:url\" content=\"https:\/\/katech-solutions.com\/pl\/sery-i-serki\/\" \/>\n<meta property=\"og:site_name\" content=\"KaTech\" \/>\n<meta property=\"article:modified_time\" content=\"2017-11-30T14:45:07+00:00\" \/>\n<meta name=\"twitter:label1\" content=\"Szacowany czas czytania\" \/>\n\t<meta name=\"twitter:data1\" content=\"1 minuta\" \/>\n<script type=\"application\/ld+json\" class=\"yoast-schema-graph\">{\"@context\":\"https:\/\/schema.org\",\"@graph\":[{\"@type\":\"WebPage\",\"@id\":\"https:\/\/katech-solutions.com\/pl\/sery-i-serki\/\",\"url\":\"https:\/\/katech-solutions.com\/pl\/sery-i-serki\/\",\"name\":\"Sery i serki |\",\"isPartOf\":{\"@id\":\"https:\/\/katech-solutions.com\/#website\"},\"datePublished\":\"2016-08-04T15:38:37+00:00\",\"dateModified\":\"2017-11-30T14:45:07+00:00\",\"inLanguage\":\"pl-PL\",\"potentialAction\":[{\"@type\":\"ReadAction\",\"target\":[\"https:\/\/katech-solutions.com\/pl\/sery-i-serki\/\"]}]},{\"@type\":\"WebSite\",\"@id\":\"https:\/\/katech-solutions.com\/#website\",\"url\":\"https:\/\/katech-solutions.com\/\",\"name\":\"KaTech\",\"description\":\"\",\"potentialAction\":[{\"@type\":\"SearchAction\",\"target\":{\"@type\":\"EntryPoint\",\"urlTemplate\":\"https:\/\/katech-solutions.com\/?s={search_term_string}\"},\"query-input\":{\"@type\":\"PropertyValueSpecification\",\"valueRequired\":true,\"valueName\":\"search_term_string\"}}],\"inLanguage\":\"pl-PL\"}]}<\/script>\n<!-- \/ Yoast SEO plugin. -->","yoast_head_json":{"title":"Sery i serki |","robots":{"index":"index","follow":"follow","max-snippet":"max-snippet:-1","max-image-preview":"max-image-preview:large","max-video-preview":"max-video-preview:-1"},"canonical":"https:\/\/katech-solutions.com\/pl\/sery-i-serki\/","og_locale":"pl_PL","og_type":"article","og_title":"Sery i serki |","og_description":"Sery i serki Sery (i serki) to produkty spo\u017cywcze wytwarzane z mleka (przede wszystkim krowiego, ale r\u00f3wnie\u017c owczego, koziego, czy te\u017c bawolego) poprzez wytr\u0105cenie z mleka t\u0142uszczu i bia\u0142ka w postaci skrzepu. Istnieje wiele gatunk\u00f3w sera i dzieli si\u0119 je &hellip; Czytaj dalej &rarr;","og_url":"https:\/\/katech-solutions.com\/pl\/sery-i-serki\/","og_site_name":"KaTech","article_modified_time":"2017-11-30T14:45:07+00:00","twitter_misc":{"Szacowany czas czytania":"1 minuta"},"schema":{"@context":"https:\/\/schema.org","@graph":[{"@type":"WebPage","@id":"https:\/\/katech-solutions.com\/pl\/sery-i-serki\/","url":"https:\/\/katech-solutions.com\/pl\/sery-i-serki\/","name":"Sery i serki |","isPartOf":{"@id":"https:\/\/katech-solutions.com\/#website"},"datePublished":"2016-08-04T15:38:37+00:00","dateModified":"2017-11-30T14:45:07+00:00","inLanguage":"pl-PL","potentialAction":[{"@type":"ReadAction","target":["https:\/\/katech-solutions.com\/pl\/sery-i-serki\/"]}]},{"@type":"WebSite","@id":"https:\/\/katech-solutions.com\/#website","url":"https:\/\/katech-solutions.com\/","name":"KaTech","description":"","potentialAction":[{"@type":"SearchAction","target":{"@type":"EntryPoint","urlTemplate":"https:\/\/katech-solutions.com\/?s={search_term_string}"},"query-input":{"@type":"PropertyValueSpecification","valueRequired":true,"valueName":"search_term_string"}}],"inLanguage":"pl-PL"}]}},"_links":{"self":[{"href":"https:\/\/katech-solutions.com\/pl\/wp-json\/wp\/v2\/pages\/7326","targetHints":{"allow":["GET"]}}],"collection":[{"href":"https:\/\/katech-solutions.com\/pl\/wp-json\/wp\/v2\/pages"}],"about":[{"href":"https:\/\/katech-solutions.com\/pl\/wp-json\/wp\/v2\/types\/page"}],"author":[{"embeddable":true,"href":"https:\/\/katech-solutions.com\/pl\/wp-json\/wp\/v2\/users\/28"}],"replies":[{"embeddable":true,"href":"https:\/\/katech-solutions.com\/pl\/wp-json\/wp\/v2\/comments?post=7326"}],"version-history":[{"count":4,"href":"https:\/\/katech-solutions.com\/pl\/wp-json\/wp\/v2\/pages\/7326\/revisions"}],"predecessor-version":[{"id":8835,"href":"https:\/\/katech-solutions.com\/pl\/wp-json\/wp\/v2\/pages\/7326\/revisions\/8835"}],"wp:attachment":[{"href":"https:\/\/katech-solutions.com\/pl\/wp-json\/wp\/v2\/media?parent=7326"}],"curies":[{"name":"wp","href":"https:\/\/api.w.org\/{rel}","templated":true}]}}