{"id":7324,"date":"2016-08-04T15:36:59","date_gmt":"2016-08-04T15:36:59","guid":{"rendered":"https:\/\/www.khpartner.com\/pl\/?page_id=7324"},"modified":"2026-01-22T17:02:33","modified_gmt":"2026-01-22T17:02:33","slug":"certyfikaty-polityka-jakosci","status":"publish","type":"page","link":"https:\/\/katech-solutions.com\/pl\/certyfikaty-polityka-jakosci\/","title":{"rendered":"Certyfikaty i polityka jako\u015bci"},"content":{"rendered":"<h2>Certyfikaty i polityka jako\u015bci<\/h2>\n<p style=\"text-align: justify;\">Od chwili za\u0142o\u017cenia firmy KaTech udzia\u0142owcom oraz zarz\u0105dowi zale\u017ca\u0142o na tym, by jej model biznesowy oparty by\u0142 na etycznym sposobie dzia\u0142ania i by cechowa\u0142a go dba\u0142o\u015b\u0107 o najwy\u017csz\u0105 jako\u015b\u0107 oferowanych us\u0142ug oraz produkt\u00f3w.<\/p>\n<p style=\"text-align: justify;\">\u017bywno\u015b\u0107 jest podstawowym elementem \u017cycia cz\u0142owieka i to wok\u00f3\u0142 niej koncentruj\u0105 si\u0119 wszystkie dzia\u0142ania oraz cele naszej firmy. Pragniemy dzia\u0142a\u0107 w spos\u00f3b profesjonalny i zawsze gdy to mo\u017cliwe oferowa\u0107 klientom zr\u00f3wnowa\u017cone produkty. Zgodno\u015b\u0107 z\u00a0prawem wsp\u00f3lnotowym, przepisami lokalnymi, czy innego typu regulacjami i wytycznymi jest bardzo wa\u017cna dla naszej dzia\u0142alno\u015bci. Ponadto, szczeg\u00f3lny nacisk k\u0142adziemy na najwy\u017csz\u0105 jako\u015b\u0107, zr\u00f3wnowa\u017cony rozw\u00f3j oraz post\u0119powanie z\u00a0kontrahentami w spos\u00f3b etyczny.<\/p>\n<p style=\"text-align: justify;\">Zaufanie konsument\u00f3w do produkt\u00f3w w bran\u017cy spo\u017cywczej jest spraw\u0105 kluczow\u0105. Dla naszej firmy najwa\u017cniejsze jest zaufanie, kt\u00f3rym klienci darz\u0105 nasze rozwi\u0105zania. Dlatego te\u017c jako\u015b\u0107, bezpiecze\u0144stwo i spe\u0142nianie indywidualnych wymaga\u0144 klient\u00f3w s\u0105 i b\u0119d\u0105 dla nas zawsze na pierwszym miejscu.<\/p>\n<p style=\"text-align: justify;\">Powy\u017csza zasada odnosi si\u0119 do naszych produkt\u00f3w, us\u0142ug, udzielanego wsparcia, relacji z kontrahentami i pracownik\u00f3w. W\u00a0sprawach jako\u015bci i bezpiecze\u0144stwa nie uznajemy \u017cadnych kompromis\u00f3w \u2013 to czyni z nas rzetelnego i wiarygodnego partnera dla firm z bran\u017cy spo\u017cywczej.<\/p>\n<p style=\"text-align: justify;\">Wiele wysi\u0142ku wk\u0142adamy w to, by spe\u0142nia\u0107 wy\u017cej wymienione cele, kt\u00f3re przed sob\u0105 postawili\u015bmy. Regularne kontrole i audyty przeprowadzane przez niezale\u017cne jednostki s\u0105 gwarancj\u0105 ci\u0105g\u0142ego podnoszenia jako\u015bci naszych us\u0142ug i produkt\u00f3w. Nasza dba\u0142o\u015b\u0107 o jako\u015b\u0107 i bezpiecze\u0144stwo znajduje tak\u017ce odzwierciedlenie w certyfikatach, kt\u00f3re otrzymali\u015bmy i wci\u0105\u017c otrzymujemy.<\/p>\n<p style=\"text-align: justify;\">By \u015bci\u0105gn\u0105\u0107 plik PDF z wybranym aktualnym certyfikatem, prosz\u0119 wybra\u0107 w\u0142a\u015bciwe logo po przeciwnej stronie.<\/p>\n<p style=\"text-align: justify;\">Klikaj\u0105c odpowiedni link po przeciwnej stronie uzyskacie tak\u017ce Pa\u0144stwo wi\u0119cej informacji na temat polityki \u015brodowiskowej naszej firmy.<\/p>\n<p>&nbsp;<\/p>\n<p>If you suspect a possible violation of ethical behavior, we encourage you to speak up and report it on the Ingredion Business Ethics line. More information here:\u00a0<a href=\"https:\/\/www.ingredion.com\/na\/en-us\/company\/meet-ingredion\/business-integrity-ethics-compliance.html\" target=\"_blank\" rel=\"noopener\">Business Integrity Ethics Compliance <\/a><\/p>\n","protected":false},"excerpt":{"rendered":"<p>Certyfikaty i polityka jako\u015bci Od chwili za\u0142o\u017cenia firmy KaTech udzia\u0142owcom oraz zarz\u0105dowi zale\u017ca\u0142o na tym, by jej model biznesowy oparty by\u0142 na etycznym sposobie dzia\u0142ania i by cechowa\u0142a go dba\u0142o\u015b\u0107 o najwy\u017csz\u0105 jako\u015b\u0107 oferowanych us\u0142ug oraz produkt\u00f3w. \u017bywno\u015b\u0107 jest podstawowym &hellip; <a class=\"continue-reading\" href=\"https:\/\/katech-solutions.com\/pl\/certyfikaty-polityka-jakosci\/\">Czytaj dalej <span class=\"meta-nav\">&rarr;<\/span><\/a><\/p>\n","protected":false},"author":28,"featured_media":0,"parent":0,"menu_order":2,"comment_status":"closed","ping_status":"open","template":"layout-content-3.php","meta":{"_acf_changed":false,"footnotes":""},"class_list":["post-7324","page","type-page","status-publish","hentry"],"acf":[],"yoast_head":"<!-- This site is optimized with the Yoast SEO plugin v27.2 - https:\/\/yoast.com\/product\/yoast-seo-wordpress\/ -->\n<title>Certyfikaty i polityka jako\u015bci |<\/title>\n<meta name=\"robots\" content=\"index, follow, max-snippet:-1, max-image-preview:large, max-video-preview:-1\" \/>\n<link rel=\"canonical\" href=\"https:\/\/katech-solutions.com\/pl\/certyfikaty-polityka-jakosci\/\" \/>\n<meta property=\"og:locale\" content=\"pl_PL\" \/>\n<meta property=\"og:type\" content=\"article\" \/>\n<meta property=\"og:title\" content=\"Certyfikaty i polityka jako\u015bci |\" \/>\n<meta property=\"og:description\" content=\"Certyfikaty i polityka jako\u015bci Od chwili za\u0142o\u017cenia firmy KaTech udzia\u0142owcom oraz zarz\u0105dowi zale\u017ca\u0142o na tym, by jej model biznesowy oparty by\u0142 na etycznym sposobie dzia\u0142ania i by cechowa\u0142a go dba\u0142o\u015b\u0107 o najwy\u017csz\u0105 jako\u015b\u0107 oferowanych us\u0142ug oraz produkt\u00f3w. \u017bywno\u015b\u0107 jest podstawowym &hellip; Czytaj dalej &rarr;\" \/>\n<meta property=\"og:url\" content=\"https:\/\/katech-solutions.com\/pl\/certyfikaty-polityka-jakosci\/\" \/>\n<meta property=\"og:site_name\" content=\"KaTech\" \/>\n<meta property=\"article:modified_time\" content=\"2026-01-22T17:02:33+00:00\" \/>\n<meta name=\"twitter:label1\" content=\"Szacowany czas czytania\" \/>\n\t<meta name=\"twitter:data1\" content=\"2 minuty\" \/>\n<script type=\"application\/ld+json\" class=\"yoast-schema-graph\">{\"@context\":\"https:\/\/schema.org\",\"@graph\":[{\"@type\":\"WebPage\",\"@id\":\"https:\/\/katech-solutions.com\/pl\/certyfikaty-polityka-jakosci\/\",\"url\":\"https:\/\/katech-solutions.com\/pl\/certyfikaty-polityka-jakosci\/\",\"name\":\"Certyfikaty i polityka jako\u015bci |\",\"isPartOf\":{\"@id\":\"https:\/\/katech-solutions.com\/#website\"},\"datePublished\":\"2016-08-04T15:36:59+00:00\",\"dateModified\":\"2026-01-22T17:02:33+00:00\",\"inLanguage\":\"pl-PL\",\"potentialAction\":[{\"@type\":\"ReadAction\",\"target\":[\"https:\/\/katech-solutions.com\/pl\/certyfikaty-polityka-jakosci\/\"]}]},{\"@type\":\"WebSite\",\"@id\":\"https:\/\/katech-solutions.com\/#website\",\"url\":\"https:\/\/katech-solutions.com\/\",\"name\":\"KaTech\",\"description\":\"\",\"potentialAction\":[{\"@type\":\"SearchAction\",\"target\":{\"@type\":\"EntryPoint\",\"urlTemplate\":\"https:\/\/katech-solutions.com\/?s={search_term_string}\"},\"query-input\":{\"@type\":\"PropertyValueSpecification\",\"valueRequired\":true,\"valueName\":\"search_term_string\"}}],\"inLanguage\":\"pl-PL\"}]}<\/script>\n<!-- \/ Yoast SEO plugin. -->","yoast_head_json":{"title":"Certyfikaty i polityka jako\u015bci |","robots":{"index":"index","follow":"follow","max-snippet":"max-snippet:-1","max-image-preview":"max-image-preview:large","max-video-preview":"max-video-preview:-1"},"canonical":"https:\/\/katech-solutions.com\/pl\/certyfikaty-polityka-jakosci\/","og_locale":"pl_PL","og_type":"article","og_title":"Certyfikaty i polityka jako\u015bci |","og_description":"Certyfikaty i polityka jako\u015bci Od chwili za\u0142o\u017cenia firmy KaTech udzia\u0142owcom oraz zarz\u0105dowi zale\u017ca\u0142o na tym, by jej model biznesowy oparty by\u0142 na etycznym sposobie dzia\u0142ania i by cechowa\u0142a go dba\u0142o\u015b\u0107 o najwy\u017csz\u0105 jako\u015b\u0107 oferowanych us\u0142ug oraz produkt\u00f3w. \u017bywno\u015b\u0107 jest podstawowym &hellip; Czytaj dalej &rarr;","og_url":"https:\/\/katech-solutions.com\/pl\/certyfikaty-polityka-jakosci\/","og_site_name":"KaTech","article_modified_time":"2026-01-22T17:02:33+00:00","twitter_misc":{"Szacowany czas czytania":"2 minuty"},"schema":{"@context":"https:\/\/schema.org","@graph":[{"@type":"WebPage","@id":"https:\/\/katech-solutions.com\/pl\/certyfikaty-polityka-jakosci\/","url":"https:\/\/katech-solutions.com\/pl\/certyfikaty-polityka-jakosci\/","name":"Certyfikaty i polityka jako\u015bci |","isPartOf":{"@id":"https:\/\/katech-solutions.com\/#website"},"datePublished":"2016-08-04T15:36:59+00:00","dateModified":"2026-01-22T17:02:33+00:00","inLanguage":"pl-PL","potentialAction":[{"@type":"ReadAction","target":["https:\/\/katech-solutions.com\/pl\/certyfikaty-polityka-jakosci\/"]}]},{"@type":"WebSite","@id":"https:\/\/katech-solutions.com\/#website","url":"https:\/\/katech-solutions.com\/","name":"KaTech","description":"","potentialAction":[{"@type":"SearchAction","target":{"@type":"EntryPoint","urlTemplate":"https:\/\/katech-solutions.com\/?s={search_term_string}"},"query-input":{"@type":"PropertyValueSpecification","valueRequired":true,"valueName":"search_term_string"}}],"inLanguage":"pl-PL"}]}},"_links":{"self":[{"href":"https:\/\/katech-solutions.com\/pl\/wp-json\/wp\/v2\/pages\/7324","targetHints":{"allow":["GET"]}}],"collection":[{"href":"https:\/\/katech-solutions.com\/pl\/wp-json\/wp\/v2\/pages"}],"about":[{"href":"https:\/\/katech-solutions.com\/pl\/wp-json\/wp\/v2\/types\/page"}],"author":[{"embeddable":true,"href":"https:\/\/katech-solutions.com\/pl\/wp-json\/wp\/v2\/users\/28"}],"replies":[{"embeddable":true,"href":"https:\/\/katech-solutions.com\/pl\/wp-json\/wp\/v2\/comments?post=7324"}],"version-history":[{"count":62,"href":"https:\/\/katech-solutions.com\/pl\/wp-json\/wp\/v2\/pages\/7324\/revisions"}],"predecessor-version":[{"id":13617,"href":"https:\/\/katech-solutions.com\/pl\/wp-json\/wp\/v2\/pages\/7324\/revisions\/13617"}],"wp:attachment":[{"href":"https:\/\/katech-solutions.com\/pl\/wp-json\/wp\/v2\/media?parent=7324"}],"curies":[{"name":"wp","href":"https:\/\/api.w.org\/{rel}","templated":true}]}}