{"id":7319,"date":"2016-08-04T15:34:15","date_gmt":"2016-08-04T15:34:15","guid":{"rendered":"https:\/\/www.khpartner.com\/pl\/?page_id=7319"},"modified":"2017-11-02T13:46:30","modified_gmt":"2017-11-02T13:46:30","slug":"mus-jogurtowy","status":"publish","type":"page","link":"https:\/\/katech-solutions.com\/pl\/jogurty\/mus-jogurtowy\/","title":{"rendered":"Mus jogurtowy"},"content":{"rendered":"<p style=\"text-align: justify;\">Mus jogurtowy to produkt, kt\u00f3ry w ostatnich latach bardzo zyska\u0142 na popularno\u015bci. Jest to napowietrzany (najcz\u0119\u015bciej azotem) jogurt, kt\u00f3rego konsystencja mo\u017ce by\u0107 dostosowana do indywidualnych wymaga\u0144 klienta, od bardzo lekkiej i puszystej po bardziej zwart\u0105 i\u00a0kremow\u0105. Mus posiada z regu\u0142y wy\u017csz\u0105 such\u0105 mas\u0119 ni\u017c ubity jogurt.<\/p>\n<p style=\"text-align: justify;\">Jednak\u017ce, by ten wyrafinowany produkt cechowa\u0142a wysoka jako\u015b\u0107 pod uwag\u0119 nale\u017cy wzi\u0105\u0107 ca\u0142y szereg czynnik\u00f3w, takich jak\u00a0sk\u0142adniki receptury i u\u017cyte dodatki, optymalna zawarto\u015b\u0107 t\u0142uszczu, czy te\u017c w\u0142a\u015bciwe napowietrzenie.<\/p>\n","protected":false},"excerpt":{"rendered":"<p>Mus jogurtowy to produkt, kt\u00f3ry w ostatnich latach bardzo zyska\u0142 na popularno\u015bci. Jest to napowietrzany (najcz\u0119\u015bciej azotem) jogurt, kt\u00f3rego konsystencja mo\u017ce by\u0107 dostosowana do indywidualnych wymaga\u0144 klienta, od bardzo lekkiej i puszystej po bardziej zwart\u0105 i\u00a0kremow\u0105. Mus posiada z regu\u0142y &hellip; <a class=\"continue-reading\" href=\"https:\/\/katech-solutions.com\/pl\/jogurty\/mus-jogurtowy\/\">Czytaj dalej <span class=\"meta-nav\">&rarr;<\/span><\/a><\/p>\n","protected":false},"author":28,"featured_media":0,"parent":7298,"menu_order":0,"comment_status":"closed","ping_status":"open","template":"","meta":{"_acf_changed":false,"footnotes":""},"class_list":["post-7319","page","type-page","status-publish","hentry"],"acf":[],"yoast_head":"<!-- This site is optimized with the Yoast SEO plugin v27.2 - https:\/\/yoast.com\/product\/yoast-seo-wordpress\/ -->\n<title>Mus jogurtowy |<\/title>\n<meta name=\"robots\" content=\"index, follow, max-snippet:-1, max-image-preview:large, max-video-preview:-1\" \/>\n<link rel=\"canonical\" href=\"https:\/\/katech-solutions.com\/pl\/jogurty\/mus-jogurtowy\/\" \/>\n<meta property=\"og:locale\" content=\"pl_PL\" \/>\n<meta property=\"og:type\" content=\"article\" \/>\n<meta property=\"og:title\" content=\"Mus jogurtowy |\" \/>\n<meta property=\"og:description\" content=\"Mus jogurtowy to produkt, kt\u00f3ry w ostatnich latach bardzo zyska\u0142 na popularno\u015bci. Jest to napowietrzany (najcz\u0119\u015bciej azotem) jogurt, kt\u00f3rego konsystencja mo\u017ce by\u0107 dostosowana do indywidualnych wymaga\u0144 klienta, od bardzo lekkiej i puszystej po bardziej zwart\u0105 i\u00a0kremow\u0105. Mus posiada z regu\u0142y &hellip; Czytaj dalej &rarr;\" \/>\n<meta property=\"og:url\" content=\"https:\/\/katech-solutions.com\/pl\/jogurty\/mus-jogurtowy\/\" \/>\n<meta property=\"og:site_name\" content=\"KaTech\" \/>\n<meta property=\"article:modified_time\" content=\"2017-11-02T13:46:30+00:00\" \/>\n<script type=\"application\/ld+json\" class=\"yoast-schema-graph\">{\"@context\":\"https:\/\/schema.org\",\"@graph\":[{\"@type\":\"WebPage\",\"@id\":\"https:\/\/katech-solutions.com\/pl\/jogurty\/mus-jogurtowy\/\",\"url\":\"https:\/\/katech-solutions.com\/pl\/jogurty\/mus-jogurtowy\/\",\"name\":\"Mus jogurtowy |\",\"isPartOf\":{\"@id\":\"https:\/\/katech-solutions.com\/#website\"},\"datePublished\":\"2016-08-04T15:34:15+00:00\",\"dateModified\":\"2017-11-02T13:46:30+00:00\",\"breadcrumb\":{\"@id\":\"https:\/\/katech-solutions.com\/pl\/jogurty\/mus-jogurtowy\/#breadcrumb\"},\"inLanguage\":\"pl-PL\",\"potentialAction\":[{\"@type\":\"ReadAction\",\"target\":[\"https:\/\/katech-solutions.com\/pl\/jogurty\/mus-jogurtowy\/\"]}]},{\"@type\":\"BreadcrumbList\",\"@id\":\"https:\/\/katech-solutions.com\/pl\/jogurty\/mus-jogurtowy\/#breadcrumb\",\"itemListElement\":[{\"@type\":\"ListItem\",\"position\":1,\"name\":\"Jogurty\",\"item\":\"https:\/\/katech-solutions.com\/pl\/jogurty\/\"},{\"@type\":\"ListItem\",\"position\":2,\"name\":\"Mus jogurtowy\"}]},{\"@type\":\"WebSite\",\"@id\":\"https:\/\/katech-solutions.com\/#website\",\"url\":\"https:\/\/katech-solutions.com\/\",\"name\":\"KaTech\",\"description\":\"\",\"potentialAction\":[{\"@type\":\"SearchAction\",\"target\":{\"@type\":\"EntryPoint\",\"urlTemplate\":\"https:\/\/katech-solutions.com\/?s={search_term_string}\"},\"query-input\":{\"@type\":\"PropertyValueSpecification\",\"valueRequired\":true,\"valueName\":\"search_term_string\"}}],\"inLanguage\":\"pl-PL\"}]}<\/script>\n<!-- \/ Yoast SEO plugin. -->","yoast_head_json":{"title":"Mus jogurtowy |","robots":{"index":"index","follow":"follow","max-snippet":"max-snippet:-1","max-image-preview":"max-image-preview:large","max-video-preview":"max-video-preview:-1"},"canonical":"https:\/\/katech-solutions.com\/pl\/jogurty\/mus-jogurtowy\/","og_locale":"pl_PL","og_type":"article","og_title":"Mus jogurtowy |","og_description":"Mus jogurtowy to produkt, kt\u00f3ry w ostatnich latach bardzo zyska\u0142 na popularno\u015bci. Jest to napowietrzany (najcz\u0119\u015bciej azotem) jogurt, kt\u00f3rego konsystencja mo\u017ce by\u0107 dostosowana do indywidualnych wymaga\u0144 klienta, od bardzo lekkiej i puszystej po bardziej zwart\u0105 i\u00a0kremow\u0105. Mus posiada z regu\u0142y &hellip; Czytaj dalej &rarr;","og_url":"https:\/\/katech-solutions.com\/pl\/jogurty\/mus-jogurtowy\/","og_site_name":"KaTech","article_modified_time":"2017-11-02T13:46:30+00:00","schema":{"@context":"https:\/\/schema.org","@graph":[{"@type":"WebPage","@id":"https:\/\/katech-solutions.com\/pl\/jogurty\/mus-jogurtowy\/","url":"https:\/\/katech-solutions.com\/pl\/jogurty\/mus-jogurtowy\/","name":"Mus jogurtowy |","isPartOf":{"@id":"https:\/\/katech-solutions.com\/#website"},"datePublished":"2016-08-04T15:34:15+00:00","dateModified":"2017-11-02T13:46:30+00:00","breadcrumb":{"@id":"https:\/\/katech-solutions.com\/pl\/jogurty\/mus-jogurtowy\/#breadcrumb"},"inLanguage":"pl-PL","potentialAction":[{"@type":"ReadAction","target":["https:\/\/katech-solutions.com\/pl\/jogurty\/mus-jogurtowy\/"]}]},{"@type":"BreadcrumbList","@id":"https:\/\/katech-solutions.com\/pl\/jogurty\/mus-jogurtowy\/#breadcrumb","itemListElement":[{"@type":"ListItem","position":1,"name":"Jogurty","item":"https:\/\/katech-solutions.com\/pl\/jogurty\/"},{"@type":"ListItem","position":2,"name":"Mus jogurtowy"}]},{"@type":"WebSite","@id":"https:\/\/katech-solutions.com\/#website","url":"https:\/\/katech-solutions.com\/","name":"KaTech","description":"","potentialAction":[{"@type":"SearchAction","target":{"@type":"EntryPoint","urlTemplate":"https:\/\/katech-solutions.com\/?s={search_term_string}"},"query-input":{"@type":"PropertyValueSpecification","valueRequired":true,"valueName":"search_term_string"}}],"inLanguage":"pl-PL"}]}},"_links":{"self":[{"href":"https:\/\/katech-solutions.com\/pl\/wp-json\/wp\/v2\/pages\/7319","targetHints":{"allow":["GET"]}}],"collection":[{"href":"https:\/\/katech-solutions.com\/pl\/wp-json\/wp\/v2\/pages"}],"about":[{"href":"https:\/\/katech-solutions.com\/pl\/wp-json\/wp\/v2\/types\/page"}],"author":[{"embeddable":true,"href":"https:\/\/katech-solutions.com\/pl\/wp-json\/wp\/v2\/users\/28"}],"replies":[{"embeddable":true,"href":"https:\/\/katech-solutions.com\/pl\/wp-json\/wp\/v2\/comments?post=7319"}],"version-history":[{"count":3,"href":"https:\/\/katech-solutions.com\/pl\/wp-json\/wp\/v2\/pages\/7319\/revisions"}],"predecessor-version":[{"id":8514,"href":"https:\/\/katech-solutions.com\/pl\/wp-json\/wp\/v2\/pages\/7319\/revisions\/8514"}],"up":[{"embeddable":true,"href":"https:\/\/katech-solutions.com\/pl\/wp-json\/wp\/v2\/pages\/7298"}],"wp:attachment":[{"href":"https:\/\/katech-solutions.com\/pl\/wp-json\/wp\/v2\/media?parent=7319"}],"curies":[{"name":"wp","href":"https:\/\/api.w.org\/{rel}","templated":true}]}}