{"id":7318,"date":"2016-08-04T15:34:07","date_gmt":"2016-08-04T15:34:07","guid":{"rendered":"https:\/\/www.khpartner.com\/pl\/?page_id=7318"},"modified":"2017-11-08T09:27:17","modified_gmt":"2017-11-08T09:27:17","slug":"nasze-oddzialy-2","status":"publish","type":"page","link":"https:\/\/katech-solutions.com\/pl\/nasze-oddzialy-2\/","title":{"rendered":"Nasze oddzia\u0142y"},"content":{"rendered":"<h2 style=\"text-align: justify;\">Nasze oddzia\u0142y<\/h2>\n<p style=\"text-align: justify;\">Firma KaTech posiada\u00a0oddzia\u0142y\u00a0w Niemczech, Wielkiej Brytanii i\u00a0Polsce.<\/p>\n<p style=\"text-align: justify;\">W niemieckiej Lubece znajduje si\u0119 g\u0142\u00f3wna siedziba firmy i nowoczesne centrum technologiczne. Tak\u017ce w Niemczech, w Reinfeld, zlokalizowany jest specjalnie zaprojektowany zak\u0142ad produkcyjny, w kt\u00f3rym \u00a0wytwarzane s\u0105 nasze systemy stabilizuj\u0105ce na trzech liniach produkcyjnych. Mie\u015bci si\u0119 tam tak\u017ce pojemny magazyn wysokiego sk\u0142adu dla surowc\u00f3w.<\/p>\n<p style=\"text-align: justify;\">W Venture Point w Cheshire znajduje si\u0119 biuro sprzeda\u017cy na obszar Wielkiej Brytanii oraz centrum technologiczne wyposa\u017cone w najnowocze\u015bniejsze urz\u0105dzenia.<\/p>\n<p style=\"text-align: justify;\">W Sadach ko\u0142o Poznania, znajduje si\u0119 natomiast biuro naszego polskiego oddzia\u0142u, obs\u0142uguj\u0105ce rynek polski i inne rynki wschodnioeuropejskie. Gotowe produkty wysy\u0142ane s\u0105 do naszych klient\u00f3w z obszernego magazynu z kontrolowan\u0105 temperatur\u0105 i wilgotno\u015bci\u0105.<\/p>\n<p style=\"text-align: justify;\">Tworzymy systemy stabilizuj\u0105ce dostosowane do indywidualnych potrzeb klient\u00f3w z bran\u017cy spo\u017cywczej, a nasze produkty pomagaj\u0105 klientom osi\u0105ga\u0107 sukces na bardzo konkurencyjnym rynku. Jest to mo\u017cliwe dzi\u0119ki najnowocze\u015bniejszym urz\u0105dzeniom, w kt\u00f3re wyposa\u017cono zar\u00f3wno\u00a0nasz zak\u0142ad produkcyjny, jak i centra technologiczne. Wszystkie z nich posiadaj\u0105 tak\u017ce niezb\u0119dne certyfikaty wymagane przez producent\u00f3w \u017cywno\u015bci. Szczeg\u00f3\u0142owe informacje na temat standard\u00f3w i certyfikat\u00f3w jako\u015bci znajduj\u0105 si\u0119\u00a0<a title=\"KaTech Certifications\" href=\"https:\/\/www.khpartner.com\/pl\/certyfikaty-polityka-jakosci\/\" target=\"_blank\" rel=\"noopener\">TUTAJ<\/a>.<\/p>\n<p style=\"text-align: justify;\">Klikaj\u0105c na zdj\u0119cia po przeciwnej stronie, uzyskacie Pa\u0144stwo wi\u0119cej informacji o naszych oddzia\u0142ach.<\/p>\n","protected":false},"excerpt":{"rendered":"<p>Nasze oddzia\u0142y Firma KaTech posiada\u00a0oddzia\u0142y\u00a0w Niemczech, Wielkiej Brytanii i\u00a0Polsce. W niemieckiej Lubece znajduje si\u0119 g\u0142\u00f3wna siedziba firmy i nowoczesne centrum technologiczne. Tak\u017ce w Niemczech, w Reinfeld, zlokalizowany jest specjalnie zaprojektowany zak\u0142ad produkcyjny, w kt\u00f3rym \u00a0wytwarzane s\u0105 nasze systemy stabilizuj\u0105ce na &hellip; <a class=\"continue-reading\" href=\"https:\/\/katech-solutions.com\/pl\/nasze-oddzialy-2\/\">Czytaj dalej <span class=\"meta-nav\">&rarr;<\/span><\/a><\/p>\n","protected":false},"author":3,"featured_media":0,"parent":0,"menu_order":2,"comment_status":"closed","ping_status":"open","template":"layout-content-3.php","meta":{"_acf_changed":false,"footnotes":""},"class_list":["post-7318","page","type-page","status-publish","hentry"],"acf":[],"yoast_head":"<!-- This site is optimized with the Yoast SEO plugin v27.2 - https:\/\/yoast.com\/product\/yoast-seo-wordpress\/ -->\n<title>Nasze oddzia\u0142y |<\/title>\n<meta name=\"robots\" content=\"index, follow, max-snippet:-1, max-image-preview:large, max-video-preview:-1\" \/>\n<link rel=\"canonical\" href=\"https:\/\/katech-solutions.com\/pl\/nasze-oddzialy-2\/\" \/>\n<meta property=\"og:locale\" content=\"pl_PL\" \/>\n<meta property=\"og:type\" content=\"article\" \/>\n<meta property=\"og:title\" content=\"Nasze oddzia\u0142y |\" \/>\n<meta property=\"og:description\" content=\"Nasze oddzia\u0142y Firma KaTech posiada\u00a0oddzia\u0142y\u00a0w Niemczech, Wielkiej Brytanii i\u00a0Polsce. W niemieckiej Lubece znajduje si\u0119 g\u0142\u00f3wna siedziba firmy i nowoczesne centrum technologiczne. Tak\u017ce w Niemczech, w Reinfeld, zlokalizowany jest specjalnie zaprojektowany zak\u0142ad produkcyjny, w kt\u00f3rym \u00a0wytwarzane s\u0105 nasze systemy stabilizuj\u0105ce na &hellip; Czytaj dalej &rarr;\" \/>\n<meta property=\"og:url\" content=\"https:\/\/katech-solutions.com\/pl\/nasze-oddzialy-2\/\" \/>\n<meta property=\"og:site_name\" content=\"KaTech\" \/>\n<meta property=\"article:modified_time\" content=\"2017-11-08T09:27:17+00:00\" \/>\n<meta name=\"twitter:label1\" content=\"Szacowany czas czytania\" \/>\n\t<meta name=\"twitter:data1\" content=\"1 minuta\" \/>\n<script type=\"application\/ld+json\" class=\"yoast-schema-graph\">{\"@context\":\"https:\/\/schema.org\",\"@graph\":[{\"@type\":\"WebPage\",\"@id\":\"https:\/\/katech-solutions.com\/pl\/nasze-oddzialy-2\/\",\"url\":\"https:\/\/katech-solutions.com\/pl\/nasze-oddzialy-2\/\",\"name\":\"Nasze oddzia\u0142y |\",\"isPartOf\":{\"@id\":\"https:\/\/katech-solutions.com\/#website\"},\"datePublished\":\"2016-08-04T15:34:07+00:00\",\"dateModified\":\"2017-11-08T09:27:17+00:00\",\"inLanguage\":\"pl-PL\",\"potentialAction\":[{\"@type\":\"ReadAction\",\"target\":[\"https:\/\/katech-solutions.com\/pl\/nasze-oddzialy-2\/\"]}]},{\"@type\":\"WebSite\",\"@id\":\"https:\/\/katech-solutions.com\/#website\",\"url\":\"https:\/\/katech-solutions.com\/\",\"name\":\"KaTech\",\"description\":\"\",\"potentialAction\":[{\"@type\":\"SearchAction\",\"target\":{\"@type\":\"EntryPoint\",\"urlTemplate\":\"https:\/\/katech-solutions.com\/?s={search_term_string}\"},\"query-input\":{\"@type\":\"PropertyValueSpecification\",\"valueRequired\":true,\"valueName\":\"search_term_string\"}}],\"inLanguage\":\"pl-PL\"}]}<\/script>\n<!-- \/ Yoast SEO plugin. -->","yoast_head_json":{"title":"Nasze oddzia\u0142y |","robots":{"index":"index","follow":"follow","max-snippet":"max-snippet:-1","max-image-preview":"max-image-preview:large","max-video-preview":"max-video-preview:-1"},"canonical":"https:\/\/katech-solutions.com\/pl\/nasze-oddzialy-2\/","og_locale":"pl_PL","og_type":"article","og_title":"Nasze oddzia\u0142y |","og_description":"Nasze oddzia\u0142y Firma KaTech posiada\u00a0oddzia\u0142y\u00a0w Niemczech, Wielkiej Brytanii i\u00a0Polsce. W niemieckiej Lubece znajduje si\u0119 g\u0142\u00f3wna siedziba firmy i nowoczesne centrum technologiczne. Tak\u017ce w Niemczech, w Reinfeld, zlokalizowany jest specjalnie zaprojektowany zak\u0142ad produkcyjny, w kt\u00f3rym \u00a0wytwarzane s\u0105 nasze systemy stabilizuj\u0105ce na &hellip; Czytaj dalej &rarr;","og_url":"https:\/\/katech-solutions.com\/pl\/nasze-oddzialy-2\/","og_site_name":"KaTech","article_modified_time":"2017-11-08T09:27:17+00:00","twitter_misc":{"Szacowany czas czytania":"1 minuta"},"schema":{"@context":"https:\/\/schema.org","@graph":[{"@type":"WebPage","@id":"https:\/\/katech-solutions.com\/pl\/nasze-oddzialy-2\/","url":"https:\/\/katech-solutions.com\/pl\/nasze-oddzialy-2\/","name":"Nasze oddzia\u0142y |","isPartOf":{"@id":"https:\/\/katech-solutions.com\/#website"},"datePublished":"2016-08-04T15:34:07+00:00","dateModified":"2017-11-08T09:27:17+00:00","inLanguage":"pl-PL","potentialAction":[{"@type":"ReadAction","target":["https:\/\/katech-solutions.com\/pl\/nasze-oddzialy-2\/"]}]},{"@type":"WebSite","@id":"https:\/\/katech-solutions.com\/#website","url":"https:\/\/katech-solutions.com\/","name":"KaTech","description":"","potentialAction":[{"@type":"SearchAction","target":{"@type":"EntryPoint","urlTemplate":"https:\/\/katech-solutions.com\/?s={search_term_string}"},"query-input":{"@type":"PropertyValueSpecification","valueRequired":true,"valueName":"search_term_string"}}],"inLanguage":"pl-PL"}]}},"_links":{"self":[{"href":"https:\/\/katech-solutions.com\/pl\/wp-json\/wp\/v2\/pages\/7318","targetHints":{"allow":["GET"]}}],"collection":[{"href":"https:\/\/katech-solutions.com\/pl\/wp-json\/wp\/v2\/pages"}],"about":[{"href":"https:\/\/katech-solutions.com\/pl\/wp-json\/wp\/v2\/types\/page"}],"author":[{"embeddable":true,"href":"https:\/\/katech-solutions.com\/pl\/wp-json\/wp\/v2\/users\/3"}],"replies":[{"embeddable":true,"href":"https:\/\/katech-solutions.com\/pl\/wp-json\/wp\/v2\/comments?post=7318"}],"version-history":[{"count":7,"href":"https:\/\/katech-solutions.com\/pl\/wp-json\/wp\/v2\/pages\/7318\/revisions"}],"predecessor-version":[{"id":8613,"href":"https:\/\/katech-solutions.com\/pl\/wp-json\/wp\/v2\/pages\/7318\/revisions\/8613"}],"wp:attachment":[{"href":"https:\/\/katech-solutions.com\/pl\/wp-json\/wp\/v2\/media?parent=7318"}],"curies":[{"name":"wp","href":"https:\/\/api.w.org\/{rel}","templated":true}]}}