{"id":7315,"date":"2012-05-03T09:51:57","date_gmt":"2012-05-03T09:51:57","guid":{"rendered":"https:\/\/www.khpartner.com\/pl\/?page_id=7315"},"modified":"2017-07-12T10:17:34","modified_gmt":"2017-07-12T10:17:34","slug":"jogurt-termizowany","status":"publish","type":"page","link":"https:\/\/katech-solutions.com\/pl\/jogurty\/jogurt-termizowany\/","title":{"rendered":"Jogurt termizowany"},"content":{"rendered":"<p>Do czynnik\u00f3w, kt\u00f3re odegra\u0142y niebagateln\u0105 rol\u0119 w rozwoju produkt\u00f3w jogurtowych o przed\u0142u\u017conej przydatno\u015bci do spo\u017cycia zaliczy\u0107 nale\u017cy zmieniaj\u0105ce si\u0119 wymagania, wymogi handlowe i wygod\u0119 konsument\u00f3w. W ostatnich latach zaobserwowano rozw\u00f3j technologii produkcji maj\u0105cych na celu wyd\u0142u\u017cenie trwa\u0142o\u015bci produktu, w tym:<\/p>\n<ul>\n<li>produkcja i nape\u0142nianie w warunkach aseptycznych,<\/li>\n<li>obr\u00f3bka cieplna gotowego produktu.<\/li>\n<\/ul>\n<p>Jogurt termizowany poddawany jest obr\u00f3bce cieplnej po inkubacji w celu zniszczenia bakterii kwasu mlekowego i innych mikroorganizm\u00f3w, kt\u00f3re mog\u0105 pojawi\u0107 si\u0119 w produkcie. Ze wzgl\u0119du na jego niski poziom pH, osi\u0105gni\u0119cie temperatury pasteryzacji jest wystarczaj\u0105ca do termizacji.<\/p>\n","protected":false},"excerpt":{"rendered":"<p>Do czynnik\u00f3w, kt\u00f3re odegra\u0142y niebagateln\u0105 rol\u0119 w rozwoju produkt\u00f3w jogurtowych o przed\u0142u\u017conej przydatno\u015bci do spo\u017cycia zaliczy\u0107 nale\u017cy zmieniaj\u0105ce si\u0119 wymagania, wymogi handlowe i wygod\u0119 konsument\u00f3w. W ostatnich latach zaobserwowano rozw\u00f3j technologii produkcji maj\u0105cych na celu wyd\u0142u\u017cenie trwa\u0142o\u015bci produktu, w tym: &hellip; <a class=\"continue-reading\" href=\"https:\/\/katech-solutions.com\/pl\/jogurty\/jogurt-termizowany\/\">Czytaj dalej <span class=\"meta-nav\">&rarr;<\/span><\/a><\/p>\n","protected":false},"author":3,"featured_media":0,"parent":7298,"menu_order":0,"comment_status":"closed","ping_status":"open","template":"","meta":{"_acf_changed":false,"footnotes":""},"class_list":["post-7315","page","type-page","status-publish","hentry"],"acf":[],"yoast_head":"<!-- This site is optimized with the Yoast SEO plugin v27.2 - https:\/\/yoast.com\/product\/yoast-seo-wordpress\/ -->\n<title>KaTech - Systemy stabilizuj\u0105ce i emulguj\u0105ce dla jogurtu termizowanego<\/title>\n<meta name=\"description\" content=\"KaTech to firma z bran\u017cy technologii \u017cywno\u015bci specjalizuj\u0105ca si\u0119 w produkcji system\u00f3w stabilizuj\u0105cych i emulguj\u0105cych dla jogurtu termizowanego.\" \/>\n<meta name=\"robots\" content=\"index, follow, max-snippet:-1, max-image-preview:large, max-video-preview:-1\" \/>\n<link rel=\"canonical\" href=\"https:\/\/katech-solutions.com\/pl\/jogurty\/jogurt-termizowany\/\" \/>\n<meta property=\"og:locale\" content=\"pl_PL\" \/>\n<meta property=\"og:type\" content=\"article\" \/>\n<meta property=\"og:title\" content=\"KaTech - Systemy stabilizuj\u0105ce i emulguj\u0105ce dla jogurtu termizowanego\" \/>\n<meta property=\"og:description\" content=\"KaTech to firma z bran\u017cy technologii \u017cywno\u015bci specjalizuj\u0105ca si\u0119 w produkcji system\u00f3w stabilizuj\u0105cych i emulguj\u0105cych dla jogurtu termizowanego.\" \/>\n<meta property=\"og:url\" content=\"https:\/\/katech-solutions.com\/pl\/jogurty\/jogurt-termizowany\/\" \/>\n<meta property=\"og:site_name\" content=\"KaTech\" \/>\n<meta property=\"article:modified_time\" content=\"2017-07-12T10:17:34+00:00\" \/>\n<meta name=\"twitter:label1\" content=\"Szacowany czas czytania\" \/>\n\t<meta name=\"twitter:data1\" content=\"1 minuta\" \/>\n<script type=\"application\/ld+json\" class=\"yoast-schema-graph\">{\"@context\":\"https:\/\/schema.org\",\"@graph\":[{\"@type\":\"WebPage\",\"@id\":\"https:\/\/katech-solutions.com\/pl\/jogurty\/jogurt-termizowany\/\",\"url\":\"https:\/\/katech-solutions.com\/pl\/jogurty\/jogurt-termizowany\/\",\"name\":\"KaTech - Systemy stabilizuj\u0105ce i emulguj\u0105ce dla jogurtu termizowanego\",\"isPartOf\":{\"@id\":\"https:\/\/katech-solutions.com\/#website\"},\"datePublished\":\"2012-05-03T09:51:57+00:00\",\"dateModified\":\"2017-07-12T10:17:34+00:00\",\"description\":\"KaTech to firma z bran\u017cy technologii \u017cywno\u015bci specjalizuj\u0105ca si\u0119 w produkcji system\u00f3w stabilizuj\u0105cych i emulguj\u0105cych dla jogurtu termizowanego.\",\"breadcrumb\":{\"@id\":\"https:\/\/katech-solutions.com\/pl\/jogurty\/jogurt-termizowany\/#breadcrumb\"},\"inLanguage\":\"pl-PL\",\"potentialAction\":[{\"@type\":\"ReadAction\",\"target\":[\"https:\/\/katech-solutions.com\/pl\/jogurty\/jogurt-termizowany\/\"]}]},{\"@type\":\"BreadcrumbList\",\"@id\":\"https:\/\/katech-solutions.com\/pl\/jogurty\/jogurt-termizowany\/#breadcrumb\",\"itemListElement\":[{\"@type\":\"ListItem\",\"position\":1,\"name\":\"Jogurty\",\"item\":\"https:\/\/katech-solutions.com\/pl\/jogurty\/\"},{\"@type\":\"ListItem\",\"position\":2,\"name\":\"Jogurt termizowany\"}]},{\"@type\":\"WebSite\",\"@id\":\"https:\/\/katech-solutions.com\/#website\",\"url\":\"https:\/\/katech-solutions.com\/\",\"name\":\"KaTech\",\"description\":\"\",\"potentialAction\":[{\"@type\":\"SearchAction\",\"target\":{\"@type\":\"EntryPoint\",\"urlTemplate\":\"https:\/\/katech-solutions.com\/?s={search_term_string}\"},\"query-input\":{\"@type\":\"PropertyValueSpecification\",\"valueRequired\":true,\"valueName\":\"search_term_string\"}}],\"inLanguage\":\"pl-PL\"}]}<\/script>\n<!-- \/ Yoast SEO plugin. -->","yoast_head_json":{"title":"KaTech - Systemy stabilizuj\u0105ce i emulguj\u0105ce dla jogurtu termizowanego","description":"KaTech to firma z bran\u017cy technologii \u017cywno\u015bci specjalizuj\u0105ca si\u0119 w produkcji system\u00f3w stabilizuj\u0105cych i emulguj\u0105cych dla jogurtu termizowanego.","robots":{"index":"index","follow":"follow","max-snippet":"max-snippet:-1","max-image-preview":"max-image-preview:large","max-video-preview":"max-video-preview:-1"},"canonical":"https:\/\/katech-solutions.com\/pl\/jogurty\/jogurt-termizowany\/","og_locale":"pl_PL","og_type":"article","og_title":"KaTech - Systemy stabilizuj\u0105ce i emulguj\u0105ce dla jogurtu termizowanego","og_description":"KaTech to firma z bran\u017cy technologii \u017cywno\u015bci specjalizuj\u0105ca si\u0119 w produkcji system\u00f3w stabilizuj\u0105cych i emulguj\u0105cych dla jogurtu termizowanego.","og_url":"https:\/\/katech-solutions.com\/pl\/jogurty\/jogurt-termizowany\/","og_site_name":"KaTech","article_modified_time":"2017-07-12T10:17:34+00:00","twitter_misc":{"Szacowany czas czytania":"1 minuta"},"schema":{"@context":"https:\/\/schema.org","@graph":[{"@type":"WebPage","@id":"https:\/\/katech-solutions.com\/pl\/jogurty\/jogurt-termizowany\/","url":"https:\/\/katech-solutions.com\/pl\/jogurty\/jogurt-termizowany\/","name":"KaTech - Systemy stabilizuj\u0105ce i emulguj\u0105ce dla jogurtu termizowanego","isPartOf":{"@id":"https:\/\/katech-solutions.com\/#website"},"datePublished":"2012-05-03T09:51:57+00:00","dateModified":"2017-07-12T10:17:34+00:00","description":"KaTech to firma z bran\u017cy technologii \u017cywno\u015bci specjalizuj\u0105ca si\u0119 w produkcji system\u00f3w stabilizuj\u0105cych i emulguj\u0105cych dla jogurtu termizowanego.","breadcrumb":{"@id":"https:\/\/katech-solutions.com\/pl\/jogurty\/jogurt-termizowany\/#breadcrumb"},"inLanguage":"pl-PL","potentialAction":[{"@type":"ReadAction","target":["https:\/\/katech-solutions.com\/pl\/jogurty\/jogurt-termizowany\/"]}]},{"@type":"BreadcrumbList","@id":"https:\/\/katech-solutions.com\/pl\/jogurty\/jogurt-termizowany\/#breadcrumb","itemListElement":[{"@type":"ListItem","position":1,"name":"Jogurty","item":"https:\/\/katech-solutions.com\/pl\/jogurty\/"},{"@type":"ListItem","position":2,"name":"Jogurt termizowany"}]},{"@type":"WebSite","@id":"https:\/\/katech-solutions.com\/#website","url":"https:\/\/katech-solutions.com\/","name":"KaTech","description":"","potentialAction":[{"@type":"SearchAction","target":{"@type":"EntryPoint","urlTemplate":"https:\/\/katech-solutions.com\/?s={search_term_string}"},"query-input":{"@type":"PropertyValueSpecification","valueRequired":true,"valueName":"search_term_string"}}],"inLanguage":"pl-PL"}]}},"_links":{"self":[{"href":"https:\/\/katech-solutions.com\/pl\/wp-json\/wp\/v2\/pages\/7315","targetHints":{"allow":["GET"]}}],"collection":[{"href":"https:\/\/katech-solutions.com\/pl\/wp-json\/wp\/v2\/pages"}],"about":[{"href":"https:\/\/katech-solutions.com\/pl\/wp-json\/wp\/v2\/types\/page"}],"author":[{"embeddable":true,"href":"https:\/\/katech-solutions.com\/pl\/wp-json\/wp\/v2\/users\/3"}],"replies":[{"embeddable":true,"href":"https:\/\/katech-solutions.com\/pl\/wp-json\/wp\/v2\/comments?post=7315"}],"version-history":[{"count":7,"href":"https:\/\/katech-solutions.com\/pl\/wp-json\/wp\/v2\/pages\/7315\/revisions"}],"predecessor-version":[{"id":8129,"href":"https:\/\/katech-solutions.com\/pl\/wp-json\/wp\/v2\/pages\/7315\/revisions\/8129"}],"up":[{"embeddable":true,"href":"https:\/\/katech-solutions.com\/pl\/wp-json\/wp\/v2\/pages\/7298"}],"wp:attachment":[{"href":"https:\/\/katech-solutions.com\/pl\/wp-json\/wp\/v2\/media?parent=7315"}],"curies":[{"name":"wp","href":"https:\/\/api.w.org\/{rel}","templated":true}]}}