{"id":7311,"date":"2016-08-04T15:29:38","date_gmt":"2016-08-04T15:29:38","guid":{"rendered":"https:\/\/www.khpartner.com\/pl\/?page_id=7311"},"modified":"2017-11-07T13:36:56","modified_gmt":"2017-11-07T13:36:56","slug":"nasz-cel","status":"publish","type":"page","link":"https:\/\/katech-solutions.com\/pl\/nasz-cel\/","title":{"rendered":"Nasz cel"},"content":{"rendered":"<h2>Nasz cel to:<\/h2>\n<p style=\"text-align: justify;\"><em><strong>\u201cWsparcie klient\u00f3w w osi\u0105gni\u0119ciu sukcesu na bardzo konkurencyjnym rynku poprzez zapewnienie najwy\u017cszej jako\u015bci produkt\u00f3w, obni\u017cenie koszt\u00f3w receptur oraz dostarczenie szybkich i skutecznych rozwi\u0105za\u0144 dostosowanych do potrzeb\u201d.<\/strong><\/em><\/p>\n<p style=\"text-align: justify;\">Firma KaTech wsp\u00f3\u0142pracuje z producentami \u017cywno\u015bci, by pom\u00f3c w tworzeniu lepszych produkt\u00f3w, obni\u017ceniu koszt\u00f3w receptur i\u00a0spe\u0142nieniu szybko zmieniaj\u0105cych si\u0119 potrzeb klient\u00f3w detalicznych. Jeste\u015bmy specjalistyczn\u0105 firm\u0105 z bran\u017cy technologii \u017cywno\u015bci i pomagamy naszym klientom w\u00a0odniesieniu sukcesu na konkurencyjnym rynku w dzisiejszych czasach. Jeste\u015bmy z Pa\u0144stwem na ka\u017cdym kroku \u2013 od pierwszego pomys\u0142u, a\u017c do wprowadzenia produktu na rynek.<\/p>\n<p style=\"text-align: justify;\">Nasz zesp\u00f3\u0142 do\u015bwiadczonych technolog\u00f3w posiada wszechstronn\u0105 wiedz\u0119 na temat ca\u0142ego sektora spo\u017cywczego &#8211; w tym produkt\u00f3w mleczarskich i delikatesowych. Wspieramy klient\u00f3w w produkcji, \u015bmietan, \u015bmietanek, jogurt\u00f3w, napoj\u00f3w mlecznych, ser\u00f3w, majonez\u00f3w, sos\u00f3w, dip\u00f3w, zup, dressing\u00f3w oraz wielu innych produkt\u00f3w.<\/p>\n<p style=\"text-align: justify;\">Staramy si\u0119 tak\u017ce wspiera\u0107 Pa\u0144stwa w zdobywaniu nowych sektor\u00f3w rynku i w dbaniu o zadowolenie naszych sta\u0142ych klient\u00f3w.<\/p>\n<p style=\"text-align: justify;\">Je\u015bli pragn\u0105 Pa\u0144stwo poszerzy\u0107 asortyment produkt\u00f3w, zdoby\u0107 klient\u00f3w i rozwin\u0105\u0107 Wasz\u0105 firm\u0119, gor\u0105co zach\u0119camy do kontaktu i skorzystania z naszego do\u015bwiadczenia.<\/p>\n<p style=\"text-align: justify;\">Wi\u0119cej informacji uzyska\u0107 mo\u017cna w prezentacji Prezi w oknie po lewej stronie.<\/p>\n","protected":false},"excerpt":{"rendered":"<p>Nasz cel to: \u201cWsparcie klient\u00f3w w osi\u0105gni\u0119ciu sukcesu na bardzo konkurencyjnym rynku poprzez zapewnienie najwy\u017cszej jako\u015bci produkt\u00f3w, obni\u017cenie koszt\u00f3w receptur oraz dostarczenie szybkich i skutecznych rozwi\u0105za\u0144 dostosowanych do potrzeb\u201d. Firma KaTech wsp\u00f3\u0142pracuje z producentami \u017cywno\u015bci, by pom\u00f3c w tworzeniu lepszych &hellip; <a class=\"continue-reading\" href=\"https:\/\/katech-solutions.com\/pl\/nasz-cel\/\">Czytaj dalej <span class=\"meta-nav\">&rarr;<\/span><\/a><\/p>\n","protected":false},"author":3,"featured_media":0,"parent":0,"menu_order":2,"comment_status":"closed","ping_status":"open","template":"layout-content-3.php","meta":{"_acf_changed":false,"footnotes":""},"class_list":["post-7311","page","type-page","status-publish","hentry"],"acf":[],"yoast_head":"<!-- This site is optimized with the Yoast SEO plugin v27.2 - https:\/\/yoast.com\/product\/yoast-seo-wordpress\/ -->\n<title>Nasz cel |<\/title>\n<meta name=\"robots\" content=\"index, follow, max-snippet:-1, max-image-preview:large, max-video-preview:-1\" \/>\n<link rel=\"canonical\" href=\"https:\/\/katech-solutions.com\/pl\/nasz-cel\/\" \/>\n<meta property=\"og:locale\" content=\"pl_PL\" \/>\n<meta property=\"og:type\" content=\"article\" \/>\n<meta property=\"og:title\" content=\"Nasz cel |\" \/>\n<meta property=\"og:description\" content=\"Nasz cel to: \u201cWsparcie klient\u00f3w w osi\u0105gni\u0119ciu sukcesu na bardzo konkurencyjnym rynku poprzez zapewnienie najwy\u017cszej jako\u015bci produkt\u00f3w, obni\u017cenie koszt\u00f3w receptur oraz dostarczenie szybkich i skutecznych rozwi\u0105za\u0144 dostosowanych do potrzeb\u201d. Firma KaTech wsp\u00f3\u0142pracuje z producentami \u017cywno\u015bci, by pom\u00f3c w tworzeniu lepszych &hellip; Czytaj dalej &rarr;\" \/>\n<meta property=\"og:url\" content=\"https:\/\/katech-solutions.com\/pl\/nasz-cel\/\" \/>\n<meta property=\"og:site_name\" content=\"KaTech\" \/>\n<meta property=\"article:modified_time\" content=\"2017-11-07T13:36:56+00:00\" \/>\n<meta name=\"twitter:label1\" content=\"Szacowany czas czytania\" \/>\n\t<meta name=\"twitter:data1\" content=\"1 minuta\" \/>\n<script type=\"application\/ld+json\" class=\"yoast-schema-graph\">{\"@context\":\"https:\/\/schema.org\",\"@graph\":[{\"@type\":\"WebPage\",\"@id\":\"https:\/\/katech-solutions.com\/pl\/nasz-cel\/\",\"url\":\"https:\/\/katech-solutions.com\/pl\/nasz-cel\/\",\"name\":\"Nasz cel |\",\"isPartOf\":{\"@id\":\"https:\/\/katech-solutions.com\/#website\"},\"datePublished\":\"2016-08-04T15:29:38+00:00\",\"dateModified\":\"2017-11-07T13:36:56+00:00\",\"inLanguage\":\"pl-PL\",\"potentialAction\":[{\"@type\":\"ReadAction\",\"target\":[\"https:\/\/katech-solutions.com\/pl\/nasz-cel\/\"]}]},{\"@type\":\"WebSite\",\"@id\":\"https:\/\/katech-solutions.com\/#website\",\"url\":\"https:\/\/katech-solutions.com\/\",\"name\":\"KaTech\",\"description\":\"\",\"potentialAction\":[{\"@type\":\"SearchAction\",\"target\":{\"@type\":\"EntryPoint\",\"urlTemplate\":\"https:\/\/katech-solutions.com\/?s={search_term_string}\"},\"query-input\":{\"@type\":\"PropertyValueSpecification\",\"valueRequired\":true,\"valueName\":\"search_term_string\"}}],\"inLanguage\":\"pl-PL\"}]}<\/script>\n<!-- \/ Yoast SEO plugin. -->","yoast_head_json":{"title":"Nasz cel |","robots":{"index":"index","follow":"follow","max-snippet":"max-snippet:-1","max-image-preview":"max-image-preview:large","max-video-preview":"max-video-preview:-1"},"canonical":"https:\/\/katech-solutions.com\/pl\/nasz-cel\/","og_locale":"pl_PL","og_type":"article","og_title":"Nasz cel |","og_description":"Nasz cel to: \u201cWsparcie klient\u00f3w w osi\u0105gni\u0119ciu sukcesu na bardzo konkurencyjnym rynku poprzez zapewnienie najwy\u017cszej jako\u015bci produkt\u00f3w, obni\u017cenie koszt\u00f3w receptur oraz dostarczenie szybkich i skutecznych rozwi\u0105za\u0144 dostosowanych do potrzeb\u201d. Firma KaTech wsp\u00f3\u0142pracuje z producentami \u017cywno\u015bci, by pom\u00f3c w tworzeniu lepszych &hellip; Czytaj dalej &rarr;","og_url":"https:\/\/katech-solutions.com\/pl\/nasz-cel\/","og_site_name":"KaTech","article_modified_time":"2017-11-07T13:36:56+00:00","twitter_misc":{"Szacowany czas czytania":"1 minuta"},"schema":{"@context":"https:\/\/schema.org","@graph":[{"@type":"WebPage","@id":"https:\/\/katech-solutions.com\/pl\/nasz-cel\/","url":"https:\/\/katech-solutions.com\/pl\/nasz-cel\/","name":"Nasz cel |","isPartOf":{"@id":"https:\/\/katech-solutions.com\/#website"},"datePublished":"2016-08-04T15:29:38+00:00","dateModified":"2017-11-07T13:36:56+00:00","inLanguage":"pl-PL","potentialAction":[{"@type":"ReadAction","target":["https:\/\/katech-solutions.com\/pl\/nasz-cel\/"]}]},{"@type":"WebSite","@id":"https:\/\/katech-solutions.com\/#website","url":"https:\/\/katech-solutions.com\/","name":"KaTech","description":"","potentialAction":[{"@type":"SearchAction","target":{"@type":"EntryPoint","urlTemplate":"https:\/\/katech-solutions.com\/?s={search_term_string}"},"query-input":{"@type":"PropertyValueSpecification","valueRequired":true,"valueName":"search_term_string"}}],"inLanguage":"pl-PL"}]}},"_links":{"self":[{"href":"https:\/\/katech-solutions.com\/pl\/wp-json\/wp\/v2\/pages\/7311","targetHints":{"allow":["GET"]}}],"collection":[{"href":"https:\/\/katech-solutions.com\/pl\/wp-json\/wp\/v2\/pages"}],"about":[{"href":"https:\/\/katech-solutions.com\/pl\/wp-json\/wp\/v2\/types\/page"}],"author":[{"embeddable":true,"href":"https:\/\/katech-solutions.com\/pl\/wp-json\/wp\/v2\/users\/3"}],"replies":[{"embeddable":true,"href":"https:\/\/katech-solutions.com\/pl\/wp-json\/wp\/v2\/comments?post=7311"}],"version-history":[{"count":4,"href":"https:\/\/katech-solutions.com\/pl\/wp-json\/wp\/v2\/pages\/7311\/revisions"}],"predecessor-version":[{"id":8610,"href":"https:\/\/katech-solutions.com\/pl\/wp-json\/wp\/v2\/pages\/7311\/revisions\/8610"}],"wp:attachment":[{"href":"https:\/\/katech-solutions.com\/pl\/wp-json\/wp\/v2\/media?parent=7311"}],"curies":[{"name":"wp","href":"https:\/\/api.w.org\/{rel}","templated":true}]}}