{"id":7306,"date":"2016-08-04T15:27:30","date_gmt":"2016-08-04T15:27:30","guid":{"rendered":"https:\/\/www.khpartner.com\/pl\/?page_id=7306"},"modified":"2017-11-02T13:55:05","modified_gmt":"2017-11-02T13:55:05","slug":"jogurt-typu-greckiego","status":"publish","type":"page","link":"https:\/\/katech-solutions.com\/pl\/jogurty\/jogurt-typu-greckiego\/","title":{"rendered":"Jogurt typu greckiego"},"content":{"rendered":"<p style=\"text-align: justify;\">Jogurt typu greckiego wywodzi si\u0119 z Bliskiego Wschodu. Tradycyjna metoda jego produkcji polega\u0142a na tym, \u017ce po fermentacji jogurtem nape\u0142niano g\u0119sto tkane lniane worki, a nast\u0119pnie je zawieszano, by umo\u017cliwi\u0107 powolne odciekanie serwatki. Dzi\u0119ki temu mo\u017cliwe by\u0142o uzyskanie produktu o szczeg\u00f3lnie zwartej konsystencji i nieco szorstko wygl\u0105daj\u0105cej strukturze.<\/p>\n<p style=\"text-align: justify;\">Ten rodzaj jogurtu cechuj\u0105cy si\u0119 wysok\u0105 zawarto\u015bci\u0105 suchej masy i\u00a0t\u0142uszczu oraz czystym smakiem sta\u0142 si\u0119 bardzo popularny w\u015br\u00f3d konsument\u00f3w w ostatnich latach. \u00a0W zwi\u0105zku z tym, wielu producent\u00f3w jogurt\u00f3w zdecydowa\u0142o si\u0119 wprowadzi\u0107 na rynek w\u0142asne wersje jogurt\u00f3w typu greckiego.<\/p>\n<p style=\"text-align: justify;\">Na rynku dost\u0119pne s\u0105 warianty naturalne produktu, kt\u00f3re cz\u0119sto u\u017cywane s\u0105 w kuchni jako alternatywa dla \u015bmietany, baza do sos\u00f3w Tzatziki lub do kebaba, czy te\u017c do przygotowania dip\u00f3w i deser\u00f3w, jak r\u00f3wnie\u017c wersje aromatyzowane (np. z dodatkiem miodu, orzech\u00f3w lub owoc\u00f3w).<\/p>\n","protected":false},"excerpt":{"rendered":"<p>Jogurt typu greckiego wywodzi si\u0119 z Bliskiego Wschodu. Tradycyjna metoda jego produkcji polega\u0142a na tym, \u017ce po fermentacji jogurtem nape\u0142niano g\u0119sto tkane lniane worki, a nast\u0119pnie je zawieszano, by umo\u017cliwi\u0107 powolne odciekanie serwatki. Dzi\u0119ki temu mo\u017cliwe by\u0142o uzyskanie produktu o &hellip; <a class=\"continue-reading\" href=\"https:\/\/katech-solutions.com\/pl\/jogurty\/jogurt-typu-greckiego\/\">Czytaj dalej <span class=\"meta-nav\">&rarr;<\/span><\/a><\/p>\n","protected":false},"author":28,"featured_media":0,"parent":7298,"menu_order":0,"comment_status":"closed","ping_status":"open","template":"","meta":{"_acf_changed":false,"footnotes":""},"class_list":["post-7306","page","type-page","status-publish","hentry"],"acf":[],"yoast_head":"<!-- This site is optimized with the Yoast SEO plugin v27.2 - https:\/\/yoast.com\/product\/yoast-seo-wordpress\/ -->\n<title>Jogurt typu greckiego |<\/title>\n<meta name=\"robots\" content=\"index, follow, max-snippet:-1, max-image-preview:large, max-video-preview:-1\" \/>\n<link rel=\"canonical\" href=\"https:\/\/katech-solutions.com\/pl\/jogurty\/jogurt-typu-greckiego\/\" \/>\n<meta property=\"og:locale\" content=\"pl_PL\" \/>\n<meta property=\"og:type\" content=\"article\" \/>\n<meta property=\"og:title\" content=\"Jogurt typu greckiego |\" \/>\n<meta property=\"og:description\" content=\"Jogurt typu greckiego wywodzi si\u0119 z Bliskiego Wschodu. Tradycyjna metoda jego produkcji polega\u0142a na tym, \u017ce po fermentacji jogurtem nape\u0142niano g\u0119sto tkane lniane worki, a nast\u0119pnie je zawieszano, by umo\u017cliwi\u0107 powolne odciekanie serwatki. Dzi\u0119ki temu mo\u017cliwe by\u0142o uzyskanie produktu o &hellip; Czytaj dalej &rarr;\" \/>\n<meta property=\"og:url\" content=\"https:\/\/katech-solutions.com\/pl\/jogurty\/jogurt-typu-greckiego\/\" \/>\n<meta property=\"og:site_name\" content=\"KaTech\" \/>\n<meta property=\"article:modified_time\" content=\"2017-11-02T13:55:05+00:00\" \/>\n<meta name=\"twitter:label1\" content=\"Szacowany czas czytania\" \/>\n\t<meta name=\"twitter:data1\" content=\"1 minuta\" \/>\n<script type=\"application\/ld+json\" class=\"yoast-schema-graph\">{\"@context\":\"https:\/\/schema.org\",\"@graph\":[{\"@type\":\"WebPage\",\"@id\":\"https:\/\/katech-solutions.com\/pl\/jogurty\/jogurt-typu-greckiego\/\",\"url\":\"https:\/\/katech-solutions.com\/pl\/jogurty\/jogurt-typu-greckiego\/\",\"name\":\"Jogurt typu greckiego |\",\"isPartOf\":{\"@id\":\"https:\/\/katech-solutions.com\/#website\"},\"datePublished\":\"2016-08-04T15:27:30+00:00\",\"dateModified\":\"2017-11-02T13:55:05+00:00\",\"breadcrumb\":{\"@id\":\"https:\/\/katech-solutions.com\/pl\/jogurty\/jogurt-typu-greckiego\/#breadcrumb\"},\"inLanguage\":\"pl-PL\",\"potentialAction\":[{\"@type\":\"ReadAction\",\"target\":[\"https:\/\/katech-solutions.com\/pl\/jogurty\/jogurt-typu-greckiego\/\"]}]},{\"@type\":\"BreadcrumbList\",\"@id\":\"https:\/\/katech-solutions.com\/pl\/jogurty\/jogurt-typu-greckiego\/#breadcrumb\",\"itemListElement\":[{\"@type\":\"ListItem\",\"position\":1,\"name\":\"Jogurty\",\"item\":\"https:\/\/katech-solutions.com\/pl\/jogurty\/\"},{\"@type\":\"ListItem\",\"position\":2,\"name\":\"Jogurt typu greckiego\"}]},{\"@type\":\"WebSite\",\"@id\":\"https:\/\/katech-solutions.com\/#website\",\"url\":\"https:\/\/katech-solutions.com\/\",\"name\":\"KaTech\",\"description\":\"\",\"potentialAction\":[{\"@type\":\"SearchAction\",\"target\":{\"@type\":\"EntryPoint\",\"urlTemplate\":\"https:\/\/katech-solutions.com\/?s={search_term_string}\"},\"query-input\":{\"@type\":\"PropertyValueSpecification\",\"valueRequired\":true,\"valueName\":\"search_term_string\"}}],\"inLanguage\":\"pl-PL\"}]}<\/script>\n<!-- \/ Yoast SEO plugin. -->","yoast_head_json":{"title":"Jogurt typu greckiego |","robots":{"index":"index","follow":"follow","max-snippet":"max-snippet:-1","max-image-preview":"max-image-preview:large","max-video-preview":"max-video-preview:-1"},"canonical":"https:\/\/katech-solutions.com\/pl\/jogurty\/jogurt-typu-greckiego\/","og_locale":"pl_PL","og_type":"article","og_title":"Jogurt typu greckiego |","og_description":"Jogurt typu greckiego wywodzi si\u0119 z Bliskiego Wschodu. Tradycyjna metoda jego produkcji polega\u0142a na tym, \u017ce po fermentacji jogurtem nape\u0142niano g\u0119sto tkane lniane worki, a nast\u0119pnie je zawieszano, by umo\u017cliwi\u0107 powolne odciekanie serwatki. Dzi\u0119ki temu mo\u017cliwe by\u0142o uzyskanie produktu o &hellip; Czytaj dalej &rarr;","og_url":"https:\/\/katech-solutions.com\/pl\/jogurty\/jogurt-typu-greckiego\/","og_site_name":"KaTech","article_modified_time":"2017-11-02T13:55:05+00:00","twitter_misc":{"Szacowany czas czytania":"1 minuta"},"schema":{"@context":"https:\/\/schema.org","@graph":[{"@type":"WebPage","@id":"https:\/\/katech-solutions.com\/pl\/jogurty\/jogurt-typu-greckiego\/","url":"https:\/\/katech-solutions.com\/pl\/jogurty\/jogurt-typu-greckiego\/","name":"Jogurt typu greckiego |","isPartOf":{"@id":"https:\/\/katech-solutions.com\/#website"},"datePublished":"2016-08-04T15:27:30+00:00","dateModified":"2017-11-02T13:55:05+00:00","breadcrumb":{"@id":"https:\/\/katech-solutions.com\/pl\/jogurty\/jogurt-typu-greckiego\/#breadcrumb"},"inLanguage":"pl-PL","potentialAction":[{"@type":"ReadAction","target":["https:\/\/katech-solutions.com\/pl\/jogurty\/jogurt-typu-greckiego\/"]}]},{"@type":"BreadcrumbList","@id":"https:\/\/katech-solutions.com\/pl\/jogurty\/jogurt-typu-greckiego\/#breadcrumb","itemListElement":[{"@type":"ListItem","position":1,"name":"Jogurty","item":"https:\/\/katech-solutions.com\/pl\/jogurty\/"},{"@type":"ListItem","position":2,"name":"Jogurt typu greckiego"}]},{"@type":"WebSite","@id":"https:\/\/katech-solutions.com\/#website","url":"https:\/\/katech-solutions.com\/","name":"KaTech","description":"","potentialAction":[{"@type":"SearchAction","target":{"@type":"EntryPoint","urlTemplate":"https:\/\/katech-solutions.com\/?s={search_term_string}"},"query-input":{"@type":"PropertyValueSpecification","valueRequired":true,"valueName":"search_term_string"}}],"inLanguage":"pl-PL"}]}},"_links":{"self":[{"href":"https:\/\/katech-solutions.com\/pl\/wp-json\/wp\/v2\/pages\/7306","targetHints":{"allow":["GET"]}}],"collection":[{"href":"https:\/\/katech-solutions.com\/pl\/wp-json\/wp\/v2\/pages"}],"about":[{"href":"https:\/\/katech-solutions.com\/pl\/wp-json\/wp\/v2\/types\/page"}],"author":[{"embeddable":true,"href":"https:\/\/katech-solutions.com\/pl\/wp-json\/wp\/v2\/users\/28"}],"replies":[{"embeddable":true,"href":"https:\/\/katech-solutions.com\/pl\/wp-json\/wp\/v2\/comments?post=7306"}],"version-history":[{"count":3,"href":"https:\/\/katech-solutions.com\/pl\/wp-json\/wp\/v2\/pages\/7306\/revisions"}],"predecessor-version":[{"id":8521,"href":"https:\/\/katech-solutions.com\/pl\/wp-json\/wp\/v2\/pages\/7306\/revisions\/8521"}],"up":[{"embeddable":true,"href":"https:\/\/katech-solutions.com\/pl\/wp-json\/wp\/v2\/pages\/7298"}],"wp:attachment":[{"href":"https:\/\/katech-solutions.com\/pl\/wp-json\/wp\/v2\/media?parent=7306"}],"curies":[{"name":"wp","href":"https:\/\/api.w.org\/{rel}","templated":true}]}}